{"id":7321,"date":"2023-08-02T16:49:52","date_gmt":"2023-08-02T16:49:52","guid":{"rendered":"https:\/\/digistar.ma\/?post_type=product&#038;p=7321"},"modified":"2023-08-02T16:52:01","modified_gmt":"2023-08-02T16:52:01","slug":"canon-gi-490-jaune-bouteille-dencre-dorigine-0666c001ab","status":"publish","type":"product","link":"https:\/\/digistar.ma\/?product=canon-gi-490-jaune-bouteille-dencre-dorigine-0666c001ab","title":{"rendered":"Canon GI-490 Jaune Bouteille d&#8217;encre d&#8217;origine (0666C001AB)"},"content":{"rendered":"<p><strong>Canon GI-490 Jaune Bouteille d&#8217;encre d&#8217;origine (0666C001AB)<\/strong><\/p>\n<p>Recharge d\u2019encre <strong>Canon GI-490 Jaune<\/strong><strong>\u00a0pigment\u00e9e<\/strong>. Cette bouteille\u00a0<strong>Canon 0666C001<\/strong>\u00a0vous permettra de\u00a0<strong>remplir le r\u00e9servoir Cyan pigment\u00e9<\/strong>\u00a0des nouvelles imprimantes sans cartouches Canon Pixma G1400, G2200, G2400, G3200 et G3400.<\/p>\n<p>Sa contenance en\u00a0<strong>encre de 70ml<\/strong>\u00a0vous permettra d\u2019imprimer\u00a0<strong>environ 7000 pages<\/strong>\u00a0\u00e0 un taux de couverture de 5%.<\/p>\n<p>Canon GI-490 Jaune Bouteille d&#8217;encre d&#8217;origine (0666C001AB) offre de superbes impressions couleur m\u00eame sur du papier ordinaire. Il fait ressortir des couleurs plus vives et vives avec chaque impression.<\/p>\n<p>L\u2019encre reste fid\u00e8le \u00e0 sa couleur pour fournir des solutions d\u2019impression professionnelles ou domestiques et en vrac.<\/p>\n<p>Il a des impressions en noir et blanc neutre et tonique pour \u00e9viter le m\u00e9tam\u00e9risme.<\/p>\n<p>Canon GI-490 Jaune Bouteille d&#8217;encre d&#8217;origine (0666C001AB) Encre de haute qualit\u00e9<\/p>\n<p>Utilisez cette encre de qualit\u00e9 sup\u00e9rieure dans les imprimantes Canon PIXMA s\u00e9rie G telles que G1400, G2400 et G3400 \u2026.<\/p>\n<p>L\u2019encre de la cartouche couleur est pratique pour obtenir un rendement plus \u00e9lev\u00e9 avec une qualit\u00e9 constante. Il peut g\u00e9n\u00e9rer environ 7000 pages en une seule bouteille pour aider \u00e0 r\u00e9duire consid\u00e9rablement le co\u00fbt par page.<\/p>\n<p>La couleur \u00e0 base de colorant a une dur\u00e9e de vie prolong\u00e9e et ne s\u2019estompe pas. L\u2019encre est conforme \u00e0 la norme ISO \/ CEI.<\/p>\n<p><strong>Canon GI-490 Jaune : Imprimantes compatibles\u00a0<\/strong><\/p>\n<p>Canon Pixma G1400 , Canon Pixma G1411 , Canon Pixma G2200 , Canon Pixma G2400 , Canon Pixma G2411 , Canon Pixma G3200 , Canon Pixma G3400 , Canon Pixma G3411 , Canon Pixma G3410 , Canon Pixma G2410<\/p>\n","protected":false},"excerpt":{"rendered":"<p><strong>Imprimantes compatibles\u00a0<\/strong><\/p>\n<p>Canon Pixma G1400 , Canon Pixma G1411 , Canon Pixma G2200 , Canon Pixma G2400 , Canon Pixma G2411 , Canon Pixma G3200 , Canon Pixma G3400 , Canon Pixma G3411 , Canon Pixma G3410 , Canon Pixma G2410<\/p>\n","protected":false},"featured_media":7322,"comment_status":"open","ping_status":"closed","template":"","meta":{"_acf_changed":false,"_monsterinsights_skip_tracking":false,"_monsterinsights_sitenote_active":false,"_monsterinsights_sitenote_note":"","_monsterinsights_sitenote_category":0,"_uf_show_specific_survey":0,"_uf_disable_surveys":false,"_joinchat":[]},"product_brand":[],"product_cat":[15,251,238],"product_tag":[],"class_list":{"0":"post-7321","1":"product","2":"type-product","3":"status-publish","4":"has-post-thumbnail","6":"product_cat-imprimante-scanner","7":"product_cat-bouteille-dencre","8":"product_cat-consommables","10":"first","11":"instock","12":"sale","13":"shipping-taxable","14":"purchasable","15":"product-type-simple"},"acf":[],"jetpack_sharing_enabled":true,"_links":{"self":[{"href":"https:\/\/digistar.ma\/index.php?rest_route=\/wp\/v2\/product\/7321","targetHints":{"allow":["GET"]}}],"collection":[{"href":"https:\/\/digistar.ma\/index.php?rest_route=\/wp\/v2\/product"}],"about":[{"href":"https:\/\/digistar.ma\/index.php?rest_route=\/wp\/v2\/types\/product"}],"replies":[{"embeddable":true,"href":"https:\/\/digistar.ma\/index.php?rest_route=%2Fwp%2Fv2%2Fcomments&post=7321"}],"version-history":[{"count":4,"href":"https:\/\/digistar.ma\/index.php?rest_route=\/wp\/v2\/product\/7321\/revisions"}],"predecessor-version":[{"id":7328,"href":"https:\/\/digistar.ma\/index.php?rest_route=\/wp\/v2\/product\/7321\/revisions\/7328"}],"wp:featuredmedia":[{"embeddable":true,"href":"https:\/\/digistar.ma\/index.php?rest_route=\/wp\/v2\/media\/7322"}],"wp:attachment":[{"href":"https:\/\/digistar.ma\/index.php?rest_route=%2Fwp%2Fv2%2Fmedia&parent=7321"}],"wp:term":[{"taxonomy":"product_brand","embeddable":true,"href":"https:\/\/digistar.ma\/index.php?rest_route=%2Fwp%2Fv2%2Fproduct_brand&post=7321"},{"taxonomy":"product_cat","embeddable":true,"href":"https:\/\/digistar.ma\/index.php?rest_route=%2Fwp%2Fv2%2Fproduct_cat&post=7321"},{"taxonomy":"product_tag","embeddable":true,"href":"https:\/\/digistar.ma\/index.php?rest_route=%2Fwp%2Fv2%2Fproduct_tag&post=7321"}],"curies":[{"name":"wp","href":"https:\/\/api.w.org\/{rel}","templated":true}]}}