{"id":7348,"date":"2023-08-02T19:13:19","date_gmt":"2023-08-02T19:13:19","guid":{"rendered":"https:\/\/digistar.ma\/?post_type=product&#038;p=7348"},"modified":"2025-03-14T15:34:29","modified_gmt":"2025-03-14T15:34:29","slug":"epson-112-jaune-bouteille-dencre-dorigine-c13t06c44a","status":"publish","type":"product","link":"https:\/\/digistar.ma\/?product=epson-112-jaune-bouteille-dencre-dorigine-c13t06c44a","title":{"rendered":"Epson 112 Jaune Bouteille d&#8217;encre d&#8217;origine (C13T06C44A)"},"content":{"rendered":"<p><strong>Epson 112 Jaune Bouteille d&#8217;encre d&#8217;origine (C13T06C44A)<\/strong><\/p>\n<p>La s\u00e9rie d\u2019encres EcoTank 112 \u00e0 s\u00e9chage rapide comprend toutes les encres pigment\u00e9es pour des impressions r\u00e9sistantes aux taches et aux surligneurs.\u00a0Avec cette encre fiable et de haute qualit\u00e9, vous pouvez \u00eatre s\u00fbr qu\u2019elle produira de superbes impressions avec du texte clair et des couleurs vives.\u00a0\u00c0 partir d\u2019un jeu d\u2019encre, vous pouvez produire des milliers de pages sans avoir \u00e0 changer de cartouche.<\/p>\n<div class=\"heading1\">\n<h4>Impressions d\u2019aspect professionnel<\/h4>\n<p>Profitez de superbes impressions avec du texte clair et des couleurs vives avec cette encre fiable et de haute qualit\u00e9.\u00a0La s\u00e9rie d\u2019encres 112 comprend toutes les encres pigment\u00e9es pour vous donner des impressions nettes qui r\u00e9sistent aux taches et aux surligneurs.\u00a0Comme le pigment s\u00e8che rapidement, cette encre est id\u00e9ale pour produire des impressions recto-verso.<\/p>\n<\/div>\n<div class=\"heading2\">\n<h4>Imprimez des milliers de pages<\/h4>\n<p>C\u2019est impressionnant le nombre de pages qu\u2019un seul jeu de remplacement peut produire \u2013 jusqu\u2019\u00e0 7 500 pages en noir et 6 000 en couleur\u00a0.<\/p>\n<\/div>\n<div class=\"heading3\">\n<h4>Facile \u00e0 utiliser<\/h4>\n<p>Le remplissage d\u2019EcoTank avec Epson 112 Jaune Bouteille d&#8217;encre d&#8217;origine (C13T06C44A) est simple et sans d\u00e9sordre gr\u00e2ce aux bouteilles d\u2019encre refermables, intuitives et anti-gouttes. Gr\u00e2ce \u00e0 un m\u00e9canisme sp\u00e9cial, ces bouteilles d\u2019encre ne permettent d\u2019ins\u00e9rer que les bonnes couleurs.<\/p>\n<\/div>\n<div class=\"heading4\">\n<h4>Une qualit\u00e9 sur laquelle vous pouvez compter<\/h4>\n<p>Pour produire d\u2019excellents r\u00e9sultats \u00e0 maintes reprises, les encres et papiers d\u2019origine Epson ont \u00e9t\u00e9 d\u00e9velopp\u00e9s pour fonctionner main dans la main avec les imprimantes Epson.\u00a0La gamme de produits de qualit\u00e9 d\u2019Epson est le r\u00e9sultat d\u2019installations de fabrication de haute technologie et d\u2019une recherche et d\u2019un d\u00e9veloppement approfondis et continus.<\/p>\n<\/div>\n","protected":false},"excerpt":{"rendered":"<p><strong>Pour les imprimantes :<\/strong><\/p>\n<p>EcoTank L11160,\u00a0 EcoTank L15150,\u00a0 EcoTank L15160, EcoTank L6460,<\/p>\n<p>EcoTank L6490, EcoTank L6550,\u00a0 EcoTank L6570,<\/p>\n<p>EcoTank Pro L15180, EcoTank Pro L6580<\/p>\n","protected":false},"featured_media":7349,"comment_status":"open","ping_status":"closed","template":"","meta":{"_acf_changed":false,"_monsterinsights_skip_tracking":false,"_monsterinsights_sitenote_active":false,"_monsterinsights_sitenote_note":"","_monsterinsights_sitenote_category":0,"_uf_show_specific_survey":0,"_uf_disable_surveys":false,"_joinchat":[]},"product_brand":[],"product_cat":[15,251,238,380],"product_tag":[],"class_list":{"0":"post-7348","1":"product","2":"type-product","3":"status-publish","4":"has-post-thumbnail","6":"product_cat-imprimante-scanner","7":"product_cat-bouteille-dencre","8":"product_cat-consommables","9":"product_cat-epson","11":"first","12":"instock","13":"sale","14":"shipping-taxable","15":"purchasable","16":"product-type-simple"},"acf":[],"jetpack_sharing_enabled":true,"_links":{"self":[{"href":"https:\/\/digistar.ma\/index.php?rest_route=\/wp\/v2\/product\/7348","targetHints":{"allow":["GET"]}}],"collection":[{"href":"https:\/\/digistar.ma\/index.php?rest_route=\/wp\/v2\/product"}],"about":[{"href":"https:\/\/digistar.ma\/index.php?rest_route=\/wp\/v2\/types\/product"}],"replies":[{"embeddable":true,"href":"https:\/\/digistar.ma\/index.php?rest_route=%2Fwp%2Fv2%2Fcomments&post=7348"}],"version-history":[{"count":1,"href":"https:\/\/digistar.ma\/index.php?rest_route=\/wp\/v2\/product\/7348\/revisions"}],"predecessor-version":[{"id":7351,"href":"https:\/\/digistar.ma\/index.php?rest_route=\/wp\/v2\/product\/7348\/revisions\/7351"}],"wp:featuredmedia":[{"embeddable":true,"href":"https:\/\/digistar.ma\/index.php?rest_route=\/wp\/v2\/media\/7349"}],"wp:attachment":[{"href":"https:\/\/digistar.ma\/index.php?rest_route=%2Fwp%2Fv2%2Fmedia&parent=7348"}],"wp:term":[{"taxonomy":"product_brand","embeddable":true,"href":"https:\/\/digistar.ma\/index.php?rest_route=%2Fwp%2Fv2%2Fproduct_brand&post=7348"},{"taxonomy":"product_cat","embeddable":true,"href":"https:\/\/digistar.ma\/index.php?rest_route=%2Fwp%2Fv2%2Fproduct_cat&post=7348"},{"taxonomy":"product_tag","embeddable":true,"href":"https:\/\/digistar.ma\/index.php?rest_route=%2Fwp%2Fv2%2Fproduct_tag&post=7348"}],"curies":[{"name":"wp","href":"https:\/\/api.w.org\/{rel}","templated":true}]}}