{"id":7378,"date":"2023-08-03T11:33:01","date_gmt":"2023-08-03T11:33:01","guid":{"rendered":"https:\/\/digistar.ma\/?post_type=product&#038;p=7378"},"modified":"2023-08-03T11:33:02","modified_gmt":"2023-08-03T11:33:02","slug":"canon-gi-41pgbk-noir-bouteille-dencre-dorigine","status":"publish","type":"product","link":"https:\/\/digistar.ma\/?product=canon-gi-41pgbk-noir-bouteille-dencre-dorigine","title":{"rendered":"Canon GI-41PGBK Noir Bouteille d&#8217;encre d&#8217;origine"},"content":{"rendered":"<p><strong>Canon GI-41PGBK Noir Bouteille d&#8217;encre d&#8217;origine<\/strong><\/p>\n<section class=\"mom-tab--section\">\n<p class=\"header-5 mom-tab--heading\">R\u00e9duisez le co\u00fbt d&#8217;impression par page et prolongez le temps entre les recharges avec une encre \u00e0 haut rendement allant jusqu&#8217;\u00e0 7 700 pages \u00e0 partir d&#8217;un ensemble complet de flacons de recharge d&#8217;encre couleur. Canon GI-41PGBK Noir\u00a0Id\u00e9al pour ceux qui impriment de gros volumes de documents et d&#8217;images, profitez de r\u00e9sultats de haute qualit\u00e9 avec des documents et des photos nets, nets et \u00e9clatants.\u00a0La bouteille d&#8217;encre am\u00e9lior\u00e9e \u00e9limine \u00e9galement le gaspillage et les d\u00e9versements gr\u00e2ce \u00e0 sa conception innovante sans compression qui r\u00e9duit les d\u00e9g\u00e2ts.\u00a0La buse de type cl\u00e9 garantit que vous remplissez le bon r\u00e9servoir avec la bonne bouteille, r\u00e9duisant ainsi les erreurs lors du remplissage.<\/p>\n<\/section>\n<section class=\"mom-tab--section\">\n<h4 class=\"header-3 center-text\">Avantages de Canon GI-41PGBK Noir Bouteille d&#8217;encre d&#8217;origine<\/h4>\n<ul class=\"floated-list clearfix\">\n<li class=\"floated-list--item\"><i class=\"icon-dot list-dot\"><\/i>Prolongez le temps entre les recharges et r\u00e9duisez le co\u00fbt d&#8217;impression par page avec une bouteille de 70 ml d&#8217;encre magenta \u00e0 haut rendement<\/li>\n<li class=\"floated-list--item\"><i class=\"icon-dot list-dot\"><\/i>Imprimez jusqu&#8217;\u00e0 7 700 pages \u00e0 partir d&#8217;un ensemble complet de flacons de recharge d&#8217;encre couleur<\/li>\n<li class=\"floated-list--item\"><i class=\"icon-dot list-dot\"><\/i>Imprimez des documents de qualit\u00e9 professionnelle avec du texte clair et net gr\u00e2ce \u00e0 l&#8217;encre Canon d&#8217;origine<\/li>\n<li class=\"floated-list--item\"><i class=\"icon-dot list-dot\"><\/i>Les encres de couleur de colorant fournissent des images et des photos vives<\/li>\n<li class=\"floated-list--item\"><i class=\"icon-dot list-dot\"><\/i>Une buse d&#8217;encre de type cl\u00e9 offre une utilisation sans d\u00e9sordre et sans erreur car chaque couleur a ses emplacements d\u00e9sign\u00e9s, ce qui signifie que vous ne mettrez pas accidentellement la bouteille d&#8217;encre magenta dans le mauvais r\u00e9servoir d&#8217;encre.<\/li>\n<li class=\"floated-list--item\"><i class=\"icon-dot list-dot\"><\/i>Ces bouteilles d&#8217;encre sans compression garantissent un processus de remplissage d&#8217;encre facile et simple et l&#8217;encre s&#8217;arr\u00eate lorsque le r\u00e9servoir est plein &#8211; il n&#8217;y a donc pas de gaspillage d&#8217;encre.<\/li>\n<li>\n<h4 class=\"header-7 product-detail-list--header\">Points forts<\/h4>\n<ul class=\"product-highlights--list\">\n<li class=\"basic-list--item p-5\"><i class=\"icon-dot list-dot list-dot__style-2\"><\/i>Encre \u00e0 haut rendement pour un co\u00fbt par page inf\u00e9rieur<\/li>\n<li class=\"basic-list--item p-5\"><i class=\"icon-dot list-dot list-dot__style-2\"><\/i>Imprimez jusqu&#8217;\u00e0 7 700 pages \u00e0 partir d&#8217;un ensemble complet de flacons de recharge d&#8217;encre couleur<\/li>\n<li class=\"basic-list--item p-5\"><i class=\"icon-dot list-dot list-dot__style-2\"><\/i>Buse de type cl\u00e9 pour assurer des recharges sans erreur<\/li>\n<\/ul>\n<\/li>\n<\/ul>\n<\/section>\n","protected":false},"excerpt":{"rendered":"<h4 class=\"header-3\">Pour les imprimantes :<\/h4>\n<ul class=\"floated-list clearfix\">\n<li class=\"floated-list--three-col-item\"><i class=\"icon-dot list-dot\"><\/i>PIXMA G3420<\/li>\n<li class=\"floated-list--three-col-item\"><i class=\"icon-dot list-dot\"><\/i>PIXMA G3460<\/li>\n<li class=\"floated-list--three-col-item\"><i class=\"icon-dot list-dot\"><\/i>PIXMA G1420<\/li>\n<li class=\"floated-list--three-col-item\"><i class=\"icon-dot list-dot\"><\/i>PIXMA G2420<\/li>\n<li class=\"floated-list--three-col-item\"><i class=\"icon-dot list-dot\"><\/i>PIXMA G2460<\/li>\n<li class=\"floated-list--three-col-item\"><i class=\"icon-dot list-dot\"><\/i>PIXMA G2470<\/li>\n<li class=\"floated-list--three-col-item\"><i class=\"icon-dot list-dot\"><\/i>PIXMA G3470<\/li>\n<li class=\"floated-list--three-col-item\"><i class=\"icon-dot list-dot\"><\/i>PIXMA G4470<\/li>\n<li class=\"floated-list--three-col-item\"><i class=\"icon-dot list-dot\"><\/i>PIXMA G1430<\/li>\n<li>PIXMA G3430<\/li>\n<\/ul>\n","protected":false},"featured_media":7379,"comment_status":"open","ping_status":"closed","template":"","meta":{"_acf_changed":false,"_monsterinsights_skip_tracking":false,"_monsterinsights_sitenote_active":false,"_monsterinsights_sitenote_note":"","_monsterinsights_sitenote_category":0,"_uf_show_specific_survey":0,"_uf_disable_surveys":false,"_joinchat":[]},"product_brand":[],"product_cat":[15,251,238],"product_tag":[],"class_list":{"0":"post-7378","1":"product","2":"type-product","3":"status-publish","4":"has-post-thumbnail","6":"product_cat-imprimante-scanner","7":"product_cat-bouteille-dencre","8":"product_cat-consommables","10":"first","11":"instock","12":"sale","13":"shipping-taxable","14":"purchasable","15":"product-type-simple"},"acf":[],"jetpack_sharing_enabled":true,"_links":{"self":[{"href":"https:\/\/digistar.ma\/index.php?rest_route=\/wp\/v2\/product\/7378","targetHints":{"allow":["GET"]}}],"collection":[{"href":"https:\/\/digistar.ma\/index.php?rest_route=\/wp\/v2\/product"}],"about":[{"href":"https:\/\/digistar.ma\/index.php?rest_route=\/wp\/v2\/types\/product"}],"replies":[{"embeddable":true,"href":"https:\/\/digistar.ma\/index.php?rest_route=%2Fwp%2Fv2%2Fcomments&post=7378"}],"version-history":[{"count":1,"href":"https:\/\/digistar.ma\/index.php?rest_route=\/wp\/v2\/product\/7378\/revisions"}],"predecessor-version":[{"id":7382,"href":"https:\/\/digistar.ma\/index.php?rest_route=\/wp\/v2\/product\/7378\/revisions\/7382"}],"wp:featuredmedia":[{"embeddable":true,"href":"https:\/\/digistar.ma\/index.php?rest_route=\/wp\/v2\/media\/7379"}],"wp:attachment":[{"href":"https:\/\/digistar.ma\/index.php?rest_route=%2Fwp%2Fv2%2Fmedia&parent=7378"}],"wp:term":[{"taxonomy":"product_brand","embeddable":true,"href":"https:\/\/digistar.ma\/index.php?rest_route=%2Fwp%2Fv2%2Fproduct_brand&post=7378"},{"taxonomy":"product_cat","embeddable":true,"href":"https:\/\/digistar.ma\/index.php?rest_route=%2Fwp%2Fv2%2Fproduct_cat&post=7378"},{"taxonomy":"product_tag","embeddable":true,"href":"https:\/\/digistar.ma\/index.php?rest_route=%2Fwp%2Fv2%2Fproduct_tag&post=7378"}],"curies":[{"name":"wp","href":"https:\/\/api.w.org\/{rel}","templated":true}]}}