{"id":7460,"date":"2023-08-05T01:25:16","date_gmt":"2023-08-05T01:25:16","guid":{"rendered":"https:\/\/digistar.ma\/?post_type=product&#038;p=7460"},"modified":"2023-12-27T15:10:46","modified_gmt":"2023-12-27T15:10:46","slug":"epson-673-bk-t6731-noir-bouteille-dencre-dorigine","status":"publish","type":"product","link":"https:\/\/digistar.ma\/?product=epson-673-bk-t6731-noir-bouteille-dencre-dorigine","title":{"rendered":"Epson 673 BK (T6731) Noir Bouteille d&#8217;encre d&#8217;origine"},"content":{"rendered":"<p><strong>Epson 673 BK (T6731) Noir Bouteille d&#8217;encre d&#8217;origine<\/strong><\/p>\n<p>Recharge d&#8217;encre originale\u00a0<strong>Epson T6731<\/strong>. Cette bouteille de 70ml vous permettra de\u00a0<strong>remplir le r\u00e9servoir noir<\/strong>\u00a0de votre imprimante Epson EcoTank (mod\u00e8le sans cartouche) et d&#8217;imprimer des milliers de documents en toute \u00e9conomie. Le consommable\u00a0<strong>Epson C13T67314A<\/strong>\u00a0offre un co\u00fbt \u00e0 la page in\u00e9gal\u00e9.<\/p>\n<div class=\"product-summary__description\">B\u00e9n\u00e9ficiez d\u2019une solution ultra-\u00e9conomique pour imprimer de nombreuses photos r\u00e9alistes et de haute qualit\u00e9<\/div>\n<div class=\"product-summary__intro\">Profitez de l\u2019impression de nombreuses photos de haute qualit\u00e9 avec des d\u00e9tails nets, des noirs profonds et des couleurs riches et \u00e9clatantes.<\/div>\n<div>\n<div class=\"heading1\">\n<h4>Impression photo de haute qualit\u00e9<\/h4>\n<p>Cet ensemble d\u2019encres \u00e0 base de colorants \u00e0 six couleurs peut produire des photos brillantes d\u2019aspect professionnel \u00e0 votre convenance.\u00a0Les bouteilles d\u2019encre de 70 ml fournissent une quantit\u00e9 abondante d\u2019encre pour que vous puissiez imprimer de nombreuses photos sans vous soucier des co\u00fbts ou de manquer d\u2019encre.<\/p>\n<\/div>\n<div class=\"heading2\">\n<h4>Lib\u00e9rez votre cr\u00e9ativit\u00e9<\/h4>\n<p>N\u2019h\u00e9sitez pas \u00e0 imprimer vos photos sans vous soucier du co\u00fbt avec cette s\u00e9rie d\u2019encres. D\u00e8s le premier jeu d\u2019encres inclus avec votre imprimante EcoTank, vous disposerez de suffisamment d\u2019encre pour imprimer jusqu\u2019\u00e0 1 900 photos (10 x 15 cm)\u00a0\u00a0.<\/p>\n<\/div>\n<div class=\"heading3\">\n<h4><strong>Epson 673 BK (T6731)<\/strong> L\u2019article authentique<\/h4>\n<p>Profitez d\u2019une impression fiable et sans tracas avec les encres d\u2019origine Epson.\u00a0Nous investissons dans des recherches approfondies, des installations de fabrication de haute technologie et soumettons nos produits \u00e0 des tests rigoureux, pour vous offrir le meilleur produit de qualit\u00e9.<\/p>\n<\/div>\n<\/div>\n<p><strong>Caract\u00e9ristiques de Epson 673 BK (T6731) Noir Bouteille d&#8217;encre d&#8217;origine<\/strong><\/p>\n<ul class=\"a-unordered-list a-vertical a-spacing-mini\">\n<li class=\"a-spacing-mini\"><span class=\"a-list-item\">Les nouvelles bouteilles d\u2019encre de remplacement du r\u00e9servoir d\u2019encre d\u2019Epson offrent des milliers d\u2019impressions vives \u00e0 un co\u00fbt ultra faible, tout en offrant une qualit\u00e9 sans compromis, id\u00e9ale pour l\u2019impression quotidienne, ces encres ultra haute capacit\u00e9 durent plus longtemps entre les recharges pour une commodit\u00e9 imbattable.<\/span><\/li>\n<li class=\"a-spacing-mini\"><span class=\"a-list-item\">Imprimantes compatibles : Epson L800\/ L805\/ L810\/ L850\/ L1800<\/span><\/li>\n<li class=\"a-spacing-mini\"><span class=\"a-list-item\">Contenu : 70ml<\/span><\/li>\n<\/ul>\n","protected":false},"excerpt":{"rendered":"<ul class=\"a-unordered-list a-vertical a-spacing-mini\">\n<li class=\"a-spacing-mini\"><span class=\"a-list-item\">Les nouvelles bouteilles d\u2019encre de remplacement du r\u00e9servoir d\u2019encre d\u2019Epson offrent des milliers d\u2019impressions vives \u00e0 un co\u00fbt ultra faible, tout en offrant une qualit\u00e9 sans compromis, id\u00e9ale pour l\u2019impression quotidienne, ces encres ultra haute capacit\u00e9 durent plus longtemps entre les recharges pour une commodit\u00e9 imbattable.<\/span><\/li>\n<li class=\"a-spacing-mini\"><span class=\"a-list-item\">Imprimantes compatibles : Epson L800\/ L805\/ L810\/ L850\/ L1800<\/span><\/li>\n<li class=\"a-spacing-mini\"><span class=\"a-list-item\">Contenu : 70ml<\/span><\/li>\n<\/ul>\n","protected":false},"featured_media":7461,"comment_status":"open","ping_status":"closed","template":"","meta":{"_acf_changed":false,"_monsterinsights_skip_tracking":false,"_monsterinsights_sitenote_active":false,"_monsterinsights_sitenote_note":"","_monsterinsights_sitenote_category":0,"_uf_show_specific_survey":0,"_uf_disable_surveys":false,"_joinchat":[]},"product_brand":[],"product_cat":[15,251,238,380],"product_tag":[],"class_list":{"0":"post-7460","1":"product","2":"type-product","3":"status-publish","4":"has-post-thumbnail","6":"product_cat-imprimante-scanner","7":"product_cat-bouteille-dencre","8":"product_cat-consommables","9":"product_cat-epson","11":"first","12":"instock","13":"sale","14":"shipping-taxable","15":"purchasable","16":"product-type-simple"},"acf":[],"jetpack_sharing_enabled":true,"_links":{"self":[{"href":"https:\/\/digistar.ma\/index.php?rest_route=\/wp\/v2\/product\/7460","targetHints":{"allow":["GET"]}}],"collection":[{"href":"https:\/\/digistar.ma\/index.php?rest_route=\/wp\/v2\/product"}],"about":[{"href":"https:\/\/digistar.ma\/index.php?rest_route=\/wp\/v2\/types\/product"}],"replies":[{"embeddable":true,"href":"https:\/\/digistar.ma\/index.php?rest_route=%2Fwp%2Fv2%2Fcomments&post=7460"}],"version-history":[{"count":3,"href":"https:\/\/digistar.ma\/index.php?rest_route=\/wp\/v2\/product\/7460\/revisions"}],"predecessor-version":[{"id":7466,"href":"https:\/\/digistar.ma\/index.php?rest_route=\/wp\/v2\/product\/7460\/revisions\/7466"}],"wp:featuredmedia":[{"embeddable":true,"href":"https:\/\/digistar.ma\/index.php?rest_route=\/wp\/v2\/media\/7461"}],"wp:attachment":[{"href":"https:\/\/digistar.ma\/index.php?rest_route=%2Fwp%2Fv2%2Fmedia&parent=7460"}],"wp:term":[{"taxonomy":"product_brand","embeddable":true,"href":"https:\/\/digistar.ma\/index.php?rest_route=%2Fwp%2Fv2%2Fproduct_brand&post=7460"},{"taxonomy":"product_cat","embeddable":true,"href":"https:\/\/digistar.ma\/index.php?rest_route=%2Fwp%2Fv2%2Fproduct_cat&post=7460"},{"taxonomy":"product_tag","embeddable":true,"href":"https:\/\/digistar.ma\/index.php?rest_route=%2Fwp%2Fv2%2Fproduct_tag&post=7460"}],"curies":[{"name":"wp","href":"https:\/\/api.w.org\/{rel}","templated":true}]}}