{"id":7526,"date":"2023-08-05T05:33:49","date_gmt":"2023-08-05T05:33:49","guid":{"rendered":"https:\/\/digistar.ma\/?post_type=product&#038;p=7526"},"modified":"2023-12-27T15:05:43","modified_gmt":"2023-12-27T15:05:43","slug":"pack-epson-664-bouteilles-dencre-dorigine","status":"publish","type":"product","link":"https:\/\/digistar.ma\/?product=pack-epson-664-bouteilles-dencre-dorigine","title":{"rendered":"PACK Epson 664 Bouteilles d&#8217;encre d&#8217;origine"},"content":{"rendered":"<p><strong>PACK Epson 664 Bouteilles d&#8217;encre d&#8217;origine<\/strong><\/p>\n<p>R\u00e9duire les co\u00fbts d\u2019impression au maximum est facile avec cette encre EcoTank. Un kit d\u2019encre vous permet de produire une quantit\u00e9 impressionnante de pages : 4 500 pages en noir et 7 500 en couleur\u00a0: c\u2019est la solution id\u00e9ale pour les particuliers actifs qui impriment beaucoup.<\/p>\n<p>Avec des encres quatre couleurs \u00e0 base de colorants, PACK Epson 664 Bouteilles d&#8217;encre d&#8217;origine fournit une solution ultra \u00e9conomique et fiable pour imprimer des documents au quotidien.<\/p>\n<div class=\"heading1\">\n<h4><strong>PACK Epson 664 Bouteilles d&#8217;encre d&#8217;origine <\/strong>Pour des impressions au quotidien<\/h4>\n<p>Cette s\u00e9rie d\u2019encre quatre couleurs fiable est parfaite pour imprimer vos documents au quotidien.<\/p>\n<\/div>\n<div class=\"heading2\">\n<h4>R\u00e9duisez le co\u00fbt de l\u2019encre<\/h4>\n<p>Vous recherchez une solution d\u2019impression ultra \u00e9conomique ? D\u00e8s le premier kit d\u2019encre fourni avec l\u2019imprimante, vous pouvez \u00e9conomiser en moyenne 90 % sur le co\u00fbt de l\u2019encre avec PACK Epson 664 Bouteilles d&#8217;encre d&#8217;origine. En plus d\u2019\u00eatre abordable, un seul kit permet d\u2019imprimer un nombre de pages impressionnant : jusqu\u2019\u00e0 4 500 pages en noir et 7 500 en couleur.<\/p>\n<\/div>\n<div class=\"heading3\">\n<h4>L\u2019article d\u2019origine<\/h4>\n<p>R\u00e9alisez des impressions fiables et sans difficult\u00e9 avec PACK Epson 664 Bouteilles d&#8217;encre d&#8217;origine. Nous r\u00e9alisons de lourds investissements en Recherche et D\u00e9veloppement et en usines de fabrication high-tech, et nous soumettons nos produits \u00e0 des tests rigoureux pour vous offrir une qualit\u00e9 exceptionnelle.<\/p>\n<\/div>\n","protected":false},"excerpt":{"rendered":"<p><strong>Pour les imprimantes :<\/strong><\/p>\n<p>Epson Ecotank ET-14000 , Epson Ecotank ET-16500 , Epson Ecotank ET-2500 Series , Epson Ecotank ET-2550 , Epson Ecotank ET-2600 , Epson Ecotank ET-2650 , Epson Ecotank ET-3600 , Epson Ecotank ET-4500 ,<\/p>\n<p>Epson Ecotank ET-4550 , Epson Ecotank L100 , Epson Ecotank L110 , Epson Ecotank L120 , Epson Ecotank L1300 , Epson Ecotank L1455 , Epson Ecotank L200 , Epson Ecotank L210 , Epson Ecotank L350 , Epson Ecotank L355 ,<\/p>\n<p>Epson Ecotank L365 , Epson Ecotank L550 , Epson Ecotank L555, Epson Ecotank L3060, Epson Ecotank L121<\/p>\n","protected":false},"featured_media":7528,"comment_status":"open","ping_status":"closed","template":"","meta":{"_acf_changed":false,"_monsterinsights_skip_tracking":false,"_monsterinsights_sitenote_active":false,"_monsterinsights_sitenote_note":"","_monsterinsights_sitenote_category":0,"_uf_show_specific_survey":0,"_uf_disable_surveys":false,"_joinchat":[]},"product_brand":[],"product_cat":[15,251,238,380],"product_tag":[],"class_list":{"0":"post-7526","1":"product","2":"type-product","3":"status-publish","4":"has-post-thumbnail","6":"product_cat-imprimante-scanner","7":"product_cat-bouteille-dencre","8":"product_cat-consommables","9":"product_cat-epson","11":"first","12":"instock","13":"sale","14":"shipping-taxable","15":"purchasable","16":"product-type-simple"},"acf":[],"jetpack_sharing_enabled":true,"_links":{"self":[{"href":"https:\/\/digistar.ma\/index.php?rest_route=\/wp\/v2\/product\/7526","targetHints":{"allow":["GET"]}}],"collection":[{"href":"https:\/\/digistar.ma\/index.php?rest_route=\/wp\/v2\/product"}],"about":[{"href":"https:\/\/digistar.ma\/index.php?rest_route=\/wp\/v2\/types\/product"}],"replies":[{"embeddable":true,"href":"https:\/\/digistar.ma\/index.php?rest_route=%2Fwp%2Fv2%2Fcomments&post=7526"}],"version-history":[{"count":6,"href":"https:\/\/digistar.ma\/index.php?rest_route=\/wp\/v2\/product\/7526\/revisions"}],"predecessor-version":[{"id":7544,"href":"https:\/\/digistar.ma\/index.php?rest_route=\/wp\/v2\/product\/7526\/revisions\/7544"}],"wp:featuredmedia":[{"embeddable":true,"href":"https:\/\/digistar.ma\/index.php?rest_route=\/wp\/v2\/media\/7528"}],"wp:attachment":[{"href":"https:\/\/digistar.ma\/index.php?rest_route=%2Fwp%2Fv2%2Fmedia&parent=7526"}],"wp:term":[{"taxonomy":"product_brand","embeddable":true,"href":"https:\/\/digistar.ma\/index.php?rest_route=%2Fwp%2Fv2%2Fproduct_brand&post=7526"},{"taxonomy":"product_cat","embeddable":true,"href":"https:\/\/digistar.ma\/index.php?rest_route=%2Fwp%2Fv2%2Fproduct_cat&post=7526"},{"taxonomy":"product_tag","embeddable":true,"href":"https:\/\/digistar.ma\/index.php?rest_route=%2Fwp%2Fv2%2Fproduct_tag&post=7526"}],"curies":[{"name":"wp","href":"https:\/\/api.w.org\/{rel}","templated":true}]}}