{"id":7574,"date":"2023-08-06T20:46:01","date_gmt":"2023-08-06T20:46:01","guid":{"rendered":"https:\/\/digistar.ma\/?post_type=product&#038;p=7574"},"modified":"2023-12-27T15:05:26","modified_gmt":"2023-12-27T15:05:26","slug":"scanner-epson-workforce-ds-30000-b11b256401","status":"publish","type":"product","link":"https:\/\/digistar.ma\/?product=scanner-epson-workforce-ds-30000-b11b256401","title":{"rendered":"Scanner Epson WorkForce DS-30000 (B11B256401)"},"content":{"rendered":"<p><strong>Scanner Epson WorkForce DS-30000 (B11B256401)<\/strong><\/p>\n<div class=\"product-summary__headline\">Scanner de production A3<\/div>\n<div class=\"product-summary__secondary-information\">\n<div class=\"product-summary__description\">Scanner\u00a0A3 \u00e0 d\u00e9filement, compact, 70\u00a0ppm dot\u00e9 d\u2019une technologie avanc\u00e9e de protection du document et d\u2019am\u00e9lioration de l\u2019image.<\/div>\n<div class=\"product-summary__intro\">Le WorkForce DS-30000 est le premier scanner \u00e0 d\u00e9filement A3 Epson. Con\u00e7u pour les environnements de production, il est dot\u00e9 d\u2019un chargeur haute capacit\u00e9 qui permet de num\u00e9riser une large gamme de documents et comporte un panneau de commandes \u00e0 \u00e9cran tactile intuitif qui offre aux utilisateurs la possibilit\u00e9 de num\u00e9riser jusqu\u2019\u00e0 30\u00a0000\u00a0pages par jour.<\/div>\n<div>\n<div class=\"product-overview__section\">\n<div class=\"product-overview__section-content\">\n<div class=\"product-overview__description product-overview__description--neon\">\n<div>\n<p>Gr\u00e2ce \u00e0 la nouvelle technologie Epson Complex Production Architecture, le DS-30000 a \u00e9t\u00e9 con\u00e7u selon les normes les plus strictes pour r\u00e9pondre aux besoins des entreprises les plus exigeantes.<\/p>\n<p>Le chargeur automatique de documents (ADF), robuste et de grande capacit\u00e9, num\u00e9rise la plus large gamme de documents de sa cat\u00e9gorie\u00b9. Il permet de num\u00e9riser les passeports, livrets, cartes d\u2019identit\u00e9 et les documents grand format.<\/p>\n<p>Il simplifie la num\u00e9risation en donnant le contr\u00f4le aux utilisateurs gr\u00e2ce \u00e0 un \u00e9cran tactile r\u00e9tro\u00e9clair\u00e9 de 6,9\u00a0cm qui peut afficher des profils de num\u00e9risation pr\u00e9d\u00e9finis ainsi qu&#8217;une aide pour r\u00e9aliser \u00e9tapes par \u00e9tapes les op\u00e9rations de nettoyage et de maintenance.<\/p>\n<p>Les capteurs de protection du papier int\u00e9gr\u00e9s emp\u00eachent \u00e9galement les documents d\u2019\u00eatre endommag\u00e9s et les capteurs \u00e0 ultrasons garantissent que tous les documents sont num\u00e9ris\u00e9s, pr\u00e9servant ainsi l\u2019int\u00e9grit\u00e9 des donn\u00e9es.<\/p>\n<p>Le DS-30000 est fourni en standard avec le puissant logiciel Document Capture Pro\u00a03.0 dot\u00e9 d\u2019une fonctionnalit\u00e9 de reconnaissance optique de caract\u00e8res (OCR) int\u00e9gr\u00e9e qui permet de cr\u00e9er des fichiers au format Office (.docx, .xlsx, .pptx). De nombreux pilotes, dont TWAIN, ISIS, WIA, SANE et ICA, permettent une int\u00e9gration ais\u00e9e dans la plupart des syst\u00e8mes de gestion \u00e9lectronique de documents.<\/p>\n<p>Pour plus de flexibilit\u00e9 et de commodit\u00e9, les scanners \u00e0 plat\u00a0A4 (DS-5500) et A3 (DS-50000) en option permettent de num\u00e9riser des livres, des documents et tout autre types de documents.<\/p>\n<\/div>\n<\/div>\n<\/div>\n<\/div>\n<div class=\"product-overview__section product-overview__section--features\">\n<h3 class=\"product-overview__section-title\">Principales caract\u00e9ristiques de <strong>Scanner Epson WorkForce DS-30000 (B11B256401)<\/strong><\/h3>\n<div class=\"product-overview__section-content\">\n<div class=\"product-overview__features\">\n<div class=\"blockdown description\">\n<ul class=\"features\">\n<li><strong>Faible encombrement<\/strong>\u00a0Design compacte sans compromis sur la fiabilit\u00e9<\/li>\n<li><strong>Hautes performances<\/strong>\u00a0Num\u00e9risation jusqu\u2019\u00e0 70\u00a0ppm\/140\u00a0ipm \u00e0 200 ou 300\u00a0dpi en couleur<\/li>\n<li><strong>Grande flexibilit\u00e9<\/strong>\u00a0Num\u00e9risation de passeports et documents reli\u00e9s jusqu\u2019\u00e0 6\u00a0mm d\u2019\u00e9paisseur<\/li>\n<li><strong>Contr\u00f4le et s\u00e9curit\u00e9<\/strong>\u00a0Gestion pr\u00e9cise des documents gr\u00e2ce aux capteurs de protection du document<\/li>\n<li><strong>Haute capacit\u00e9<\/strong>\u00a0Chargeur de documents haute capacit\u00e9 de 120\u00a0feuilles<\/li>\n<\/ul>\n<p><a href=\"https:\/\/digistar.ma\/wp-content\/uploads\/2023\/08\/workforce-ds-30000-datasheet.pdf\"><strong>FICHE TECHNIQUE ICI<\/strong><\/a><\/div>\n<\/div>\n<\/div>\n<\/div>\n<\/div>\n<\/div>\n","protected":false},"excerpt":{"rendered":"<p>Scanner \u00e0 d\u00e9filement<br \/>\nRecto-verso automatique<br \/>\nR\u00e9solution optique maximale: 600 DPI (ppp) x 600 DPI (ppp)<br \/>\nProfondeur: Entr\u00e9e: 30 Bits Couleur \/ 10 Bits Monochrome , Sortie: 24 Bits Couleur \/ 8 Bits Monochrome<br \/>\nVitesse de num\u00e9risation chargeur auto: Monochrome : 70 pages\/min &#8211; Couleur : 70 pages\/min mesur\u00e9 avec format : A4 , r\u00e9solution : 300 dpi,<br \/>\nMonochrome : 140 image\/min &#8211; Couleur : 140 image\/min mesur\u00e9 avec format : A4 , r\u00e9solution : 300 dpi<br \/>\nTaille maximale de num\u00e9risation : 304,8 mm x 5.588 mm (chargeur auto)<br \/>\nFormats accept\u00e9s: A3 (29,7&#215;42,0 cm), A4 (21.0&#215;29,7 cm), A5 (14,8&#215;21,0 cm), A8, A7, A6 (10,5&#215;14,8 cm), Cartes de visite, Carte postale, Legal, B5, B6, B4, Tablo\u00efd, Cartes en plastique<br \/>\nTaux d&#8217;utilisation: 30.000 pages par jour<br \/>\nConnectivit\u00e9: USB : compatible avec la sp\u00e9cification USB 2.0, USB 3.2 Gen 1&#215;1<br \/>\nCapacit\u00e9 du bac d&#8217;alimentation automatique: 120 Feuilles<\/p>\n","protected":false},"featured_media":7576,"comment_status":"open","ping_status":"closed","template":"","meta":{"_acf_changed":false,"_monsterinsights_skip_tracking":false,"_monsterinsights_sitenote_active":false,"_monsterinsights_sitenote_note":"","_monsterinsights_sitenote_category":0,"_uf_show_specific_survey":0,"_uf_disable_surveys":false,"_joinchat":[]},"product_brand":[],"product_cat":[15,380,254,295],"product_tag":[],"class_list":{"0":"post-7574","1":"product","2":"type-product","3":"status-publish","4":"has-post-thumbnail","6":"product_cat-imprimante-scanner","7":"product_cat-epson","8":"product_cat-scanner","9":"product_cat-scanner-a-defilement","11":"first","12":"instock","13":"sale","14":"shipping-taxable","15":"purchasable","16":"product-type-simple"},"acf":[],"jetpack_sharing_enabled":true,"_links":{"self":[{"href":"https:\/\/digistar.ma\/index.php?rest_route=\/wp\/v2\/product\/7574","targetHints":{"allow":["GET"]}}],"collection":[{"href":"https:\/\/digistar.ma\/index.php?rest_route=\/wp\/v2\/product"}],"about":[{"href":"https:\/\/digistar.ma\/index.php?rest_route=\/wp\/v2\/types\/product"}],"replies":[{"embeddable":true,"href":"https:\/\/digistar.ma\/index.php?rest_route=%2Fwp%2Fv2%2Fcomments&post=7574"}],"version-history":[{"count":1,"href":"https:\/\/digistar.ma\/index.php?rest_route=\/wp\/v2\/product\/7574\/revisions"}],"predecessor-version":[{"id":7581,"href":"https:\/\/digistar.ma\/index.php?rest_route=\/wp\/v2\/product\/7574\/revisions\/7581"}],"wp:featuredmedia":[{"embeddable":true,"href":"https:\/\/digistar.ma\/index.php?rest_route=\/wp\/v2\/media\/7576"}],"wp:attachment":[{"href":"https:\/\/digistar.ma\/index.php?rest_route=%2Fwp%2Fv2%2Fmedia&parent=7574"}],"wp:term":[{"taxonomy":"product_brand","embeddable":true,"href":"https:\/\/digistar.ma\/index.php?rest_route=%2Fwp%2Fv2%2Fproduct_brand&post=7574"},{"taxonomy":"product_cat","embeddable":true,"href":"https:\/\/digistar.ma\/index.php?rest_route=%2Fwp%2Fv2%2Fproduct_cat&post=7574"},{"taxonomy":"product_tag","embeddable":true,"href":"https:\/\/digistar.ma\/index.php?rest_route=%2Fwp%2Fv2%2Fproduct_tag&post=7574"}],"curies":[{"name":"wp","href":"https:\/\/api.w.org\/{rel}","templated":true}]}}