{"id":7582,"date":"2023-08-06T21:13:56","date_gmt":"2023-08-06T21:13:56","guid":{"rendered":"https:\/\/digistar.ma\/?post_type=product&#038;p=7582"},"modified":"2023-12-27T15:05:15","modified_gmt":"2023-12-27T15:05:15","slug":"scanner-epson-workforce-ds-310-b11b241401","status":"publish","type":"product","link":"https:\/\/digistar.ma\/?product=scanner-epson-workforce-ds-310-b11b241401","title":{"rendered":"Scanner Epson WorkForce DS-310 (B11B241401)"},"content":{"rendered":"<h4>Scanner Epson WorkForce DS-310 (B11B241401)<\/h4>\n<h4>SCANNEZ VOS DOCUMENTS \u00c0 TOUTE VITESSE !<\/h4>\n<div><strong>WorkForce DS-310<\/strong>\u00a0est un\u00a0<strong>scanner A4<\/strong>\u00a0compact ultra rapide.\u00a0Avec une vitesse de 25\u00a0ppm, la plus \u00e9lev\u00e9e dans sa cat\u00e9gorie, ce mod\u00e8le permet de num\u00e9riser des documents de mani\u00e8re rapide, simple et efficace pendant vos d\u00e9placements. Gr\u00e2ce \u00e0 son design compact et l\u00e9ger, il est facile \u00e0 ranger dans une mallette ou dans un tiroir. Il vous permet de num\u00e9riser une large vari\u00e9t\u00e9 de supports \u00e0 votre guise. Il dispose \u00e9galement d\u2019un chargeur de documents de 20\u00a0feuilles qui augmente son efficacit\u00e9.<\/div>\n<p>&nbsp;<\/p>\n<table border=\"0\" width=\"100%\" cellspacing=\"1\" cellpadding=\"1\">\n<tbody>\n<tr>\n<td>\n<h4>PORTABLE ET POLYVALENT<\/h4>\n<div>\n<p>Num\u00e9risez et g\u00e9rez facilement vos documents lorsque vous \u00eates en d\u00e9placement avec le DS-310. Son design compact et l\u00e9ger le rend id\u00e9al \u00e0 transporter dans une mallette ou \u00e0 ranger dans un tiroir.<\/p>\n<p>Gagnez en flexibilit\u00e9 en num\u00e9risant ce dont vous avez besoin, quand vous en avez besoin. Avec le DS-310, vous pouvez capturer des documents \u00e0 300 dpi en couleur et en monochrome, en toute simplicit\u00e9. Les supports pris en charge sont pratiquement illimit\u00e9s gr\u00e2ce \u00e0 la num\u00e9risation recto ou recto verso, la possibilit\u00e9 de traiter des cartes de visite et des documents papier entre 52 et 230 g\/m2. Il poss\u00e8de m\u00eame un emplacement d\u00e9di\u00e9 pour la num\u00e9risation de permis de conduire, de cartes vitales et de cartes plastifi\u00e9es.<\/p>\n<\/div>\n<\/td>\n<td width=\"450\"><img decoding=\"async\" src=\"https:\/\/media.ldlc.com\/bo\/images\/fiches\/scanner\/epson\/ds-310\/2.jpg\" alt=\"\" \/><\/td>\n<\/tr>\n<\/tbody>\n<\/table>\n<p>&nbsp;<\/p>\n<table border=\"0\" width=\"100%\" cellspacing=\"1\" cellpadding=\"1\">\n<tbody>\n<tr>\n<td width=\"450\"><img decoding=\"async\" src=\"https:\/\/media.ldlc.com\/bo\/images\/fiches\/scanner\/epson\/ds-310\/1.jpg\" alt=\"\" \/><\/td>\n<td>\n<h4>NUM\u00c9RISEZ VOS DOCUMENTS RAPIDEMENT<\/h4>\n<div>Traitez vos documents en un clin d\u2019\u0153il gr\u00e2ce au scanner portable professionnel le plus rapide du march\u00e9. Gr\u00e2ce \u00e0 sa vitesse de num\u00e9risation de 25 ppm, il n&#8217;a jamais \u00e9t\u00e9 aussi facile et rapide de num\u00e9riser vos contrats, formulaires et autres tickets de caisse. Le traitement des documents de plusieurs pages est simplifi\u00e9 gr\u00e2ce \u00e0 son chargeur automatique de documents de 20 feuilles. Sa connectivit\u00e9 USB 3.0 Super Speed rend le transfert de fichiers particuli\u00e8rement performant.<\/div>\n<\/td>\n<\/tr>\n<\/tbody>\n<\/table>\n<p>&nbsp;<\/p>\n<h4>CARACT\u00c9RISTIQUES PRINCIPALES de Scanner Epson WorkForce DS-310 (B11B241401)<\/h4>\n<ul>\n<li>Num\u00e9risation ultra rapide: Vitesse de num\u00e9risation jusqu\u2019\u00e0<strong>\u00a025\u00a0ppm<\/strong><\/li>\n<li>Formats de papier : A4, A5, A6, B5, B6, C4, C5, C6, N\u00b010, letter, letter legal, carte postale, cartes de visite, cartes en plastique<\/li>\n<li>Interface :\u00a0<strong>USB 3.0<\/strong><\/li>\n<li>De nombreux formats de sortie : BMP, JPEG, TIFF, PDF<\/li>\n<li>jusqu&#8217;\u00e0 500 pages par jour<\/li>\n<li>Compatible Windows et Mac<\/li>\n<\/ul>\n<p><a href=\"https:\/\/digistar.ma\/wp-content\/uploads\/2023\/08\/workforce-ds-310-datasheet.pdf\">FICHE TECHNIQUE WorkForce DS-310 ICI\u00a0<\/a><\/p>\n","protected":false},"excerpt":{"rendered":"<p>Scanner \u00e0 d\u00e9filement<br \/>\nRecto-verso automatique<br \/>\nR\u00e9solution optique maximale: 600 DPI (ppp) x 600 DPI (ppp)<br \/>\nVitesse de num\u00e9risation chargeur auto: Monochrome : 25 pages\/min &#8211; Couleur : 25 pages\/min mesur\u00e9 avec format : A4 , r\u00e9solution : 200 \/ 300 dpi,<br \/>\nMonochrome : 50 image\/min &#8211; Couleur : 50 image\/min mesur\u00e9 avec format : A4 , r\u00e9solution : 200 \/ 300 dpi<br \/>\nTaille maximale de num\u00e9risation : 215,9 mm x 1.117,6 mm (scanner \u00e0 plat) &#8211; 215,9 mm x 1.117,6 mm (chargeur auto)<br \/>\nFormats accept\u00e9s: A4 (21.0&#215;29,7 cm), A5 (14,8&#215;21,0 cm), A6 (10,5&#215;14,8 cm), Letter, Cartes en plastique, Cartes de visite, B5, B6, Carte postale, Letter Legal, C4 (Enveloppe), C5 (Enveloppe), C6 (Enveloppe), N\u00b0\u00a010 (enveloppe)<br \/>\nTaux d&#8217;utilisation: 500 pages par jour<br \/>\nConnectivit\u00e9: USB 3.2 Gen 1&#215;1<br \/>\nCapacit\u00e9 du bac d&#8217;alimentation automatique: 20 feuilles<\/p>\n","protected":false},"featured_media":7583,"comment_status":"open","ping_status":"closed","template":"","meta":{"_acf_changed":false,"_monsterinsights_skip_tracking":false,"_monsterinsights_sitenote_active":false,"_monsterinsights_sitenote_note":"","_monsterinsights_sitenote_category":0,"_uf_show_specific_survey":0,"_uf_disable_surveys":false,"_joinchat":[]},"product_brand":[],"product_cat":[15,380,254,295],"product_tag":[],"class_list":{"0":"post-7582","1":"product","2":"type-product","3":"status-publish","4":"has-post-thumbnail","6":"product_cat-imprimante-scanner","7":"product_cat-epson","8":"product_cat-scanner","9":"product_cat-scanner-a-defilement","11":"first","12":"instock","13":"sale","14":"shipping-taxable","15":"purchasable","16":"product-type-simple"},"acf":[],"jetpack_sharing_enabled":true,"_links":{"self":[{"href":"https:\/\/digistar.ma\/index.php?rest_route=\/wp\/v2\/product\/7582","targetHints":{"allow":["GET"]}}],"collection":[{"href":"https:\/\/digistar.ma\/index.php?rest_route=\/wp\/v2\/product"}],"about":[{"href":"https:\/\/digistar.ma\/index.php?rest_route=\/wp\/v2\/types\/product"}],"replies":[{"embeddable":true,"href":"https:\/\/digistar.ma\/index.php?rest_route=%2Fwp%2Fv2%2Fcomments&post=7582"}],"version-history":[{"count":3,"href":"https:\/\/digistar.ma\/index.php?rest_route=\/wp\/v2\/product\/7582\/revisions"}],"predecessor-version":[{"id":7591,"href":"https:\/\/digistar.ma\/index.php?rest_route=\/wp\/v2\/product\/7582\/revisions\/7591"}],"wp:featuredmedia":[{"embeddable":true,"href":"https:\/\/digistar.ma\/index.php?rest_route=\/wp\/v2\/media\/7583"}],"wp:attachment":[{"href":"https:\/\/digistar.ma\/index.php?rest_route=%2Fwp%2Fv2%2Fmedia&parent=7582"}],"wp:term":[{"taxonomy":"product_brand","embeddable":true,"href":"https:\/\/digistar.ma\/index.php?rest_route=%2Fwp%2Fv2%2Fproduct_brand&post=7582"},{"taxonomy":"product_cat","embeddable":true,"href":"https:\/\/digistar.ma\/index.php?rest_route=%2Fwp%2Fv2%2Fproduct_cat&post=7582"},{"taxonomy":"product_tag","embeddable":true,"href":"https:\/\/digistar.ma\/index.php?rest_route=%2Fwp%2Fv2%2Fproduct_tag&post=7582"}],"curies":[{"name":"wp","href":"https:\/\/api.w.org\/{rel}","templated":true}]}}