{"id":7602,"date":"2023-08-06T22:08:35","date_gmt":"2023-08-06T22:08:35","guid":{"rendered":"https:\/\/digistar.ma\/?post_type=product&#038;p=7602"},"modified":"2023-08-06T22:08:35","modified_gmt":"2023-08-06T22:08:35","slug":"hp-123-trois-couleurs-cartouche-dencre-dorigine-f6v16ae","status":"publish","type":"product","link":"https:\/\/digistar.ma\/?product=hp-123-trois-couleurs-cartouche-dencre-dorigine-f6v16ae","title":{"rendered":"HP 123 trois couleurs Cartouche d&#8217;encre d&#8217;origine (F6V16AE)"},"content":{"rendered":"<p><strong>HP 123 trois couleurs Cartouche d&#8217;encre d&#8217;origine (F6V16AE)<\/strong><\/p>\n<p>Imprimez des documents de haute qualit\u00e9 avec les cartouches d&#8217;encre HP authentiques, con\u00e7ues avec l&#8217;imprimante pour une performance excellente et sans soucis.<\/p>\n<div class=\"c-column-module-feature\">\n<h4 class=\"c-column-module-feature__title h4\">Les cartouches d&#8217;encre HP 123 fonctionnent avec\u00a0:<\/h4>\n<div class=\"c-column-module-feature__description h5\">\n<p>HP DeskJet 2130, 2620, 2630, 2632, 3639 &#8230;.<\/p>\n<\/div>\n<\/div>\n<div class=\"c-column-module-feature\">\n<h4 class=\"c-column-module-feature__title h4\">Faites confiance aux cartouches d\u2019encre HP pour obtenir des impressions de qualit\u00e9 professionnelle<\/h4>\n<div class=\"c-column-module-feature__description h5\">\n<p>B\u00e9n\u00e9ficiez de r\u00e9sultats fiables de grande\u00a0<span class=\"m-text-nowrap\">qualit\u00e9\u00a0<\/span><\/p>\n<\/div>\n<\/div>\n<div class=\"c-column-module-feature\">\n<h4 class=\"c-column-module-feature__title h4\">Toners con\u00e7us pour pr\u00e9server l&#8217;environnement<\/h4>\n<div class=\"c-column-module-feature__description h5\">\n<p>Profitez d\u2019une qualit\u00e9 d\u2019impression sup\u00e9rieure avec les cartouches HP authentiques, con\u00e7ues pour des couleurs \u00e9clatantes, des textes nets et des noirs riches et obtenez un impact\u00a0<span class=\"m-text-nowrap\">puissant.\u00a0<\/span><\/p>\n<\/div>\n<\/div>\n<div class=\"c-column-module-feature\">\n<h4 class=\"c-column-module-feature__title h4\">R\u00e9pond aux crit\u00e8res d\u2019\u00e9mission des\u00a0<span class=\"m-text-nowrap\">\u00e9colabels\u00a0<\/span><\/h4>\n<div class=\"c-column-module-feature__description h5\">\n<p>Imprimez en toute confiance : les cartouches HP authentiques con\u00e7ues dans le respect de notre plan\u00e8te, avec un recyclage facile et une diminution des\u00a0<span class=\"m-text-nowrap\">d\u00e9chets.\u00a0<\/span><\/p>\n<\/div>\n<p><strong>HP 123 trois couleurs Cartouche d&#8217;encre d&#8217;origine (F6V16AE) Pour les imprimantes\u00a0<\/strong><\/p>\n<p>HP Deskjet 2130, 2620, 2621, 2622, 2624, 2630, 2632, 2633, 2652, 3630, 3732, 3733, 3735, 3750, 3758 HP Envy 4523, 5010, 5020, 5030, 5032, 5052, 5055 HP Officejet 3835, 4655, 5220, 5230, 5232, 5255, 5258<\/p>\n<p><strong>Sp\u00e9cifications\u00a0<\/strong><\/p>\n<p>Couleur(s): Trois couleurs (Cyan, Magenta, Jaune)<br \/>\nCapacit\u00e9 d&#8217;impression: \u00a0environ 100 pages<br \/>\nVolume fourni par les cartouches: 2\u00a0ml<br \/>\nTechnologie d&#8217;impression: Impression jet d&#8217;encre thermique HP<br \/>\nType d&#8217;encre: Teint\u00e9e<br \/>\nPoids: 37,2 g<\/p>\n<\/div>\n","protected":false},"excerpt":{"rendered":"<p>Couleur(s): Trois couleurs (Cyan, Magenta, Jaune)<br \/>\nCapacit\u00e9 d&#8217;impression: \u00a0environ 100 pages<br \/>\nVolume fourni par les cartouches: 2\u00a0ml<br \/>\nTechnologie d&#8217;impression: Impression jet d&#8217;encre thermique HP<br \/>\nType d&#8217;encre: Teint\u00e9e<br \/>\nPoids: 37,2 g<\/p>\n","protected":false},"featured_media":7607,"comment_status":"open","ping_status":"closed","template":"","meta":{"_acf_changed":false,"_monsterinsights_skip_tracking":false,"_monsterinsights_sitenote_active":false,"_monsterinsights_sitenote_note":"","_monsterinsights_sitenote_category":0,"_uf_show_specific_survey":0,"_uf_disable_surveys":false,"_joinchat":[]},"product_brand":[],"product_cat":[15,247,238],"product_tag":[],"class_list":{"0":"post-7602","1":"product","2":"type-product","3":"status-publish","4":"has-post-thumbnail","6":"product_cat-imprimante-scanner","7":"product_cat-cartouche-dencre","8":"product_cat-consommables","10":"first","11":"instock","12":"sale","13":"shipping-taxable","14":"purchasable","15":"product-type-simple"},"acf":[],"jetpack_sharing_enabled":true,"_links":{"self":[{"href":"https:\/\/digistar.ma\/index.php?rest_route=\/wp\/v2\/product\/7602","targetHints":{"allow":["GET"]}}],"collection":[{"href":"https:\/\/digistar.ma\/index.php?rest_route=\/wp\/v2\/product"}],"about":[{"href":"https:\/\/digistar.ma\/index.php?rest_route=\/wp\/v2\/types\/product"}],"replies":[{"embeddable":true,"href":"https:\/\/digistar.ma\/index.php?rest_route=%2Fwp%2Fv2%2Fcomments&post=7602"}],"version-history":[{"count":1,"href":"https:\/\/digistar.ma\/index.php?rest_route=\/wp\/v2\/product\/7602\/revisions"}],"predecessor-version":[{"id":7608,"href":"https:\/\/digistar.ma\/index.php?rest_route=\/wp\/v2\/product\/7602\/revisions\/7608"}],"wp:featuredmedia":[{"embeddable":true,"href":"https:\/\/digistar.ma\/index.php?rest_route=\/wp\/v2\/media\/7607"}],"wp:attachment":[{"href":"https:\/\/digistar.ma\/index.php?rest_route=%2Fwp%2Fv2%2Fmedia&parent=7602"}],"wp:term":[{"taxonomy":"product_brand","embeddable":true,"href":"https:\/\/digistar.ma\/index.php?rest_route=%2Fwp%2Fv2%2Fproduct_brand&post=7602"},{"taxonomy":"product_cat","embeddable":true,"href":"https:\/\/digistar.ma\/index.php?rest_route=%2Fwp%2Fv2%2Fproduct_cat&post=7602"},{"taxonomy":"product_tag","embeddable":true,"href":"https:\/\/digistar.ma\/index.php?rest_route=%2Fwp%2Fv2%2Fproduct_tag&post=7602"}],"curies":[{"name":"wp","href":"https:\/\/api.w.org\/{rel}","templated":true}]}}