{"id":7614,"date":"2023-08-06T22:36:43","date_gmt":"2023-08-06T22:36:43","guid":{"rendered":"https:\/\/digistar.ma\/?post_type=product&#038;p=7614"},"modified":"2023-08-06T22:36:43","modified_gmt":"2023-08-06T22:36:43","slug":"hp-653-couleur-cartouche-dencre-dorigine-3ym74ae","status":"publish","type":"product","link":"https:\/\/digistar.ma\/?product=hp-653-couleur-cartouche-dencre-dorigine-3ym74ae","title":{"rendered":"HP 653 Couleur Cartouche d&#8217;encre d&#8217;origine (3YM74AE)"},"content":{"rendered":"<p><strong>HP 653 Couleur Cartouche d&#8217;encre d&#8217;origine (3YM74AE)<\/strong><\/p>\n<p>Cartouche originale HP 653 couleur (r\u00e9f\u00e9rence HP 3YM74AE) de <strong>simple contenance<\/strong>\u00a0pour la nouvelle g\u00e9n\u00e9ration d&#8217;imprimantes compactes HP Deskjet 6075. Contenance :\u00a0<strong>4ml d&#8217;encre couleur pigment\u00e9e PIGMENTAIRE HP Vivid<\/strong>, soit environ\u00a0<strong>200 pages<\/strong>.<\/p>\n<p>Cette cartouche HP 653 couleur est un consommable\u00a0<strong>100% authentique<\/strong>, fabriqu\u00e9 et garanti en direct par HP.<\/p>\n<div class=\"c-column-module-feature\">\n<h4 class=\"c-column-module-feature__title h4\">Soyez fier de la qualit\u00e9 de vos impressions<\/h4>\n<div class=\"c-column-module-feature__description h5\">\n<p>Profitez d\u2019une qualit\u00e9 d\u2019impression sup\u00e9rieure avec les cartouches HP authentiques, con\u00e7ues pour des couleurs \u00e9clatantes, des textes nets et des noirs riches et obtenez un impact puissant.<\/p>\n<\/div>\n<\/div>\n<div class=\"c-column-module-feature\">\n<h4 class=\"c-column-module-feature__title h4\">Faites le choix de l\u2019environnement<\/h4>\n<div class=\"c-column-module-feature__description h5\">\n<p>Imprimez en toute confiance : les cartouches HP authentiques con\u00e7ues dans le respect de notre plan\u00e8te, avec un recyclage facile et une diminution des\u00a0<span class=\"m-text-nowrap\">d\u00e9chets.<\/span><\/p>\n<\/div>\n<\/div>\n<h4>Imprimantes compatibles HP 653 Couleur Cartouche d&#8217;encre d&#8217;origine (3YM74AE) :<\/h4>\n<p>Hp Deskjet Plus 6075 , Hp Deskjet Plus 6475 , Hp Deskjet Ink Advantage 1275 , Hp Deskjet Ink Advantage 2300 Series , Hp Deskjet Ink Advantage 2375 , Hp Deskjet Ink Advantage 2376 , Hp Deskjet Ink Advantage 2700 Series , Hp Deskjet Ink Advantage 2775 , Hp Deskjet Plus Ink Advantage 2776<\/p>\n","protected":false},"excerpt":{"rendered":"<p>Couleur(s): Tri-color<br \/>\nCapacit\u00e9 d&#8217;impression: ~200 pages<br \/>\nVolume fourni par les cartouches: 5\u00a0ml<br \/>\nTechnologie d&#8217;impression: Impression jet d&#8217;encre thermique HP<br \/>\nType d&#8217;encre: Teint\u00e9e<br \/>\nPoids: environ 0,04 \u00a0kg<\/p>\n","protected":false},"featured_media":7615,"comment_status":"open","ping_status":"closed","template":"","meta":{"_acf_changed":false,"_monsterinsights_skip_tracking":false,"_monsterinsights_sitenote_active":false,"_monsterinsights_sitenote_note":"","_monsterinsights_sitenote_category":0,"_uf_show_specific_survey":0,"_uf_disable_surveys":false,"_joinchat":[]},"product_brand":[],"product_cat":[15,247,238],"product_tag":[],"class_list":{"0":"post-7614","1":"product","2":"type-product","3":"status-publish","4":"has-post-thumbnail","6":"product_cat-imprimante-scanner","7":"product_cat-cartouche-dencre","8":"product_cat-consommables","10":"first","11":"instock","12":"sale","13":"shipping-taxable","14":"purchasable","15":"product-type-simple"},"acf":[],"jetpack_sharing_enabled":true,"_links":{"self":[{"href":"https:\/\/digistar.ma\/index.php?rest_route=\/wp\/v2\/product\/7614","targetHints":{"allow":["GET"]}}],"collection":[{"href":"https:\/\/digistar.ma\/index.php?rest_route=\/wp\/v2\/product"}],"about":[{"href":"https:\/\/digistar.ma\/index.php?rest_route=\/wp\/v2\/types\/product"}],"replies":[{"embeddable":true,"href":"https:\/\/digistar.ma\/index.php?rest_route=%2Fwp%2Fv2%2Fcomments&post=7614"}],"version-history":[{"count":1,"href":"https:\/\/digistar.ma\/index.php?rest_route=\/wp\/v2\/product\/7614\/revisions"}],"predecessor-version":[{"id":7619,"href":"https:\/\/digistar.ma\/index.php?rest_route=\/wp\/v2\/product\/7614\/revisions\/7619"}],"wp:featuredmedia":[{"embeddable":true,"href":"https:\/\/digistar.ma\/index.php?rest_route=\/wp\/v2\/media\/7615"}],"wp:attachment":[{"href":"https:\/\/digistar.ma\/index.php?rest_route=%2Fwp%2Fv2%2Fmedia&parent=7614"}],"wp:term":[{"taxonomy":"product_brand","embeddable":true,"href":"https:\/\/digistar.ma\/index.php?rest_route=%2Fwp%2Fv2%2Fproduct_brand&post=7614"},{"taxonomy":"product_cat","embeddable":true,"href":"https:\/\/digistar.ma\/index.php?rest_route=%2Fwp%2Fv2%2Fproduct_cat&post=7614"},{"taxonomy":"product_tag","embeddable":true,"href":"https:\/\/digistar.ma\/index.php?rest_route=%2Fwp%2Fv2%2Fproduct_tag&post=7614"}],"curies":[{"name":"wp","href":"https:\/\/api.w.org\/{rel}","templated":true}]}}