{"id":7620,"date":"2023-08-07T14:22:56","date_gmt":"2023-08-07T14:22:56","guid":{"rendered":"https:\/\/digistar.ma\/?post_type=product&#038;p=7620"},"modified":"2023-08-07T14:22:56","modified_gmt":"2023-08-07T14:22:56","slug":"hp-953xl-noir-cartouche-dencre-xl-dorigine-l0s70ae","status":"publish","type":"product","link":"https:\/\/digistar.ma\/?product=hp-953xl-noir-cartouche-dencre-xl-dorigine-l0s70ae","title":{"rendered":"HP 953XL Noir Cartouche d&#8217;encre XL d&#8217;origine (L0S70AE)"},"content":{"rendered":"<p><strong>HP 953XL Noir Cartouche d&#8217;encre XL d&#8217;origine (L0S70AE)<\/strong><\/p>\n<p>HP 953XL noire pigment\u00e9e. Cartouche originale\u00a0<strong>HP L0S70AE<\/strong>\u00a0de grande contenance (42,5ml soit environ 2000 pages \u00e0 un taux de couverture de 5%). Cette cartouche HP 953XL authentique s&#8217;utilise avec les imprimantes HP OfficeJet Pro 8210, 8218, 8715, 8718, 8719, 8720, 8725, 8727, 8730 et 8740. Couleur :\u00a0<strong>noir pigment\u00e9<\/strong>.<\/p>\n<section class=\"ProductDetailsPage_productDetailsBannerWrapper__2VwJ7\">\n<div class=\"ProductDescription_productDescription__2iTwQ\">Imprimez des documents de haute qualit\u00e9 avec les cartouches d&#8217;encre HP authentiques, con\u00e7ues avec l&#8217;imprimante pour une performance excellente et sans soucis.<\/div>\n<\/section>\n<div class=\"KeySellingPointsContainer_container__h7h42\">\n<section class=\"ProductKeySellingPoints_root__2LZ6p KeySellingPointsContainer_keySellingPoints__RHxIr\" data-test-hook=\"@hpstellar\/storefront-ui-product-key-selling-points\">\n<div class=\"ProductKeySellingPoints_kspSection__3Fumw\">\n<h4 class=\"ProductKeySellingPoints_title__EfldW\">R\u00e9sultats fiables et \u00e9tonnants<\/h4>\n<div class=\"ProductKeySellingPoints_description__1LCVX\">Les cartouches d&#8217;encre con\u00e7ues par HP sont sp\u00e9cialement con\u00e7ues pour fonctionner de mani\u00e8re optimale avec votre imprimante ou imprimante tout-en-un HP. Remplacez facilement les cartouches et r\u00e9alisez des travaux d&#8217;impression \u00e0 volume \u00e9lev\u00e9 gr\u00e2ce aux cartouches d&#8217;encre con\u00e7ues par HP. B\u00e9n\u00e9ficiez de performances in\u00e9gal\u00e9es et obtenez des r\u00e9sultats de haute qualit\u00e9 \u00e0 des vitesses \u00e9lev\u00e9es gr\u00e2ce aux encres exclusives HP.<\/div>\n<\/div>\n<div class=\"ProductKeySellingPoints_kspSection__3Fumw\">\n<h4 class=\"ProductKeySellingPoints_title__EfldW\">Qualit\u00e9 professionnelle, id\u00e9ale pour le bureau<\/h4>\n<div class=\"ProductKeySellingPoints_description__1LCVX\">Produisez des textes en noir de qualit\u00e9 professionnelle gr\u00e2ce \u00e0 des encres pigment\u00e9es con\u00e7ues pour le bureau. Imprimez du texte noir pr\u00e9cis sur de nombreux papiers, y compris les papiers ColorLok\u00ae, gr\u00e2ce aux encres con\u00e7ues par HP. Imprimez du texte noir pr\u00e9cis sur de nombreux papiers, y compris les papiers ColorLok\u00ae, gr\u00e2ce aux encres con\u00e7ues par HP.<\/div>\n<\/div>\n<div class=\"ProductKeySellingPoints_kspSection__3Fumw\">\n<h4 class=\"ProductKeySellingPoints_title__EfldW\">B\u00e9n\u00e9ficiez d&#8217;un excellent rapport qualit\u00e9-prix pour am\u00e9liorer votre productivit\u00e9 au bureau<\/h4>\n<div class=\"ProductKeySellingPoints_description__1LCVX\">Imprimez \u00e0 un prix abordable avec les cartouches individuelles. Il vous suffit de remplacer chaque cartouche s\u00e9par\u00e9ment, selon vos besoins. Imprimez 2 fois plus de pages et remplacez les cartouches moins souvent gr\u00e2ce aux toners grande capacit\u00e9 con\u00e7us par HP.[2] Terminez l&#8217;impression de votre page m\u00eame avec un niveau d&#8217;encre bas.<\/div>\n<\/div>\n<div class=\"ProductKeySellingPoints_kspSection__3Fumw\">\n<h4 class=\"ProductKeySellingPoints_title__EfldW\">Con\u00e7ue pour \u00e9conomiser<\/h4>\n<div class=\"ProductKeySellingPoints_description__1LCVX\">Recyclez facilement et gratuitement vos cartouches d\u2019encre con\u00e7ues par HP via le programme HP Planet Partners.[3] Dans le cadre du programme Design for Environment, HP cr\u00e9e des produits \u00e0 haute efficacit\u00e9 \u00e9nerg\u00e9tique et recyclables. Pr\u00e9servez les ressources \u2014 les cartouches d&#8217;encre con\u00e7ues par HP sont fournies dans un emballage rationalis\u00e9.<\/div>\n<\/div>\n<\/section>\n<\/div>\n<p><strong>Imprimantes compatibles HP 953XL Noir Cartouche d&#8217;encre XL d&#8217;origine (L0S70AE) : <\/strong><\/p>\n<p>Hp OfficeJet Pro 7720 , Hp OfficeJet Pro 7730 , Hp OfficeJet Pro 7740 , Hp OfficeJet Pro 8210 , Hp OfficeJet Pro 8218 , Hp OfficeJet Pro 8710 , Hp OfficeJet Pro 8715 , Hp OfficeJet Pro 8716 , Hp OfficeJet Pro 8718 , Hp OfficeJet Pro 8719 , Hp OfficeJet Pro 8720 , Hp OfficeJet Pro 8725 , Hp OfficeJet Pro 8727 , Hp OfficeJet Pro 8730 , Hp OfficeJet Pro 8740<\/p>\n","protected":false},"excerpt":{"rendered":"<p>Couleur(s): Noir<br \/>\nCapacit\u00e9 d&#8217;impression: environ 2000 pages<br \/>\nVolume fourni par les cartouches: 42,5 ml<br \/>\nTechnologie d&#8217;impression: Impression jet d&#8217;encre\u00a0\u00a0thermique HP<br \/>\nType d&#8217;encre: Pigment\u00e9<br \/>\nPoids: environ 0,1 kg<\/p>\n","protected":false},"featured_media":7621,"comment_status":"open","ping_status":"closed","template":"","meta":{"_acf_changed":false,"_monsterinsights_skip_tracking":false,"_monsterinsights_sitenote_active":false,"_monsterinsights_sitenote_note":"","_monsterinsights_sitenote_category":0,"_uf_show_specific_survey":0,"_uf_disable_surveys":false,"_joinchat":[]},"product_brand":[],"product_cat":[15,247,238],"product_tag":[],"class_list":{"0":"post-7620","1":"product","2":"type-product","3":"status-publish","4":"has-post-thumbnail","6":"product_cat-imprimante-scanner","7":"product_cat-cartouche-dencre","8":"product_cat-consommables","10":"first","11":"instock","12":"sale","13":"shipping-taxable","14":"purchasable","15":"product-type-simple"},"acf":[],"jetpack_sharing_enabled":true,"_links":{"self":[{"href":"https:\/\/digistar.ma\/index.php?rest_route=\/wp\/v2\/product\/7620","targetHints":{"allow":["GET"]}}],"collection":[{"href":"https:\/\/digistar.ma\/index.php?rest_route=\/wp\/v2\/product"}],"about":[{"href":"https:\/\/digistar.ma\/index.php?rest_route=\/wp\/v2\/types\/product"}],"replies":[{"embeddable":true,"href":"https:\/\/digistar.ma\/index.php?rest_route=%2Fwp%2Fv2%2Fcomments&post=7620"}],"version-history":[{"count":1,"href":"https:\/\/digistar.ma\/index.php?rest_route=\/wp\/v2\/product\/7620\/revisions"}],"predecessor-version":[{"id":7625,"href":"https:\/\/digistar.ma\/index.php?rest_route=\/wp\/v2\/product\/7620\/revisions\/7625"}],"wp:featuredmedia":[{"embeddable":true,"href":"https:\/\/digistar.ma\/index.php?rest_route=\/wp\/v2\/media\/7621"}],"wp:attachment":[{"href":"https:\/\/digistar.ma\/index.php?rest_route=%2Fwp%2Fv2%2Fmedia&parent=7620"}],"wp:term":[{"taxonomy":"product_brand","embeddable":true,"href":"https:\/\/digistar.ma\/index.php?rest_route=%2Fwp%2Fv2%2Fproduct_brand&post=7620"},{"taxonomy":"product_cat","embeddable":true,"href":"https:\/\/digistar.ma\/index.php?rest_route=%2Fwp%2Fv2%2Fproduct_cat&post=7620"},{"taxonomy":"product_tag","embeddable":true,"href":"https:\/\/digistar.ma\/index.php?rest_route=%2Fwp%2Fv2%2Fproduct_tag&post=7620"}],"curies":[{"name":"wp","href":"https:\/\/api.w.org\/{rel}","templated":true}]}}