{"id":7631,"date":"2023-08-07T15:23:44","date_gmt":"2023-08-07T15:23:44","guid":{"rendered":"https:\/\/digistar.ma\/?post_type=product&#038;p=7631"},"modified":"2023-08-07T15:26:35","modified_gmt":"2023-08-07T15:26:35","slug":"hp-953xl-magenta-cartouche-dencre-xl-dorigine-f6u17ae","status":"publish","type":"product","link":"https:\/\/digistar.ma\/?product=hp-953xl-magenta-cartouche-dencre-xl-dorigine-f6u17ae","title":{"rendered":"HP 953XL Magenta Cartouche d&#8217;encre XL d&#8217;origine (F6U17AE)"},"content":{"rendered":"<p><strong>HP 953XL Magenta Cartouche d&#8217;encre XL d&#8217;origine (F6U17AE)<\/strong><\/p>\n<p>HP 953XL magenta. Cartouche originale\u00a0<strong>HP F6U17AE<\/strong>\u00a0de grande contenance (20ml soit environ 1600 pages \u00e0 un taux de couverture de 5%). Cette cartouche HP 953XL authentique s&#8217;utilise avec les imprimantes HP OfficeJet Pro 8210, 8218, 8715, 8718, 8719, 8720, 8725, 8727, 8730 et 8740. Couleur :\u00a0<strong>magenta<\/strong>.<\/p>\n<div class=\"ProductKeySellingPoints_kspSection__3Fumw\">\n<h4 class=\"ProductKeySellingPoints_title__EfldW\">R\u00e9sultats fiables et \u00e9tonnants<\/h4>\n<div class=\"ProductKeySellingPoints_description__1LCVX\">Les cartouches d\u2019encre con\u00e7ues par HP sont sp\u00e9cialement con\u00e7ues pour fonctionner de mani\u00e8re optimale avec votre imprimante ou imprimante tout-en-un HP. Remplacez facilement les cartouches et r\u00e9alisez des travaux d\u2019impression \u00e0 volume \u00e9lev\u00e9 gr\u00e2ce aux cartouches d\u2019encre con\u00e7ues par HP. B\u00e9n\u00e9ficiez de performances in\u00e9gal\u00e9es et obtenez des r\u00e9sultats de haute qualit\u00e9 \u00e0 des vitesses \u00e9lev\u00e9es gr\u00e2ce aux encres exclusives HP.<\/div>\n<\/div>\n<div class=\"ProductKeySellingPoints_kspSection__3Fumw\">\n<h4 class=\"ProductKeySellingPoints_title__EfldW\">Qualit\u00e9 professionnelle, id\u00e9ale pour le bureau<\/h4>\n<div class=\"ProductKeySellingPoints_description__1LCVX\">Imprimez des documents de qualit\u00e9 professionnelle avec des couleurs \u00e9clatantes gr\u00e2ce aux encres pigment\u00e9es con\u00e7ues pour le bureau. Imprimez des couleurs \u00e9clatantes et des textes nets sur de nombreux papiers, y compris les papiers ColorLok\u00ae, gr\u00e2ce aux encres con\u00e7ues par HP. Imprimez des couleurs \u00e9clatantes et des textes nets sur de nombreux papiers, y compris les papiers ColorLok\u00ae, gr\u00e2ce aux encres con\u00e7ues par HP.<\/div>\n<\/div>\n<div class=\"ProductKeySellingPoints_kspSection__3Fumw\">\n<h4 class=\"ProductKeySellingPoints_title__EfldW\">B\u00e9n\u00e9ficiez d\u2019un excellent rapport qualit\u00e9-prix pour am\u00e9liorer votre productivit\u00e9 au bureau<\/h4>\n<div class=\"ProductKeySellingPoints_description__1LCVX\">Imprimez \u00e0 un prix abordable avec les cartouches individuelles. Il vous suffit de remplacer chaque cartouche s\u00e9par\u00e9ment, selon vos besoins. Choisissez entre les cartouches d\u2019encre HP standard ou les cartouches optionnelles grande capacit\u00e9 en fonction de vos volumes d\u2019impression[1]. Terminez l\u2019impression de votre page m\u00eame avec un niveau d\u2019encre bas.<\/div>\n<\/div>\n<div class=\"ProductKeySellingPoints_kspSection__3Fumw\">\n<h4 class=\"ProductKeySellingPoints_title__EfldW\">Con\u00e7ue pour \u00e9conomiser<\/h4>\n<div class=\"ProductKeySellingPoints_description__1LCVX\">Recyclez facilement et gratuitement vos cartouches d\u2019encre con\u00e7ues par HP via le programme HP Planet Partners.[3] Dans le cadre du programme Design for Environment, HP cr\u00e9e des produits \u00e0 haute efficacit\u00e9 \u00e9nerg\u00e9tique et recyclables. Pr\u00e9servez les ressources \u2014 les cartouches d\u2019encre con\u00e7ues par HP sont fournies dans un emballage rationalis\u00e9.<\/div>\n<div>\n<p><strong>Imprimantes compatibles HP 953XL Magenta Cartouche d&#8217;encre XL d&#8217;origine (F6U17AE) :<\/strong><\/p>\n<p>Hp OfficeJet Pro 7720 , Hp OfficeJet Pro 7730 , Hp OfficeJet Pro 7740 , Hp OfficeJet Pro 8210 , Hp OfficeJet Pro 8218 , Hp OfficeJet Pro 8710 , Hp OfficeJet Pro 8715 , Hp OfficeJet Pro 8716 , Hp OfficeJet Pro 8718 , Hp OfficeJet Pro 8719 , Hp OfficeJet Pro 8720 , Hp OfficeJet Pro 8725 , Hp OfficeJet Pro 8727 , Hp OfficeJet Pro 8730 , Hp OfficeJet Pro 8740<\/p>\n<\/div>\n<\/div>\n","protected":false},"excerpt":{"rendered":"<p>Couleur(s): Magenta<br \/>\nCapacit\u00e9 d&#8217;impression: environ \u00a01600 pages<br \/>\nVolume fourni par les cartouches: 20 ml<\/p>\n","protected":false},"featured_media":7632,"comment_status":"open","ping_status":"closed","template":"","meta":{"_acf_changed":false,"_monsterinsights_skip_tracking":false,"_monsterinsights_sitenote_active":false,"_monsterinsights_sitenote_note":"","_monsterinsights_sitenote_category":0,"_uf_show_specific_survey":0,"_uf_disable_surveys":false,"_joinchat":[]},"product_brand":[],"product_cat":[15,247,238],"product_tag":[],"class_list":{"0":"post-7631","1":"product","2":"type-product","3":"status-publish","4":"has-post-thumbnail","6":"product_cat-imprimante-scanner","7":"product_cat-cartouche-dencre","8":"product_cat-consommables","10":"first","11":"instock","12":"sale","13":"shipping-taxable","14":"purchasable","15":"product-type-simple"},"acf":[],"jetpack_sharing_enabled":true,"_links":{"self":[{"href":"https:\/\/digistar.ma\/index.php?rest_route=\/wp\/v2\/product\/7631","targetHints":{"allow":["GET"]}}],"collection":[{"href":"https:\/\/digistar.ma\/index.php?rest_route=\/wp\/v2\/product"}],"about":[{"href":"https:\/\/digistar.ma\/index.php?rest_route=\/wp\/v2\/types\/product"}],"replies":[{"embeddable":true,"href":"https:\/\/digistar.ma\/index.php?rest_route=%2Fwp%2Fv2%2Fcomments&post=7631"}],"version-history":[{"count":1,"href":"https:\/\/digistar.ma\/index.php?rest_route=\/wp\/v2\/product\/7631\/revisions"}],"predecessor-version":[{"id":7635,"href":"https:\/\/digistar.ma\/index.php?rest_route=\/wp\/v2\/product\/7631\/revisions\/7635"}],"wp:featuredmedia":[{"embeddable":true,"href":"https:\/\/digistar.ma\/index.php?rest_route=\/wp\/v2\/media\/7632"}],"wp:attachment":[{"href":"https:\/\/digistar.ma\/index.php?rest_route=%2Fwp%2Fv2%2Fmedia&parent=7631"}],"wp:term":[{"taxonomy":"product_brand","embeddable":true,"href":"https:\/\/digistar.ma\/index.php?rest_route=%2Fwp%2Fv2%2Fproduct_brand&post=7631"},{"taxonomy":"product_cat","embeddable":true,"href":"https:\/\/digistar.ma\/index.php?rest_route=%2Fwp%2Fv2%2Fproduct_cat&post=7631"},{"taxonomy":"product_tag","embeddable":true,"href":"https:\/\/digistar.ma\/index.php?rest_route=%2Fwp%2Fv2%2Fproduct_tag&post=7631"}],"curies":[{"name":"wp","href":"https:\/\/api.w.org\/{rel}","templated":true}]}}