{"id":7643,"date":"2023-08-07T16:04:48","date_gmt":"2023-08-07T16:04:48","guid":{"rendered":"https:\/\/digistar.ma\/?post_type=product&#038;p=7643"},"modified":"2025-10-18T08:35:33","modified_gmt":"2025-10-18T08:35:33","slug":"hp-305-noir-cartouche-dencre-dorigine-3ym61ae","status":"publish","type":"product","link":"https:\/\/digistar.ma\/?product=hp-305-noir-cartouche-dencre-dorigine-3ym61ae","title":{"rendered":"HP 305 Noir Cartouche d&#8217;encre d&#8217;origine (3YM61AE)"},"content":{"rendered":"<p><strong>HP 305 Noir Cartouche d&#8217;encre d&#8217;origine (3YM61AE)<\/strong><\/p>\n<p>Cartouche originale HP 305 noire (r\u00e9f\u00e9rence HP 3YM61AE) de\u00a0<strong>simple contenance<\/strong>\u00a0pour la nouvelle g\u00e9n\u00e9ration d&#8217;imprimantes compactes HP ENVY 6010, DESKJET 2710, DESKJET PLUS 4110. Contenance :\u00a0<strong>2ml d&#8217;encre noire pigment\u00e9e PIGMENTAIRE HP Vivid<\/strong>, soit environ\u00a0<strong>120 pages<\/strong>.<\/p>\n<p>Cette cartouche HP 305 noire est un consommable\u00a0<strong>100% authentique<\/strong>, fabriqu\u00e9 et garanti en direct par HP.<\/p>\n<section class=\"ProductDetailsPage_productDetailsBannerWrapper__2VwJ7\">\n<div class=\"ProductDescription_productDescription__2iTwQ\">Imprimez des documents de haute qualit\u00e9 avec les cartouches d&#8217;encre HP authentiques, con\u00e7ues avec l&#8217;imprimante pour une performance excellente et sans soucis.<\/div>\n<\/section>\n<div class=\"KeySellingPointsContainer_container__h7h42\">\n<section class=\"ProductKeySellingPoints_root__2LZ6p KeySellingPointsContainer_keySellingPoints__RHxIr\" data-test-hook=\"@hpstellar\/storefront-ui-product-key-selling-points\">\n<div class=\"ProductKeySellingPoints_kspSection__3Fumw\">\n<h4 class=\"ProductKeySellingPoints_title__EfldW\">Les cartouches d&#8217;encre HP offrent qualit\u00e9 et fiabilit\u00e9<\/h4>\n<div class=\"ProductKeySellingPoints_description__1LCVX\">Faites bonne impression avec les cartouches d&#8217;encre HP authentiques con\u00e7ues pour offrir du texte net et clair.<\/div>\n<\/div>\n<div class=\"ProductKeySellingPoints_kspSection__3Fumw\">\n<h4 class=\"ProductKeySellingPoints_title__EfldW\">Con\u00e7u pour offrir des performances<\/h4>\n<div class=\"ProductKeySellingPoints_description__1LCVX\">Choisissez les cartouches HP authentiques sp\u00e9cialement con\u00e7ues pour votre imprimante HP.<\/div>\n<\/div>\n<div class=\"ProductKeySellingPoints_kspSection__3Fumw\">\n<h4 class=\"ProductKeySellingPoints_title__EfldW\">L&#8217;impression simplifi\u00e9e<\/h4>\n<div class=\"ProductKeySellingPoints_description__1LCVX\">\u00c9conomisez jusqu&#8217;\u00e0 70 %[2,3] sur l&#8217;encre HP authentique, command\u00e9e par votre imprimante et livr\u00e9e \u00e0 votre porte.[<\/div>\n<\/div>\n<\/section>\n<\/div>\n<h4><strong>Imprimantes compatibles HP 305 Noir Cartouche d&#8217;encre d&#8217;origine (3YM61AE) : <\/strong><\/h4>\n<p>Hp Deskjet 2320 , Hp Deskjet 2700 , Hp Deskjet 2700e , Hp Deskjet 2710 , Hp Deskjet 2710e , Hp Deskjet 2720 , Hp Deskjet 2720e , Hp Deskjet 2721 , Hp Deskjet 2721e , Hp Deskjet 2722 , Hp Deskjet 2722e , Hp Deskjet 2723 , Hp Deskjet 2723e , Hp Deskjet 2724 , Hp Deskjet 2732 , Hp Deskjet 2752 , Hp Deskjet 2755 , Hp Deskjet 2755e ,<\/p>\n<p>Hp Deskjet Plus 4100 Series , Hp Deskjet Plus 4100e , Hp Deskjet 4100e , Hp Deskjet Plus 4110 , Hp Deskjet 4110e , Hp Deskjet Plus 4120 , Hp Deskjet 4120e , Hp Deskjet Plus 4121 , Hp Deskjet Plus 4122 , Hp Deskjet Plus 4122e , Hp Deskjet Plus 4130 , Hp Deskjet 4130e , Hp Deskjet Plus 4132 , Hp Deskjet Plus 4140 , Hp Deskjet Plus 4152 ,<\/p>\n<p>Hp Deskjet Plus 4155 , Hp Deskjet 4155 , Hp Deskjet Plus 4158 , Hp Envy 6000 Series , Hp Envy 6010 , Hp Envy 6010e , Hp Envy 6012 , Hp Envy 6015 , Hp Envy 6020 , Hp Envy 6022 , Hp Envy 6030 , Hp Envy 6032 , Hp Envy 6032e , Hp Envy 6052 , Hp Envy 6055 , Hp Envy 6400e , Hp Envy 6420 , Hp Envy 8717 , Hp Envy Pro 6400 Series ,<\/p>\n<p>Hp Envy Pro 6420 , Hp Envy Pro 6422 , Hp Envy Pro 6430 , Hp Envy Pro 6432 , Hp Envy Pro 6452 , Hp Envy Pro 6454 , Hp Envy Pro 6455 , Hp Envy Pro 6458 , Hp Envy Pro 6475<\/p>\n<p>&nbsp;<\/p>\n<p>&nbsp;<\/p>\n<p>&nbsp;<\/p>\n","protected":false},"excerpt":{"rendered":"<p>Couleur(s): Noir<br \/>\nCapacit\u00e9 d&#8217;impression: environ 120 pages<br \/>\nVolume fourni par les cartouches: 2\u00a0ml<br \/>\nTechnologie d&#8217;impression: Impression jet d&#8217;encre thermique HP<br \/>\nType \u00a0d&#8217;encre: Pigmentaire HP Vivid<br \/>\nPoids: environ 0,03 kg<\/p>\n","protected":false},"featured_media":7645,"comment_status":"open","ping_status":"closed","template":"","meta":{"_acf_changed":false,"_monsterinsights_skip_tracking":false,"_monsterinsights_sitenote_active":false,"_monsterinsights_sitenote_note":"","_monsterinsights_sitenote_category":0,"_uf_show_specific_survey":0,"_uf_disable_surveys":false,"_joinchat":[]},"product_brand":[],"product_cat":[15,247,238],"product_tag":[],"class_list":{"0":"post-7643","1":"product","2":"type-product","3":"status-publish","4":"has-post-thumbnail","6":"product_cat-imprimante-scanner","7":"product_cat-cartouche-dencre","8":"product_cat-consommables","10":"first","11":"instock","12":"sale","13":"shipping-taxable","14":"purchasable","15":"product-type-simple"},"acf":[],"jetpack_sharing_enabled":true,"_links":{"self":[{"href":"https:\/\/digistar.ma\/index.php?rest_route=\/wp\/v2\/product\/7643","targetHints":{"allow":["GET"]}}],"collection":[{"href":"https:\/\/digistar.ma\/index.php?rest_route=\/wp\/v2\/product"}],"about":[{"href":"https:\/\/digistar.ma\/index.php?rest_route=\/wp\/v2\/types\/product"}],"replies":[{"embeddable":true,"href":"https:\/\/digistar.ma\/index.php?rest_route=%2Fwp%2Fv2%2Fcomments&post=7643"}],"version-history":[{"count":1,"href":"https:\/\/digistar.ma\/index.php?rest_route=\/wp\/v2\/product\/7643\/revisions"}],"predecessor-version":[{"id":7648,"href":"https:\/\/digistar.ma\/index.php?rest_route=\/wp\/v2\/product\/7643\/revisions\/7648"}],"wp:featuredmedia":[{"embeddable":true,"href":"https:\/\/digistar.ma\/index.php?rest_route=\/wp\/v2\/media\/7645"}],"wp:attachment":[{"href":"https:\/\/digistar.ma\/index.php?rest_route=%2Fwp%2Fv2%2Fmedia&parent=7643"}],"wp:term":[{"taxonomy":"product_brand","embeddable":true,"href":"https:\/\/digistar.ma\/index.php?rest_route=%2Fwp%2Fv2%2Fproduct_brand&post=7643"},{"taxonomy":"product_cat","embeddable":true,"href":"https:\/\/digistar.ma\/index.php?rest_route=%2Fwp%2Fv2%2Fproduct_cat&post=7643"},{"taxonomy":"product_tag","embeddable":true,"href":"https:\/\/digistar.ma\/index.php?rest_route=%2Fwp%2Fv2%2Fproduct_tag&post=7643"}],"curies":[{"name":"wp","href":"https:\/\/api.w.org\/{rel}","templated":true}]}}