{"id":7672,"date":"2023-08-07T21:40:15","date_gmt":"2023-08-07T21:40:15","guid":{"rendered":"https:\/\/digistar.ma\/?post_type=product&#038;p=7672"},"modified":"2023-08-07T21:40:15","modified_gmt":"2023-08-07T21:40:15","slug":"canon-cl-446-couleur-cartouche-dencre-dorigine-8285b001aa","status":"publish","type":"product","link":"https:\/\/digistar.ma\/?product=canon-cl-446-couleur-cartouche-dencre-dorigine-8285b001aa","title":{"rendered":"Canon CL-446 Couleur Cartouche d&#8217;encre d&#8217;origine (8285B001AA)"},"content":{"rendered":"<p><strong>Canon CL-446 Couleur Cartouche d&#8217;encre d&#8217;origine (8285B001AA)<\/strong><\/p>\n<p>Am\u00e9liorez vos impressions avec la cartouche d&#8217;encre Canon CL-446 Couleur. Les encres Canon d&#8217;origine garantissent des r\u00e9sultats exceptionnels et des performances optimales pour votre imprimante Canon.<\/p>\n<p>Profitez de couleurs fid\u00e8les et \u00e9clatantes, des tons de peau naturels et des d\u00e9tails pr\u00e9cis gr\u00e2ce \u00e0 l&#8217;encre d&#8217;origine Canon. Les photos imprim\u00e9es restent durables et r\u00e9sistent \u00e0 la d\u00e9coloration gr\u00e2ce \u00e0 la combinaison parfaite des encres et des papiers photo Canon.<\/p>\n<p>Prot\u00e9gez \u00a0votre imprimante en utilisant des encres sp\u00e9cialement con\u00e7ues pour la technologie FINE de Canon. La cartouche a une capacit\u00e9 de 8 ml. Offrez-vous des impressions de qualit\u00e9 sup\u00e9rieure avec la cartouche Canon CL-446 Couleur.<\/p>\n<p class=\"desc\">La cartouche Canon CL-446 est le gage d\u2019une qualit\u00e9 d\u2019impression optimale quelle que soit l\u2019utilisation de votre imprimante : texte, photo ou document. Elle contient des encres de couleur cyan, magenta et jaune pour vous permettre d\u2019imprimer des documents et photos couleurs.<\/p>\n<div class=\"product attribute overview\">\n<div class=\"value\">Couleur : Tri color Capacit\u00e9 : 180 pages Imprimantes compatibles : Canon MG2440, Canon MG2540 et Canon iP2840, PIXMA MG2440, MG2450, MG2540, MG2550, TS3140, TS3340, TS3440 \u2026<\/div>\n<\/div>\n<div>\n<h5>LE GAGE D\u2019UNE QUALIT\u00c9 D\u2019IMPRESSION OPTIMALE<\/h5>\n<\/div>\n<div>La cartouche\u00a0<strong>Canon CL-446<\/strong>\u00a0est le gage d\u2019une qualit\u00e9 d\u2019impression optimale quelle que soit l\u2019utilisation de votre imprimante : texte, photo ou document. Elle contient des encres de couleur cyan, magenta et jaune pour vous permettre d\u2019imprimer des documents et photos couleurs<\/div>\n","protected":false},"excerpt":{"rendered":"<p>Am\u00e9liorez vos impressions avec la cartouche d&#8217;encre Canon CL-446 Couleur. Les encres Canon d&#8217;origine garantissent des r\u00e9sultats exceptionnels et des performances optimales pour votre imprimante Canon.<\/p>\n<p>Profitez de couleurs fid\u00e8les et \u00e9clatantes, des tons de peau naturels et des d\u00e9tails pr\u00e9cis gr\u00e2ce \u00e0 l&#8217;encre d&#8217;origine Canon. Les photos imprim\u00e9es restent durables et r\u00e9sistent \u00e0 la d\u00e9coloration gr\u00e2ce \u00e0 la combinaison parfaite des encres et des papiers photo Canon.<\/p>\n<p>Prot\u00e9gez \u00a0votre imprimante en utilisant des encres sp\u00e9cialement con\u00e7ues pour la technologie FINE de Canon. La cartouche a une capacit\u00e9 de 8 ml. Offrez-vous des impressions de qualit\u00e9 sup\u00e9rieure avec la cartouche Canon CL-446 Couleur.<\/p>\n","protected":false},"featured_media":7673,"comment_status":"open","ping_status":"closed","template":"","meta":{"_acf_changed":false,"_monsterinsights_skip_tracking":false,"_monsterinsights_sitenote_active":false,"_monsterinsights_sitenote_note":"","_monsterinsights_sitenote_category":0,"_uf_show_specific_survey":0,"_uf_disable_surveys":false,"_joinchat":[]},"product_brand":[],"product_cat":[15,247,238],"product_tag":[],"class_list":{"0":"post-7672","1":"product","2":"type-product","3":"status-publish","4":"has-post-thumbnail","6":"product_cat-imprimante-scanner","7":"product_cat-cartouche-dencre","8":"product_cat-consommables","10":"first","11":"instock","12":"sale","13":"shipping-taxable","14":"purchasable","15":"product-type-simple"},"acf":[],"jetpack_sharing_enabled":true,"_links":{"self":[{"href":"https:\/\/digistar.ma\/index.php?rest_route=\/wp\/v2\/product\/7672","targetHints":{"allow":["GET"]}}],"collection":[{"href":"https:\/\/digistar.ma\/index.php?rest_route=\/wp\/v2\/product"}],"about":[{"href":"https:\/\/digistar.ma\/index.php?rest_route=\/wp\/v2\/types\/product"}],"replies":[{"embeddable":true,"href":"https:\/\/digistar.ma\/index.php?rest_route=%2Fwp%2Fv2%2Fcomments&post=7672"}],"version-history":[{"count":1,"href":"https:\/\/digistar.ma\/index.php?rest_route=\/wp\/v2\/product\/7672\/revisions"}],"predecessor-version":[{"id":7677,"href":"https:\/\/digistar.ma\/index.php?rest_route=\/wp\/v2\/product\/7672\/revisions\/7677"}],"wp:featuredmedia":[{"embeddable":true,"href":"https:\/\/digistar.ma\/index.php?rest_route=\/wp\/v2\/media\/7673"}],"wp:attachment":[{"href":"https:\/\/digistar.ma\/index.php?rest_route=%2Fwp%2Fv2%2Fmedia&parent=7672"}],"wp:term":[{"taxonomy":"product_brand","embeddable":true,"href":"https:\/\/digistar.ma\/index.php?rest_route=%2Fwp%2Fv2%2Fproduct_brand&post=7672"},{"taxonomy":"product_cat","embeddable":true,"href":"https:\/\/digistar.ma\/index.php?rest_route=%2Fwp%2Fv2%2Fproduct_cat&post=7672"},{"taxonomy":"product_tag","embeddable":true,"href":"https:\/\/digistar.ma\/index.php?rest_route=%2Fwp%2Fv2%2Fproduct_tag&post=7672"}],"curies":[{"name":"wp","href":"https:\/\/api.w.org\/{rel}","templated":true}]}}