{"id":7691,"date":"2023-08-07T22:26:36","date_gmt":"2023-08-07T22:26:36","guid":{"rendered":"https:\/\/digistar.ma\/?post_type=product&#038;p=7691"},"modified":"2023-08-07T22:26:36","modified_gmt":"2023-08-07T22:26:36","slug":"hp-953-magenta-cartouche-dencre-dorigine-f6u13ae","status":"publish","type":"product","link":"https:\/\/digistar.ma\/?product=hp-953-magenta-cartouche-dencre-dorigine-f6u13ae","title":{"rendered":"HP 953 Magenta Cartouche d&#8217;encre d&#8217;origine (F6U13AE)"},"content":{"rendered":"<p><strong>HP 953 Magenta Cartouche d&#8217;encre d&#8217;origine (F6U13AE)<\/strong><\/p>\n<p>HP 953 magenta. Cartouche originale\u00a0<strong>HP F6U13AE<\/strong>\u00a0de simple contenance (10ml soit environ 700 pages \u00e0 un taux de couverture de 5%). Cette cartouche HP 953 authentique s&#8217;utilise avec les imprimantes HP OfficeJet Pro 8210, 8218, 8715, 8718, 8719, 8720, 8725, 8727, 8730 et 8740. Couleur :\u00a0<strong>magenta<\/strong>.<\/p>\n<h4>POUR DES R\u00c9SULTATS FIABLES DE GRANDE QUALIT\u00c9 \u00c0 DES VITESSES \u00c9LEV\u00c9ES, PAGE APR\u00c8S PAGE<\/h4>\n<p>Obtenez des r\u00e9sultats fiables de grande qualit\u00e9 \u00e0 des vitesses \u00e9lev\u00e9es, page apr\u00e8s page. Comme les cartouches d&#8217;encre con\u00e7ues par HP garantissent une fiabilit\u00e9 impressionnante et des r\u00e9sultats exceptionnels, vous obtenez les performances pour lesquelles votre imprimante ou imprimante tout-en-un HP a \u00e9t\u00e9 con\u00e7ue. Les cartouches d&#8217;encre con\u00e7ues par HP sont sp\u00e9cialement con\u00e7ues pour fonctionner de mani\u00e8re optimale avec votre imprimante ou imprimante tout-en-un HP.<\/p>\n<h4>Imprimantes compatibles :<\/h4>\n<p>Hp OfficeJet Pro 7720 , Hp OfficeJet Pro 7730 , Hp OfficeJet Pro 7740 , Hp OfficeJet Pro 8210 , Hp OfficeJet Pro 8218 , Hp OfficeJet Pro 8710 , Hp OfficeJet Pro 8715 , Hp OfficeJet Pro 8716 , Hp OfficeJet Pro 8718 ,<\/p>\n<p>Hp OfficeJet Pro 8719 , Hp OfficeJet Pro 8720 , Hp OfficeJet Pro 8725 , Hp OfficeJet Pro 8727 , Hp OfficeJet Pro 8730 , Hp OfficeJet Pro 8740<\/p>\n<p><strong>Caract\u00e9ristiques de HP 953 Magenta Cartouche d&#8217;encre d&#8217;origine (F6U13AE)<br \/>\n<\/strong><\/p>\n<ul>\n<li>Cartouche d&#8217;encre cyan<\/li>\n<li>Type d&#8217;encre : pygment\u00e9<\/li>\n<li>Goutte d&#8217;encre : 7\u00a0pl<\/li>\n<li>Dur\u00e9e de vie : environ 630 pages \u00e0 5%<\/li>\n<\/ul>\n","protected":false},"excerpt":{"rendered":"<p>Couleur(s): Magenta<br \/>\nCapacit\u00e9 d&#8217;impression: environ 700 pages<br \/>\nVolume fourni par les\u00a0cartouches: 10 ml<br \/>\nTechnologie d&#8217;impression: Impression jet d&#8217;encre thermique HP<br \/>\nType d&#8217;encre: Pigment\u00e9<br \/>\nPoids: environ 0,04 kg<\/p>\n","protected":false},"featured_media":7692,"comment_status":"open","ping_status":"closed","template":"","meta":{"_acf_changed":false,"_monsterinsights_skip_tracking":false,"_monsterinsights_sitenote_active":false,"_monsterinsights_sitenote_note":"","_monsterinsights_sitenote_category":0,"_uf_show_specific_survey":0,"_uf_disable_surveys":false,"_joinchat":[]},"product_brand":[],"product_cat":[15,247,238],"product_tag":[],"class_list":{"0":"post-7691","1":"product","2":"type-product","3":"status-publish","4":"has-post-thumbnail","6":"product_cat-imprimante-scanner","7":"product_cat-cartouche-dencre","8":"product_cat-consommables","10":"first","11":"instock","12":"sale","13":"shipping-taxable","14":"purchasable","15":"product-type-simple"},"acf":[],"jetpack_sharing_enabled":true,"_links":{"self":[{"href":"https:\/\/digistar.ma\/index.php?rest_route=\/wp\/v2\/product\/7691","targetHints":{"allow":["GET"]}}],"collection":[{"href":"https:\/\/digistar.ma\/index.php?rest_route=\/wp\/v2\/product"}],"about":[{"href":"https:\/\/digistar.ma\/index.php?rest_route=\/wp\/v2\/types\/product"}],"replies":[{"embeddable":true,"href":"https:\/\/digistar.ma\/index.php?rest_route=%2Fwp%2Fv2%2Fcomments&post=7691"}],"version-history":[{"count":1,"href":"https:\/\/digistar.ma\/index.php?rest_route=\/wp\/v2\/product\/7691\/revisions"}],"predecessor-version":[{"id":7698,"href":"https:\/\/digistar.ma\/index.php?rest_route=\/wp\/v2\/product\/7691\/revisions\/7698"}],"wp:featuredmedia":[{"embeddable":true,"href":"https:\/\/digistar.ma\/index.php?rest_route=\/wp\/v2\/media\/7692"}],"wp:attachment":[{"href":"https:\/\/digistar.ma\/index.php?rest_route=%2Fwp%2Fv2%2Fmedia&parent=7691"}],"wp:term":[{"taxonomy":"product_brand","embeddable":true,"href":"https:\/\/digistar.ma\/index.php?rest_route=%2Fwp%2Fv2%2Fproduct_brand&post=7691"},{"taxonomy":"product_cat","embeddable":true,"href":"https:\/\/digistar.ma\/index.php?rest_route=%2Fwp%2Fv2%2Fproduct_cat&post=7691"},{"taxonomy":"product_tag","embeddable":true,"href":"https:\/\/digistar.ma\/index.php?rest_route=%2Fwp%2Fv2%2Fproduct_tag&post=7691"}],"curies":[{"name":"wp","href":"https:\/\/api.w.org\/{rel}","templated":true}]}}