{"id":7705,"date":"2023-08-07T22:47:58","date_gmt":"2023-08-07T22:47:58","guid":{"rendered":"https:\/\/digistar.ma\/?post_type=product&#038;p=7705"},"modified":"2023-08-07T22:51:29","modified_gmt":"2023-08-07T22:51:29","slug":"hp-305xl-noir-cartouche-dencre-xl-dorigine-3ym62ae","status":"publish","type":"product","link":"https:\/\/digistar.ma\/?product=hp-305xl-noir-cartouche-dencre-xl-dorigine-3ym62ae","title":{"rendered":"HP 305XL Noir Cartouche d&#8217;encre XL d&#8217;origine (3YM62AE)"},"content":{"rendered":"<p><strong>HP 305XL Noir Cartouche d&#8217;encre XL d&#8217;origine (3YM62AE)<\/strong><\/p>\n<p>Cartouche originale HP 305XL noire de grande capacit\u00e9 (r\u00e9f\u00e9rence HP 3YM62AE) de\u00a0<strong>simple contenance<\/strong>\u00a0pour la nouvelle g\u00e9n\u00e9ration d&#8217;imprimantes compactes HP ENVY 6010, DESKJET 2710, DESKJET PLUS 4110. Contenance :\u00a0<strong>4ml d&#8217;encre noire pigment\u00e9e PIGMENTAIRE HP Vivid<\/strong>, soit environ\u00a0<strong>240 pages<\/strong>.<\/p>\n<p>Cette cartouche HP 305XL noire est un consommable\u00a0<strong>100% authentique<\/strong>, fabriqu\u00e9 et garanti en direct par HP.<\/p>\n<h4>IMPRIMEZ EN TOUTE CONFIANCE DES DOCUMENTS DURABLES ET DE QUALIT\u00c9<\/h4>\n<p>Les cartouches d&#8217;encre HP authentiques vous permettent d&#8217;imprimer en toute confiance des documents durables et de qualit\u00e9 laser, page apr\u00e8s page. Obtenez la valeur ajout\u00e9e que vous attendez de cartouches sp\u00e9cialement con\u00e7ues pour fonctionner avec votre imprimante HP pour des projets \u00e0 domicile, au bureau et \u00e0 l&#8217;\u00e9cole.<\/p>\n<h4>Imprimantes compatibles HP 305XL Noir Cartouche d&#8217;encre XL d&#8217;origine (3YM62AE)<\/h4>\n<p>Hp Deskjet 2320 , Hp Deskjet 2700 , Hp Deskjet 2700e , Hp Deskjet 2710 , Hp Deskjet 2710e , Hp Deskjet 2720 , Hp Deskjet 2720e , Hp Deskjet 2721 , Hp Deskjet 2721e , Hp Deskjet 2722 , Hp Deskjet 2722e , Hp Deskjet 2723 , Hp Deskjet 2723e , Hp Deskjet 2724 , Hp Deskjet 2732 , Hp Deskjet 2752 , Hp Deskjet 2755 ,<\/p>\n<p>Hp Deskjet 2755e , Hp Deskjet Plus 4100 Series , Hp Deskjet Plus 4100e , Hp Deskjet 4100e , Hp Deskjet Plus 4110 , Hp Deskjet 4110e , Hp Deskjet Plus 4120 , Hp Deskjet 4120e ,<\/p>\n<p>Hp Deskjet Plus 4121 , Hp Deskjet Plus 4122 , Hp Deskjet Plus 4122e , Hp Deskjet Plus 4130 , Hp Deskjet 4130e , Hp Deskjet Plus 4132 , Hp Deskjet Plus 4140 ,<\/p>\n<p>Hp Deskjet Plus 4152 , Hp Deskjet Plus 4155 , Hp Deskjet 4155 , Hp Deskjet Plus 4158 , Hp Envy 6000 Series , Hp Envy 6010 , Hp Envy 6010e , Hp Envy 6012 , Hp Envy 6015 ,<\/p>\n<p>Hp Envy 6020 , Hp Envy 6022 , Hp Envy 6030 , Hp Envy 6032 , Hp Envy 6032e , Hp Envy 6052 , Hp Envy 6055 , Hp Envy 6400e , Hp Envy 6420 , Hp Envy 8717 ,<\/p>\n<p>p Envy Pro 6400 Series , Hp Envy Pro 6420 , Hp Envy Pro 6422 , Hp Envy Pro 6430 , Hp Envy Pro 6432 , Hp Envy Pro 6452 , Hp Envy Pro 6454 , Hp Envy Pro 6455 , Hp Envy Pro 6458 , Hp Envy Pro 6475<\/p>\n<p><strong>Caract\u00e9ristiques HP 305XL Noir Cartouche d&#8217;encre XL d&#8217;origine (3YM62AE) :<\/strong><\/p>\n<ul>\n<li>Cartouche d&#8217;encre Noire<\/li>\n<li>Technologie d&#8217;impression jet d&#8217;encre thermique HP<\/li>\n<li>Capacit\u00e9 : 5 ml<\/li>\n<li>Dur\u00e9e de vie : environ 200 pages \u00e0 5%<\/li>\n<\/ul>\n","protected":false},"excerpt":{"rendered":"<p>Optimisez vos impressions avec la cartouche HP 305XL Noir, une solution d&#8217;encre grande capacit\u00e9 d&#8217;origine. Cette cartouche pigmentaire HP Vivid utilise la technologie d&#8217;impression jet d&#8217;encre thermique pour offrir des r\u00e9sultats pr\u00e9cis et durables.<\/p>\n<p>Avec une capacit\u00e9 d&#8217;impression d&#8217;environ 240 pages et un volume de 4 ml, vous b\u00e9n\u00e9ficiez d&#8217;une impression de qualit\u00e9 sup\u00e9rieure sans compromis.<\/p>\n<p>Profitez de couleurs intenses et \u00e9clatantes pour tous vos documents et projets, en vous assurant que \u00a0votre imprimante est pr\u00eate \u00e0 r\u00e9pondre \u00e0 tous vos besoins professionnels.<\/p>\n","protected":false},"featured_media":7706,"comment_status":"open","ping_status":"closed","template":"","meta":{"_acf_changed":false,"_monsterinsights_skip_tracking":false,"_monsterinsights_sitenote_active":false,"_monsterinsights_sitenote_note":"","_monsterinsights_sitenote_category":0,"_uf_show_specific_survey":0,"_uf_disable_surveys":false,"_joinchat":[]},"product_brand":[],"product_cat":[15,247,238],"product_tag":[],"class_list":{"0":"post-7705","1":"product","2":"type-product","3":"status-publish","4":"has-post-thumbnail","6":"product_cat-imprimante-scanner","7":"product_cat-cartouche-dencre","8":"product_cat-consommables","10":"first","11":"instock","12":"sale","13":"shipping-taxable","14":"purchasable","15":"product-type-simple"},"acf":[],"jetpack_sharing_enabled":true,"_links":{"self":[{"href":"https:\/\/digistar.ma\/index.php?rest_route=\/wp\/v2\/product\/7705","targetHints":{"allow":["GET"]}}],"collection":[{"href":"https:\/\/digistar.ma\/index.php?rest_route=\/wp\/v2\/product"}],"about":[{"href":"https:\/\/digistar.ma\/index.php?rest_route=\/wp\/v2\/types\/product"}],"replies":[{"embeddable":true,"href":"https:\/\/digistar.ma\/index.php?rest_route=%2Fwp%2Fv2%2Fcomments&post=7705"}],"version-history":[{"count":4,"href":"https:\/\/digistar.ma\/index.php?rest_route=\/wp\/v2\/product\/7705\/revisions"}],"predecessor-version":[{"id":7713,"href":"https:\/\/digistar.ma\/index.php?rest_route=\/wp\/v2\/product\/7705\/revisions\/7713"}],"wp:featuredmedia":[{"embeddable":true,"href":"https:\/\/digistar.ma\/index.php?rest_route=\/wp\/v2\/media\/7706"}],"wp:attachment":[{"href":"https:\/\/digistar.ma\/index.php?rest_route=%2Fwp%2Fv2%2Fmedia&parent=7705"}],"wp:term":[{"taxonomy":"product_brand","embeddable":true,"href":"https:\/\/digistar.ma\/index.php?rest_route=%2Fwp%2Fv2%2Fproduct_brand&post=7705"},{"taxonomy":"product_cat","embeddable":true,"href":"https:\/\/digistar.ma\/index.php?rest_route=%2Fwp%2Fv2%2Fproduct_cat&post=7705"},{"taxonomy":"product_tag","embeddable":true,"href":"https:\/\/digistar.ma\/index.php?rest_route=%2Fwp%2Fv2%2Fproduct_tag&post=7705"}],"curies":[{"name":"wp","href":"https:\/\/api.w.org\/{rel}","templated":true}]}}