{"id":7732,"date":"2023-08-08T17:38:56","date_gmt":"2023-08-08T17:38:56","guid":{"rendered":"https:\/\/digistar.ma\/?post_type=product&#038;p=7732"},"modified":"2023-08-10T14:08:30","modified_gmt":"2023-08-10T14:08:30","slug":"souris-sans-fil-multi-peripheriques-hp-435-3b4q5aa","status":"publish","type":"product","link":"https:\/\/digistar.ma\/?product=souris-sans-fil-multi-peripheriques-hp-435-3b4q5aa","title":{"rendered":"Souris sans fil multi-p\u00e9riph\u00e9riques HP 435 (3B4Q5AA)"},"content":{"rendered":"<h2><strong>Souris sans fil multi-p\u00e9riph\u00e9riques HP 435 (3B4Q5AA)<\/strong><\/h2>\n<p>Une souris personnalisable, fabriqu\u00e9e selon une d\u00e9marche responsable, qui permet de connecter jusqu\u2019\u00e0 deux appareils et de d\u00e9placer le contenu entre plusieurs syst\u00e8mes d\u2019exploitation. Ajoutez \u00e0 cela des boutons programmables, une conception ergonomique, une autonomie allant jusqu\u2019\u00e0 24\u00a0<span class=\"m-text-nowrap\">mois\u00a0<span class=\"c-footnote-container\"><sup><span class=\"footnote__number\">1<\/span><\/sup><\/span><\/span>, et une possibilit\u00e9 de fonctionnement sur la plupart des surfaces gr\u00e2ce au capteur multi-surface.<\/p>\n<div class=\"split-module aem-GridColumn aem-GridColumn--default--12\">\n<section class=\"c-split-module m-bg-accessories-type-3\">\n<div class=\"c-default-container\">\n<div class=\"c-split-module__item \">\n<div class=\"c-split-module__image\">\n<div class=\"c-image-container hp-image-cd01-2383 with-ratio\"><img decoding=\"async\" class=\"inner-image\" src=\"https:\/\/ssl-product-images.www8-hp.com\/digmedialib\/prodimg\/lowres\/c07818676.png\" alt=\"HP 435 Multi Device Wireless Mouse Commercial JetBlack Coreset TopDown 4k\" \/><\/div>\n<\/div>\n<div class=\"c-split-module__text\">\n<h3 class=\"h2 c-split-module__title\">Une connectivit\u00e9 multi-appareils<\/h3>\n<p class=\"h4 c-split-module__description\">Vous pouvez d\u00e9sormais glisser et d\u00e9poser n\u2019importe quelle s\u00e9lection dans l\u2019ensemble de vos appareils avec une seule souris. Le curseur va se d\u00e9placer en toute transparence entre les \u00e9crans, et m\u00eame entre les syst\u00e8mes d\u2019exploitation Windows\u00ae et macOS\u00ae. Profitez \u00e9galement de la libert\u00e9 en connectant jusqu\u2019\u00e0 2 appareils avec un nano-dongle USB-A ou via Bluetooth\u00ae.<\/p>\n<\/div>\n<\/div>\n<div class=\"c-split-module__item c-split-module--no-image\">\n<div class=\"c-split-module__text\">\n<h3 class=\"h2 c-split-module__title\">100 % personnalisable<\/h3>\n<p class=\"h4 c-split-module__description\">Simplifiez-vous la vie et accomplissez vos t\u00e2ches rapidement, juste comme vous le souhaitez en\u00a0<span class=\"m-text-nowrap\">personnalisant <\/span>\u00a0les raccourcis \u00e0 l\u2019aide de plusieurs\u00a0<span class=\"m-text-nowrap\">applications\u00a0<span class=\"c-footnote-container\"><sup><span class=\"footnote__number\">3<\/span><\/sup><\/span><\/span>. Composez toutes vos pr\u00e9f\u00e9rences avec 4 boutons programmables, une vitesse r\u00e9glable de la molette et un suivi rapide du curseur jusqu\u2019\u00e0 4000 dpi.<\/p>\n<\/div>\n<\/div>\n<div class=\"c-split-module__item \">\n<div class=\"c-split-module__image\">\n<div class=\"c-image-container hp-image-f3d7-78d1 with-ratio\"><img decoding=\"async\" class=\"inner-image\" src=\"https:\/\/ssl-product-images.www8-hp.com\/digmedialib\/prodimg\/lowres\/c07818776.png\" alt=\"HP 435 Multi Device Wireless Mouse Commercial JetBlack Coreset Rear Left\" \/><\/div>\n<\/div>\n<div class=\"c-split-module__text\">\n<h3 class=\"h2 c-split-module__title\">Conception responsable<\/h3>\n<p class=\"h4 c-split-module__description\">\u00c9l\u00e9gante et confortable, cette souris est \u00e9galement douce pour la\u00a0<span class=\"m-text-nowrap\">plan\u00e8te\u00a0<span class=\"c-footnote-container\"><sup><span class=\"footnote__number\">4<\/span><\/sup><\/span><\/span>.<\/p>\n<\/div>\n<\/div>\n<\/div>\n<\/section>\n<\/div>\n<div class=\"anchor aem-GridColumn aem-GridColumn--default--12\">\n<div id=\"features\">\n<div>\n<div class=\"column-module\">\n<section class=\"c-column-module m-bg-accessories-type-2\" data-metrics-link-placement=\"catalog:column\">\n<div class=\"c-column-module__title m-bg-accessories\">\n<div class=\"c-default-container\">\n<h3 class=\"h1\">Une souris efficace : Souris sans fil multi-p\u00e9riph\u00e9riques HP 435 (3B4Q5AA)<\/h3>\n<\/div>\n<\/div>\n<div class=\"c-default-container\">\n<div class=\"c-column-module__content\">\n<div class=\"c-column-module__image\">\n<div class=\"c-image-container hp-image-5b28-7b12 with-ratio\"><img decoding=\"async\" class=\"inner-image\" src=\"https:\/\/ssl-product-images.www8-hp.com\/digmedialib\/prodimg\/lowres\/c07818993.png\" alt=\"HP 435 Multi Device Wireless Mouse Commercial JetBlack Coreset Left Profile\" \/><\/div>\n<\/div>\n<div class=\"c-column-module__features\">\n<div class=\"c-column-module-feature\">\n<h4 class=\"c-column-module-feature__title h4\">Parfaitement con\u00e7ue<\/h4>\n<div class=\"c-column-module-feature__description h5\">\n<p>Travaillez efficacement avec Souris sans fil multi-p\u00e9riph\u00e9riques HP 435 (3B4Q5AA) confortable et pr\u00e9cise. Cette souris au clic ultra-r\u00e9actif est dot\u00e9e de boutons et d\u2019une molette \u00e0 la conception irr\u00e9prochable \u2013 que vous soyez gaucher ou droitier.<\/p>\n<\/div>\n<\/div>\n<div class=\"c-column-module-feature\">\n<h4 class=\"c-column-module-feature__title h4\">Une souris tout terrain<\/h4>\n<div class=\"c-column-module-feature__description h5\">\n<p>Profitez de la libert\u00e9 de travailler partout avec Souris sans fil multi-p\u00e9riph\u00e9riques HP 435 (3B4Q5AA) adapt\u00e9e \u00e0 presque toutes les surfaces. Le capteur multi-surface vous permet de travailler m\u00eame sur le marbre.<\/p>\n<\/div>\n<\/div>\n<\/div>\n<\/div>\n<\/div>\n<\/section>\n<\/div>\n<\/div>\n<\/div>\n<\/div>\n<p>&nbsp;<\/p>\n","protected":false},"excerpt":{"rendered":"<p>Profitez d\u2019une productivit\u00e9 ininterrompue avec une souris polyvalente et personnalisable, fabriqu\u00e9e\u00a0\u00a0selon une d\u00e9marche responsable.<\/p>\n<p>Optimisez votre travail en connectant deux appareils au maximum et en d\u00e9pla\u00e7ant le contenu entre plusieurs syst\u00e8mes d\u2019exploitation. Donnez le meilleur de vous-m\u00eame avec les boutons programmables, la conception ergonomique et une autonomie jusqu\u2019\u00e0 24 mois1.<\/p>\n<p>Et cette souris vous permet \u00e9galement de travailler sur la plupart des surfaces gr\u00e2ce au capteur multi-surface.<br \/>\nConnexion sans fil de 2,4 GHz + Bluetooth\u00ae<br \/>\nPort USB Type-A + Bluetooth\u00ae<br \/>\n1 pile AA (fournie)<\/p>\n","protected":false},"featured_media":7737,"comment_status":"open","ping_status":"closed","template":"","meta":{"_acf_changed":false,"_monsterinsights_skip_tracking":false,"_monsterinsights_sitenote_active":false,"_monsterinsights_sitenote_note":"","_monsterinsights_sitenote_category":0,"_uf_show_specific_survey":0,"_uf_disable_surveys":false,"_joinchat":[]},"product_brand":[],"product_cat":[246,263,323],"product_tag":[],"class_list":{"0":"post-7732","1":"product","2":"type-product","3":"status-publish","4":"has-post-thumbnail","6":"product_cat-peripherique","7":"product_cat-souris-clavier","8":"product_cat-souris-sans-fil","10":"first","11":"instock","12":"sale","13":"shipping-taxable","14":"purchasable","15":"product-type-simple"},"acf":[],"jetpack_sharing_enabled":true,"_links":{"self":[{"href":"https:\/\/digistar.ma\/index.php?rest_route=\/wp\/v2\/product\/7732","targetHints":{"allow":["GET"]}}],"collection":[{"href":"https:\/\/digistar.ma\/index.php?rest_route=\/wp\/v2\/product"}],"about":[{"href":"https:\/\/digistar.ma\/index.php?rest_route=\/wp\/v2\/types\/product"}],"replies":[{"embeddable":true,"href":"https:\/\/digistar.ma\/index.php?rest_route=%2Fwp%2Fv2%2Fcomments&post=7732"}],"version-history":[{"count":4,"href":"https:\/\/digistar.ma\/index.php?rest_route=\/wp\/v2\/product\/7732\/revisions"}],"predecessor-version":[{"id":7903,"href":"https:\/\/digistar.ma\/index.php?rest_route=\/wp\/v2\/product\/7732\/revisions\/7903"}],"wp:featuredmedia":[{"embeddable":true,"href":"https:\/\/digistar.ma\/index.php?rest_route=\/wp\/v2\/media\/7737"}],"wp:attachment":[{"href":"https:\/\/digistar.ma\/index.php?rest_route=%2Fwp%2Fv2%2Fmedia&parent=7732"}],"wp:term":[{"taxonomy":"product_brand","embeddable":true,"href":"https:\/\/digistar.ma\/index.php?rest_route=%2Fwp%2Fv2%2Fproduct_brand&post=7732"},{"taxonomy":"product_cat","embeddable":true,"href":"https:\/\/digistar.ma\/index.php?rest_route=%2Fwp%2Fv2%2Fproduct_cat&post=7732"},{"taxonomy":"product_tag","embeddable":true,"href":"https:\/\/digistar.ma\/index.php?rest_route=%2Fwp%2Fv2%2Fproduct_tag&post=7732"}],"curies":[{"name":"wp","href":"https:\/\/api.w.org\/{rel}","templated":true}]}}