{"id":7744,"date":"2023-08-09T11:17:41","date_gmt":"2023-08-09T11:17:41","guid":{"rendered":"https:\/\/digistar.ma\/?post_type=product&#038;p=7744"},"modified":"2023-08-10T14:13:54","modified_gmt":"2023-08-10T14:13:54","slug":"souris-sans-fil-usb-lenovo-essential-compact-4y50r20864","status":"publish","type":"product","link":"https:\/\/digistar.ma\/?product=souris-sans-fil-usb-lenovo-essential-compact-4y50r20864","title":{"rendered":"Souris sans fil USB Lenovo Essential Compact (4Y50R20864)"},"content":{"rendered":"<h1 class=\"h1 productpage_title\">Souris sans fil USB Lenovo Essential Compact (4Y50R20864)<\/h1>\n<p><img fetchpriority=\"high\" decoding=\"async\" class=\"\" src=\"https:\/\/www.iris.ma\/59814\/souris-sans-fil-usb-lenovo-essential-compact-4y50r20864.jpg\" width=\"247\" height=\"386\" \/><\/p>\n<div class=\"row\">\n<div class=\"col-12 col-xl-8\">\n<div class=\"product-attributes mb-2 js-product-attributes-destination\">\n<h1 class=\"attribute-item product-manufacturer\" style=\"text-align: left;\"><strong><label>Marque:\u00a0<\/label><\/strong><img decoding=\"async\" class=\"\" style=\"font-size: 16px;\" src=\"https:\/\/www.iris.ma\/img\/m\/25.png\" alt=\"Lenovo\" width=\"119\" height=\"72\" \/><label>R\u00e9f\u00e9rence:<\/label>4Y50R20864<\/h1>\n<\/div>\n<div class=\"product-availability-top mb-3 js-product-availability-destination\"><span id=\"product-availability\" class=\"js-product-availability\"><span class=\"product-availability product-last-items alert alert-info\"><i class=\"material-icons\">notifications_active<\/i>\u00a0Derniers articles en stock<\/span><\/span><\/div>\n<div id=\"product-description-short-2701\" class=\"product-description-short typo sm-bottom\">\n<p>La souris sans fil compacte Lenovo Essential a \u00e9t\u00e9 con\u00e7ue pour offrir avant une grande commodit\u00e9. Il est simple d&#8217;accro\u00eetre sa productivit\u00e9 lorsque vous ne perdez pas de temps \u00e0 d\u00e9m\u00ealer des c\u00e2bles ou \u00e0 rechercher de nouvelles batteries dans votre bureau. Son format compact en fait le compagnon parfait, en toute occasion. Glissez-la dans votre poche, votre sac \u00e0 dos ou dans la sacoche de votre ordinateur portable, et c&#8217;est parti.<\/p>\n<p><a href=\"https:\/\/www.iris.ma\/59815\/souris-sans-fil-usb-lenovo-essential-compact-4y50r20864.jpg\" target=\"_blank\" rel=\"noopener\"><img decoding=\"async\" class=\"\" src=\"https:\/\/www.iris.ma\/59815\/souris-sans-fil-usb-lenovo-essential-compact-4y50r20864.jpg\" width=\"146\" height=\"129\" \/><\/a><\/p>\n<p>R\u00e9solution: 1000 DPI<br \/>\nCapteur de souris: Optical sensor<br \/>\nType de connexion: 2.4 GHz Wireless via Nano USB<br \/>\nBouton de souris: 3 (left click, right click, scroll click)<br \/>\nRoulette \u00e0 d\u00e9filement: Oui<br \/>\nPuissance requise: Batterie 1 AA<br \/>\nCouleur: Noir<br \/>\nPoids: 50 g<br \/>\nDimensions: 56 x 98 x 32 mm<\/p>\n<\/div>\n<\/div>\n<\/div>\n<h1 class=\"page-heading\"><\/h1>\n<div class=\"row\">\n<div class=\"col-12 col-xl-8\">\n<div class=\"product-attributes mb-2 js-product-attributes-destination\"><\/div>\n<div id=\"product-description-short-2701\" class=\"product-description-short typo sm-bottom\">\n<p>&nbsp;<\/p>\n<\/div>\n<\/div>\n<\/div>\n<p>&nbsp;<\/p>\n","protected":false},"excerpt":{"rendered":"<p>Lib\u00e9rez-vous des c\u00e2bles encombrants avec la souris sans fil USB Lenovo Essential Compact. Sa conception compacte et l\u00e9g\u00e8re vous offre une grande commodit\u00e9 o\u00f9 que vous soyez.<\/p>\n<p>Gr\u00e2ce \u00e0 son capteur optique de 1000 DPI et sa connexion sans fil 2.4 GHz, augmentez votre productivit\u00e9 en un clic. Glissez-la dans votre poche ou votre sac, elle vous suivra partout.<\/p>\n<p>Id\u00e9ale pour travailler en toute simplicit\u00e9 et efficacit\u00e9.<\/p>\n","protected":false},"featured_media":7745,"comment_status":"open","ping_status":"closed","template":"","meta":{"_acf_changed":false,"_monsterinsights_skip_tracking":false,"_monsterinsights_sitenote_active":false,"_monsterinsights_sitenote_note":"","_monsterinsights_sitenote_category":0,"_uf_show_specific_survey":0,"_uf_disable_surveys":false,"_joinchat":[]},"product_brand":[],"product_cat":[246,263,323],"product_tag":[],"class_list":{"0":"post-7744","1":"product","2":"type-product","3":"status-publish","4":"has-post-thumbnail","6":"product_cat-peripherique","7":"product_cat-souris-clavier","8":"product_cat-souris-sans-fil","10":"first","11":"instock","12":"sale","13":"shipping-taxable","14":"purchasable","15":"product-type-simple"},"acf":[],"jetpack_sharing_enabled":true,"_links":{"self":[{"href":"https:\/\/digistar.ma\/index.php?rest_route=\/wp\/v2\/product\/7744","targetHints":{"allow":["GET"]}}],"collection":[{"href":"https:\/\/digistar.ma\/index.php?rest_route=\/wp\/v2\/product"}],"about":[{"href":"https:\/\/digistar.ma\/index.php?rest_route=\/wp\/v2\/types\/product"}],"replies":[{"embeddable":true,"href":"https:\/\/digistar.ma\/index.php?rest_route=%2Fwp%2Fv2%2Fcomments&post=7744"}],"version-history":[{"count":1,"href":"https:\/\/digistar.ma\/index.php?rest_route=\/wp\/v2\/product\/7744\/revisions"}],"predecessor-version":[{"id":7758,"href":"https:\/\/digistar.ma\/index.php?rest_route=\/wp\/v2\/product\/7744\/revisions\/7758"}],"wp:featuredmedia":[{"embeddable":true,"href":"https:\/\/digistar.ma\/index.php?rest_route=\/wp\/v2\/media\/7745"}],"wp:attachment":[{"href":"https:\/\/digistar.ma\/index.php?rest_route=%2Fwp%2Fv2%2Fmedia&parent=7744"}],"wp:term":[{"taxonomy":"product_brand","embeddable":true,"href":"https:\/\/digistar.ma\/index.php?rest_route=%2Fwp%2Fv2%2Fproduct_brand&post=7744"},{"taxonomy":"product_cat","embeddable":true,"href":"https:\/\/digistar.ma\/index.php?rest_route=%2Fwp%2Fv2%2Fproduct_cat&post=7744"},{"taxonomy":"product_tag","embeddable":true,"href":"https:\/\/digistar.ma\/index.php?rest_route=%2Fwp%2Fv2%2Fproduct_tag&post=7744"}],"curies":[{"name":"wp","href":"https:\/\/api.w.org\/{rel}","templated":true}]}}