{"id":7773,"date":"2023-08-09T12:56:19","date_gmt":"2023-08-09T12:56:19","guid":{"rendered":"https:\/\/digistar.ma\/?post_type=product&#038;p=7773"},"modified":"2026-04-06T09:11:33","modified_gmt":"2026-04-06T09:11:33","slug":"souris-sans-fil-ngs-bow-noire-bowblack","status":"publish","type":"product","link":"https:\/\/digistar.ma\/?product=souris-sans-fil-ngs-bow-noire-bowblack","title":{"rendered":"Souris sans fil NGS Bow Noire (BOWBLACK)"},"content":{"rendered":"<h2><strong>Souris sans fil NGS Bow Noire (BOWBLACK)<\/strong><\/h2>\n<p><span id=\"desc\" class=\"addReadMore showlesscontent\">Caract\u00e9ristiques:<\/span><\/p>\n<p>Souris:<br \/>\nObjectif: Bureau<br \/>\nInterface de l&#8217;appareil: RF sans fil<br \/>\nTechnologie de d\u00e9tection de mouvement: optique<br \/>\nType de boutons: Boutons press\u00e9s<br \/>\nType de d\u00e9filement: roue<br \/>\nQuantit\u00e9 de boutons: 5<br \/>\nR\u00e9solution de mouvement: 1600 DPI<br \/>\nUtilisation recommand\u00e9e: PC<br \/>\nR\u00e9solution de mouvement personnalisable: Oui<br \/>\nNombre de modes de r\u00e9solution de mouvement: 3<br \/>\nFonctions des boutons: retour, commutateur DPI, avant<br \/>\nNombre de molettes de d\u00e9filement: 1<br \/>\nBande de fr\u00e9quence: 2,4 GHz<br \/>\nM\u00e9moire int\u00e9gr\u00e9e: non<\/p>\n<p>Conception:<br \/>\nFacteur de forme: main droite<br \/>\nColoration de surface: Monotone<br \/>\nPoign\u00e9es en caoutchouc: Oui<br \/>\nAffichage int\u00e9gr\u00e9: non<\/p>\n<p>Ergonomie:<br \/>\nPort\u00e9e sans fil: 10 m<br \/>\nPlug and Play: Oui<\/p>\n<p>Puissance:<br \/>\nSource d&#8217;alimentation: piles<\/p>\n<p>Poids et dimensions:<br \/>\nLargeur: 80 mm<br \/>\nProfondeur: 120 mm<br \/>\nHauteur: 40 mm<br \/>\nPoids: 60 g<\/p>\n<p>&nbsp;<\/p>\n<p>DIGISTAR MAROC\u00a0 vous propose une s\u00e9lection de <strong>Souris et claviers<\/strong>\u00a0portant la griffe de marques reconnues pour la qualit\u00e9 et l\u2019originalit\u00e9 de leurs produits. Sur notre boutique de\u00a0<strong>\u00e9lectronique et informatique<\/strong>, le choix peut se faire en fonction de la distance \u00e0 effectuer et de votre niveau (d\u00e9butant ou coureurs exp\u00e9riment\u00e9s). Vous pouvez aussi y trouver quelques \u00e9quipements compl\u00e8mentaires \u00e0\u00a0<strong>NGS<\/strong>\u00a0<strong>Souris Sans Fil Bow Optic<\/strong>\u00a0pour garantir votre confort.<\/p>\n<p>&nbsp;<\/p>\n","protected":false},"excerpt":{"rendered":"<p>Optez pour la souris sans fil NGS Bow Noire pour une exp\u00e9rience de navigation sans contrainte.<\/p>\n<p>Avec sa connectivit\u00e9 2,4 GHz et une port\u00e9e de 8 \u00e0 10 m\u00e8tres, cette souris offre une libert\u00e9 de mouvement optimale.<\/p>\n<p>Son capteur optique, sa roulette et ses 5 boutons offrent une convivialit\u00e9 maximale pour les droitiers.<\/p>\n<p>Choisissez parmi les trois options de DPI (800\/1200\/1600) pour une pr\u00e9cision adapt\u00e9e \u00e0 vos besoins.<\/p>\n<p>Facile \u00e0 connecter via USB, cette souris est un accessoire indispensable pour une utilisation quotidienne fluide\u00a0\u00a0et efficace.<\/p>\n","protected":false},"featured_media":7816,"comment_status":"open","ping_status":"closed","template":"","meta":{"_acf_changed":false,"_monsterinsights_skip_tracking":false,"_monsterinsights_sitenote_active":false,"_monsterinsights_sitenote_note":"","_monsterinsights_sitenote_category":0,"_uf_show_specific_survey":0,"_uf_disable_surveys":false,"_joinchat":[]},"product_brand":[],"product_cat":[246,263,323],"product_tag":[],"class_list":{"0":"post-7773","1":"product","2":"type-product","3":"status-publish","4":"has-post-thumbnail","6":"product_cat-peripherique","7":"product_cat-souris-clavier","8":"product_cat-souris-sans-fil","10":"first","11":"outofstock","12":"sale","13":"shipping-taxable","14":"purchasable","15":"product-type-simple"},"acf":[],"jetpack_sharing_enabled":true,"_links":{"self":[{"href":"https:\/\/digistar.ma\/index.php?rest_route=\/wp\/v2\/product\/7773","targetHints":{"allow":["GET"]}}],"collection":[{"href":"https:\/\/digistar.ma\/index.php?rest_route=\/wp\/v2\/product"}],"about":[{"href":"https:\/\/digistar.ma\/index.php?rest_route=\/wp\/v2\/types\/product"}],"replies":[{"embeddable":true,"href":"https:\/\/digistar.ma\/index.php?rest_route=%2Fwp%2Fv2%2Fcomments&post=7773"}],"version-history":[{"count":4,"href":"https:\/\/digistar.ma\/index.php?rest_route=\/wp\/v2\/product\/7773\/revisions"}],"predecessor-version":[{"id":7814,"href":"https:\/\/digistar.ma\/index.php?rest_route=\/wp\/v2\/product\/7773\/revisions\/7814"}],"wp:featuredmedia":[{"embeddable":true,"href":"https:\/\/digistar.ma\/index.php?rest_route=\/wp\/v2\/media\/7816"}],"wp:attachment":[{"href":"https:\/\/digistar.ma\/index.php?rest_route=%2Fwp%2Fv2%2Fmedia&parent=7773"}],"wp:term":[{"taxonomy":"product_brand","embeddable":true,"href":"https:\/\/digistar.ma\/index.php?rest_route=%2Fwp%2Fv2%2Fproduct_brand&post=7773"},{"taxonomy":"product_cat","embeddable":true,"href":"https:\/\/digistar.ma\/index.php?rest_route=%2Fwp%2Fv2%2Fproduct_cat&post=7773"},{"taxonomy":"product_tag","embeddable":true,"href":"https:\/\/digistar.ma\/index.php?rest_route=%2Fwp%2Fv2%2Fproduct_tag&post=7773"}],"curies":[{"name":"wp","href":"https:\/\/api.w.org\/{rel}","templated":true}]}}