{"id":7784,"date":"2023-08-09T13:31:23","date_gmt":"2023-08-09T13:31:23","guid":{"rendered":"https:\/\/digistar.ma\/?post_type=product&#038;p=7784"},"modified":"2024-12-07T22:51:17","modified_gmt":"2024-12-07T22:51:17","slug":"souris-logitech-sans-fil-m185","status":"publish","type":"product","link":"https:\/\/digistar.ma\/?product=souris-logitech-sans-fil-m185","title":{"rendered":"Souris Logitech sans fil M185"},"content":{"rendered":"<h2><strong> Souris Logitech sans fil M185<\/strong><\/h2>\n<div id=\"ccs-inline-content\">\n<div id=\"inline-6b2b95\" class=\"ccs-cc-inline ccs-cc-inline-log ccs-cc-lang-frfra ccs-cc-block-inline\">\n<div id=\"media-6b2b95\" class=\"ccs-cc-inline-section ccs-cc-inline-media\" data-elementid=\"inline-content-gallery[log]\" data-context=\"{&quot;mobile&quot;:false}\" data-ccs-cc-inline-jumplink=\"Galerie\" data-display-mode=\"withheader\">\n<section>Vous recherchez une souris simple, fiable et dot\u00e9e de la technologie sans fil pr\u00eate \u00e0 l&#8217;emploi ? Alors la\u00a0<strong>Logitech Wireless Mouse M185<\/strong>\u00a0est faite pour vous ! Profitez de la fiabilit\u00e9 d\u2019un dispositif filaire, mais avec la libert\u00e9 et la commodit\u00e9 de la technologie sans fil : transmission rapide des donn\u00e9es et aucune perte de signal. L\u2019autonomie d\u2019un an de la pile permet \u00e9galement de limiter les d\u00e9sagr\u00e9ments li\u00e9s \u00e0 cette derni\u00e8re.Par ailleurs, cette souris confortable et profil\u00e9e est parfaitement adapt\u00e9e \u00e0 la forme de votre main, quant \u00e0 son installation, pas besoin de logiciel, branchez le nano-r\u00e9cepteur compact sur un port USB de votre PC et vous pouvez vous servir de votre M185 imm\u00e9diatement. De plus vous pouvez le laisser sur le port USB afin d&#8217;\u00e9viter tout risque d&#8217;\u00e9garement.<\/section>\n<section>\n<div class=\"desc-image\"><img decoding=\"async\" src=\"https:\/\/media.ldlc.com\/bo\/images\/fiches\/souris\/logitech\/M185\/M185_800_1.jpg\" alt=\"\" \/><\/div>\n<div class=\"desc-text\">\n<h2>Une forme confortable et incurv\u00e9e<\/h2>\n<p>La\u00a0<strong>conception incurv\u00e9e<\/strong>\u00a0de la Logitech Wireless Mouse M185 convient aux droitiers comme aux gauchers et assure plus de confort qu&#8217;un pav\u00e9 tactile. Sa\u00a0<strong>forme profil\u00e9e<\/strong>\u00a0\u00e9tant parfaitement adapt\u00e9e \u00e0 la forme de votre main.<\/p>\n<p>Elle est dot\u00e9e de la\u00a0<strong>technologie sans fil avanc\u00e9e 2.4 GHz<\/strong>\u00a0de Logitech qui garantit une connexion puissante et fiable, sans aucun d\u00e9lai.<\/p>\n<\/div>\n<\/section>\n<section>\n<div class=\"desc-text\">\n<h2>Fiabilit\u00e9 Logitech<\/h2>\n<p>Avec la Logitech Wireless Mouse M185 vous b\u00e9n\u00e9ficiez, outre la qualit\u00e9 et la fiabilit\u00e9 sup\u00e9rieures qui font la renom\u00e9e de Logitech, d&#8217;<strong>une long\u00e9vit\u00e9 de la pile allant jusqu&#8217;\u00e0 12 mois<\/strong>\u00a0(selon votre utilisation).<\/p>\n<p>Ainsi, que vous soyez en d\u00e9placement ou \u00e0 la maison, il vous suffira de brancher le nano-r\u00e9cepteur USB ultra-discret sur votre ordinateur pour utiliser votre souris imm\u00e9diatement.<\/p>\n<\/div>\n<div class=\"desc-image\"><img decoding=\"async\" src=\"https:\/\/media.ldlc.com\/bo\/images\/fiches\/souris\/logitech\/M185\/M185_800_2.jpg\" alt=\"\" \/><\/div>\n<\/section>\n<section>\n<div class=\"desc-image\"><\/div>\n<div class=\"desc-text\">\n<h2>Concevoir un avenir positif<\/h2>\n<ul>\n<li>Plastique recycl\u00e9 : Les composants en plastique de la souris M185 sont fabriqu\u00e9s \u00e0 partir de plastique certifi\u00e9 recycl\u00e9 post-consommation (49% pour le mod\u00e8le Gris), afin d\u2019offrir une nouvelle vie au plastique issu d\u2019anciens produits \u00e9lectroniques grand public et contribuer \u00e0 r\u00e9duire l\u2019empreinte carbone.<\/li>\n<li>Transparence carbone : L&#8217;empreinte carbone de ce produit est de 3,97 kg d&#8217;\u00e9quivalent CO2.<\/li>\n<\/ul>\n<\/div>\n<\/section>\n<\/div>\n<div class=\"resize-sensor\" dir=\"ltr\">\n<div class=\"resize-sensor-expand\">\n<div><\/div>\n<\/div>\n<\/div>\n<\/div>\n<\/div>\n<p>&nbsp;<\/p>\n","protected":false},"excerpt":{"rendered":"<ul>\n<li><strong>Technologie sans fil 2,4 GHz de pointe<\/strong><\/li>\n<li>Forme confortable et incurv\u00e9e<\/li>\n<li>Nano-r\u00e9cepteur USB ultra-discret<\/li>\n<li>Compatible Windows Vista, Windows 7, Windows 8 et Windows 10<\/li>\n<li>Dimensions r\u00e9cepteur\u00a0(H x L x \u00c9p) : 14,4 x 18,7 x 6,1 mm<\/li>\n<li>Poids r\u00e9cepteur : 1,8 g<\/li>\n<li>Dimensions souris (H x L x Ep) : 99 x 60 x 39 mm<\/li>\n<li>Poids de la souris (batterie incluse): 75,2 g<\/li>\n<li>Type de piles : 1 x AA<\/li>\n<\/ul>\n","protected":false},"featured_media":7898,"comment_status":"open","ping_status":"closed","template":"","meta":{"_acf_changed":false,"_monsterinsights_skip_tracking":false,"_monsterinsights_sitenote_active":false,"_monsterinsights_sitenote_note":"","_monsterinsights_sitenote_category":0,"_uf_show_specific_survey":0,"_uf_disable_surveys":false,"_joinchat":[]},"product_brand":[],"product_cat":[246,263,323],"product_tag":[],"class_list":{"0":"post-7784","1":"product","2":"type-product","3":"status-publish","4":"has-post-thumbnail","6":"product_cat-peripherique","7":"product_cat-souris-clavier","8":"product_cat-souris-sans-fil","10":"first","11":"instock","12":"sale","13":"shipping-taxable","14":"purchasable","15":"product-type-simple"},"acf":[],"jetpack_sharing_enabled":true,"_links":{"self":[{"href":"https:\/\/digistar.ma\/index.php?rest_route=\/wp\/v2\/product\/7784","targetHints":{"allow":["GET"]}}],"collection":[{"href":"https:\/\/digistar.ma\/index.php?rest_route=\/wp\/v2\/product"}],"about":[{"href":"https:\/\/digistar.ma\/index.php?rest_route=\/wp\/v2\/types\/product"}],"replies":[{"embeddable":true,"href":"https:\/\/digistar.ma\/index.php?rest_route=%2Fwp%2Fv2%2Fcomments&post=7784"}],"version-history":[{"count":6,"href":"https:\/\/digistar.ma\/index.php?rest_route=\/wp\/v2\/product\/7784\/revisions"}],"predecessor-version":[{"id":13820,"href":"https:\/\/digistar.ma\/index.php?rest_route=\/wp\/v2\/product\/7784\/revisions\/13820"}],"wp:featuredmedia":[{"embeddable":true,"href":"https:\/\/digistar.ma\/index.php?rest_route=\/wp\/v2\/media\/7898"}],"wp:attachment":[{"href":"https:\/\/digistar.ma\/index.php?rest_route=%2Fwp%2Fv2%2Fmedia&parent=7784"}],"wp:term":[{"taxonomy":"product_brand","embeddable":true,"href":"https:\/\/digistar.ma\/index.php?rest_route=%2Fwp%2Fv2%2Fproduct_brand&post=7784"},{"taxonomy":"product_cat","embeddable":true,"href":"https:\/\/digistar.ma\/index.php?rest_route=%2Fwp%2Fv2%2Fproduct_cat&post=7784"},{"taxonomy":"product_tag","embeddable":true,"href":"https:\/\/digistar.ma\/index.php?rest_route=%2Fwp%2Fv2%2Fproduct_tag&post=7784"}],"curies":[{"name":"wp","href":"https:\/\/api.w.org\/{rel}","templated":true}]}}