{"id":7793,"date":"2023-08-09T13:51:59","date_gmt":"2023-08-09T13:51:59","guid":{"rendered":"https:\/\/digistar.ma\/?post_type=product&#038;p=7793"},"modified":"2023-08-09T14:04:25","modified_gmt":"2023-08-09T14:04:25","slug":"souris-hp-sans-fil-200-x6w31aa","status":"publish","type":"product","link":"https:\/\/digistar.ma\/?product=souris-hp-sans-fil-200-x6w31aa","title":{"rendered":"Souris HP Sans Fil 200  (X6W31AA)"},"content":{"rendered":"<h2>Souris HP Sans Fil 200 (X6W31AA)<\/h2>\n<div class=\"product-details aem-GridColumn aem-GridColumn--default--12\">\n<section class=\"c-product-details\">\n<div class=\"m-bg-accessories c-product-details__title-wrapper\">\n<h1 class=\"h1 c-product-details__title c-default-container\"><\/h1>\n<\/div>\n<div class=\"c-default-container c-product-details__main\">\n<div class=\"c-product-details__overview m-bg-accessories-type-2 c-default-container\">\n<div class=\"c-product-details__links\" data-metrics-link-placement=\"catalog:support-link\"><\/div>\n<\/div>\n<\/div>\n<\/section>\n<\/div>\n<div class=\"ghost aem-GridColumn aem-GridColumn--default--12\"><\/div>\n<div class=\"split-module aem-GridColumn aem-GridColumn--default--12\">\n<section class=\"c-split-module m-bg-accessories-type-3\">\n<div class=\"c-default-container\">\n<div class=\"c-split-module__item \">\n<div class=\"c-split-module__image\">\n<div class=\"c-image-container hp-image-aea3-b499 with-ratio\"><img fetchpriority=\"high\" decoding=\"async\" class=\"inner-image\" src=\"https:\/\/ssl-product-images.www8-hp.com\/digmedialib\/prodimg\/lowres\/c05345661.png\" alt=\"HP 200 Black Wireless Mouse, Top View\" width=\"740\" height=\"555\" \/><\/div>\n<\/div>\n<div class=\"c-split-module__text\">\n<h3 class=\"h2 c-split-module__title\">Commodit\u00e9 du sans fil<\/h3>\n<p class=\"h4 c-split-module__description\">Oubliez les fils avec la connexion sans fil fiable de 2,4\u00a0<span class=\"m-text-nowrap\">GHz\u00a0<span class=\"c-footnote-container\"><sup><span class=\"footnote__number\">1<\/span><\/sup><\/span><\/span>.<\/p>\n<\/div>\n<\/div>\n<div class=\"c-split-module__item \">\n<div class=\"c-split-module__image\">\n<div class=\"c-image-container hp-image-303a-6abf with-ratio\"><img decoding=\"async\" class=\"inner-image\" src=\"https:\/\/ssl-product-images.www8-hp.com\/digmedialib\/prodimg\/lowres\/c05345633.png\" alt=\"HP 200 Black Wireless Mouse, Left facing Profile\" width=\"614\" height=\"461\" \/><\/div>\n<\/div>\n<div class=\"c-split-module__text\">\n<h3 class=\"h2 c-split-module__title\">Con\u00e7u pour durer<\/h3>\n<p class=\"h4 c-split-module__description\">Les directives et les normes strictes de HP garantissent une qualit\u00e9 durable.<\/p>\n<\/div>\n<\/div>\n<div class=\"c-split-module__item \">\n<div class=\"c-split-module__image\">\n<div class=\"c-image-container hp-image-326f-0d1b with-ratio\"><img decoding=\"async\" class=\"inner-image\" src=\"https:\/\/ssl-product-images.www8-hp.com\/digmedialib\/prodimg\/lowres\/c05345690.png\" alt=\"HP 200 Black Wireless Mouse, Left Facing\" width=\"500\" height=\"375\" data-wec-listener-initialized=\"true\" \/><\/div>\n<\/div>\n<div class=\"c-split-module__text\">\n<h3 class=\"h2 c-split-module__title\">Confort galb\u00e9<\/h3>\n<p class=\"h4 c-split-module__description\">Une forme galb\u00e9e con\u00e7ue pour \u00eatre confortable toute la journ\u00e9e dans chaque main.<\/p>\n<\/div>\n<\/div>\n<\/div>\n<\/section>\n<\/div>\n<div class=\"anchor aem-GridColumn aem-GridColumn--default--12\">\n<div id=\"features\">\n<div>\n<div class=\"column-module\">\n<section class=\"c-column-module c-column-module--no-image m-bg-accessories-type-2\" data-metrics-link-placement=\"catalog:column\">\n<div class=\"c-column-module__title m-bg-accessories\">\n<div class=\"c-default-container\">\n<h3 class=\"h1\">Oubliez les fils. Appr\u00e9ciez le prix.<\/h3>\n<\/div>\n<\/div>\n<div class=\"c-default-container\">\n<div class=\"c-column-module__content\">\n<div class=\"c-column-module__features\">\n<div class=\"c-column-module-feature\">\n<h4 class=\"c-column-module-feature__title h4\">Une fiabilit\u00e9 \u00e0 toute \u00e9preuve<\/h4>\n<div class=\"c-column-module-feature__description h5\">\n<p>La technologie LED rouge et le capteur optique de 1 000\u00a0ppp vous offrent une pr\u00e9cision et une vitesse exceptionnelles sur un large \u00e9ventail de surfaces.<\/p>\n<\/div>\n<\/div>\n<\/div>\n<\/div>\n<\/div>\n<\/section>\n<\/div>\n<\/div>\n<\/div>\n<\/div>\n<div class=\"anchor aem-GridColumn aem-GridColumn--default--12\">\n<div id=\"techSpecs\">\n<div>\n<div class=\"tech-specs\">\n<section class=\"c-product-specs m-bg-accessories-type-3\" data-metrics-link-placement=\"catalog:tech-specs\">\n<div class=\"c-default-container\">\n<h2 class=\"h3 c-product-specs__title\">Caract\u00e9ristiques techniques<\/h2>\n<div class=\"c-product-specs__list-wrapper\">\n<ul class=\"c-product-specs__list body-2\">\n<li class=\"c-product-specs__item\">\n<div>\n<p>Poids:0,078\u00a0kg<\/p>\n<\/div>\n<\/li>\n<li class=\"c-product-specs__item\">\n<div>\n<p>Dimensions minimales (L x P x H):95 x 58,5 x 34 mm<\/p>\n<h1 class=\"c-product-all-details-table__title h3 m-text-rtl-symbols\">Souris sans\u00a0fil HP\u00a0200 (X6W31AA)<\/h1>\n<table class=\"c-product-all-details-table__table\" role=\"table\">\n<caption class=\"c-product-all-details-table__caption\">Souris sans&amp;nbsp;fil HP&amp;nbsp;200 (X6W31AA) Toutes les caract\u00e9ristiques techniques<\/caption>\n<tbody>\n<tr class=\"c-product-all-details-table__tr\" role=\"row\">\n<th class=\"c-product-all-details-table__th\" role=\"rowheader\">Compatibilit\u00e9 mat\u00e9rielle<\/th>\n<td class=\"c-product-all-details-table__td m-text-rte\" role=\"cell\">Port USB disponible.<\/td>\n<\/tr>\n<tr class=\"c-product-all-details-table__tr\" role=\"row\">\n<th class=\"c-product-all-details-table__th\" role=\"rowheader\">Sous-groupe de produit<\/th>\n<td class=\"c-product-all-details-table__td m-text-rte\" role=\"cell\">Souris<\/td>\n<\/tr>\n<tr class=\"c-product-all-details-table__tr\" role=\"row\">\n<th class=\"c-product-all-details-table__th\" role=\"rowheader\">Autonomie de la batterie<\/th>\n<td class=\"c-product-all-details-table__td m-text-rte\" role=\"cell\">Jusqu\u2019\u00e0 12 mois<\/td>\n<\/tr>\n<tr class=\"c-product-all-details-table__tr\" role=\"row\">\n<th class=\"c-product-all-details-table__th\" role=\"rowheader\">Type de batterie<\/th>\n<td class=\"c-product-all-details-table__td m-text-rte\" role=\"cell\">2 x AAA<\/td>\n<\/tr>\n<tr class=\"c-product-all-details-table__tr\" role=\"row\">\n<th class=\"c-product-all-details-table__th\" role=\"rowheader\">R\u00e9solution<\/th>\n<td class=\"c-product-all-details-table__td m-text-rte\" role=\"cell\">Up to 1000 dpi<\/td>\n<\/tr>\n<tr class=\"c-product-all-details-table__tr\" role=\"row\">\n<th class=\"c-product-all-details-table__th\" role=\"rowheader\">Boutons<\/th>\n<td class=\"c-product-all-details-table__td m-text-rte\" role=\"cell\">3<\/td>\n<\/tr>\n<tr class=\"c-product-all-details-table__tr\" role=\"row\">\n<th class=\"c-product-all-details-table__th\" role=\"rowheader\">Syst\u00e8mes d&#8217;exploitation support\u00e9s<\/th>\n<td class=\"c-product-all-details-table__td m-text-rte\" role=\"cell\">Windows 7; Windows 11; Windows 10; Windows 8; macOS; Chrome OS\u2122<\/td>\n<\/tr>\n<tr class=\"c-product-all-details-table__tr\" role=\"row\">\n<th class=\"c-product-all-details-table__th\" role=\"rowheader\">Dimensions minimales (L x P x H)<\/th>\n<td class=\"c-product-all-details-table__td m-text-rte\" role=\"cell\">95 x 58,5 x 34 mm<\/td>\n<\/tr>\n<tr class=\"c-product-all-details-table__tr\" role=\"row\">\n<th class=\"c-product-all-details-table__th\" role=\"rowheader\">Dimensions de l&#8217;emballage (L x P x H)<\/th>\n<td class=\"c-product-all-details-table__td m-text-rte\" role=\"cell\">129 x 78 x 47 mm<\/td>\n<\/tr>\n<tr class=\"c-product-all-details-table__tr\" role=\"row\">\n<th class=\"c-product-all-details-table__th\" role=\"rowheader\">Poids<\/th>\n<td class=\"c-product-all-details-table__td m-text-rte\" role=\"cell\">0,078\u00a0kg<\/td>\n<\/tr>\n<tr class=\"c-product-all-details-table__tr\" role=\"row\">\n<th class=\"c-product-all-details-table__th\" role=\"rowheader\">Poids du carton\/paquet<\/th>\n<td class=\"c-product-all-details-table__td m-text-rte\" role=\"cell\">0,11 kg<\/td>\n<\/tr>\n<tr class=\"c-product-all-details-table__tr\" role=\"row\">\n<th class=\"c-product-all-details-table__th\" role=\"rowheader\">Configuration minimale du syst\u00e8me<\/th>\n<td class=\"c-product-all-details-table__td m-text-rte\" role=\"cell\">Windows\u00a07 et\u00a0<span class=\"m-text-nowrap\">sup\u00e9rieur,\u00a0<\/span>Mac OS 10.x et sup\u00e9rieur et Chrome OS.<\/td>\n<\/tr>\n<tr class=\"c-product-all-details-table__tr\" role=\"row\">\n<th class=\"c-product-all-details-table__th\" role=\"rowheader\">Contenu de l\u2019emballage<\/th>\n<td class=\"c-product-all-details-table__td m-text-rte\" role=\"cell\">Souris sans fil HP\u00a0200\u00a0; Cl\u00e9 sans fil 2,4\u00a0GHz\u00a0; 2 piles AAA\u00a0; Poster de mise en route rapide\u00a0; Informations sur le produit\u00a0; Carte de garantie<\/td>\n<\/tr>\n<tr class=\"c-product-all-details-table__tr\" role=\"row\">\n<th class=\"c-product-all-details-table__th\" role=\"rowheader\">Garantie fabricant<\/th>\n<td class=\"c-product-all-details-table__td m-text-rte\" role=\"cell\">Une couverture en toute tranquillit\u00e9 : Ayez l\u2019esprit tranquille avec une garantie HP standard d\u2019un an.<\/td>\n<\/tr>\n<\/tbody>\n<\/table>\n<\/div>\n<\/li>\n<\/ul>\n<\/div>\n<\/div>\n<\/section>\n<\/div>\n<\/div>\n<\/div>\n<\/div>\n","protected":false},"excerpt":{"rendered":"<p>Gr\u00e2ce \u00e0 sa cl\u00e9 sans fil\u00a0\u00a02,4 GHz, cette souris offre une connexion fiable et sans encombrement.<\/p>\n<p>Dot\u00e9e de 2 boutons et d&#8217;une roulette \u00e0 d\u00e9filement, elle permet une navigation fluide et efficace.<\/p>\n<p>La molette polyvalente agit \u00e9galement comme un troisi\u00e8me bouton.<\/p>\n<p>Son design compact (95 x 58,5 x 34 mm) et son poids l\u00e9ger (0,078 kg) en font l&#8217;accessoire parfait pour une utilisation mobile.<\/p>\n<p>Facile \u00e0 installer gr\u00e2ce \u00e0 son port USB, elle fonctionne avec 2 piles AAA. Boostez votre confort et votre productivit\u00e9 avec la souris HP Sans Fil 200.<\/p>\n","protected":false},"featured_media":7802,"comment_status":"open","ping_status":"closed","template":"","meta":{"_acf_changed":false,"_monsterinsights_skip_tracking":false,"_monsterinsights_sitenote_active":false,"_monsterinsights_sitenote_note":"","_monsterinsights_sitenote_category":0,"_uf_show_specific_survey":0,"_uf_disable_surveys":false,"_joinchat":[]},"product_brand":[],"product_cat":[246,263,323],"product_tag":[],"class_list":{"0":"post-7793","1":"product","2":"type-product","3":"status-publish","4":"has-post-thumbnail","6":"product_cat-peripherique","7":"product_cat-souris-clavier","8":"product_cat-souris-sans-fil","10":"first","11":"instock","12":"sale","13":"shipping-taxable","14":"purchasable","15":"product-type-simple"},"acf":[],"jetpack_sharing_enabled":true,"_links":{"self":[{"href":"https:\/\/digistar.ma\/index.php?rest_route=\/wp\/v2\/product\/7793","targetHints":{"allow":["GET"]}}],"collection":[{"href":"https:\/\/digistar.ma\/index.php?rest_route=\/wp\/v2\/product"}],"about":[{"href":"https:\/\/digistar.ma\/index.php?rest_route=\/wp\/v2\/types\/product"}],"replies":[{"embeddable":true,"href":"https:\/\/digistar.ma\/index.php?rest_route=%2Fwp%2Fv2%2Fcomments&post=7793"}],"version-history":[{"count":2,"href":"https:\/\/digistar.ma\/index.php?rest_route=\/wp\/v2\/product\/7793\/revisions"}],"predecessor-version":[{"id":7803,"href":"https:\/\/digistar.ma\/index.php?rest_route=\/wp\/v2\/product\/7793\/revisions\/7803"}],"wp:featuredmedia":[{"embeddable":true,"href":"https:\/\/digistar.ma\/index.php?rest_route=\/wp\/v2\/media\/7802"}],"wp:attachment":[{"href":"https:\/\/digistar.ma\/index.php?rest_route=%2Fwp%2Fv2%2Fmedia&parent=7793"}],"wp:term":[{"taxonomy":"product_brand","embeddable":true,"href":"https:\/\/digistar.ma\/index.php?rest_route=%2Fwp%2Fv2%2Fproduct_brand&post=7793"},{"taxonomy":"product_cat","embeddable":true,"href":"https:\/\/digistar.ma\/index.php?rest_route=%2Fwp%2Fv2%2Fproduct_cat&post=7793"},{"taxonomy":"product_tag","embeddable":true,"href":"https:\/\/digistar.ma\/index.php?rest_route=%2Fwp%2Fv2%2Fproduct_tag&post=7793"}],"curies":[{"name":"wp","href":"https:\/\/api.w.org\/{rel}","templated":true}]}}