{"id":7822,"date":"2023-08-10T10:02:50","date_gmt":"2023-08-10T10:02:50","guid":{"rendered":"https:\/\/digistar.ma\/?post_type=product&#038;p=7822"},"modified":"2023-08-10T13:56:01","modified_gmt":"2023-08-10T13:56:01","slug":"souris-sans-fil-logitech-pebble-m350-rose-910-005717","status":"publish","type":"product","link":"https:\/\/digistar.ma\/?product=souris-sans-fil-logitech-pebble-m350-rose-910-005717","title":{"rendered":"Souris sans fil Logitech Pebble M350 Rose (910-005717)"},"content":{"rendered":"<h4>Souris sans fil Logitech Pebble M350 Rose (910-005717)<\/h4>\n<h2 class=\"h2-master\">Une souris moderne, ultra-fine et \u00e9l\u00e9gante<\/h2>\n<section>Avec la\u00a0<strong>Logitech Pebble M350<\/strong>, profitez d&#8217;une souris moderne et silencieuse qui s&#8217;adapte \u00e0 votre style de vie et qui vous accompagne dans toutes vos aventures. Sa forme organique lisse tient dans votre poche ou votre sac, et offre une prise en main confortable. De plus, gr\u00e2ce \u00e0 ses clics et son d\u00e9filement silencieux, vous pouvez vous mettre au travail sans d\u00e9ranger ceux qui vous entourent.<\/section>\n<section>\n<div class=\"desc-image\"><img decoding=\"async\" src=\"https:\/\/media.ldlc.com\/bo\/images\/fiches\/souris\/logitech\/m350\/1.jpg\" alt=\"\" \/><\/div>\n<div class=\"desc-text\">\n<h2>TRAVAILLEZ EN SILENCE<\/h2>\n<p>La conception moderne de la souris Logitech Pebble M350 ainsi que son design minimaliste en font une partenaire de choix pour les personnes voyageant \u00e9norm\u00e9ment.\u00a0<strong>Pouvant se transporter dans votre sac ou m\u00eame dans votre poche<\/strong>, elle vous suivra partout dans tous vos d\u00e9placements.<\/p>\n<p>Avec\u00a0<strong>trois boutons silencieux<\/strong>, vous b\u00e9n\u00e9ficiez du m\u00eame confort de clic que vous aimez tant, mais en faisant beaucoup moins de bruit. Pouvant se connecter via\u00a0<strong>Bluetooth<\/strong>\u00a0ou \u00e0 l&#8217;aide du r\u00e9cepteur USB situ\u00e9 dans la coque de la souris, vous disposez alors d&#8217;une distance de 10 m pour l&#8217;utiliser avec votre ordinateur.<\/p>\n<\/div>\n<\/section>\n<section class=\"list\">\n<h2>PRINCIPALES CARACT\u00c9RISTIQUES :<\/h2>\n<ul>\n<li><strong>Souris sans fil moderne, ultra-fine et silencieuse<\/strong><\/li>\n<li>Capteur optique de\u00a0<strong>1000 dpi<\/strong><\/li>\n<li>Offre un suivi rapide et pr\u00e9cis<\/li>\n<li>Nombre de boutons :\u00a0<strong>3<\/strong><\/li>\n<li>Forme organique lisse avec c\u00f4t\u00e9s arrondis doux<\/li>\n<li>Connectivit\u00e9 :\u00a0<strong>Bluetooth<\/strong>\u00a0ou R\u00e9cepteur Logitech<\/li>\n<li>Compatible Windows 7, 8, 10, Mac OS 10.10 (ou sup\u00e9rieure), Chrome OS, Linux<\/li>\n<li>Autonomie : 18 mois avec une pile AA (pr\u00e9install\u00e9e)<\/li>\n<li>Dimensions : 59 x 107 x 26.5 mm<\/li>\n<li>Poids : 100g<\/li>\n<\/ul>\n<\/section>\n","protected":false},"excerpt":{"rendered":"<p>Optez pour la souris sans fil Logitech Pebble M350 Rose et lib\u00e9rez-vous des contraintes.<\/p>\n<p>Avec ses dimensions compactes de 107 mm x 59 mm x 26,5 mm et son poids plume de 100 g, cette souris est con\u00e7ue pour vous accompagner partout.<\/p>\n<p>Gr\u00e2ce \u00e0 la technologie sans fil Bluetooth Low Energy, vous pouvez vous connecter facilement jusqu&#8217;\u00e0 10 m\u00e8tres de distance.<\/p>\n<p>Profitez de ses 3 boutons, de sa roulette de d\u00e9filement m\u00e9canique et de son capteur haute pr\u00e9cision.<\/p>\n<p>De plus, son design rose \u00e9l\u00e9gant ajoute une touche de style \u00e0 votre\u00a0\u00a0bureau.<\/p>\n","protected":false},"featured_media":7824,"comment_status":"open","ping_status":"closed","template":"","meta":{"_acf_changed":false,"_monsterinsights_skip_tracking":false,"_monsterinsights_sitenote_active":false,"_monsterinsights_sitenote_note":"","_monsterinsights_sitenote_category":0,"_uf_show_specific_survey":0,"_uf_disable_surveys":false,"_joinchat":[]},"product_brand":[],"product_cat":[246,263,323],"product_tag":[],"class_list":{"0":"post-7822","1":"product","2":"type-product","3":"status-publish","4":"has-post-thumbnail","6":"product_cat-peripherique","7":"product_cat-souris-clavier","8":"product_cat-souris-sans-fil","10":"first","11":"instock","12":"sale","13":"shipping-taxable","14":"purchasable","15":"product-type-simple"},"acf":[],"jetpack_sharing_enabled":true,"_links":{"self":[{"href":"https:\/\/digistar.ma\/index.php?rest_route=\/wp\/v2\/product\/7822","targetHints":{"allow":["GET"]}}],"collection":[{"href":"https:\/\/digistar.ma\/index.php?rest_route=\/wp\/v2\/product"}],"about":[{"href":"https:\/\/digistar.ma\/index.php?rest_route=\/wp\/v2\/types\/product"}],"replies":[{"embeddable":true,"href":"https:\/\/digistar.ma\/index.php?rest_route=%2Fwp%2Fv2%2Fcomments&post=7822"}],"version-history":[{"count":6,"href":"https:\/\/digistar.ma\/index.php?rest_route=\/wp\/v2\/product\/7822\/revisions"}],"predecessor-version":[{"id":7902,"href":"https:\/\/digistar.ma\/index.php?rest_route=\/wp\/v2\/product\/7822\/revisions\/7902"}],"wp:featuredmedia":[{"embeddable":true,"href":"https:\/\/digistar.ma\/index.php?rest_route=\/wp\/v2\/media\/7824"}],"wp:attachment":[{"href":"https:\/\/digistar.ma\/index.php?rest_route=%2Fwp%2Fv2%2Fmedia&parent=7822"}],"wp:term":[{"taxonomy":"product_brand","embeddable":true,"href":"https:\/\/digistar.ma\/index.php?rest_route=%2Fwp%2Fv2%2Fproduct_brand&post=7822"},{"taxonomy":"product_cat","embeddable":true,"href":"https:\/\/digistar.ma\/index.php?rest_route=%2Fwp%2Fv2%2Fproduct_cat&post=7822"},{"taxonomy":"product_tag","embeddable":true,"href":"https:\/\/digistar.ma\/index.php?rest_route=%2Fwp%2Fv2%2Fproduct_tag&post=7822"}],"curies":[{"name":"wp","href":"https:\/\/api.w.org\/{rel}","templated":true}]}}