{"id":7836,"date":"2023-08-10T11:13:25","date_gmt":"2023-08-10T11:13:25","guid":{"rendered":"https:\/\/digistar.ma\/?post_type=product&#038;p=7836"},"modified":"2026-05-04T08:45:00","modified_gmt":"2026-05-04T08:45:00","slug":"souris-sans-fil-logitech-m220-silent-white","status":"publish","type":"product","link":"https:\/\/digistar.ma\/?product=souris-sans-fil-logitech-m220-silent-white","title":{"rendered":"Souris sans fil Logitech M220 Silent White"},"content":{"rendered":"<h3>\u00a0Souris sans fil Logitech M220 Silent White<\/h3>\n<h5>Souris sans fil Logitech M220 Silent White<\/h5>\n<p>La Logitech M220 Silent va vous faire profiter d\u2019une exp\u00e9rience silencieuse sans perdre le confort de clic d\u2019une souris classique. Son petit format facilite \u00e9galement son transport, vous allez ainsi pouvoir l\u2019emporter partout !<\/p>\n<h2>SIMPLE, FIABLE ET R\u00c9SISTANTE<\/h2>\n<p>La conception ambidextre de la\u00a0<strong>Logitech M220 Silent<\/strong>\u00a0offre un plus grand confort et une meilleure pr\u00e9cision que votre pav\u00e9 tactile et vous fait profiter d\u2019une exp\u00e9rience silencieuse gr\u00e2ce \u00e0 la r\u00e9duction des bruits de plus de 90%. Elle est \u00e9galement \u00e9quip\u00e9e de patins compos\u00e9s d\u2019un mat\u00e9riau hautes performances ainsi qu\u2019une roulette en caoutchouc permettant un glissement et un d\u00e9filement silencieux.<\/p>\n<p>La\u00a0<strong>souris Logitech M220 Silent<\/strong>\u00a0int\u00e8gre \u00e9galement la technologie avanc\u00e9e de suivi optique Logitech pour des mouvements ultra-pr\u00e9cis sur presque tous les types de surface. Et gr\u00e2ce au nano-r\u00e9c\u00e9pteur, profitez d\u2019une connexion sans fil de 10 m\u00e8tres..<\/p>\n<h5>CARACT\u00c9RISTIQUES DE Souris sans fil Logitech M220 Silent White<\/h5>\n<ul>\n<li>Souris sans fil optique 1 000 dpi<\/li>\n<li>Technologie de suivi optique avanc\u00e9e pour convenir \u00e0 tous les types de surface<\/li>\n<li>Nombre de boutons : 3<\/li>\n<li>Roulette de d\u00e9filement : 2D<\/li>\n<li>Port\u00e9e sans fil : 10 m\u00e8tres<\/li>\n<li>Autonomie : 18 mois<\/li>\n<li>Dimensions (hauteur x largeur x \u00e9paisseur) : 99 x 60 x 39 mm<\/li>\n<li>Poids : 75.2 grammes<\/li>\n<li>Compatible Windows 7 et version ult\u00e9rieure et Mac OS X 10.11 ou version ult\u00e9rieure<\/li>\n<\/ul>\n","protected":false},"excerpt":{"rendered":"<p>Profitez du silence avec la souris sans fil Logitech M220 Silent, que vous travailliez depuis chez vous ou au bureau.<\/p>\n<p>R\u00e9duction du bruit de \u00a0plus de 90% (compar\u00e9e \u00e0 la Logitech M170) certifi\u00e9e par Quiet Mark.<\/p>\n<p>Dot\u00e9e d&#8217;un suivi optique avanc\u00e9, d&#8217;une port\u00e9e jusqu&#8217;\u00e0 10 m et d&#8217;une taille pratique. Compatible avec Windows, Mac, Chrome OS et Linux.<\/p>\n<p>Connectivit\u00e9 sans fil via un r\u00e9cepteur USB.<\/p>\n<p>Design ambidextre avec 4 touches et r\u00e9solution de 1000 dpi. Livr\u00e9e avec une pile AA et un r\u00e9cepteur USB.<\/p>\n","protected":false},"featured_media":7847,"comment_status":"open","ping_status":"closed","template":"","meta":{"_acf_changed":false,"_monsterinsights_skip_tracking":false,"_monsterinsights_sitenote_active":false,"_monsterinsights_sitenote_note":"","_monsterinsights_sitenote_category":0,"_uf_show_specific_survey":0,"_uf_disable_surveys":false,"_joinchat":[]},"product_brand":[],"product_cat":[246,263,323],"product_tag":[],"class_list":{"0":"post-7836","1":"product","2":"type-product","3":"status-publish","4":"has-post-thumbnail","6":"product_cat-peripherique","7":"product_cat-souris-clavier","8":"product_cat-souris-sans-fil","10":"first","11":"outofstock","12":"sale","13":"shipping-taxable","14":"purchasable","15":"product-type-simple"},"acf":[],"jetpack_sharing_enabled":true,"_links":{"self":[{"href":"https:\/\/digistar.ma\/index.php?rest_route=\/wp\/v2\/product\/7836","targetHints":{"allow":["GET"]}}],"collection":[{"href":"https:\/\/digistar.ma\/index.php?rest_route=\/wp\/v2\/product"}],"about":[{"href":"https:\/\/digistar.ma\/index.php?rest_route=\/wp\/v2\/types\/product"}],"replies":[{"embeddable":true,"href":"https:\/\/digistar.ma\/index.php?rest_route=%2Fwp%2Fv2%2Fcomments&post=7836"}],"version-history":[{"count":1,"href":"https:\/\/digistar.ma\/index.php?rest_route=\/wp\/v2\/product\/7836\/revisions"}],"predecessor-version":[{"id":7848,"href":"https:\/\/digistar.ma\/index.php?rest_route=\/wp\/v2\/product\/7836\/revisions\/7848"}],"wp:featuredmedia":[{"embeddable":true,"href":"https:\/\/digistar.ma\/index.php?rest_route=\/wp\/v2\/media\/7847"}],"wp:attachment":[{"href":"https:\/\/digistar.ma\/index.php?rest_route=%2Fwp%2Fv2%2Fmedia&parent=7836"}],"wp:term":[{"taxonomy":"product_brand","embeddable":true,"href":"https:\/\/digistar.ma\/index.php?rest_route=%2Fwp%2Fv2%2Fproduct_brand&post=7836"},{"taxonomy":"product_cat","embeddable":true,"href":"https:\/\/digistar.ma\/index.php?rest_route=%2Fwp%2Fv2%2Fproduct_cat&post=7836"},{"taxonomy":"product_tag","embeddable":true,"href":"https:\/\/digistar.ma\/index.php?rest_route=%2Fwp%2Fv2%2Fproduct_tag&post=7836"}],"curies":[{"name":"wp","href":"https:\/\/api.w.org\/{rel}","templated":true}]}}