{"id":7880,"date":"2023-08-10T12:44:09","date_gmt":"2023-08-10T12:44:09","guid":{"rendered":"https:\/\/digistar.ma\/?post_type=product&#038;p=7880"},"modified":"2023-08-10T14:01:27","modified_gmt":"2023-08-10T14:01:27","slug":"souris-gaming-sans-fil-lightspeed-logitech-g502","status":"publish","type":"product","link":"https:\/\/digistar.ma\/?product=souris-gaming-sans-fil-lightspeed-logitech-g502","title":{"rendered":"Souris gaming sans fil LIGHTSPEED Logitech G502"},"content":{"rendered":"<h3><strong>Souris gaming sans fil LIGHTSPEED Logitech G502<\/strong><\/h3>\n<h1 class=\"a-size-base-plus a-text-bold\">\u00c0 propos de cet article<\/h1>\n<ul class=\"a-unordered-list a-vertical a-spacing-mini\">\n<li class=\"a-spacing-mini\"><span class=\"a-list-item\">Conception Haute Performance: la forme embl\u00e9matique qui a repouss\u00e9 les limites de l&#8217;\u00e9quipement optique sur PC a \u00e9volu\u00e9 pour de meilleures performances sans fil ; une coque extra-fine de 1,2 mm et la structure de l&#8217;endosquelette interne r\u00e9duisent le poids pour une prise en main plus ergonomique.Syst\u00e8mes d&#8217;exploitation compatibles : Windows 10, 7 : 32\/64 bits macOS v10.14 Mojave, macOS v10.15 Catalina, macOS v11 Big Sur ; Syst\u00e8mes d&#8217;exploitation r\u00e9seau compatibles : Windows 10, 7 Max. vitesse : &gt; 400 IPS2 test\u00e9<\/span><\/li>\n<li class=\"a-spacing-mini\"><span class=\"a-list-item\">Technologie Wireless LIGHTSPEED sans Fil: les professionnels de l&#8217;eSports font confiance \u00e0 l&#8217;\u00e9cosyst\u00e8me LIGHTSPEED des technologies sans fil pour fournir des performances gamer de qualit\u00e9 professionnelle, ultra-rapides et fiables . Taux de rapport sans fil : 1 000 Hz (1 ms)<\/span><\/li>\n<li class=\"a-spacing-mini\"><span class=\"a-list-item\">Capteur HERO 25K: le capteur HERO offre les meilleures performances de sa cat\u00e9gorie pour atteindre jusqu&#8217;\u00e0 25 600 PPP, pour des performances gamer au pixel pr\u00e8s avec z\u00e9ro lissage, filtrage ou acc\u00e9l\u00e9ration<\/span><\/li>\n<li class=\"a-spacing-mini\"><span class=\"a-list-item\">11 Boutons et Molette de D\u00e9filement Ultra-Rapide: les boutons principaux offrent une tension avec des ressorts m\u00e9talliques pour une activation rapide et pr\u00e9cise. Personnalisez les combinaisons de touches et les macros pour chaque jeu et chaque application. La roulette de d\u00e9filement ultra-rapide vous permet de parcourir rapidement de longs documents et pages Web<\/span><\/li>\n<li class=\"a-spacing-mini\"><span class=\"a-list-item\">Poids et Couleurs enti\u00e8rement Personnalisables: personnalisez le poids et l&#8217;\u00e9quilibre de votre souris RVB avec les six poids ajustables inclus pour un suivi, un ciblage optimis\u00e9 au pixel pr\u00e8s, et une prise en main ergonomique et choisissez parmi les 16,8 millions de couleurs LIGHTSYNC RVB pour une immersion totale<\/span><\/li>\n<li class=\"a-spacing-mini\"><span class=\"a-list-item\">Capteur nouvelle g\u00e9n\u00e9ration: capable de d\u00e9tecter des mouvements au sous-micron pr\u00e8s et de suivre un mouvement \u00e0 moins d\u2019un millioni\u00e8me de m\u00e8tre avec une pr\u00e9cision exceptionnelle<\/span><\/li>\n<li class=\"a-spacing-mini\"><span class=\"a-list-item\">SANS FIL. SANS LIMITE : le n\u00b0 1 mondial des p\u00e9riph\u00e9riques de gaming sans fil &#8211; D&#8217;apr\u00e8s des donn\u00e9es de ventes agr\u00e9g\u00e9es ind\u00e9pendantes (f\u00e9v. 2019 &#8211; f\u00e9v. 2020) sur le nombre d&#8217;unit\u00e9s de p\u00e9riph\u00e9riques de gaming sans fil (claviers, souris et casques PC)<\/span><\/li>\n<li>\n<h2>Informations sur le produit<\/h2>\n<div class=\"a-row a-spacing-top-base\">\n<div class=\"a-column a-span6\">\n<div class=\"a-row a-spacing-base\">\n<div class=\"a-row a-expander-container a-expander-extend-container\">\n<div class=\"a-row\">\n<div class=\"a-column a-span6\">\n<h1 class=\"a-size-medium a-spacing-small\">Descriptif technique:<\/h1>\n<h3><strong>Souris gaming sans fil LIGHTSPEED Logitech G502<\/strong><\/h3>\n<\/div>\n<\/div>\n<div class=\"a-expander-content a-expander-extend-content\" aria-expanded=\"true\">\n<div class=\"a-row a-expander-container a-expander-inline-container\">\n<div class=\"a-expander-content a-expander-section-content a-section-expander-inner\" aria-expanded=\"true\">\n<table id=\"productDetails_techSpec_section_1\" class=\"a-keyvalue prodDetTable\" role=\"presentation\">\n<tbody>\n<tr>\n<th class=\"a-color-secondary a-size-base prodDetSectionEntry\">Marque<\/th>\n<td class=\"a-size-base prodDetAttrValue\">\u200eLogitech\u00a0G<\/td>\n<\/tr>\n<tr>\n<th class=\"a-color-secondary a-size-base prodDetSectionEntry\">Num\u00e9ro du mod\u00e8le de l&#8217;article<\/th>\n<td class=\"a-size-base prodDetAttrValue\">\u200e910-005568<\/td>\n<\/tr>\n<tr>\n<th class=\"a-color-secondary a-size-base prodDetSectionEntry\">s\u00e9ries<\/th>\n<td class=\"a-size-base prodDetAttrValue\">\u200eG502 Lightspeed<\/td>\n<\/tr>\n<tr>\n<th class=\"a-color-secondary a-size-base prodDetSectionEntry\">Couleur<\/th>\n<td class=\"a-size-base prodDetAttrValue\">\u200eNoir<\/td>\n<\/tr>\n<tr>\n<th class=\"a-color-secondary a-size-base prodDetSectionEntry\">Garantie constructeur<\/th>\n<td class=\"a-size-base prodDetAttrValue\">\u200e2 ans<\/td>\n<\/tr>\n<tr>\n<th class=\"a-color-secondary a-size-base prodDetSectionEntry\">Syst\u00e8me d&#8217;exploitation<\/th>\n<td class=\"a-size-base prodDetAttrValue\">\u200eChrome OS<\/td>\n<\/tr>\n<tr>\n<th class=\"a-color-secondary a-size-base prodDetSectionEntry\">Plate-forme du mat\u00e9riel informatique<\/th>\n<td class=\"a-size-base prodDetAttrValue\">\u200ePC<\/td>\n<\/tr>\n<tr>\n<th class=\"a-color-secondary a-size-base prodDetSectionEntry\">Type d&#8217;alimentation<\/th>\n<td class=\"a-size-base prodDetAttrValue\">\u200eAliment\u00e9 par l&#8217;\u00e9nergie solaire<\/td>\n<\/tr>\n<tr>\n<th class=\"a-color-secondary a-size-base prodDetSectionEntry\">Type de connecteur<\/th>\n<td class=\"a-size-base prodDetAttrValue\">\u200eUSB<\/td>\n<\/tr>\n<tr>\n<th class=\"a-color-secondary a-size-base prodDetSectionEntry\">Lat\u00e9ralit\u00e9 manuelle<\/th>\n<td class=\"a-size-base prodDetAttrValue\">\u200eDroite<\/td>\n<\/tr>\n<tr>\n<th class=\"a-color-secondary a-size-base prodDetSectionEntry\">Compatibilit\u00e9 du p\u00e9riph\u00e9rique<\/th>\n<td class=\"a-size-base prodDetAttrValue\">\u200eOrdinateur personnel<\/td>\n<\/tr>\n<tr>\n<th class=\"a-color-secondary a-size-base prodDetSectionEntry\">Dur\u00e9e de vie moyenne (en heures)<\/th>\n<td class=\"a-size-base prodDetAttrValue\">\u200e60 heures<\/td>\n<\/tr>\n<tr>\n<th class=\"a-color-secondary a-size-base prodDetSectionEntry\">Dimensions de l&#8217;article L x L x H<\/th>\n<td class=\"a-size-base prodDetAttrValue\">\u200e13.1 x 7.5 x 4.1 centim\u00e8tres<\/td>\n<\/tr>\n<tr>\n<th class=\"a-color-secondary a-size-base prodDetSectionEntry\">Poids du produit<\/th>\n<td class=\"a-size-base prodDetAttrValue\">\u200e114 Grammes<\/td>\n<\/tr>\n<tr>\n<th class=\"a-color-secondary a-size-base prodDetSectionEntry\">Divers<\/th>\n<td class=\"a-size-base prodDetAttrValue\">\u200e4 Way Scrolling, Sans fil<\/td>\n<\/tr>\n<tr>\n<th class=\"a-color-secondary a-size-base prodDetSectionEntry\">Disponibilit\u00e9 des pi\u00e8ces d\u00e9tach\u00e9es<\/th>\n<td class=\"a-size-base prodDetAttrValue\">\u200e2 Ans<\/td>\n<\/tr>\n<tr>\n<th class=\"a-color-secondary a-size-base prodDetSectionEntry\">Mises \u00e0 jour logicielles garanties jusqu\u2019\u00e0<\/th>\n<td class=\"a-size-base prodDetAttrValue\">\u200e13 avril 2030<\/td>\n<\/tr>\n<\/tbody>\n<\/table>\n<\/div>\n<\/div>\n<\/div>\n<\/div>\n<\/div>\n<\/div>\n<\/div>\n<\/li>\n<\/ul>\n<div id=\"productDetails2_feature_div\" class=\"celwidget pd_rd_w-GdNZ4 pd_rd_r-TSYJ44ME26DSR0BP1WRC pd_rd_wg-2QcF2\" data-feature-name=\"productDetails2\" data-csa-c-type=\"widget\" data-csa-c-content-id=\"productDetails2\" data-csa-c-slot-id=\"productDetails2_feature_div\" data-csa-c-asin=\"\" data-csa-c-is-in-initial-active-row=\"false\" data-csa-c-id=\"wcmfrn-fkox0b-v189c6-8da2l1\" data-cel-widget=\"productDetails2_feature_div\">\n<div>\n<div id=\"prodDetails\" class=\"a-section\">\n<div class=\"a-row a-spacing-top-base\">\n<div class=\"a-column a-span6 a-span-last\">\n<div class=\"a-row a-spacing-base\">\n<div id=\"productDetails_db_sections\" class=\"a-section\">\n<div class=\"a-section table-padding\"><\/div>\n<\/div>\n<\/div>\n<div class=\"a-row a-spacing-base\">\n<div class=\"a-section\"><\/div>\n<\/div>\n<div class=\"a-row\">\n<div class=\"a-section\">\n<div class=\"a-section table-padding\">\n<div class=\"a-row\">\n<div>\n<div id=\"pricingFeedbackDiv\" class=\"detailPageWidgetBlock\"><\/div>\n<\/div>\n<\/div>\n<table id=\"productDetails_feedback_sections\" class=\"a-keyvalue prodDetTable\" role=\"presentation\"><\/table>\n<\/div>\n<\/div>\n<\/div>\n<\/div>\n<\/div>\n<\/div>\n<\/div>\n<\/div>\n<div id=\"productDescription_feature_div\" class=\"celwidget pd_rd_w-r4nzx pd_rd_r-TSYJ44ME26DSR0BP1WRC pd_rd_wg-2QcF2\" data-feature-name=\"productDescription\" data-csa-c-type=\"widget\" data-csa-c-content-id=\"productDescription\" data-csa-c-slot-id=\"productDescription_feature_div\" data-csa-c-asin=\"\" data-csa-c-is-in-initial-active-row=\"false\" data-csa-c-id=\"u08g5h-mgsjlx-2awmfs-zgcasw\" data-cel-widget=\"productDescription_feature_div\">\n<div>\n<div id=\"productDescription_feature_div\" class=\"a-row feature\" data-feature-name=\"productDescription\" data-template-name=\"productDescription\" data-cel-widget=\"productDescription_feature_div\">\n<div class=\"a-divider a-divider-section\"><\/div>\n<\/div>\n<\/div>\n<\/div>\n","protected":false},"excerpt":{"rendered":"<p>La souris gaming sans fil LIGHTSPEED Logitech G502 offre une perfection de forme, de poids et de sensation gr\u00e2ce \u00e0 la collaboration avec plus de 50 joueurs professionnels.<\/p>\n<p>Dot\u00e9e de la technologie\u00a0\u00a0sans fil LIGHTSPEED et du capteur HERO 25K, elle est l&#8217;une des souris les plus populaires dans l&#8217;esport.<\/p>\n<p>Avec ses sp\u00e9cifications techniques avanc\u00e9es, une r\u00e9activit\u00e9 pr\u00e9cise, une durabilit\u00e9 exceptionnelle et une autonomie longue dur\u00e9e, cette souris vous offre une exp\u00e9rience de jeu optimale.<\/p>\n<p>Compatible avec POWERPLAY, elle dispose \u00e9galement d&#8217;une m\u00e9moire int\u00e9gr\u00e9e pour 5 profils et d&#8217;un \u00e9clairage personnalisable LIGHTSYNC RVB.<\/p>\n","protected":false},"featured_media":7875,"comment_status":"open","ping_status":"closed","template":"","meta":{"_acf_changed":false,"_monsterinsights_skip_tracking":false,"_monsterinsights_sitenote_active":false,"_monsterinsights_sitenote_note":"","_monsterinsights_sitenote_category":0,"_uf_show_specific_survey":0,"_uf_disable_surveys":false,"_joinchat":[]},"product_brand":[],"product_cat":[246,297,263,323],"product_tag":[],"class_list":{"0":"post-7880","1":"product","2":"type-product","3":"status-publish","4":"has-post-thumbnail","6":"product_cat-peripherique","7":"product_cat-gaming","8":"product_cat-souris-clavier","9":"product_cat-souris-sans-fil","11":"first","12":"instock","13":"sale","14":"shipping-taxable","15":"purchasable","16":"product-type-simple"},"acf":[],"jetpack_sharing_enabled":true,"_links":{"self":[{"href":"https:\/\/digistar.ma\/index.php?rest_route=\/wp\/v2\/product\/7880","targetHints":{"allow":["GET"]}}],"collection":[{"href":"https:\/\/digistar.ma\/index.php?rest_route=\/wp\/v2\/product"}],"about":[{"href":"https:\/\/digistar.ma\/index.php?rest_route=\/wp\/v2\/types\/product"}],"replies":[{"embeddable":true,"href":"https:\/\/digistar.ma\/index.php?rest_route=%2Fwp%2Fv2%2Fcomments&post=7880"}],"version-history":[{"count":1,"href":"https:\/\/digistar.ma\/index.php?rest_route=\/wp\/v2\/product\/7880\/revisions"}],"predecessor-version":[{"id":7886,"href":"https:\/\/digistar.ma\/index.php?rest_route=\/wp\/v2\/product\/7880\/revisions\/7886"}],"wp:featuredmedia":[{"embeddable":true,"href":"https:\/\/digistar.ma\/index.php?rest_route=\/wp\/v2\/media\/7875"}],"wp:attachment":[{"href":"https:\/\/digistar.ma\/index.php?rest_route=%2Fwp%2Fv2%2Fmedia&parent=7880"}],"wp:term":[{"taxonomy":"product_brand","embeddable":true,"href":"https:\/\/digistar.ma\/index.php?rest_route=%2Fwp%2Fv2%2Fproduct_brand&post=7880"},{"taxonomy":"product_cat","embeddable":true,"href":"https:\/\/digistar.ma\/index.php?rest_route=%2Fwp%2Fv2%2Fproduct_cat&post=7880"},{"taxonomy":"product_tag","embeddable":true,"href":"https:\/\/digistar.ma\/index.php?rest_route=%2Fwp%2Fv2%2Fproduct_tag&post=7880"}],"curies":[{"name":"wp","href":"https:\/\/api.w.org\/{rel}","templated":true}]}}