{"id":7919,"date":"2023-08-17T15:04:27","date_gmt":"2023-08-17T15:04:27","guid":{"rendered":"https:\/\/digistar.ma\/?post_type=product&#038;p=7919"},"modified":"2023-08-17T15:04:27","modified_gmt":"2023-08-17T15:04:27","slug":"hp-106a-noir-w1106a-toner-hp-laserjet","status":"publish","type":"product","link":"https:\/\/digistar.ma\/?product=hp-106a-noir-w1106a-toner-hp-laserjet","title":{"rendered":"HP 106A Noir (W1106A) &#8211; Toner HP LaserJet"},"content":{"rendered":"<p><strong>HP 106A Noir (W1106A) &#8211; Toner HP LaserJet<\/strong><\/p>\n<p>HP 106A &#8211; Toner original\u00a0<strong>HP W1106A<\/strong>. Ce toner HP 106A\u00a0<strong>100% authentique<\/strong>\u00a0vous permettra d&#8217;imprimer\u00a0<strong>jusqu&#8217;\u00e0 1000 pages en noir<\/strong>\u00e0 un taux de couverture de 5%.<\/p>\n<p><strong>Imprimantes compatibles<\/strong> : Hp LaserJet 107 Series , Hp LaserJet 107a , Hp LaserJet 107w , Hp LaserJet MFP 130 Series , Hp LaserJet MFP 135a , Hp LaserJet MFP 137fnw , Hp LaserJet MFP 138fnw<\/p>\n<div>\n<div id=\"overview-description\" class=\"ProductDetailsPage_productOverview__2DngI\">\n<section class=\"ProductDetailsPage_productDetailsBannerWrapper__2VwJ7\">\n<div class=\"ProductDescription_productDescription__2iTwQ\">Les toners HP authentiques assurent des impressions de qualit\u00e9 et une fiabilit\u00e9 remarquable. Tr\u00e8s abordables, ils sont con\u00e7us pour les imprimantes laser HP compactes adapt\u00e9es \u00e0 votre domicile ou \u00e0 votre bureau ainsi qu&#8217;\u00e0 votre budget.<\/div>\n<\/section>\n<div class=\"KeySellingPointsContainer_container__h7h42\">\n<section class=\"ProductKeySellingPoints_root__2LZ6p KeySellingPointsContainer_keySellingPoints__RHxIr\" data-test-hook=\"@hpstellar\/storefront-ui-product-key-selling-points\">\n<div class=\"ProductKeySellingPoints_kspSection__3Fumw\">\n<h4 class=\"ProductKeySellingPoints_title__EfldW\">Un prix incroyable pour une qualit\u00e9 incroyable<\/h4>\n<div class=\"ProductKeySellingPoints_description__1LCVX\">Une qualit\u00e9 d&#8217;impression fiable gr\u00e2ce aux toners HP authentiques, adapt\u00e9s \u00e0 presque tous les budgets. Vous pouvez compter sur une impression homog\u00e8ne \u00e0 un co\u00fbt d&#8217;achat r\u00e9duit.<\/div>\n<\/div>\n<div class=\"ProductKeySellingPoints_kspSection__3Fumw\">\n<h4 class=\"ProductKeySellingPoints_title__EfldW\">B\u00e9n\u00e9ficiez de la qualit\u00e9 de texte d&#8217;un toner HP authentique<\/h4>\n<div class=\"ProductKeySellingPoints_description__1LCVX\">Imprimez des documents de qualit\u00e9 professionnelle avec du toner HP qui produit du texte ainsi que des graphismes noirs et pr\u00e9cis.<\/div>\n<\/div>\n<div class=\"ProductKeySellingPoints_kspSection__3Fumw\">\n<h4 class=\"ProductKeySellingPoints_title__EfldW\">Remplacement simple et direct<\/h4>\n<div class=\"ProductKeySellingPoints_description__1LCVX\">Reprenez le travail rapidement. Les cartouches de toner authentique HP sont faciles \u00e0 installer.<\/div>\n<\/div>\n<\/section>\n<\/div>\n<\/div>\n<\/div>\n<section id=\"features\">\n<section class=\"ProductDetailsPage_productFeatures__13a1k\">\n<div class=\"\" data-test-hook=\"@hpstellar\/pdp\/features__wrapper__desktopContent\">\n<div>\n<div class=\"Features-module_root__4vybP\" data-test-hook=\"@hpstellar\/pdp\/features\">\n<div class=\"Container-module_root__luUPH Container-module_container--lg__feuKK Container-module_container--xl__GoLm0 Container-module_container--xxl__zyP-r Features-module_container__9zy8X Features-module_defaultFeaturesContainer__BzLKg\" data-test-hook=\"@hpstellar\/core\/container\">\n<div class=\"Container-module_row__K-k6j Container-module_negativeMargin__9e8-u\" data-test-hook=\"@hpstellar\/core\/grid-container\">\n<div class=\"Col-module_col__IAg7z Col-module_lg-6__sbQte Features-module_column__NM8sE Col-module_gutter__kiWeK\" data-test-hook=\"@hpstellar\/core\/grid-col\">\n<h3 class=\"Typography-module_root__eQwd4 Typography-module_titleM__lNAVX Features-module_title__XRN2i Typography-module_responsive__iddT7\" data-test-hook=\"@hpstellar\/core\/typography\">Con\u00e7ues pour une fiabilit\u00e9 de pointe<\/h3>\n<p class=\"Typography-module_root__eQwd4 Typography-module_bodyM__XNddq Typography-module_responsive__iddT7\" data-test-hook=\"@hpstellar\/core\/typography\">Soyez assur\u00e9 que les cartouches HP authentiques fourniront de mani\u00e8re constante des r\u00e9sultats de qualit\u00e9 et des performances sup\u00e9rieures.<\/p>\n<\/div>\n<div class=\"Col-module_col__IAg7z Col-module_lg-6__sbQte Features-module_column__NM8sE Col-module_gutter__kiWeK\" data-test-hook=\"@hpstellar\/core\/grid-col\">\n<h3 class=\"Typography-module_root__eQwd4 Typography-module_titleM__lNAVX Features-module_title__XRN2i Typography-module_responsive__iddT7\" data-test-hook=\"@hpstellar\/core\/typography\">Soyez fier de la qualit\u00e9 de vos impressions avec HP 106A Noir (W1106A) &#8211; Toner HP LaserJet<\/h3>\n<\/div>\n<p>Couleur(s): Noir<br \/>\nCapacit\u00e9 d&#8217;impression: \u00a01 000 pages<br \/>\nTechnologie d&#8217;impression: Laser<br \/>\nPoids: 0,69 kg<\/p>\n<\/div>\n<\/div>\n<\/div>\n<\/div>\n<\/div>\n<\/section>\n<\/section>\n<p>&nbsp;<\/p>\n","protected":false},"excerpt":{"rendered":"<p>Couleur(s): Noir<br \/>\nCapacit\u00e9 d&#8217;impression: \u00a01 000 pages<br \/>\nTechnologie d&#8217;impression: Laser<br \/>\nPoids: 0,69 kg<\/p>\n","protected":false},"featured_media":7920,"comment_status":"open","ping_status":"closed","template":"","meta":{"_acf_changed":false,"_monsterinsights_skip_tracking":false,"_monsterinsights_sitenote_active":false,"_monsterinsights_sitenote_note":"","_monsterinsights_sitenote_category":0,"_uf_show_specific_survey":0,"_uf_disable_surveys":false,"_joinchat":[]},"product_brand":[],"product_cat":[15,238,248],"product_tag":[],"class_list":{"0":"post-7919","1":"product","2":"type-product","3":"status-publish","4":"has-post-thumbnail","6":"product_cat-imprimante-scanner","7":"product_cat-consommables","8":"product_cat-toner","10":"first","11":"instock","12":"sale","13":"shipping-taxable","14":"purchasable","15":"product-type-simple"},"acf":[],"jetpack_sharing_enabled":true,"_links":{"self":[{"href":"https:\/\/digistar.ma\/index.php?rest_route=\/wp\/v2\/product\/7919","targetHints":{"allow":["GET"]}}],"collection":[{"href":"https:\/\/digistar.ma\/index.php?rest_route=\/wp\/v2\/product"}],"about":[{"href":"https:\/\/digistar.ma\/index.php?rest_route=\/wp\/v2\/types\/product"}],"replies":[{"embeddable":true,"href":"https:\/\/digistar.ma\/index.php?rest_route=%2Fwp%2Fv2%2Fcomments&post=7919"}],"version-history":[{"count":1,"href":"https:\/\/digistar.ma\/index.php?rest_route=\/wp\/v2\/product\/7919\/revisions"}],"predecessor-version":[{"id":7924,"href":"https:\/\/digistar.ma\/index.php?rest_route=\/wp\/v2\/product\/7919\/revisions\/7924"}],"wp:featuredmedia":[{"embeddable":true,"href":"https:\/\/digistar.ma\/index.php?rest_route=\/wp\/v2\/media\/7920"}],"wp:attachment":[{"href":"https:\/\/digistar.ma\/index.php?rest_route=%2Fwp%2Fv2%2Fmedia&parent=7919"}],"wp:term":[{"taxonomy":"product_brand","embeddable":true,"href":"https:\/\/digistar.ma\/index.php?rest_route=%2Fwp%2Fv2%2Fproduct_brand&post=7919"},{"taxonomy":"product_cat","embeddable":true,"href":"https:\/\/digistar.ma\/index.php?rest_route=%2Fwp%2Fv2%2Fproduct_cat&post=7919"},{"taxonomy":"product_tag","embeddable":true,"href":"https:\/\/digistar.ma\/index.php?rest_route=%2Fwp%2Fv2%2Fproduct_tag&post=7919"}],"curies":[{"name":"wp","href":"https:\/\/api.w.org\/{rel}","templated":true}]}}