{"id":7939,"date":"2023-08-18T11:36:51","date_gmt":"2023-08-18T11:36:51","guid":{"rendered":"https:\/\/digistar.ma\/?post_type=product&#038;p=7939"},"modified":"2026-04-27T13:54:36","modified_gmt":"2026-04-27T13:54:36","slug":"hp-103a-noir-w1103a-toner-hp-laserjet-dorigine-neverstop","status":"publish","type":"product","link":"https:\/\/digistar.ma\/?product=hp-103a-noir-w1103a-toner-hp-laserjet-dorigine-neverstop","title":{"rendered":"HP 103A Noir (W1103A) &#8211; Toner HP LaserJet d&#8217;origine Neverstop"},"content":{"rendered":"<p>HP 103A Noir (W1103A) &#8211; Toner HP LaserJet d&#8217;origine Neverstop<\/p>\n<p>&nbsp;<\/p>\n<p>Imprimez des milliers de pages de haute qualit\u00e9 laser, sans cartouche, gr\u00e2ce au syst\u00e8me de recharge de toner facile \u00e0 utiliser et exclusif\u00a0<span class=\"m-text-nowrap\">HP.\u00a0<\/span>Vous pouvez compter sur HP pour la qualit\u00e9 de vos impressions et sur la fiabilit\u00e9 \u00e0 un co\u00fbt ultra-r\u00e9duit, tout en b\u00e9n\u00e9ficiant d&#8217;innovations dans l&#8217;impression.<\/p>\n<ul>\n<li>Sous-groupe de produit: Cartouches d&#8217;encre de capacit\u00e9 standard<\/li>\n<li>Couleur(s) des consommables d\u2019impression: Noir<\/li>\n<li>Nombre total de pages (couleur): 2 500 pages<\/li>\n<li>Contenu de l\u2019emballage: Kit de cartouche de recharge\u00a0; Guide de recyclage\u00a0; Guide de configuration\u00a0; Garantie<\/li>\n<\/ul>\n<h4>POUR LES IMPRIMANTES<\/h4>\n<div class=\"ccs-cc-inline-compatibleitems-row\">\n<div>Neverstop Laser HP 1000 n (5HG74A)<\/div>\n<div>Imprimante multifonction HP Neverstop Laser 1200n (5HG87A)<\/div>\n<\/div>\n<div class=\"ccs-cc-inline-compatibleitems-row\">\n<div>HP Laser Neverstop 1000w (4RY23A)<\/div>\n<div>HP Neverstop Laser 1000a (4RY22A)<\/div>\n<\/div>\n<ul>\n<li>\n<div class=\"c-column-module-feature\">\n<h4 class=\"c-column-module-feature__title h4\">Con\u00e7ues pour une fiabilit\u00e9 de pointe<\/h4>\n<div class=\"c-column-module-feature__description h5\">\n<p>Vous pouvez \u00eatre s\u00fbr que les kits de recharge de toner HP authentiques fourniront de mani\u00e8re constante des r\u00e9sultats de qualit\u00e9 et des performances sup\u00e9rieures.<\/p>\n<\/div>\n<\/div>\n<div class=\"c-column-module-feature\">\n<h4 class=\"c-column-module-feature__title h4\">Con\u00e7ues pour une fiabilit\u00e9 de pointe<\/h4>\n<div class=\"c-column-module-feature__description h5\">\n<p>Vous pouvez \u00eatre s\u00fbr que les kits de recharge de toner HP authentiques fourniront de mani\u00e8re constante des r\u00e9sultats de qualit\u00e9 et des performances\u00a0<span class=\"m-text-nowrap\">sup\u00e9rieures.<\/span><\/p>\n<\/div>\n<\/div>\n<div class=\"c-column-module-feature\">\n<h4 class=\"c-column-module-feature__title h4\">Soyez fier de la qualit\u00e9 de vos impressions<\/h4>\n<div class=\"c-column-module-feature__description h5\">\n<p>Profitez d&#8217;une qualit\u00e9 d&#8217;impression sup\u00e9rieure avec le toner HP authentique, con\u00e7u pour des textes nets et des noirs profonds pour un fort impact.<\/p>\n<\/div>\n<\/div>\n<div class=\"c-column-module-feature\">\n<h4 class=\"c-column-module-feature__title h4\">Faites le choix de l\u2019environnement<\/h4>\n<div class=\"c-column-module-feature__description h5\">\n<p>Imprimez en toute confiance\u00a0: les cartouches HP authentiques sont con\u00e7ues dans le respect de notre plan\u00e8te, avec un recyclage facile et une diminution des\u00a0<span class=\"m-text-nowrap\">d\u00e9chets.<\/span><\/p>\n<\/div>\n<\/div>\n<\/li>\n<\/ul>\n","protected":false},"excerpt":{"rendered":"<p>Couleur(s): Noir<br \/>\nCapacit\u00e9 d&#8217;impression: 2500 pages<br \/>\nTechnologie d&#8217;impression: Laser<br \/>\nPoids: 0,28 kg<\/p>\n","protected":false},"featured_media":7940,"comment_status":"open","ping_status":"closed","template":"","meta":{"_acf_changed":false,"_monsterinsights_skip_tracking":false,"_monsterinsights_sitenote_active":false,"_monsterinsights_sitenote_note":"","_monsterinsights_sitenote_category":0,"_uf_show_specific_survey":0,"_uf_disable_surveys":false,"_joinchat":[]},"product_brand":[],"product_cat":[15,238,248],"product_tag":[],"class_list":{"0":"post-7939","1":"product","2":"type-product","3":"status-publish","4":"has-post-thumbnail","6":"product_cat-imprimante-scanner","7":"product_cat-consommables","8":"product_cat-toner","10":"first","11":"outofstock","12":"sale","13":"shipping-taxable","14":"purchasable","15":"product-type-simple"},"acf":[],"jetpack_sharing_enabled":true,"_links":{"self":[{"href":"https:\/\/digistar.ma\/index.php?rest_route=\/wp\/v2\/product\/7939","targetHints":{"allow":["GET"]}}],"collection":[{"href":"https:\/\/digistar.ma\/index.php?rest_route=\/wp\/v2\/product"}],"about":[{"href":"https:\/\/digistar.ma\/index.php?rest_route=\/wp\/v2\/types\/product"}],"replies":[{"embeddable":true,"href":"https:\/\/digistar.ma\/index.php?rest_route=%2Fwp%2Fv2%2Fcomments&post=7939"}],"version-history":[{"count":1,"href":"https:\/\/digistar.ma\/index.php?rest_route=\/wp\/v2\/product\/7939\/revisions"}],"predecessor-version":[{"id":7945,"href":"https:\/\/digistar.ma\/index.php?rest_route=\/wp\/v2\/product\/7939\/revisions\/7945"}],"wp:featuredmedia":[{"embeddable":true,"href":"https:\/\/digistar.ma\/index.php?rest_route=\/wp\/v2\/media\/7940"}],"wp:attachment":[{"href":"https:\/\/digistar.ma\/index.php?rest_route=%2Fwp%2Fv2%2Fmedia&parent=7939"}],"wp:term":[{"taxonomy":"product_brand","embeddable":true,"href":"https:\/\/digistar.ma\/index.php?rest_route=%2Fwp%2Fv2%2Fproduct_brand&post=7939"},{"taxonomy":"product_cat","embeddable":true,"href":"https:\/\/digistar.ma\/index.php?rest_route=%2Fwp%2Fv2%2Fproduct_cat&post=7939"},{"taxonomy":"product_tag","embeddable":true,"href":"https:\/\/digistar.ma\/index.php?rest_route=%2Fwp%2Fv2%2Fproduct_tag&post=7939"}],"curies":[{"name":"wp","href":"https:\/\/api.w.org\/{rel}","templated":true}]}}