{"id":7965,"date":"2023-08-18T14:14:04","date_gmt":"2023-08-18T14:14:04","guid":{"rendered":"https:\/\/digistar.ma\/?post_type=product&#038;p=7965"},"modified":"2023-08-19T09:37:18","modified_gmt":"2023-08-19T09:37:18","slug":"hp-216a-magenta-w2413a-toner-hp-laserjet-dorigine","status":"publish","type":"product","link":"https:\/\/digistar.ma\/?product=hp-216a-magenta-w2413a-toner-hp-laserjet-dorigine","title":{"rendered":"HP 216A Magenta (W2413A) &#8211; Toner HP LaserJet d&#8217;origine"},"content":{"rendered":"<p><strong>HP 216A Magenta (W2413A) &#8211; Toner HP LaserJet d&#8217;origine<\/strong><\/p>\n<p>HP 216A magenta &#8211; Toner original\u00a0<strong>HP W2413A<\/strong>. Ce toner HP 216A magenta\u00a0<strong>100% authentique<\/strong>\u00a0vous permettra d&#8217;imprimer\u00a0<strong>jusqu&#8217;\u00e0 850 pages en magenta \u00e0 un taux de couverture de 5%<\/strong><\/p>\n<p><label class=\"label\">Imprimantes compatibles :<\/label>Hp Color LaserJet Pro M155nw\u00a0,\u00a0Hp Color LaserJet Pro M180 Series\u00a0,\u00a0Hp Color LaserJet Pro M182n\u00a0,\u00a0Hp Color LaserJet Pro M182nw\u00a0,\u00a0Hp Color LaserJet Pro MFP M183fw<\/p>\n<p>Imprimez tous vos documents professionnels rapidement et efficacement et de faites correspondre les performances de votre HP Color LaserJet Pro avec les cartouches de toner HP d\u2019origine avec JetIntelligence. Faites confiance \u00e0 la qualit\u00e9 et fiabilit\u00e9 pour des r\u00e9sultats d\u2019impression HP.<\/p>\n<ul>\n<li>Sous-groupe de produit: Cartouches d&#8217;encre de capacit\u00e9 standard<\/li>\n<li>Couleur(s) des consommables d\u2019impression: Magenta<\/li>\n<li>Nombre total de pages (couleur): 850 pages ~850 pages<\/li>\n<li>Contenu de l\u2019emballage: Cartouche de toner ; Guide de recyclage<\/li>\n<li>\n<div class=\"c-column-module-feature\">\n<h4 class=\"c-column-module-feature__title h4\">Les cartouches de toner HP 216 fonctionnent avec\u00a0:<\/h4>\n<div class=\"c-column-module-feature__description h5\">\n<p>HP LaserJet Pro M182, M183<\/p>\n<\/div>\n<\/div>\n<div class=\"c-column-module-feature\">\n<h4 class=\"c-column-module-feature__title h4\">Con\u00e7ues pour une fiabilit\u00e9 de pointe<\/h4>\n<div class=\"c-column-module-feature__description h5\">\n<p>Soyez assur\u00e9 que les cartouches HP authentiques fourniront de mani\u00e8re constante des r\u00e9sultats de qualit\u00e9 et des performances\u00a0<span class=\"m-text-nowrap\">sup\u00e9rieures.<\/span><\/p>\n<\/div>\n<\/div>\n<div class=\"c-column-module-feature\">\n<h4 class=\"c-column-module-feature__title h4\">Soyez fier de la qualit\u00e9 de vos impressions<\/h4>\n<div class=\"c-column-module-feature__description h5\">\n<p>Profitez d\u2019une qualit\u00e9 d\u2019impression sup\u00e9rieure avec les cartouches HP authentiques, con\u00e7ues pour des couleurs \u00e9clatantes, des textes nets et des noirs riches et obtenez un impact puissant.<\/p>\n<\/div>\n<\/div>\n<div class=\"c-column-module-feature\">\n<h4 class=\"c-column-module-feature__title h4\">Faites le choix de l\u2019environnement.<\/h4>\n<div class=\"c-column-module-feature__description h5\">\n<p>Imprimez en toute confiance : les cartouches HP authentiques con\u00e7ues dans le respect de notre plan\u00e8te, avec un recyclage facile et une diminution des\u00a0<span class=\"m-text-nowrap\">d\u00e9chets.<\/span><\/p>\n<p><strong>HP 216A Magenta (W2413A) &#8211; Toner HP LaserJet d&#8217;origine<\/strong><\/p>\n<p>Couleur(s): Magenta<br \/>\nCapacit\u00e9 d&#8217;impression: 850 pages<br \/>\nTechnologie d&#8217;impression: Laser<br \/>\nPoids: 0,53\u00a0kg<\/p>\n<p>&nbsp;<\/p>\n<\/div>\n<\/div>\n<\/li>\n<\/ul>\n","protected":false},"excerpt":{"rendered":"<p>Couleur(s): Magenta<br \/>\nCapacit\u00e9 d&#8217;impression: 850 pages<br \/>\nTechnologie d&#8217;impression: Laser<br \/>\nPoids: 0,53\u00a0kg<\/p>\n","protected":false},"featured_media":7966,"comment_status":"open","ping_status":"closed","template":"","meta":{"_acf_changed":false,"_monsterinsights_skip_tracking":false,"_monsterinsights_sitenote_active":false,"_monsterinsights_sitenote_note":"","_monsterinsights_sitenote_category":0,"_uf_show_specific_survey":0,"_uf_disable_surveys":false,"_joinchat":[]},"product_brand":[],"product_cat":[15,238,248],"product_tag":[],"class_list":{"0":"post-7965","1":"product","2":"type-product","3":"status-publish","4":"has-post-thumbnail","6":"product_cat-imprimante-scanner","7":"product_cat-consommables","8":"product_cat-toner","10":"first","11":"instock","12":"sale","13":"shipping-taxable","14":"purchasable","15":"product-type-simple"},"acf":[],"jetpack_sharing_enabled":true,"_links":{"self":[{"href":"https:\/\/digistar.ma\/index.php?rest_route=\/wp\/v2\/product\/7965","targetHints":{"allow":["GET"]}}],"collection":[{"href":"https:\/\/digistar.ma\/index.php?rest_route=\/wp\/v2\/product"}],"about":[{"href":"https:\/\/digistar.ma\/index.php?rest_route=\/wp\/v2\/types\/product"}],"replies":[{"embeddable":true,"href":"https:\/\/digistar.ma\/index.php?rest_route=%2Fwp%2Fv2%2Fcomments&post=7965"}],"version-history":[{"count":1,"href":"https:\/\/digistar.ma\/index.php?rest_route=\/wp\/v2\/product\/7965\/revisions"}],"predecessor-version":[{"id":7971,"href":"https:\/\/digistar.ma\/index.php?rest_route=\/wp\/v2\/product\/7965\/revisions\/7971"}],"wp:featuredmedia":[{"embeddable":true,"href":"https:\/\/digistar.ma\/index.php?rest_route=\/wp\/v2\/media\/7966"}],"wp:attachment":[{"href":"https:\/\/digistar.ma\/index.php?rest_route=%2Fwp%2Fv2%2Fmedia&parent=7965"}],"wp:term":[{"taxonomy":"product_brand","embeddable":true,"href":"https:\/\/digistar.ma\/index.php?rest_route=%2Fwp%2Fv2%2Fproduct_brand&post=7965"},{"taxonomy":"product_cat","embeddable":true,"href":"https:\/\/digistar.ma\/index.php?rest_route=%2Fwp%2Fv2%2Fproduct_cat&post=7965"},{"taxonomy":"product_tag","embeddable":true,"href":"https:\/\/digistar.ma\/index.php?rest_route=%2Fwp%2Fv2%2Fproduct_tag&post=7965"}],"curies":[{"name":"wp","href":"https:\/\/api.w.org\/{rel}","templated":true}]}}