{"id":7992,"date":"2023-08-18T16:42:42","date_gmt":"2023-08-18T16:42:42","guid":{"rendered":"https:\/\/digistar.ma\/?post_type=product&#038;p=7992"},"modified":"2023-08-19T09:08:47","modified_gmt":"2023-08-19T09:08:47","slug":"hp-117a-noir-w2070a-toner-hp-laserjet-dorigine","status":"publish","type":"product","link":"https:\/\/digistar.ma\/?product=hp-117a-noir-w2070a-toner-hp-laserjet-dorigine","title":{"rendered":"HP 117A Noir (W2070A) &#8211; Toner HP LaserJet d&#8217;origine"},"content":{"rendered":"<p><strong>HP 117A Noir (W2070A) &#8211; Toner HP LaserJet d&#8217;origine\u00a0<\/strong><\/p>\n<p>HP 117A &#8211; Toner original\u00a0<strong>HP W2070A<\/strong>. Ce toner HP 117A\u00a0<strong>100% authentique<\/strong>\u00a0vous permettra d&#8217;imprimer\u00a0<strong>jusqu&#8217;\u00e0 1000 pages en noir<\/strong> \u00e0 un taux de couverture de 5%<\/p>\n<p>Hp Color Laser 150 , Hp Color Laser 150a , Hp Color Laser 150nw , Hp Color LaserJet Pro 178nw , Hp Color Laser MFP 178 , Hp Color Laser MFP 178fwg , Hp Color Laser MFP 178nw , Hp Color Laser MFP 178nwg , Hp Color Laser MFP 179 , Hp Color Laser MFP 179fnw , Hp Color LaserJet MFP 179fnw , Hp Color Laser MFP 179fwg , Hp Color Laser MFP 179nwg<\/p>\n<p>&nbsp;<\/p>\n<div class=\"KeySellingPointsContainer_container__h7h42\">\n<section class=\"ProductKeySellingPoints_root__2LZ6p KeySellingPointsContainer_keySellingPoints__RHxIr\" data-test-hook=\"@hpstellar\/storefront-ui-product-key-selling-points\">\n<div class=\"ProductKeySellingPoints_kspSection__3Fumw\">\n<h4 class=\"ProductKeySellingPoints_title__EfldW\">Un prix incroyable pour une qualit\u00e9 incroyable<\/h4>\n<div class=\"ProductKeySellingPoints_description__1LCVX\">Une qualit\u00e9 fiable gr\u00e2ce \u00e0 des toners HP authentiques qui assurent une impression homog\u00e8ne \u00e0 un co\u00fbt d&#8217;achat r\u00e9duit.<\/div>\n<\/div>\n<div class=\"ProductKeySellingPoints_kspSection__3Fumw\">\n<h4 class=\"ProductKeySellingPoints_title__EfldW\">B\u00e9n\u00e9ficiez de la qualit\u00e9 de texte avec le toner HP authentique<\/h4>\n<div class=\"ProductKeySellingPoints_description__1LCVX\">Imprimez des documents de qualit\u00e9 professionnelle avec du toner HP qui produit du texte ainsi que des graphismes noirs et pr\u00e9cis.<\/div>\n<\/div>\n<div class=\"ProductKeySellingPoints_kspSection__3Fumw\">\n<h4 class=\"ProductKeySellingPoints_title__EfldW\">Remplacement simple et direct <strong>HP 117A Noir (W2070A) &#8211; Toner HP LaserJet d&#8217;origine\u00a0<\/strong><\/h4>\n<div class=\"ProductKeySellingPoints_description__1LCVX\">Reprenez les affaires rapidement. Le toner HP authentique est facile \u00e0 installer.<\/div>\n<div>Couleur(s):\u00a0 Noir<br \/>\nCapacit\u00e9 d&#8217;impression: 1 000 pages<br \/>\nTechnologie d&#8217;impression: Laser<br \/>\nPoids: 0,48 kg<\/div>\n<\/div>\n<\/section>\n<\/div>\n<p><label class=\"label\">\u00a0<\/label><\/p>\n","protected":false},"excerpt":{"rendered":"<p>Couleur(s):\u00a0 Noir<br \/>\nCapacit\u00e9 d&#8217;impression: 1 000 pages<br \/>\nTechnologie d&#8217;impression: Laser<br \/>\nPoids: 0,48 kg<\/p>\n","protected":false},"featured_media":7993,"comment_status":"open","ping_status":"closed","template":"","meta":{"_acf_changed":false,"_monsterinsights_skip_tracking":false,"_monsterinsights_sitenote_active":false,"_monsterinsights_sitenote_note":"","_monsterinsights_sitenote_category":0,"_uf_show_specific_survey":0,"_uf_disable_surveys":false,"_joinchat":[]},"product_brand":[],"product_cat":[15,238,248],"product_tag":[],"class_list":{"0":"post-7992","1":"product","2":"type-product","3":"status-publish","4":"has-post-thumbnail","6":"product_cat-imprimante-scanner","7":"product_cat-consommables","8":"product_cat-toner","10":"first","11":"instock","12":"sale","13":"shipping-taxable","14":"purchasable","15":"product-type-simple"},"acf":[],"jetpack_sharing_enabled":true,"_links":{"self":[{"href":"https:\/\/digistar.ma\/index.php?rest_route=\/wp\/v2\/product\/7992","targetHints":{"allow":["GET"]}}],"collection":[{"href":"https:\/\/digistar.ma\/index.php?rest_route=\/wp\/v2\/product"}],"about":[{"href":"https:\/\/digistar.ma\/index.php?rest_route=\/wp\/v2\/types\/product"}],"replies":[{"embeddable":true,"href":"https:\/\/digistar.ma\/index.php?rest_route=%2Fwp%2Fv2%2Fcomments&post=7992"}],"version-history":[{"count":3,"href":"https:\/\/digistar.ma\/index.php?rest_route=\/wp\/v2\/product\/7992\/revisions"}],"predecessor-version":[{"id":8042,"href":"https:\/\/digistar.ma\/index.php?rest_route=\/wp\/v2\/product\/7992\/revisions\/8042"}],"wp:featuredmedia":[{"embeddable":true,"href":"https:\/\/digistar.ma\/index.php?rest_route=\/wp\/v2\/media\/7993"}],"wp:attachment":[{"href":"https:\/\/digistar.ma\/index.php?rest_route=%2Fwp%2Fv2%2Fmedia&parent=7992"}],"wp:term":[{"taxonomy":"product_brand","embeddable":true,"href":"https:\/\/digistar.ma\/index.php?rest_route=%2Fwp%2Fv2%2Fproduct_brand&post=7992"},{"taxonomy":"product_cat","embeddable":true,"href":"https:\/\/digistar.ma\/index.php?rest_route=%2Fwp%2Fv2%2Fproduct_cat&post=7992"},{"taxonomy":"product_tag","embeddable":true,"href":"https:\/\/digistar.ma\/index.php?rest_route=%2Fwp%2Fv2%2Fproduct_tag&post=7992"}],"curies":[{"name":"wp","href":"https:\/\/api.w.org\/{rel}","templated":true}]}}