{"id":8022,"date":"2023-08-18T18:50:19","date_gmt":"2023-08-18T18:50:19","guid":{"rendered":"https:\/\/digistar.ma\/?post_type=product&#038;p=8022"},"modified":"2023-08-19T08:51:58","modified_gmt":"2023-08-19T08:51:58","slug":"hp-117a-jaune-w2072a-toner-hp-laserjet-dorigine-2","status":"publish","type":"product","link":"https:\/\/digistar.ma\/?product=hp-117a-jaune-w2072a-toner-hp-laserjet-dorigine-2","title":{"rendered":"HP 117A Jaune (W2072A) &#8211; Toner HP LaserJet d&#8217;origine"},"content":{"rendered":"<p><strong>HP 117A Jaune (W2072A) &#8211; Toner HP LaserJet d&#8217;origine<\/strong><\/p>\n<p>HP 117A &#8211; Toner compatible remplace le mod\u00e8le original\u00a0<strong>HP W2072A<\/strong>. Cette cartouche toner compatible HP 117A vous permettra d&#8217;imprimer\u00a0<strong>jusqu&#8217;\u00e0 700 pages en jaune<\/strong> \u00e0 un taux de couverture de 5%. Couleur : jaune. Capacit\u00e9<\/p>\n<p>Hp Color Laser 150 , Hp Color Laser 150a , Hp Color Laser 150nw , Hp Color LaserJet Pro 178nw , Hp Color Laser MFP 178 , Hp Color Laser MFP 178fwg , Hp Color Laser MFP 178nw ,<\/p>\n<p>Hp Color Laser MFP 178nwg , Hp Color Laser MFP 179 , Hp Color Laser MFP 179fnw , Hp Color LaserJet MFP 179fnw , Hp Color Laser MFP 179fwg , Hp Color Laser MFP 179nwg<\/p>\n<section class=\"ProductDetailsPage_productDetailsBannerWrapper__2VwJ7\">\n<div class=\"ProductDescription_productDescription__2iTwQ\">Imprimez des documents professionnels rehauss\u00e9s de couleurs et des supports marketing aux couleurs \u00e9clatantes. Les toners laser HP authentiques, fiables et bon march\u00e9, sont con\u00e7us pour s\u2019adapter \u00e0 votre domicile ou \u00e0 votre bureau ainsi qu\u2019\u00e0 votre budget.<\/div>\n<\/section>\n<div class=\"KeySellingPointsContainer_container__h7h42\">\n<section class=\"ProductKeySellingPoints_root__2LZ6p KeySellingPointsContainer_keySellingPoints__RHxIr\" data-test-hook=\"@hpstellar\/storefront-ui-product-key-selling-points\">\n<div class=\"ProductKeySellingPoints_kspSection__3Fumw\">\n<h4 class=\"ProductKeySellingPoints_title__EfldW\">Un prix incroyable pour une qualit\u00e9 incroyable<\/h4>\n<div class=\"ProductKeySellingPoints_description__1LCVX\">Une qualit\u00e9 fiable gr\u00e2ce \u00e0 des toners HP authentiques qui assurent une impression homog\u00e8ne \u00e0 un co\u00fbt d&#8217;achat r\u00e9duit.<\/div>\n<\/div>\n<div class=\"ProductKeySellingPoints_kspSection__3Fumw\">\n<h4 class=\"ProductKeySellingPoints_title__EfldW\">B\u00e9n\u00e9ficiez de la qualit\u00e9 de texte avec le toner HP authentique<\/h4>\n<div class=\"ProductKeySellingPoints_description__1LCVX\">Imprimez des documents de qualit\u00e9 professionnelle avec du toner HP qui produit du texte ainsi que des graphismes noirs et pr\u00e9cis.<\/div>\n<\/div>\n<div class=\"ProductKeySellingPoints_kspSection__3Fumw\">\n<h4 class=\"ProductKeySellingPoints_title__EfldW\">Remplacement simple et direct de <strong>HP 117A Jaune (W2072A) &#8211; Toner HP LaserJet d&#8217;origine<\/strong><\/h4>\n<div class=\"ProductKeySellingPoints_description__1LCVX\">Reprenez les affaires rapidement. Le toner HP authentique est facile \u00e0 installer.<\/div>\n<div>Couleur(s): Jaune<br \/>\nCapacit\u00e9 d&#8217;impression: 700\u00a0pages<br \/>\nTechnologie d&#8217;impression: Laser<br \/>\nPoids: 0,44 kg<\/div>\n<div><\/div>\n<div><\/div>\n<div><\/div>\n<\/div>\n<\/section>\n<\/div>\n<p>&nbsp;<\/p>\n","protected":false},"excerpt":{"rendered":"<p>Couleur(s): Jaune<br \/>\nCapacit\u00e9 d&#8217;impression: 700\u00a0pages<br \/>\nTechnologie d&#8217;impression: Laser<br \/>\nPoids: 0,44 kg<\/p>\n","protected":false},"featured_media":8023,"comment_status":"open","ping_status":"closed","template":"","meta":{"_acf_changed":false,"_monsterinsights_skip_tracking":false,"_monsterinsights_sitenote_active":false,"_monsterinsights_sitenote_note":"","_monsterinsights_sitenote_category":0,"_uf_show_specific_survey":0,"_uf_disable_surveys":false,"_joinchat":[]},"product_brand":[],"product_cat":[15,238,248],"product_tag":[],"class_list":{"0":"post-8022","1":"product","2":"type-product","3":"status-publish","4":"has-post-thumbnail","6":"product_cat-imprimante-scanner","7":"product_cat-consommables","8":"product_cat-toner","10":"first","11":"instock","12":"sale","13":"shipping-taxable","14":"purchasable","15":"product-type-simple"},"acf":[],"jetpack_sharing_enabled":true,"_links":{"self":[{"href":"https:\/\/digistar.ma\/index.php?rest_route=\/wp\/v2\/product\/8022","targetHints":{"allow":["GET"]}}],"collection":[{"href":"https:\/\/digistar.ma\/index.php?rest_route=\/wp\/v2\/product"}],"about":[{"href":"https:\/\/digistar.ma\/index.php?rest_route=\/wp\/v2\/types\/product"}],"replies":[{"embeddable":true,"href":"https:\/\/digistar.ma\/index.php?rest_route=%2Fwp%2Fv2%2Fcomments&post=8022"}],"version-history":[{"count":3,"href":"https:\/\/digistar.ma\/index.php?rest_route=\/wp\/v2\/product\/8022\/revisions"}],"predecessor-version":[{"id":8030,"href":"https:\/\/digistar.ma\/index.php?rest_route=\/wp\/v2\/product\/8022\/revisions\/8030"}],"wp:featuredmedia":[{"embeddable":true,"href":"https:\/\/digistar.ma\/index.php?rest_route=\/wp\/v2\/media\/8023"}],"wp:attachment":[{"href":"https:\/\/digistar.ma\/index.php?rest_route=%2Fwp%2Fv2%2Fmedia&parent=8022"}],"wp:term":[{"taxonomy":"product_brand","embeddable":true,"href":"https:\/\/digistar.ma\/index.php?rest_route=%2Fwp%2Fv2%2Fproduct_brand&post=8022"},{"taxonomy":"product_cat","embeddable":true,"href":"https:\/\/digistar.ma\/index.php?rest_route=%2Fwp%2Fv2%2Fproduct_cat&post=8022"},{"taxonomy":"product_tag","embeddable":true,"href":"https:\/\/digistar.ma\/index.php?rest_route=%2Fwp%2Fv2%2Fproduct_tag&post=8022"}],"curies":[{"name":"wp","href":"https:\/\/api.w.org\/{rel}","templated":true}]}}