{"id":8064,"date":"2023-08-19T12:25:03","date_gmt":"2023-08-19T12:25:03","guid":{"rendered":"https:\/\/digistar.ma\/?post_type=product&#038;p=8064"},"modified":"2023-08-19T15:06:47","modified_gmt":"2023-08-19T15:06:47","slug":"hp-415a-noir-w2030a-toner-hp-laserjet-dorigine","status":"publish","type":"product","link":"https:\/\/digistar.ma\/?product=hp-415a-noir-w2030a-toner-hp-laserjet-dorigine","title":{"rendered":"HP 415A Noir (W2030A) &#8211; Toner HP LaserJet d&#8217;origine"},"content":{"rendered":"<p><strong>HP 415A Noir (W2030A) &#8211; Toner HP LaserJet d&#8217;origine<\/strong><\/p>\n<p>HP 415A &#8211; Toner original\u00a0<strong>HP W2030A<\/strong>. Ce toner HP 415A\u00a0<strong>100% authentique<\/strong>\u00a0vous permettra d&#8217;imprimer\u00a0<strong>jusqu&#8217;\u00e0 2400 pages en noir<\/strong>\u00a0\u00e0 un taux de couverture de 5%<\/p>\n<p>Hp Color LaserJet Pro M454 , Hp Color LaserJet Enterprise M455dn , Hp Color LaserJet Pro M470 Series , Hp Color LaserJet Pro M479 Series , Hp Color LaserJet Pro MFP 454dn , Hp Color LaserJet Pro MFP M454 series , Hp Color LaserJet Pro MFP M454dw , Hp Color LaserJet Pro MFP M454fw , Hp Color LaserJet Pro MFP M454nw ,<\/p>\n<p>Hp Color LaserJet Pro MFP M479 Series , Hp Color LaserJet Pro MFP M479dn , Hp Color LaserJet Pro MFP M479dw , Hp Color LaserJet Pro MFP M479fdn , Hp Color LaserJet Pro MFP M479fdw , Hp Color LaserJet Pro MFP M479fnw , Hp Color LaserJet Enterprise MFP M480f<\/p>\n<section class=\"ProductDetailsPage_productDetailsBannerWrapper__2VwJ7\">\n<div class=\"ProductDescription_productDescription__2iTwQ\">Imprimez des documents aux couleurs \u00e9clatantes avec les toners HP authentiques avec JetIntelligence, con\u00e7us pour votre imprimante. Choisissez des options de grande capacit\u00e9 pour une impression de bureau \u00e0 volume \u00e9lev\u00e9\u00a0 et optez pour une protection contre les contrefa\u00e7ons avec la technologie anti-fraude HP.<\/div>\n<\/section>\n<div class=\"KeySellingPointsContainer_container__h7h42\">\n<section class=\"ProductKeySellingPoints_root__2LZ6p KeySellingPointsContainer_keySellingPoints__RHxIr\" data-test-hook=\"@hpstellar\/storefront-ui-product-key-selling-points\">\n<div class=\"ProductKeySellingPoints_kspSection__3Fumw\">\n<h4 class=\"ProductKeySellingPoints_title__EfldW\">Imprimez \u00e0 haute vitesse sans renoncer \u00e0 la qualit\u00e9<\/h4>\n<div class=\"ProductKeySellingPoints_description__1LCVX\">Vous pouvez compter sur une qualit\u00e9 impressionnante \u00e0 vitesse \u00e9lev\u00e9e, gr\u00e2ce au toner sp\u00e9cialement formul\u00e9 HP ColorSphere 3, con\u00e7u pr\u00e9cis\u00e9ment pour r\u00e9pondre aux caract\u00e9ristiques de vitesse de votre imprimante HP.<\/div>\n<\/div>\n<div class=\"ProductKeySellingPoints_kspSection__3Fumw\">\n<h4 class=\"ProductKeySellingPoints_title__EfldW\">Imprimez davantage de pages et b\u00e9n\u00e9ficiez d&#8217;une rentabilit\u00e9 sup\u00e9rieure avec les cartouches grande capacit\u00e9 en option, plus que jamais auparavant<\/h4>\n<div class=\"ProductKeySellingPoints_description__1LCVX\">Imprimez jusqu&#8217;\u00e0 trois fois plus de pages gr\u00e2ce aux toners grande capacit\u00e9 HP authentiques avec JetIntelligence, propos\u00e9s en option.<\/div>\n<\/div>\n<div class=\"ProductKeySellingPoints_kspSection__3Fumw\">\n<h4 class=\"ProductKeySellingPoints_title__EfldW\">Utilisez les cartouches adapt\u00e9es \u00e0 votre imprimante<\/h4>\n<div class=\"ProductKeySellingPoints_description__1LCVX\">La technologie anti-fraude innovante vous aide \u00e0 b\u00e9n\u00e9ficier de la qualit\u00e9 HP authentique que vous escomptez.<\/div>\n<\/div>\n<div class=\"ProductKeySellingPoints_kspSection__3Fumw\">\n<h4 class=\"ProductKeySellingPoints_title__EfldW\">Prot\u00e9gez votre investissement<\/h4>\n<div class=\"ProductKeySellingPoints_description__1LCVX\">Planifiez : utilisez HP Web Jetadmin pour suivre l&#8217;utilisation du toner et recevoir des mises \u00e0 jour r\u00e9guli\u00e8res sur les consommables.<\/div>\n<div>Couleur(s): Noir<br \/>\nCapacit\u00e9 d&#8217;impression: 2 400 pages<br \/>\nTechnologie d&#8217;impression: Laser<br \/>\nPoids: environ 0,64 kg<\/div>\n<\/div>\n<\/section>\n<\/div>\n","protected":false},"excerpt":{"rendered":"<p>Couleur(s): Noir<br \/>\nCapacit\u00e9 d&#8217;impression: 2 400 pages<br \/>\nTechnologie d&#8217;impression: Laser<br \/>\nPoids: environ 0,64 kg<\/p>\n","protected":false},"featured_media":8094,"comment_status":"open","ping_status":"closed","template":"","meta":{"_acf_changed":false,"_monsterinsights_skip_tracking":false,"_monsterinsights_sitenote_active":false,"_monsterinsights_sitenote_note":"","_monsterinsights_sitenote_category":0,"_uf_show_specific_survey":0,"_uf_disable_surveys":false,"_joinchat":[]},"product_brand":[],"product_cat":[15,238,248],"product_tag":[],"class_list":{"0":"post-8064","1":"product","2":"type-product","3":"status-publish","4":"has-post-thumbnail","6":"product_cat-imprimante-scanner","7":"product_cat-consommables","8":"product_cat-toner","10":"first","11":"instock","12":"sale","13":"shipping-taxable","14":"purchasable","15":"product-type-simple"},"acf":[],"jetpack_sharing_enabled":true,"_links":{"self":[{"href":"https:\/\/digistar.ma\/index.php?rest_route=\/wp\/v2\/product\/8064","targetHints":{"allow":["GET"]}}],"collection":[{"href":"https:\/\/digistar.ma\/index.php?rest_route=\/wp\/v2\/product"}],"about":[{"href":"https:\/\/digistar.ma\/index.php?rest_route=\/wp\/v2\/types\/product"}],"replies":[{"embeddable":true,"href":"https:\/\/digistar.ma\/index.php?rest_route=%2Fwp%2Fv2%2Fcomments&post=8064"}],"version-history":[{"count":3,"href":"https:\/\/digistar.ma\/index.php?rest_route=\/wp\/v2\/product\/8064\/revisions"}],"predecessor-version":[{"id":8125,"href":"https:\/\/digistar.ma\/index.php?rest_route=\/wp\/v2\/product\/8064\/revisions\/8125"}],"wp:featuredmedia":[{"embeddable":true,"href":"https:\/\/digistar.ma\/index.php?rest_route=\/wp\/v2\/media\/8094"}],"wp:attachment":[{"href":"https:\/\/digistar.ma\/index.php?rest_route=%2Fwp%2Fv2%2Fmedia&parent=8064"}],"wp:term":[{"taxonomy":"product_brand","embeddable":true,"href":"https:\/\/digistar.ma\/index.php?rest_route=%2Fwp%2Fv2%2Fproduct_brand&post=8064"},{"taxonomy":"product_cat","embeddable":true,"href":"https:\/\/digistar.ma\/index.php?rest_route=%2Fwp%2Fv2%2Fproduct_cat&post=8064"},{"taxonomy":"product_tag","embeddable":true,"href":"https:\/\/digistar.ma\/index.php?rest_route=%2Fwp%2Fv2%2Fproduct_tag&post=8064"}],"curies":[{"name":"wp","href":"https:\/\/api.w.org\/{rel}","templated":true}]}}