{"id":8077,"date":"2023-08-19T11:21:15","date_gmt":"2023-08-19T11:21:15","guid":{"rendered":"https:\/\/digistar.ma\/?post_type=product&#038;p=8077"},"modified":"2023-08-19T15:14:06","modified_gmt":"2023-08-19T15:14:06","slug":"hp-207a-cyan-w2211a-toner-hp-laserjet-dorigine","status":"publish","type":"product","link":"https:\/\/digistar.ma\/?product=hp-207a-cyan-w2211a-toner-hp-laserjet-dorigine","title":{"rendered":"HP 207A Cyan (W2211A) &#8211; Toner HP LaserJet d&#8217;origine"},"content":{"rendered":"<p><strong>HP 207A Cyan (W2211A) &#8211; Toner HP LaserJet d&#8217;origine<\/strong><\/p>\n<p>HP 207A cyan &#8211; Toner original\u00a0<strong>HP W2211A<\/strong>. Ce toner HP 207A\u00a0<strong>100% authentique<\/strong>\u00a0vous permettra d&#8217;imprimer\u00a0<strong>jusqu&#8217;\u00e0 1250 pages en cyan<\/strong>\u00a0\u00e0 un taux de couverture de 5%<\/p>\n<p>Hp Color LaserJet Pro M255dw , Hp Color LaserJet Pro M255nw , Hp Color LaserJet Pro MFP M282nw , Hp Color LaserJet Pro MFP M283cdw , Hp Color LaserJet Pro MFP M283fdn , Hp Color LaserJet Pro MFP M283fdw<\/p>\n<section class=\"ProductDetailsPage_productDetailsBannerWrapper__2VwJ7\">\n<div class=\"ProductDescription_productDescription__2iTwQ\">Imprimez tous vos documents professionnels rapidement et efficacement et de faites correspondre les performances de votre HP Color LaserJet Pro avec les cartouches de toner HP d\u2019origine avec JetIntelligence. Faites confiance \u00e0 la qualit\u00e9 et fiabilit\u00e9 pour des r\u00e9sultats d\u2019impression HP.<\/div>\n<\/section>\n<div class=\"KeySellingPointsContainer_container__h7h42\">\n<section class=\"ProductKeySellingPoints_root__2LZ6p KeySellingPointsContainer_keySellingPoints__RHxIr\" data-test-hook=\"@hpstellar\/storefront-ui-product-key-selling-points\">\n<div class=\"ProductKeySellingPoints_kspSection__3Fumw\">\n<h4 class=\"ProductKeySellingPoints_title__EfldW\">Plus de pages d&#8217;options \u00e0 rendement \u00e9lev\u00e9[1]<\/h4>\n<div class=\"ProductKeySellingPoints_description__1LCVX\">Imprimez plus longtemps et obtenez plus de pages avec les cartouches grande capacit\u00e9 en option.[1]<\/div>\n<\/div>\n<div class=\"ProductKeySellingPoints_kspSection__3Fumw\">\n<h4 class=\"ProductKeySellingPoints_title__EfldW\">Imprimez \u00e0 haute vitesse sans renoncer \u00e0 la qualit\u00e9<\/h4>\n<div class=\"ProductKeySellingPoints_description__1LCVX\">Continuez \u00e0 b\u00e9n\u00e9ficier d&#8217;une qualit\u00e9 professionnelle constante \u00e0 haute vitesse avec un toner HP ColorSphere 3.<\/div>\n<\/div>\n<div class=\"ProductKeySellingPoints_kspSection__3Fumw\">\n<h4 class=\"ProductKeySellingPoints_title__EfldW\">Aidez \u00e0 lutter contre la fraude<\/h4>\n<div class=\"ProductKeySellingPoints_description__1LCVX\">Obtenez la qualit\u00e9 HP authentique que vous attendez avec l&#8217;innovante technologie anti-fraude.<\/div>\n<\/div>\n<div class=\"ProductKeySellingPoints_kspSection__3Fumw\">\n<h4 class=\"ProductKeySellingPoints_title__EfldW\">Prot\u00e9gez votre investissement<\/h4>\n<div class=\"ProductKeySellingPoints_description__1LCVX\">Les cartouches de toner HP authentiques avec JetIntelligence produisent des r\u00e9sultats impressionnants de la premi\u00e8re \u00e0 la derni\u00e8re page<\/div>\n<div>Couleur(s): Cyan<br \/>\nCapacit\u00e9 d&#8217;impression: 1 250 pages<br \/>\nTechnologie d&#8217;impression: Laser<br \/>\nPoids: 0,53\u00a0kg<\/div>\n<div><\/div>\n<\/div>\n<\/section>\n<\/div>\n<p>&nbsp;<\/p>\n<p>&nbsp;<\/p>\n","protected":false},"excerpt":{"rendered":"<div id=\"product-description-short-11359\">\n<p>Couleur(s): Cyan<br \/>\nCapacit\u00e9 d&#8217;impression: 1 250 pages<br \/>\nTechnologie d&#8217;impression: \u00a0Laser<br \/>\nPoids: 0,53\u00a0kg<\/p>\n<\/div>\n<div class=\"product-actions js-product-actions\">\n<form id=\"add-to-cart-or-refresh\" action=\"https:\/\/www.iris.ma\/panier\" method=\"post\">\n<div class=\"product-variants js-product-variants\">\n<div class=\"product-attributes js-product-attributes\">\n<div class=\"product-manufacturer\"><\/div>\n<\/div>\n<\/div>\n<\/form>\n<\/div>\n","protected":false},"featured_media":8078,"comment_status":"open","ping_status":"closed","template":"","meta":{"_acf_changed":false,"_monsterinsights_skip_tracking":false,"_monsterinsights_sitenote_active":false,"_monsterinsights_sitenote_note":"","_monsterinsights_sitenote_category":0,"_uf_show_specific_survey":0,"_uf_disable_surveys":false,"_joinchat":[]},"product_brand":[],"product_cat":[15],"product_tag":[],"class_list":{"0":"post-8077","1":"product","2":"type-product","3":"status-publish","4":"has-post-thumbnail","6":"product_cat-imprimante-scanner","8":"first","9":"instock","10":"sale","11":"shipping-taxable","12":"purchasable","13":"product-type-simple"},"acf":[],"jetpack_sharing_enabled":true,"_links":{"self":[{"href":"https:\/\/digistar.ma\/index.php?rest_route=\/wp\/v2\/product\/8077","targetHints":{"allow":["GET"]}}],"collection":[{"href":"https:\/\/digistar.ma\/index.php?rest_route=\/wp\/v2\/product"}],"about":[{"href":"https:\/\/digistar.ma\/index.php?rest_route=\/wp\/v2\/types\/product"}],"replies":[{"embeddable":true,"href":"https:\/\/digistar.ma\/index.php?rest_route=%2Fwp%2Fv2%2Fcomments&post=8077"}],"version-history":[{"count":3,"href":"https:\/\/digistar.ma\/index.php?rest_route=\/wp\/v2\/product\/8077\/revisions"}],"predecessor-version":[{"id":8129,"href":"https:\/\/digistar.ma\/index.php?rest_route=\/wp\/v2\/product\/8077\/revisions\/8129"}],"wp:featuredmedia":[{"embeddable":true,"href":"https:\/\/digistar.ma\/index.php?rest_route=\/wp\/v2\/media\/8078"}],"wp:attachment":[{"href":"https:\/\/digistar.ma\/index.php?rest_route=%2Fwp%2Fv2%2Fmedia&parent=8077"}],"wp:term":[{"taxonomy":"product_brand","embeddable":true,"href":"https:\/\/digistar.ma\/index.php?rest_route=%2Fwp%2Fv2%2Fproduct_brand&post=8077"},{"taxonomy":"product_cat","embeddable":true,"href":"https:\/\/digistar.ma\/index.php?rest_route=%2Fwp%2Fv2%2Fproduct_cat&post=8077"},{"taxonomy":"product_tag","embeddable":true,"href":"https:\/\/digistar.ma\/index.php?rest_route=%2Fwp%2Fv2%2Fproduct_tag&post=8077"}],"curies":[{"name":"wp","href":"https:\/\/api.w.org\/{rel}","templated":true}]}}