{"id":8183,"date":"2023-08-22T09:53:59","date_gmt":"2023-08-22T09:53:59","guid":{"rendered":"https:\/\/digistar.ma\/?post_type=product&#038;p=8183"},"modified":"2023-08-22T09:53:59","modified_gmt":"2023-08-22T09:53:59","slug":"hp-205a-noir-cf530a-toner-hp-laserjet-dorigine","status":"publish","type":"product","link":"https:\/\/digistar.ma\/?product=hp-205a-noir-cf530a-toner-hp-laserjet-dorigine","title":{"rendered":"HP 205A Noir (CF530A) &#8211; Toner HP LaserJet d&#8217;origine"},"content":{"rendered":"<p><strong>HP 205A Noir (CF530A) &#8211; Toner HP LaserJet d&#8217;origine<\/strong><\/p>\n<p>Le toner noir HP LaserJet 205A vous assure une qualit\u00e9 d&#8217;impression optimale avec une capacit\u00e9 de 1 100 pages. Profitez de la technologie JetIntelligence, de tout le savoir-faire de HP et d&#8217;une utilisation pratique.<\/p>\n<p>Le toner noir\u00a0<strong>HP LaserJet 205A<\/strong> vous assure une qualit\u00e9 d&#8217;impression optimale avec une capacit\u00e9 de 1 100 pages. Profitez de la technologie JetIntelligence, de tout le savoir-faire de HP et d&#8217;une utilisation pratique.<\/p>\n<div><strong>Caract\u00e9ristiques principales :<br \/>\n<\/strong><\/div>\n<ul>\n<li><strong>Couleur\u00a0<\/strong>: Noir<\/li>\n<li>Nombre total de pages :\u00a0<strong>1 100 pages<\/strong><\/li>\n<li><strong>Compatibilit\u00e9<\/strong>\u00a0: Imprimante multifonction HP Color LaserJet Pro M180nw (T6B74A),\u00a0Imprimante multifonction HP Color LaserJet Pro M180n, Imprimante multifonction HP Color LaserJet Pro<\/li>\n<li>Ce toner original\u00a0<strong>HP CF530A<\/strong>\u00a0s&#8217;utilise avec les imprimantes HP Color LaserJet Pro MFP M180 et M181. Il vous permettra d&#8217;imprimer environ\u00a0<strong>1100 pages en noir<\/strong>\u00a0\u00e0 un taux de couverture de 5%. Les toners\u00a0<strong>HP 205A<\/strong>\u00a0utilisent la technologie HP Jetintelligence qui permet de r\u00e9duire les co\u00fbts tout en augmentant le nombre d&#8217;impressions<\/li>\n<li>Hp Color LaserJet Pro M154 , Hp Color LaserJet Pro M180 , Hp Color LaserJet Pro M180n , Hp Color LaserJet Pro M180nw , Hp Color LaserJet Pro M181 , Hp Color LaserJet Pro M181fw<\/li>\n<li>Ce toner original\u00a0<strong>HP CF530A<\/strong>\u00a0s&#8217;utilise avec les imprimantes HP Color LaserJet Pro MFP M180 et M181. Il vous permettra d&#8217;imprimer environ\u00a0<strong>1100 pages en noir<\/strong>\u00a0\u00e0 un taux de couverture de 5%. Les toners\u00a0<strong>HP 205A<\/strong>\u00a0utilisent la technologie HP Jetintelligence qui permet de r\u00e9duire les co\u00fbts tout en augmentant le nombre d&#8217;impressions<\/li>\n<li>Hp Color LaserJet Pro M154 , Hp Color LaserJet Pro M180 , Hp Color LaserJet Pro M180n , Hp Color LaserJet Pro M180nw , Hp Color LaserJet Pro M181 , Hp Color LaserJet Pro M181fw<\/li>\n<li>\n<section class=\"ProductDetailsPage_productDetailsBannerWrapper__2VwJ7\">\n<div class=\"ProductDescription_productDescription__2iTwQ\">Imprimez tous vos documents professionnels rapidement et efficacement et de faites correspondre les performances de votre HP Color LaserJet Pro avec les cartouches de toner HP d\u2019origine avec JetIntelligence. Faites confiance \u00e0 la qualit\u00e9 et fiabilit\u00e9 pour des r\u00e9sultats d\u2019impression HP.<\/div>\n<\/section>\n<div class=\"KeySellingPointsContainer_container__h7h42\">\n<section class=\"ProductKeySellingPoints_root__2LZ6p KeySellingPointsContainer_keySellingPoints__RHxIr\" data-test-hook=\"@hpstellar\/storefront-ui-product-key-selling-points\">\n<div class=\"ProductKeySellingPoints_kspSection__3Fumw\">\n<h4 class=\"ProductKeySellingPoints_title__EfldW\">Abordable<\/h4>\n<div class=\"ProductKeySellingPoints_description__1LCVX\">D\u00e9marrage d\u2019impression et aider \u00e0 rester au sein de votre budget-\u00e0 un prix d\u2019achat bas avec les cartouches de toner HP d\u2019origine.<\/div>\n<\/div>\n<div class=\"ProductKeySellingPoints_kspSection__3Fumw\">\n<h4 class=\"ProductKeySellingPoints_title__EfldW\">Imprimez \u00e0 haute vitesse sans renoncer \u00e0 la qualit\u00e9<\/h4>\n<div class=\"ProductKeySellingPoints_description__1LCVX\">Continuez \u00e0 b\u00e9n\u00e9ficier d&#8217;une qualit\u00e9 professionnelle constante \u00e0 haute vitesse avec un toner HP ColorSphere 3.<\/div>\n<\/div>\n<div class=\"ProductKeySellingPoints_kspSection__3Fumw\">\n<h4 class=\"ProductKeySellingPoints_title__EfldW\">Aidez \u00e0 lutter contre la fraude<\/h4>\n<div class=\"ProductKeySellingPoints_description__1LCVX\">Obtenez la qualit\u00e9 HP authentique que vous attendez avec l&#8217;innovante technologie anti-fraude.<\/div>\n<\/div>\n<div class=\"ProductKeySellingPoints_kspSection__3Fumw\">\n<h4 class=\"ProductKeySellingPoints_title__EfldW\">Prot\u00e9gez votre investissement<\/h4>\n<p>HP 205A Noir (CF530A) &#8211; Toner HP LaserJet d&#8217;origine<\/p>\n<div class=\"ProductKeySellingPoints_description__1LCVX\">Continuez \u00e0 b\u00e9n\u00e9ficier d&#8217;une qualit\u00e9 professionnelle \u00e0 haute vitesse, page apr\u00e8s page, avec un toner HP ColorSphere 3.<\/div>\n<div>Couleur(s): Noir<br \/>\nCapacit\u00e9 \u00a0d&#8217;impression: 1\u00a0100 pages<br \/>\nTechnologie d&#8217;impression: Laser<br \/>\nPoids: 0,53\u00a0kg<\/div>\n<div><\/div>\n<\/div>\n<\/section>\n<\/div>\n<\/li>\n<\/ul>\n<p>&nbsp;<\/p>\n","protected":false},"excerpt":{"rendered":"<p>Couleur(s): Noir<br \/>\nCapacit\u00e9 \u00a0d&#8217;impression: 1\u00a0100 pages<br \/>\nTechnologie d&#8217;impression: Laser<br \/>\nPoids: 0,53\u00a0kg<\/p>\n","protected":false},"featured_media":8185,"comment_status":"open","ping_status":"closed","template":"","meta":{"_acf_changed":false,"_monsterinsights_skip_tracking":false,"_monsterinsights_sitenote_active":false,"_monsterinsights_sitenote_note":"","_monsterinsights_sitenote_category":0,"_uf_show_specific_survey":0,"_uf_disable_surveys":false,"_joinchat":[]},"product_brand":[],"product_cat":[15,238,248],"product_tag":[],"class_list":{"0":"post-8183","1":"product","2":"type-product","3":"status-publish","4":"has-post-thumbnail","6":"product_cat-imprimante-scanner","7":"product_cat-consommables","8":"product_cat-toner","10":"first","11":"instock","12":"sale","13":"shipping-taxable","14":"purchasable","15":"product-type-simple"},"acf":[],"jetpack_sharing_enabled":true,"_links":{"self":[{"href":"https:\/\/digistar.ma\/index.php?rest_route=\/wp\/v2\/product\/8183","targetHints":{"allow":["GET"]}}],"collection":[{"href":"https:\/\/digistar.ma\/index.php?rest_route=\/wp\/v2\/product"}],"about":[{"href":"https:\/\/digistar.ma\/index.php?rest_route=\/wp\/v2\/types\/product"}],"replies":[{"embeddable":true,"href":"https:\/\/digistar.ma\/index.php?rest_route=%2Fwp%2Fv2%2Fcomments&post=8183"}],"version-history":[{"count":1,"href":"https:\/\/digistar.ma\/index.php?rest_route=\/wp\/v2\/product\/8183\/revisions"}],"predecessor-version":[{"id":8189,"href":"https:\/\/digistar.ma\/index.php?rest_route=\/wp\/v2\/product\/8183\/revisions\/8189"}],"wp:featuredmedia":[{"embeddable":true,"href":"https:\/\/digistar.ma\/index.php?rest_route=\/wp\/v2\/media\/8185"}],"wp:attachment":[{"href":"https:\/\/digistar.ma\/index.php?rest_route=%2Fwp%2Fv2%2Fmedia&parent=8183"}],"wp:term":[{"taxonomy":"product_brand","embeddable":true,"href":"https:\/\/digistar.ma\/index.php?rest_route=%2Fwp%2Fv2%2Fproduct_brand&post=8183"},{"taxonomy":"product_cat","embeddable":true,"href":"https:\/\/digistar.ma\/index.php?rest_route=%2Fwp%2Fv2%2Fproduct_cat&post=8183"},{"taxonomy":"product_tag","embeddable":true,"href":"https:\/\/digistar.ma\/index.php?rest_route=%2Fwp%2Fv2%2Fproduct_tag&post=8183"}],"curies":[{"name":"wp","href":"https:\/\/api.w.org\/{rel}","templated":true}]}}