{"id":8190,"date":"2023-08-22T10:58:01","date_gmt":"2023-08-22T10:58:01","guid":{"rendered":"https:\/\/digistar.ma\/?post_type=product&#038;p=8190"},"modified":"2023-08-22T11:06:13","modified_gmt":"2023-08-22T11:06:13","slug":"canon-c-exv-42-noir-toner-canon-dorigine-6908b002aa","status":"publish","type":"product","link":"https:\/\/digistar.ma\/?product=canon-c-exv-42-noir-toner-canon-dorigine-6908b002aa","title":{"rendered":"Canon C-EXV 42 Noir &#8211; Toner Canon d&#8217;origine (6908B002AA)"},"content":{"rendered":"<p><strong>Canon C-EXV 42 Noir &#8211; Toner Canon d&#8217;origine (6908B002AA)<\/strong><\/p>\n<p>type Caract\u00e9ristiques de l\u2019appareil Laser de toner Originale Nombre de pages imprim\u00e9es Combien de pages peuvent \u00eatre produites. 10200 pages Cartouche d\u2019impression, couleurs Les couleurs qui peuvent \u00eatre produites par l\u2019imprimante.<\/p>\n<p>Noir Technologie d\u2019impression Indique la m\u00e9thode utilis\u00e9e pour imprimer par ce produit Laser caract\u00e9ristiques Compatibilit\u00e9 de marque Quelles autres marques cette marque peut \u00eatre utilis\u00e9e avec. Canon Compatibilit\u00e9 Les autres produits, logiciels et mat\u00e9riels avec lesquels ce produit peut \u00eatre utilis\u00e9. image Runner 2202 \/ 2202N Informations sur l\u2019emballage Type d\u2019emballage Le type de paquet de produit.<\/p>\n<p>La v\u00e9ritable cartouche de toner noir Canon C-EXV 42 fonctionne en harmonie avec votre copieur Canon pour offrir une qualit\u00e9 d\u2019impression professionnelle. Con\u00e7u pour \u00eatre tr\u00e8s fiable et robuste, cette cartouche de toner noir Canon C-EXV42 vous offre une sortie continue et de haute qualit\u00e9 \u00e0 des vitesses d\u2019impression impressionnantes.<\/p>\n<p>Capable de traiter efficacement les gros volumes d\u2019impression, ce toner noir Canon g\u00e8re facilement les charges de travail sans aucun compromis sur la qualit\u00e9 de l\u2019image.<\/p>\n<p>Dot\u00e9 d\u2019une capacit\u00e9 durable d\u2019environ 10200 pages, ce toner noir Canon CEXV42 est parfait pour tout bureau<\/p>\n<p><strong>Canon C-EXV 42 Noir &#8211; Toner Canon d&#8217;origine (6908B002AA)<\/strong><\/p>\n<p>Les logos, marques et mod\u00e8les Canon cit\u00e9s restent l\u2019enti\u00e8re propri\u00e9t\u00e9 de leurs d\u00e9positaires et ne sont utilis\u00e9s que pour vous permettre de trouver plus facilement votre consommables Canon C-EXV 42 compatibles avec votre imprimante laser. Digistar.ma vous propose des cartouches des toners Canon ou autres marques en version compatible ou originale. Toutes nos cartouches sont garanties 1 an et imm\u00e9diatement remplac\u00e9es en cas de dysfonctionnement.<\/p>\n<p>Choisir Imprimantes.ma, c\u2019est pour vous la garantie d\u2019acheter vos cartouches Canon C-EXV 42 noir moins cher et de b\u00e9n\u00e9ficier d\u2019impressions irr\u00e9prochables gr\u00e2ce \u00e0 des toners de haute performance et de qualit\u00e9 constante<\/p>\n<p><strong>Canon C-EXV 42 Noir &#8211; Toner Canon d&#8217;origine (6908B002AA)<\/strong><\/p>\n<p>Couleur(s): Noir<br \/>\nCapacit\u00e9 d&#8217;impression: environ 10200 pages<\/p>\n<p>Description du produit Canon C-EXV 42 &#8211; noir &#8211; original &#8211; cartouche de toner Type de consommable Cartouche de toner Con\u00e7u pour imageRUNNER 2202, 2202N Technologie d&#8217;impression Laser Couleur d&#8217;impression Noir Dur\u00e9e de vie Jusqu&#8217;\u00e0 10200 pages \u00e0 6% de couverture Rendement Jusqu&#8217;\u00e0 10200 pages \u00e0 6% de couverture Compatible avec imageRUNNER 2202, 2202N, 2204F, 2206iF<\/p>\n<p>&nbsp;<\/p>\n<p>&nbsp;<\/p>\n<p>&nbsp;<\/p>\n<p>&nbsp;<\/p>\n<p>&nbsp;<\/p>\n<p>&nbsp;<\/p>\n<p>&nbsp;<\/p>\n<p>&nbsp;<\/p>\n","protected":false},"excerpt":{"rendered":"<p>Couleur(s): Noir<br \/>\nCapacit\u00e9 d&#8217;impression: environ 10200 pages<\/p>\n","protected":false},"featured_media":8192,"comment_status":"open","ping_status":"closed","template":"","meta":{"_acf_changed":false,"_monsterinsights_skip_tracking":false,"_monsterinsights_sitenote_active":false,"_monsterinsights_sitenote_note":"","_monsterinsights_sitenote_category":0,"_uf_show_specific_survey":0,"_uf_disable_surveys":false,"_joinchat":[]},"product_brand":[],"product_cat":[15,238,248],"product_tag":[],"class_list":{"0":"post-8190","1":"product","2":"type-product","3":"status-publish","4":"has-post-thumbnail","6":"product_cat-imprimante-scanner","7":"product_cat-consommables","8":"product_cat-toner","10":"first","11":"instock","12":"sale","13":"shipping-taxable","14":"purchasable","15":"product-type-simple"},"acf":[],"jetpack_sharing_enabled":true,"_links":{"self":[{"href":"https:\/\/digistar.ma\/index.php?rest_route=\/wp\/v2\/product\/8190","targetHints":{"allow":["GET"]}}],"collection":[{"href":"https:\/\/digistar.ma\/index.php?rest_route=\/wp\/v2\/product"}],"about":[{"href":"https:\/\/digistar.ma\/index.php?rest_route=\/wp\/v2\/types\/product"}],"replies":[{"embeddable":true,"href":"https:\/\/digistar.ma\/index.php?rest_route=%2Fwp%2Fv2%2Fcomments&post=8190"}],"version-history":[{"count":4,"href":"https:\/\/digistar.ma\/index.php?rest_route=\/wp\/v2\/product\/8190\/revisions"}],"predecessor-version":[{"id":8201,"href":"https:\/\/digistar.ma\/index.php?rest_route=\/wp\/v2\/product\/8190\/revisions\/8201"}],"wp:featuredmedia":[{"embeddable":true,"href":"https:\/\/digistar.ma\/index.php?rest_route=\/wp\/v2\/media\/8192"}],"wp:attachment":[{"href":"https:\/\/digistar.ma\/index.php?rest_route=%2Fwp%2Fv2%2Fmedia&parent=8190"}],"wp:term":[{"taxonomy":"product_brand","embeddable":true,"href":"https:\/\/digistar.ma\/index.php?rest_route=%2Fwp%2Fv2%2Fproduct_brand&post=8190"},{"taxonomy":"product_cat","embeddable":true,"href":"https:\/\/digistar.ma\/index.php?rest_route=%2Fwp%2Fv2%2Fproduct_cat&post=8190"},{"taxonomy":"product_tag","embeddable":true,"href":"https:\/\/digistar.ma\/index.php?rest_route=%2Fwp%2Fv2%2Fproduct_tag&post=8190"}],"curies":[{"name":"wp","href":"https:\/\/api.w.org\/{rel}","templated":true}]}}