{"id":8228,"date":"2023-08-22T13:21:44","date_gmt":"2023-08-22T13:21:44","guid":{"rendered":"https:\/\/digistar.ma\/?post_type=product&#038;p=8228"},"modified":"2023-08-28T09:17:32","modified_gmt":"2023-08-28T09:17:32","slug":"canon-c-exv-49-jaune-toner-canon-dorigine-8527b002aa","status":"publish","type":"product","link":"https:\/\/digistar.ma\/?product=canon-c-exv-49-jaune-toner-canon-dorigine-8527b002aa","title":{"rendered":"Canon C-EXV 49 Jaune &#8211; Toner Canon d&#8217;origine (8527B002AA)"},"content":{"rendered":"<p><em><strong>Canon C-EXV 49 Jaune &#8211; Toner Canon d&#8217;origine (8527B002AA)<\/strong><\/em><\/p>\n<p>Toner original Canon CEXV49 (r\u00e9f\u00e9rence Canon : C-EXV49) de 19000 pages pour (voir ci-dessous). Couleur : Jaune<\/p>\n<p>Canon IRC 3320i , Canon IRC 3330i , Canon IRC 3520i , Canon IRC 3530i , Canon IR Advance C3520i , Canon image RUNNER ADVANCE C3520i , Canon image RUNNER ADVANCE C3530i , Canon IR Advance C3530i<\/p>\n<p>Le toner Canon C-EXV 49 Jaune est un produit d&#8217;origine de la marque Canon. Il est con\u00e7u pour fonctionner avec les imprimantes image RUNNER ADVANCE C3320i, image RUNNER ADVANCE C3325i, image RUNNER ADVANCE C3330i, image RUNNER ADVANCE C3520i et image RUNNER ADVANCE C3525i. Ce toner jaune offre une qualit\u00e9 d&#8217;impression \u00e9lev\u00e9e et peut imprimer environ 19000 pages.<\/p>\n<p>Avec sa capacit\u00e9 de 19000 pages, vous pourrez imprimer toutes sortes de documents professionnels, depuis votre imprimante laser couleur multifonction Canon. Certifi\u00e9 par les normes ISO, notre toner compatible 8527 B 002 \/ C-EXV 49 Canon vous offre une qualit\u00e9 d&#8217;impression identique au toner d&#8217;origine.<\/p>\n<p>Pour cela, nous utilisons des pi\u00e8ces de qualit\u00e9, ainsi qu&#8217;une formulation d&#8217;encre sp\u00e9cifique.<\/p>\n<p>Ces normes garantissent \u00e9galement un fonctionnement parfait avec votre imprimante laser couleur multifonction Canon.<\/p>\n<p>Pour l&#8217;impression de vos dossiers, courriers, plaquettes de pr\u00e9sentation, etc., optez pour notre toner compatible pas cher, et r\u00e9duisez vos frais de consommables\u00a0 \u00a0Nos consommables compatibles pas chers sont d&#8217;une qualit\u00e9 similaire \u00e0 ceux de la marque d&#8217;origine.<\/p>\n<p>Ceci vous garanti une parfaite compatibilit\u00e9 avec vos machines.<\/p>\n<p><strong><em>Canon C-EXV 49 Jaune &#8211; Toner Canon d&#8217;origine (8527B002AA)<\/em><\/strong><\/p>\n<p>cartouche toner Canon\u00a0 Jaune con\u00e7ues pour donner des impressions sublimes En utilisant cartouche toner Canon C-EXV 49 Jaune, vous disposerez d&#8217; une qualit\u00e9 d&#8217;impression et une fiabilit\u00e9 pour un confort maximal.<\/p>\n<p>Nos consommables informatiques de cartouche toner Canon C-EXV 49 Jaune sont confectionn\u00e9s selon des normes des normes strictes du fabricant afin d&#8217;imprimer parfaitement l&#8217;alliance des machines d&#8217;impressions et de nos consommables permet de b\u00e9n\u00e9ficier des performances exceptionnels.<\/p>\n<p>Le v\u00e9rification m\u00e9ticuleux de chaque consommable est une phase essentielle pour certifier que les produits, que vous commandez, fonctionneront convenablement avec votre imprimante et g\u00e9n\u00e9reront des r\u00e9sultats irr\u00e9prochables.<\/p>\n<p>&nbsp;<\/p>\n<p>&nbsp;<\/p>\n<p>&nbsp;<\/p>\n<p>&nbsp;<\/p>\n<p>&nbsp;<\/p>\n<p>&nbsp;<\/p>\n<p>&nbsp;<\/p>\n<p>&nbsp;<\/p>\n","protected":false},"excerpt":{"rendered":"<p>Couleur(s): Jaune<br \/>\nCapacit\u00e9 d&#8217;impression: environ 19000 pages<\/p>\n","protected":false},"featured_media":8229,"comment_status":"open","ping_status":"closed","template":"","meta":{"_acf_changed":false,"_monsterinsights_skip_tracking":false,"_monsterinsights_sitenote_active":false,"_monsterinsights_sitenote_note":"","_monsterinsights_sitenote_category":0,"_uf_show_specific_survey":0,"_uf_disable_surveys":false,"_joinchat":[]},"product_brand":[],"product_cat":[15,238,248],"product_tag":[],"class_list":{"0":"post-8228","1":"product","2":"type-product","3":"status-publish","4":"has-post-thumbnail","6":"product_cat-imprimante-scanner","7":"product_cat-consommables","8":"product_cat-toner","10":"first","11":"instock","12":"sale","13":"shipping-taxable","14":"purchasable","15":"product-type-simple"},"acf":[],"jetpack_sharing_enabled":true,"_links":{"self":[{"href":"https:\/\/digistar.ma\/index.php?rest_route=\/wp\/v2\/product\/8228","targetHints":{"allow":["GET"]}}],"collection":[{"href":"https:\/\/digistar.ma\/index.php?rest_route=\/wp\/v2\/product"}],"about":[{"href":"https:\/\/digistar.ma\/index.php?rest_route=\/wp\/v2\/types\/product"}],"replies":[{"embeddable":true,"href":"https:\/\/digistar.ma\/index.php?rest_route=%2Fwp%2Fv2%2Fcomments&post=8228"}],"version-history":[{"count":5,"href":"https:\/\/digistar.ma\/index.php?rest_route=\/wp\/v2\/product\/8228\/revisions"}],"predecessor-version":[{"id":8683,"href":"https:\/\/digistar.ma\/index.php?rest_route=\/wp\/v2\/product\/8228\/revisions\/8683"}],"wp:featuredmedia":[{"embeddable":true,"href":"https:\/\/digistar.ma\/index.php?rest_route=\/wp\/v2\/media\/8229"}],"wp:attachment":[{"href":"https:\/\/digistar.ma\/index.php?rest_route=%2Fwp%2Fv2%2Fmedia&parent=8228"}],"wp:term":[{"taxonomy":"product_brand","embeddable":true,"href":"https:\/\/digistar.ma\/index.php?rest_route=%2Fwp%2Fv2%2Fproduct_brand&post=8228"},{"taxonomy":"product_cat","embeddable":true,"href":"https:\/\/digistar.ma\/index.php?rest_route=%2Fwp%2Fv2%2Fproduct_cat&post=8228"},{"taxonomy":"product_tag","embeddable":true,"href":"https:\/\/digistar.ma\/index.php?rest_route=%2Fwp%2Fv2%2Fproduct_tag&post=8228"}],"curies":[{"name":"wp","href":"https:\/\/api.w.org\/{rel}","templated":true}]}}