{"id":8328,"date":"2023-08-23T10:35:42","date_gmt":"2023-08-23T10:35:42","guid":{"rendered":"https:\/\/digistar.ma\/?post_type=product&#038;p=8328"},"modified":"2023-08-23T11:03:26","modified_gmt":"2023-08-23T11:03:26","slug":"hp-126a-noir-ce310a-toner-hp-laserjet-dorigine","status":"publish","type":"product","link":"https:\/\/digistar.ma\/?product=hp-126a-noir-ce310a-toner-hp-laserjet-dorigine","title":{"rendered":"HP 126A Noir (CE310A) &#8211; Toner HP LaserJet d&#8217;origine"},"content":{"rendered":"<p>HP 126A Noir (CE310A) &#8211; Toner HP LaserJet d&#8217;origine<\/p>\n<p>Le Toner noir HP 126 (CE310A) LaserJet donnent une allure professionnelle aux documents commerciaux et permettent de maintenir votre productivit\u00e9 ou celle de votre entreprise en \u00e9vitant les gaspillages de temps et de consommables.<\/p>\n<p>Le\u00a0<strong>Toner noir HP 126 (CE310A)<\/strong>\u00a0LaserJet donnent une allure professionnelle aux documents commerciaux et permettent de maintenir votre productivit\u00e9 ou celle de votre entreprise en \u00e9vitant les gaspillages de temps et de consommables. Ces cartouches sont sp\u00e9cialement con\u00e7ues pour une fiabilit\u00e9 sur laquelle vous pouvez compter.<\/p>\n<ul>\n<li>Imprimez des textes noirs riches pour maximiser l&#8217;impact des documents. Ou imprimez des graphiques et des images de qualit\u00e9 photo, gr\u00e2ce au toner qui offre une brillance lumineuse. Comptez sur des r\u00e9sultats professionnels homog\u00e8nes sur une large gamme de papiers laser.<\/li>\n<li>Maintenez un co\u00fbt d&#8217;impression minimal, pour une productivit\u00e9 maximale. Impressions ininterrompues et uniformes avec les cartouches de toner HP. Cartouches con\u00e7ues pour une fiabilit\u00e9 exceptionnelle, \u00e9vitant gaspillage des consommables et d\u00e9lais co\u00fbteux.<\/li>\n<li>Commande de consommables d&#8217;impression sans faille avec HP SureSupply. Lorsqu&#8217;il est temps d&#8217;installer une nouvelle cartouche, vous pouvez vous fier \u00e0 la conception des cartouches HP tout-en-un, faciles et rapides \u00e0 remplacer. Recyclez vos anciennes cartouches de toner via HP Planet Partners.<\/li>\n<li>HP 126A &#8211; Toner de marque\u00a0<strong>HP CE310A\u00a0<\/strong>pour imprimante<\/li>\n<li>La cartouche noire HP Color LaserJet CE310A offre une qualit\u00e9 d&#8217;impression digne d&#8217;un professionnel. Des couleurs accrocheuses et vibrantes, du texte net et une qualit\u00e9 photo r\u00e9aliste qui feront la diff\u00e9rence.<\/li>\n<li>Hp LaserJet Pro 100 M175a , Hp LaserJet Pro 100 M175nw , Hp LaserJet Pro 100 MFP M175nw , Hp CP 1025 , Hp CP 1025nw , Hp Color LaserJet CP1025 , Hp LaserJet Pro CP1025 , Hp Color LaserJet CP1025nw , Hp LaserJet Pro CP1025nw , Hp LaserJet Pro M275 mfp , Hp LaserJet Pro Top<\/li>\n<li>Couleur : Noir<\/li>\n<li>Rendement approximatif par cartouche\u00a0: 1 200 pages<\/li>\n<li>Compatibilit\u00e9\u00a0: HP LaserJet Pro 100, CP1025, HP TopShot LaserJet Pro<\/li>\n<li>\n<h4 class=\"ProductKeySellingPoints_title__EfldW\">Imprimez du texte et des graphiques denses.<\/h4>\n<div class=\"ProductKeySellingPoints_description__1LCVX\">Appr\u00e9ciez l&#8217;impact de vos documents marketing et professionnels lorsque vous imprimez du texte noir profond gr\u00e2ce aux toners HP authentiques et au toner ColorSphere. Obtenez des d\u00e9tails pr\u00e9cis dans les tableaux et des nuances subtiles dans les images. Imprimez des graphismes et des images noir et blanc haute qualit\u00e9 pour ne pas passer inaper\u00e7u. Le brillant de ce toner offre un meilleur contraste, une meilleure luminosit\u00e9 et un look plus brillant. Obtenez des r\u00e9sultats professionnels et coh\u00e9rents au bureau avec le toner HP d&#8217;origine et la gamme de papiers laser. Pour obtenir des documents de grande qualit\u00e9, optez pour les papiers portant le logo ColorLok\u00ae. Ma\u00eetrisez vos supports marketing en imprimant au bureau, et b\u00e9n\u00e9ficiez en plus des excellentes couleurs HP authentiques. Fiez-vous \u00e0 la qualit\u00e9 et la fiabilit\u00e9 l\u00e9gendaires de HP. Apportez des changements rapides et contr\u00f4lez les r\u00e9sultats lorsque vous imprimez chez vous.<\/div>\n<\/li>\n<li>\n<h4 class=\"ProductKeySellingPoints_title__EfldW\">Restez productif\u2014obtenez des impressions fiables et constantes.<\/h4>\n<div class=\"ProductKeySellingPoints_description__1LCVX\">Les toners HP sont con\u00e7us avec le syst\u00e8me d&#8217;impression HP pour fournir des performances fiables et des r\u00e9sultats haute qualit\u00e9 pour tous les types de documents de travail. Contribuez \u00e0 la ma\u00eetrise de votre co\u00fbt total d&#8217;impression et \u00e9vitez les fuites d\u00e9sordonn\u00e9es, les remplacements de cartouches non planifi\u00e9s et les r\u00e9parations de l&#8217;imprimante. Lorsque vous achetez des produits HP authentiques, vous b\u00e9n\u00e9ficiez d&#8217;une toute nouvelle cartouche et d&#8217;un excellent rapport qualit\u00e9\/prix. Les imprimantes, toners et papiers\u00a0HP d&#8217;origine sont con\u00e7us et test\u00e9s ensemble pour des r\u00e9sultats optimaux. Les cartouches HP authentiques assurent des r\u00e9sultats professionnels tout au long de la t\u00e2che d&#8217;impression.<\/div>\n<\/li>\n<li>\n<h4 class=\"ProductKeySellingPoints_title__EfldW\">Commandez, remplacez et recyclez facilement les consommables.<\/h4>\n<div class=\"ProductKeySellingPoints_description__1LCVX\">Simplifiez la commande et la gestion de votre mat\u00e9riel en recevant une alerte lorsque le niveau de toner est faible. Achetez facilement des fournitures de remplacement et installez-les rapidement. Des cartouches d&#8217;impression HP d&#8217;origine simples et rapides \u00e0 installer. Cette cartouche de toner HP LaserJet constitue un consommable facile \u00e0 installer qui incorpore le toner HP et le tambour d&#8217;imagerie. HP vous aide \u00e0 recycler vos toners facilement et gratuitement via le programme HP Planet Partners, disponible dans le monde entier. HP ne remplit, ne revend ou n&#8217;envoie jamais les cartouches de toner dans une d\u00e9charge<\/div>\n<\/li>\n<li>Couleur(s): Noir<br \/>\nCapacit\u00e9 d&#8217;impression: environ\u00a0 1200 pages<br \/>\nTechnologie d&#8217;impression: Laser<br \/>\nPoids: environ 0,30\u00a0kg<\/li>\n<\/ul>\n<p>&nbsp;<\/p>\n<p>&nbsp;<\/p>\n","protected":false},"excerpt":{"rendered":"<ul>\n<li>Couleur(s): Noir<br \/>\nCapacit\u00e9 d&#8217;impression: environ\u00a0 1200 pages<br \/>\nTechnologie d&#8217;impression: Laser<br \/>\nPoids: environ 0,30\u00a0kg<\/li>\n<\/ul>\n<p>&nbsp;<\/p>\n","protected":false},"featured_media":8329,"comment_status":"open","ping_status":"closed","template":"","meta":{"_acf_changed":false,"_monsterinsights_skip_tracking":false,"_monsterinsights_sitenote_active":false,"_monsterinsights_sitenote_note":"","_monsterinsights_sitenote_category":0,"_uf_show_specific_survey":0,"_uf_disable_surveys":false,"_joinchat":[]},"product_brand":[],"product_cat":[15,238,248],"product_tag":[],"class_list":{"0":"post-8328","1":"product","2":"type-product","3":"status-publish","4":"has-post-thumbnail","6":"product_cat-imprimante-scanner","7":"product_cat-consommables","8":"product_cat-toner","10":"first","11":"instock","12":"sale","13":"shipping-taxable","14":"purchasable","15":"product-type-simple"},"acf":[],"jetpack_sharing_enabled":true,"_links":{"self":[{"href":"https:\/\/digistar.ma\/index.php?rest_route=\/wp\/v2\/product\/8328","targetHints":{"allow":["GET"]}}],"collection":[{"href":"https:\/\/digistar.ma\/index.php?rest_route=\/wp\/v2\/product"}],"about":[{"href":"https:\/\/digistar.ma\/index.php?rest_route=\/wp\/v2\/types\/product"}],"replies":[{"embeddable":true,"href":"https:\/\/digistar.ma\/index.php?rest_route=%2Fwp%2Fv2%2Fcomments&post=8328"}],"version-history":[{"count":1,"href":"https:\/\/digistar.ma\/index.php?rest_route=\/wp\/v2\/product\/8328\/revisions"}],"predecessor-version":[{"id":8334,"href":"https:\/\/digistar.ma\/index.php?rest_route=\/wp\/v2\/product\/8328\/revisions\/8334"}],"wp:featuredmedia":[{"embeddable":true,"href":"https:\/\/digistar.ma\/index.php?rest_route=\/wp\/v2\/media\/8329"}],"wp:attachment":[{"href":"https:\/\/digistar.ma\/index.php?rest_route=%2Fwp%2Fv2%2Fmedia&parent=8328"}],"wp:term":[{"taxonomy":"product_brand","embeddable":true,"href":"https:\/\/digistar.ma\/index.php?rest_route=%2Fwp%2Fv2%2Fproduct_brand&post=8328"},{"taxonomy":"product_cat","embeddable":true,"href":"https:\/\/digistar.ma\/index.php?rest_route=%2Fwp%2Fv2%2Fproduct_cat&post=8328"},{"taxonomy":"product_tag","embeddable":true,"href":"https:\/\/digistar.ma\/index.php?rest_route=%2Fwp%2Fv2%2Fproduct_tag&post=8328"}],"curies":[{"name":"wp","href":"https:\/\/api.w.org\/{rel}","templated":true}]}}