{"id":8336,"date":"2023-08-23T11:01:46","date_gmt":"2023-08-23T11:01:46","guid":{"rendered":"https:\/\/digistar.ma\/?post_type=product&#038;p=8336"},"modified":"2023-08-23T11:01:47","modified_gmt":"2023-08-23T11:01:47","slug":"hp-507a-noir-ce400a-toner-hp-laserjet-dorigine","status":"publish","type":"product","link":"https:\/\/digistar.ma\/?product=hp-507a-noir-ce400a-toner-hp-laserjet-dorigine","title":{"rendered":"HP 507A Noir (CE400A) &#8211; Toner HP LaserJet d&#8217;origine"},"content":{"rendered":"<p><strong>HP 507A Noir (CE400A) &#8211; Toner HP LaserJet d&#8217;origine<\/strong><\/p>\n<p>HP 507A noir &#8211; Toner original\u00a0<strong>HP CE400A<\/strong>\u00a0pour imprimante HP LaserJet Enterprise 500. Technologie Colorsphere pour des impressions nettes et \u00e9clatantes. Couleur :\u00a0<strong>noir<\/strong>.<\/p>\n<p>Hp LaserJet Enterprise 500 , Hp LaserJet Enterprise M551 , Hp LaserJet Enterprise M551dn , Hp LaserJet Enterprise M551n , Hp LaserJet Enterprise M551xh , Hp LaserJet Enterprise M575c<\/p>\n<ul>\n<li>Couleur : Noir<\/li>\n<li>Rendement approximatif par cartouche\u00a0: 5 500 pages<\/li>\n<li>Compatibilit\u00e9\u00a0: HP LaserJet Enterprise 500<\/li>\n<li>\n<h4 class=\"ProductKeySellingPoints_title__EfldW\">Produit exceptionnel &#8211; page apr\u00e8s page<\/h4>\n<div class=\"ProductKeySellingPoints_description__1LCVX\">Obtenez des impressions professionnelles avec des textes noir et blanc nets. Les cartouches de toner HP LaserJet d&#8217;origine offrent \u00e0 vos documents, rapports et courriers une apparence irr\u00e9prochable. Utilisez les cartouches de toner<strong>HP 507A Noir (CE400A) <\/strong>\u00a0 LaserJet d&#8217;origine et une gamme de papiers laser pour obtenir, au bureau, des r\u00e9sultats dignes d&#8217;un magasin de reprographie. Pour obtenir des r\u00e9sultats optimaux, utilisez des papiers<strong>HP 507A Noir (CE400A) <\/strong>\u00a0 pour imprimantes \u00e0 jet d&#8217;encre. Choisissez des papiers HP, disponibles dans une vari\u00e9t\u00e9 de formats, de finitions et de grammages. Garantissez des r\u00e9sultats de grande qualit\u00e9 avec les cartouches de toner <strong>HP 507A Noir (CE400A) <\/strong> \u00a0d&#8217;origine &#8211; obtenez des couleurs homog\u00e8nes page apr\u00e8s page, cartouche apr\u00e8s cartouche. Cr\u00e9ez vos supports marketing au bureau pour \u00e9conomiser du temps et de l&#8217;argent. Imprimez uniquement \u00e0 la demande pour r\u00e9duire le g\u00e2chis d\u00e9coulant de volumes d&#8217;impression \u00e9lev\u00e9s. Mettez \u00e0 vous rapidement vos ressources d&#8217;accompagnement. Touchez certains groupes de clients en personnalisant le contenu.<\/div>\n<\/li>\n<li>\n<h4 class=\"ProductKeySellingPoints_title__EfldW\">Restez productif avec des cartouches fiables.<\/h4>\n<div class=\"ProductKeySellingPoints_description__1LCVX\">Choisissez les cartouches de toner HP d&#8217;origine pour votre soci\u00e9t\u00e9 et b\u00e9n\u00e9ficiez d&#8217;une impression homog\u00e8ne et ininterrompue. Les consommables d&#8217;impression HP d&#8217;origine sont con\u00e7us avec l&#8217;imprimante pour offrir des r\u00e9sultats optimaux. Choisissez des cartouches de toner d&#8217;une fiabilit\u00e9 exceptionnelle. \u00c9vitez la frustration d&#8217;avoir \u00e0 r\u00e9imprimer, le gaspillage de consommables et les retards co\u00fbteux, inconv\u00e9nients possibles li\u00e9s aux cartouches reconditionn\u00e9es. Choisissez des cartouches \u00e0 grande capacit\u00e9 pour les impressions fr\u00e9quentes. Achetez un produit HP d&#8217;origine pour profiter de la fiabilit\u00e9 <strong>HP 507A Noir (CE400A) <\/strong> . Recherchez le sceau de s\u00e9curit\u00e9 <strong>HP 507A Noir (CE400A) <\/strong> . Confirmez que votre cartouche est une HP d&#8217;origine pour garantir des performances sup\u00e9rieures et obtenir des r\u00e9compenses exclusifs. \u00c0 l&#8217;aide du logiciel HP Cartridge Authentication, vous pouvez \u00e9viter les cartouches contrefaites.<\/div>\n<\/li>\n<li>\n<h4 class=\"ProductKeySellingPoints_title__EfldW\">G\u00e9rez vos impressions \u00e0 l&#8217;aide des solutions de gain de temps.<\/h4>\n<div class=\"ProductKeySellingPoints_description__1LCVX\">Obtenez une installation rapide de la cartouche &#8211; un enl\u00e8vement du sceau de la cartouche vous aide \u00e0 modifier facilement la cartouche. Recyclez gratuitement et facilement &#8211; les cartouches de toner <strong>HP 507A Noir (CE400A) <\/strong> \u00a0d&#8217;origine renvoy\u00e9es par l&#8217;interm\u00e9diaire du programme <strong>HP CE400A<\/strong> Planet Partners sont recycl\u00e9es de mani\u00e8re responsable.\u00a0 <strong>HP CE400A <\/strong>ne recharge et ne revend jamais les cartouches d&#8217;encres et ne les envoie pas \u00e0 une d\u00e9charge. Suivez l&#8217;utilisation du toner, recevez des alertes d\u00e8s que vos consommables s&#8217;\u00e9puisent et consolidez les infos de commande pour un parc d&#8217;imprimantes. Gagnez du temps sur vos t\u00e2ches administratives et maintenez l&#8217;environnement d&#8217;impression en fonctionnement optimal. Facilitez l&#8217;achat de vos consommables <strong>HP CE400A\u00a0<\/strong> SureSupply qui affiche la liste des cartouches compatibles avec vos imprimantes. Vous pouvez passer commande aupr\u00e8s de plusieurs sources en ligne.<\/div>\n<\/li>\n<li>Couleur(s): Noir<br \/>\nCapacit\u00e9\u00a0 \u00a0d&#8217;impression: environ 5500 pages<br \/>\nTechnologie d&#8217;impression: Laser<br \/>\nPoids: 1,2 kg<\/li>\n<li><\/li>\n<\/ul>\n<p>&nbsp;<\/p>\n<p>&nbsp;<\/p>\n","protected":false},"excerpt":{"rendered":"<ul>\n<li>Couleur(s): Noir<br \/>\nCapacit\u00e9\u00a0 \u00a0d&#8217;impression: environ 5500 pages<br \/>\nTechnologie d&#8217;impression: Laser<br \/>\nPoids: 1,2 kg<\/li>\n<\/ul>\n","protected":false},"featured_media":8341,"comment_status":"open","ping_status":"closed","template":"","meta":{"_acf_changed":false,"_monsterinsights_skip_tracking":false,"_monsterinsights_sitenote_active":false,"_monsterinsights_sitenote_note":"","_monsterinsights_sitenote_category":0,"_uf_show_specific_survey":0,"_uf_disable_surveys":false,"_joinchat":[]},"product_brand":[],"product_cat":[15,238,248],"product_tag":[],"class_list":{"0":"post-8336","1":"product","2":"type-product","3":"status-publish","4":"has-post-thumbnail","6":"product_cat-imprimante-scanner","7":"product_cat-consommables","8":"product_cat-toner","10":"first","11":"instock","12":"sale","13":"shipping-taxable","14":"purchasable","15":"product-type-simple"},"acf":[],"jetpack_sharing_enabled":true,"_links":{"self":[{"href":"https:\/\/digistar.ma\/index.php?rest_route=\/wp\/v2\/product\/8336","targetHints":{"allow":["GET"]}}],"collection":[{"href":"https:\/\/digistar.ma\/index.php?rest_route=\/wp\/v2\/product"}],"about":[{"href":"https:\/\/digistar.ma\/index.php?rest_route=\/wp\/v2\/types\/product"}],"replies":[{"embeddable":true,"href":"https:\/\/digistar.ma\/index.php?rest_route=%2Fwp%2Fv2%2Fcomments&post=8336"}],"version-history":[{"count":1,"href":"https:\/\/digistar.ma\/index.php?rest_route=\/wp\/v2\/product\/8336\/revisions"}],"predecessor-version":[{"id":8348,"href":"https:\/\/digistar.ma\/index.php?rest_route=\/wp\/v2\/product\/8336\/revisions\/8348"}],"wp:featuredmedia":[{"embeddable":true,"href":"https:\/\/digistar.ma\/index.php?rest_route=\/wp\/v2\/media\/8341"}],"wp:attachment":[{"href":"https:\/\/digistar.ma\/index.php?rest_route=%2Fwp%2Fv2%2Fmedia&parent=8336"}],"wp:term":[{"taxonomy":"product_brand","embeddable":true,"href":"https:\/\/digistar.ma\/index.php?rest_route=%2Fwp%2Fv2%2Fproduct_brand&post=8336"},{"taxonomy":"product_cat","embeddable":true,"href":"https:\/\/digistar.ma\/index.php?rest_route=%2Fwp%2Fv2%2Fproduct_cat&post=8336"},{"taxonomy":"product_tag","embeddable":true,"href":"https:\/\/digistar.ma\/index.php?rest_route=%2Fwp%2Fv2%2Fproduct_tag&post=8336"}],"curies":[{"name":"wp","href":"https:\/\/api.w.org\/{rel}","templated":true}]}}