{"id":8356,"date":"2023-08-23T11:36:51","date_gmt":"2023-08-23T11:36:51","guid":{"rendered":"https:\/\/digistar.ma\/?post_type=product&#038;p=8356"},"modified":"2023-08-23T11:39:15","modified_gmt":"2023-08-23T11:39:15","slug":"hp-203a-magenta-cf543a-toner-hp-laserjet-dorigine","status":"publish","type":"product","link":"https:\/\/digistar.ma\/?product=hp-203a-magenta-cf543a-toner-hp-laserjet-dorigine","title":{"rendered":"HP 203A Magenta (CF543A) &#8211; Toner HP LaserJet d&#8217;origine"},"content":{"rendered":"<p><strong>\u00a0 \u00a0 \u00a0 \u00a0HP 203A Magenta (CF543A) &#8211; Toner HP LaserJet d&#8217;origine<\/strong><\/p>\n<p>Le toner magenta HP LaserJet 203A vous assure une qualit\u00e9 d&#8217;impression optimale avec une capacit\u00e9 de 1 300 pages. Profitez de la technologie JetIntelligence, de tout le savoir-faire de\u00a0 \u00a0 \u00a0 \u00a0 \u00a0 \u00a0<strong>magenta HP LaserJet 203A<\/strong> et d&#8217;une utilisation pratique.<\/p>\n<p>Le toner <strong>magenta HP LaserJet 203A<\/strong> vous assure une qualit\u00e9 d&#8217;impression optimale avec une capacit\u00e9 de 1 300 pages. Profitez de la technologie JetIntelligence, de tout le savoir-faire de\u00a0 \u00a0 \u00a0<strong>magenta HP LaserJet 203A<\/strong> et d&#8217;une utilisation pratique.<\/p>\n<ul>\n<li><strong>Couleur\u00a0<\/strong>: Magenta<\/li>\n<li>Nombre total de pages :\u00a0<strong>1 300 pages<\/strong><\/li>\n<li><strong>Compatibilit\u00e9<\/strong>\u00a0: Imprimante multifonction HP Color LaserJet Pro M254dw (T6B60A), HP Color LaserJet Pro M254nw (T6B59A), Imprimante multifonction HP Color LaserJet Pro M280nw (T6B80A), Imprimante multifonction HP Color LaserJet Pro M281fdn (T6B81A),\u00a0 Imprimante multifonction HP Color LaserJet Pro M281fdw (T6B82A)<\/li>\n<li>Toner original\u00a0<strong>HP CF543A<\/strong>\u00a0pour imprimantes laser HP Laserjet Pro M254, M280 et M281. Ce toner\u00a0<strong>HP 203A magenta<\/strong>\u00a0est un consommable HP\u00a0<strong>100% authentique<\/strong>. Il utilise la technologie HP JetIntelligence qui permet d&#8217;en r\u00e9duire la taille des consommables tout en diminuant la consommation \u00e9lectrique de l&#8217;imprimante. Cette cartouche laser vous permettra d&#8217;imprimer environ\u00a0<strong>1300 pages<\/strong>\u00a0\u00e0 un taux de couverture de 5%. Code EAN<\/li>\n<li>Hp LaserJet Pro M254 , Hp LaserJet Pro M254dw , Hp LaserJet Pro M254nw , Hp LaserJet Pro M280nw , Hp LaserJet Pro M281fdn , Hp LaserJet Pro M281fdw , Hp LaserJet Pro MFP M280 , Hp LaserJet Pro MFP M281<\/li>\n<li>Imprimez tous vos documents professionnels rapidement et efficacement et de faites correspondre les performances de votre HP Color LaserJet Pro avec les cartouches de toner HP d\u2019origine avec JetIntelligence. Faites confiance \u00e0 la qualit\u00e9 et fiabilit\u00e9 pour des r\u00e9sultats d\u2019impression<strong>magenta HP LaserJet 203A <\/strong>.\n<ul>\n<li>\n<div class=\"ProductKeySellingPoints_kspSection__3Fumw\">\n<h4 class=\"ProductKeySellingPoints_title__EfldW\">Optimisez votre cartouche.<\/h4>\n<div class=\"ProductKeySellingPoints_description__1LCVX\">Imprimez plus longtemps et obtenez plus de pages avec les cartouches haute capacit\u00e9 en option.<\/div>\n<\/div>\n<div class=\"ProductKeySellingPoints_kspSection__3Fumw\">\n<h4 class=\"ProductKeySellingPoints_title__EfldW\">Imprimez \u00e0 haute vitesse sans renoncer \u00e0 la qualit\u00e9<\/h4>\n<div class=\"ProductKeySellingPoints_description__1LCVX\">Continuez \u00e0 b\u00e9n\u00e9ficier d&#8217;une qualit\u00e9 professionnelle constante \u00e0 haute vitesse avec un toner <strong>magenta HP LaserJet 203A<\/strong> ColorSphere 3.<\/div>\n<\/div>\n<div class=\"ProductKeySellingPoints_kspSection__3Fumw\">\n<h4 class=\"ProductKeySellingPoints_title__EfldW\">Aidez \u00e0 lutter contre la fraude<\/h4>\n<div class=\"ProductKeySellingPoints_description__1LCVX\">Obtenez la qualit\u00e9 <strong>magenta HP LaserJet 203A<\/strong> authentique que vous attendez avec l&#8217;innovante technologie anti-fraude.<\/div>\n<\/div>\n<div class=\"ProductKeySellingPoints_kspSection__3Fumw\">\n<h4 class=\"ProductKeySellingPoints_title__EfldW\">Prot\u00e9gez votre investissement<\/h4>\n<div class=\"ProductKeySellingPoints_description__1LCVX\">Continuez \u00e0 b\u00e9n\u00e9ficier d&#8217;une qualit\u00e9 professionnelle \u00e0 haute vitesse, page apr\u00e8s page, avec un toner\u00a0 <strong>magenta HP LaserJet 203A <\/strong>\u00a0ColorSphere 3<\/div>\n<div>\n<div class=\"Col-module_col__IAg7z Col-module_lg-4__43BEQ Features-module_column__NM8sE Col-module_gutter__kiWeK\" data-test-hook=\"@hpstellar\/core\/grid-col\">\n<h3 class=\"Typography-module_root__eQwd4 Typography-module_titleM__lNAVX Features-module_title__XRN2i Typography-module_responsive__iddT7\" data-test-hook=\"@hpstellar\/core\/typography\">Con\u00e7ues pour une fiabilit\u00e9 de pointe<\/h3>\n<p class=\"Typography-module_root__eQwd4 Typography-module_bodyM__XNddq Typography-module_responsive__iddT7\" data-test-hook=\"@hpstellar\/core\/typography\">Soyez assur\u00e9 que les cartouches <strong>magent a HP LaserJet 203A\u00a0<\/strong> authentiques fourniront de mani\u00e8re constante des r\u00e9sultats de qualit\u00e9 et des performances sup\u00e9rieures.<\/p>\n<\/div>\n<div class=\"Col-module_col__IAg7z Col-module_lg-4__43BEQ Features-module_column__NM8sE Col-module_gutter__kiWeK\" data-test-hook=\"@hpstellar\/core\/grid-col\">\n<h3 class=\"Typography-module_root__eQwd4 Typography-module_titleM__lNAVX Features-module_title__XRN2i Typography-module_responsive__iddT7\" data-test-hook=\"@hpstellar\/core\/typography\">Soyez fier de la qualit\u00e9 de vos impressions<\/h3>\n<p class=\"Typography-module_root__eQwd4 Typography-module_bodyM__XNddq Typography-module_responsive__iddT7\" data-test-hook=\"@hpstellar\/core\/typography\">Profitez d\u2019une qualit\u00e9 d\u2019impression sup\u00e9rieure avec les cartouches\u00a0 authentiques, con\u00e7ues pour des couleurs \u00e9clatantes, des textes nets et des noirs riches et obtenez un impact puissant.<\/p>\n<p data-test-hook=\"@hpstellar\/core\/typography\"><strong>HP 203A Magenta (CF543A) &#8211; Toner HP LaserJet d&#8217;origine<\/strong><\/p>\n<\/div>\n<div class=\"Col-module_col__IAg7z Col-module_lg-4__43BEQ Features-module_column__NM8sE Col-module_gutter__kiWeK\" data-test-hook=\"@hpstellar\/core\/grid-col\">\n<h3 class=\"Typography-module_root__eQwd4 Typography-module_titleM__lNAVX Features-module_title__XRN2i Typography-module_responsive__iddT7\" data-test-hook=\"@hpstellar\/core\/typography\">Faites le choix de l\u2019environnement.<\/h3>\n<p class=\"Typography-module_root__eQwd4 Typography-module_bodyM__XNddq Typography-module_responsive__iddT7\" data-test-hook=\"@hpstellar\/core\/typography\">Imprimez en toute confiance : les cartouches <strong>magenta HP LaserJet 203A<\/strong> authentiques con\u00e7ues dans le respect de notre plan\u00e8te, avec un recyclage facile et une diminution des d\u00e9chets.<\/p>\n<\/div>\n<div class=\"Col-module_col__IAg7z Col-module_lg-4__43BEQ Features-module_column__NM8sE Col-module_gutter__kiWeK\" data-test-hook=\"@hpstellar\/core\/grid-col\">\n<h3 class=\"Typography-module_root__eQwd4 Typography-module_titleM__lNAVX Features-module_title__XRN2i Typography-module_responsive__iddT7\" data-test-hook=\"@hpstellar\/core\/typography\">L\u2019union fait la force. De meilleurs r\u00e9sultats.<\/h3>\n<p class=\"Typography-module_root__eQwd4 Typography-module_bodyM__XNddq Typography-module_responsive__iddT7\" data-test-hook=\"@hpstellar\/core\/typography\">Les cartouches <strong>magenta HP LaserJet 203A<\/strong> authentiques sont les seules cartouches con\u00e7ues pr\u00e9cis\u00e9ment avec les imprimantes <strong>magenta HP LaserJet 203A<\/strong> pour une qualit\u00e9 et des r\u00e9sultats fiables, ainsi que des performances constantes.<\/p>\n<div class=\"Col-module_col__IAg7z Col-module_lg-4__43BEQ Features-module_column__NM8sE Col-module_gutter__kiWeK\" data-test-hook=\"@hpstellar\/core\/grid-col\">\n<h3 class=\"Typography-module_root__eQwd4 Typography-module_titleM__lNAVX Features-module_title__XRN2i Typography-module_responsive__iddT7\" data-test-hook=\"@hpstellar\/core\/typography\">artouches en option haute capacit\u00e9 disponibles<\/h3>\n<p class=\"Typography-module_root__eQwd4 Typography-module_bodyM__XNddq Typography-module_responsive__iddT7\" data-test-hook=\"@hpstellar\/core\/typography\">Imprimez plus longtemps et obtenez plus de pages avec les cartouches haute capacit\u00e9 en option.<\/p>\n<\/div>\n<div class=\"Col-module_col__IAg7z Col-module_lg-4__43BEQ Features-module_column__NM8sE Col-module_gutter__kiWeK\" data-test-hook=\"@hpstellar\/core\/grid-col\">\n<h3 class=\"Typography-module_root__eQwd4 Typography-module_titleM__lNAVX Features-module_title__XRN2i Typography-module_responsive__iddT7\" data-test-hook=\"@hpstellar\/core\/typography\">Suivez les niveaux de toner<\/h3>\n<p class=\"Typography-module_root__eQwd4 Typography-module_bodyM__XNddq Typography-module_responsive__iddT7\" data-test-hook=\"@hpstellar\/core\/typography\">Obtenez la qualit\u00e9 d&#8217;impression pour laquelle vous avez pay\u00e9. La technologie de jauge d\u2019impression suit intelligemment les niveaux de toner, afin d&#8217;\u00eatre certain de la quantit\u00e9 d\u2019encre restant dans la cartouche<\/p>\n<div class=\"Col-module_col__IAg7z Col-module_lg-4__43BEQ Features-module_column__NM8sE Col-module_gutter__kiWeK\" data-test-hook=\"@hpstellar\/core\/grid-col\">\n<h3 class=\"Typography-module_root__eQwd4 Typography-module_titleM__lNAVX Features-module_title__XRN2i Typography-module_responsive__iddT7\" data-test-hook=\"@hpstellar\/core\/typography\">Cartouches en option haute capacit\u00e9 disponibles<\/h3>\n<p class=\"Typography-module_root__eQwd4 Typography-module_bodyM__XNddq Typography-module_responsive__iddT7\" data-test-hook=\"@hpstellar\/core\/typography\">Imprimez plus longtemps et obtenez plus de pages avec les cartouches haute capacit\u00e9 en option.<\/p>\n<\/div>\n<div class=\"Col-module_col__IAg7z Col-module_lg-4__43BEQ Features-module_column__NM8sE Col-module_gutter__kiWeK\" data-test-hook=\"@hpstellar\/core\/grid-col\">\n<h3 class=\"Typography-module_root__eQwd4 Typography-module_titleM__lNAVX Features-module_title__XRN2i Typography-module_responsive__iddT7\" data-test-hook=\"@hpstellar\/core\/typography\">Suivez les niveaux de toner<\/h3>\n<p class=\"Typography-module_root__eQwd4 Typography-module_bodyM__XNddq Typography-module_responsive__iddT7\" data-test-hook=\"@hpstellar\/core\/typography\">Obtenez la qualit\u00e9 d&#8217;impression pour laquelle vous avez pay\u00e9. La technologie de jauge d\u2019impression suit intelligemment les niveaux de toner, afin d&#8217;\u00eatre certain de la quantit\u00e9 d\u2019encre restant dans la cartouche.<\/p>\n<p data-test-hook=\"@hpstellar\/core\/typography\"><strong>HP 203A Magenta (CF543A) &#8211; Toner HP LaserJet d&#8217;origine<\/strong><\/p>\n<p data-test-hook=\"@hpstellar\/core\/typography\">Couleur(s): Magenta<br \/>\nCapacit\u00e9 d&#8217;impression: environ 1300 pages<br \/>\nTechnologie d&#8217;impression: Laser<br \/>\nPoids: environ 0,53 kg<\/p>\n<\/div>\n<p data-test-hook=\"@hpstellar\/core\/typography\">\n<\/div>\n<\/div>\n<\/div>\n<div><\/div>\n<\/div>\n<\/li>\n<\/ul>\n<\/li>\n<\/ul>\n<p>&nbsp;<\/p>\n<p>&nbsp;<\/p>\n<p>&nbsp;<\/p>\n","protected":false},"excerpt":{"rendered":"<p>Couleur(s): Magenta<br \/>\nCapacit\u00e9 d&#8217;impression: environ 1300 pages<br \/>\nTechnologie d&#8217;impression: Laser<br \/>\nPoids: environ 0,53 kg<\/p>\n","protected":false},"featured_media":8375,"comment_status":"open","ping_status":"closed","template":"","meta":{"_acf_changed":false,"_monsterinsights_skip_tracking":false,"_monsterinsights_sitenote_active":false,"_monsterinsights_sitenote_note":"","_monsterinsights_sitenote_category":0,"_uf_show_specific_survey":0,"_uf_disable_surveys":false,"_joinchat":[]},"product_brand":[],"product_cat":[15,238,248],"product_tag":[],"class_list":{"0":"post-8356","1":"product","2":"type-product","3":"status-publish","4":"has-post-thumbnail","6":"product_cat-imprimante-scanner","7":"product_cat-consommables","8":"product_cat-toner","10":"first","11":"instock","12":"sale","13":"shipping-taxable","14":"purchasable","15":"product-type-simple"},"acf":[],"jetpack_sharing_enabled":true,"_links":{"self":[{"href":"https:\/\/digistar.ma\/index.php?rest_route=\/wp\/v2\/product\/8356","targetHints":{"allow":["GET"]}}],"collection":[{"href":"https:\/\/digistar.ma\/index.php?rest_route=\/wp\/v2\/product"}],"about":[{"href":"https:\/\/digistar.ma\/index.php?rest_route=\/wp\/v2\/types\/product"}],"replies":[{"embeddable":true,"href":"https:\/\/digistar.ma\/index.php?rest_route=%2Fwp%2Fv2%2Fcomments&post=8356"}],"version-history":[{"count":1,"href":"https:\/\/digistar.ma\/index.php?rest_route=\/wp\/v2\/product\/8356\/revisions"}],"predecessor-version":[{"id":8382,"href":"https:\/\/digistar.ma\/index.php?rest_route=\/wp\/v2\/product\/8356\/revisions\/8382"}],"wp:featuredmedia":[{"embeddable":true,"href":"https:\/\/digistar.ma\/index.php?rest_route=\/wp\/v2\/media\/8375"}],"wp:attachment":[{"href":"https:\/\/digistar.ma\/index.php?rest_route=%2Fwp%2Fv2%2Fmedia&parent=8356"}],"wp:term":[{"taxonomy":"product_brand","embeddable":true,"href":"https:\/\/digistar.ma\/index.php?rest_route=%2Fwp%2Fv2%2Fproduct_brand&post=8356"},{"taxonomy":"product_cat","embeddable":true,"href":"https:\/\/digistar.ma\/index.php?rest_route=%2Fwp%2Fv2%2Fproduct_cat&post=8356"},{"taxonomy":"product_tag","embeddable":true,"href":"https:\/\/digistar.ma\/index.php?rest_route=%2Fwp%2Fv2%2Fproduct_tag&post=8356"}],"curies":[{"name":"wp","href":"https:\/\/api.w.org\/{rel}","templated":true}]}}