{"id":8357,"date":"2023-08-23T11:18:46","date_gmt":"2023-08-23T11:18:46","guid":{"rendered":"https:\/\/digistar.ma\/?post_type=product&#038;p=8357"},"modified":"2023-08-23T11:25:06","modified_gmt":"2023-08-23T11:25:06","slug":"wacom-signature-tablette-graphique-stu-540-ch2","status":"publish","type":"product","link":"https:\/\/digistar.ma\/?product=wacom-signature-tablette-graphique-stu-540-ch2","title":{"rendered":"Wacom Signature Tablette graphique STU-540-CH2"},"content":{"rendered":"<h3><strong>Wacom Signature Tablette graphique STU-540-CH2<\/strong><\/h3>\n<h4 class=\"h2-master\">Ecran couleur et s\u00e9curit\u00e9 optimis\u00e9e<\/h4>\n<section>La tablette\u00a0<strong>Wacom Signature STU-540-CH2<\/strong>\u00a0est un outil performant avec son \u00e9cran LCD 5&#8243; en couleur, sa s\u00e9curit\u00e9 optimis\u00e9e et son confort d&#8217;utilisation. Livr\u00e9e avec le logiciel sign pro PDF, elle d\u00e9voile toutes ses qualit\u00e9s pour r\u00e9pondre aux exigences professionnelles.<\/section>\n<section>\n<div class=\"desc-image\"><img decoding=\"async\" src=\"https:\/\/media.ldlc.com\/bo\/images\/fiches\/tablette_graphique\/wacom\/stu-540\/ecran_couleur.jpg\" alt=\"\" \/><\/div>\n<div class=\"desc-text\">\n<h4>CONFORT AU QUOTIDIEN<\/h4>\n<p>La STU-540 est une\u00a0<strong>tablette de signature\u00a0<\/strong>dot\u00e9e d&#8217;une<strong>\u00a0conception fine<\/strong>, d&#8217;un profil bas et d&#8217;une surface plate. Son<strong>\u00a0\u00e9cran couleur de 5&#8243;<\/strong>\u00a0est suffisamment grand pour capturer des signatures plus longues et y loger les boutons logiciels en plus de la zone de signature. L\u2019\u00e9cran LCD\u00a0est parfaitement lisible et dispose un verre anti-reflet pour une lecture confortable m\u00eame en plein luminosit\u00e9.<\/p>\n<p>La tablette Signagture STU-540-CH2 int\u00e8gre la technologie EMR sans maintenance brevet\u00e9e Wacom et pas moins de\u00a0<strong>1 024 niveaux de pression<\/strong>. Le syst\u00e8me de chiffrement AES-256 \/ RSA-2048 garantit une excellente s\u00e9curit\u00e9. Le porte-stylet int\u00e9gr\u00e9 fait \u00e9galement office de blocage de c\u00e2ble USB ce qui permet d\u2019\u00e9viter toute d\u00e9connexion fortuite du c\u00e2ble USB.<\/p>\n<\/div>\n<\/section>\n<section>\n<h4>CARACT\u00c9RISTIQUES PRINCIPALES Wacom Signature Tablette graphique STU-540-CH2 :<\/h4>\n<ul>\n<li><strong>Tablette de signature<\/strong><\/li>\n<li>Lecture \u00e0 r\u00e9sonance \u00e9lectromagn\u00e9tique (EMR)<\/li>\n<li>Surface active : 108\u00a0x 65\u00a0mm<\/li>\n<li><strong>1024 niveaux de pression du stylet pour une pr\u00e9cision extr\u00eame<\/strong><\/li>\n<li>Ecran LCD couleur 800 x 480 pixels avec verre anti-reflet<\/li>\n<li>Interface : USB \/ VCP \/ RS-232<\/li>\n<li>Chiffrement AES256 et RSA2048<\/li>\n<li>Range-stylet, syst\u00e8me de verrouillage du c\u00e2ble USB<\/li>\n<li>M\u00e9moire interne pour images<\/li>\n<li><strong>Logiciel sign pro PDF inclus<\/strong><\/li>\n<\/ul>\n<h3><a href=\"https:\/\/digistar.ma\/wp-content\/uploads\/2023\/08\/wacom-for-business-datasheet-stu-540-fr-eu-20210915.pdf\">FICHE TECHNIQUE ICI<\/a><\/h3>\n<\/section>\n","protected":false},"excerpt":{"rendered":"<ul>\n<li><strong>Tablette de signature<\/strong><\/li>\n<li>Lecture \u00e0 r\u00e9sonance \u00e9lectromagn\u00e9tique (EMR)<\/li>\n<li>Surface active : 108\u00a0x 65\u00a0mm<\/li>\n<li><strong>1024 niveaux de pression du stylet pour une pr\u00e9cision extr\u00eame<\/strong><\/li>\n<li>Ecran LCD couleur 800 x 480 pixels avec verre anti-reflet<\/li>\n<li>Interface : USB \/ VCP \/ RS-232<\/li>\n<li>Chiffrement AES256 et RSA2048<\/li>\n<li>Range-stylet, syst\u00e8me de verrouillage du c\u00e2ble USB<\/li>\n<li>M\u00e9moire interne pour images<\/li>\n<li><strong>Logiciel sign pro PDF inclus<\/strong><\/li>\n<\/ul>\n","protected":false},"featured_media":8359,"comment_status":"open","ping_status":"closed","template":"","meta":{"_acf_changed":false,"_monsterinsights_skip_tracking":false,"_monsterinsights_sitenote_active":false,"_monsterinsights_sitenote_note":"","_monsterinsights_sitenote_category":0,"_uf_show_specific_survey":0,"_uf_disable_surveys":false,"_joinchat":[]},"product_brand":[],"product_cat":[245],"product_tag":[],"class_list":{"0":"post-8357","1":"product","2":"type-product","3":"status-publish","4":"has-post-thumbnail","6":"product_cat-tablette-graphique","8":"first","9":"instock","10":"sale","11":"shipping-taxable","12":"purchasable","13":"product-type-simple"},"acf":[],"jetpack_sharing_enabled":true,"_links":{"self":[{"href":"https:\/\/digistar.ma\/index.php?rest_route=\/wp\/v2\/product\/8357","targetHints":{"allow":["GET"]}}],"collection":[{"href":"https:\/\/digistar.ma\/index.php?rest_route=\/wp\/v2\/product"}],"about":[{"href":"https:\/\/digistar.ma\/index.php?rest_route=\/wp\/v2\/types\/product"}],"replies":[{"embeddable":true,"href":"https:\/\/digistar.ma\/index.php?rest_route=%2Fwp%2Fv2%2Fcomments&post=8357"}],"version-history":[{"count":3,"href":"https:\/\/digistar.ma\/index.php?rest_route=\/wp\/v2\/product\/8357\/revisions"}],"predecessor-version":[{"id":8372,"href":"https:\/\/digistar.ma\/index.php?rest_route=\/wp\/v2\/product\/8357\/revisions\/8372"}],"wp:featuredmedia":[{"embeddable":true,"href":"https:\/\/digistar.ma\/index.php?rest_route=\/wp\/v2\/media\/8359"}],"wp:attachment":[{"href":"https:\/\/digistar.ma\/index.php?rest_route=%2Fwp%2Fv2%2Fmedia&parent=8357"}],"wp:term":[{"taxonomy":"product_brand","embeddable":true,"href":"https:\/\/digistar.ma\/index.php?rest_route=%2Fwp%2Fv2%2Fproduct_brand&post=8357"},{"taxonomy":"product_cat","embeddable":true,"href":"https:\/\/digistar.ma\/index.php?rest_route=%2Fwp%2Fv2%2Fproduct_cat&post=8357"},{"taxonomy":"product_tag","embeddable":true,"href":"https:\/\/digistar.ma\/index.php?rest_route=%2Fwp%2Fv2%2Fproduct_tag&post=8357"}],"curies":[{"name":"wp","href":"https:\/\/api.w.org\/{rel}","templated":true}]}}