{"id":8413,"date":"2023-08-23T14:14:14","date_gmt":"2023-08-23T14:14:14","guid":{"rendered":"https:\/\/digistar.ma\/?post_type=product&#038;p=8413"},"modified":"2023-08-23T14:16:19","modified_gmt":"2023-08-23T14:16:19","slug":"hp-335a-noir-toner-hp-laserjet-dorigine-w1335a","status":"publish","type":"product","link":"https:\/\/digistar.ma\/?product=hp-335a-noir-toner-hp-laserjet-dorigine-w1335a","title":{"rendered":"HP 335A Noir &#8211; Toner HP LaserJet d&#8217;origine (W1335A)"},"content":{"rendered":"<p><strong>HP 335A Noir &#8211; Toner HP LaserJet d&#8217;origine (W1335A)<\/strong><\/p>\n<p>Imprimez des documents commerciaux impressionnants lorsque vous utilisez des toners HP LaserJet authentiques con\u00e7us pour votre imprimante HP LaserJet. Choisissez parmi des toners standard ou \u00e0 haut rendement et obtenez des pages de haute qualit\u00e9 de mani\u00e8re uniforme.<\/p>\n<ul>\n<li>Sous-groupe de produit: Cartouches d&#8217;encre de capacit\u00e9 standard<\/li>\n<li>Couleur(s) des consommables d\u2019impression: Noir<\/li>\n<li>Nombre total de pages (couleur): env. 7\u00a0400\u00a0pages<\/li>\n<li>Contenu de l\u2019emballage: Cartouche de toner ; Guide de recyclage<\/li>\n<li>\n<div class=\"c-column-module-feature\">\n<h4 class=\"c-column-module-feature__title h4\">Les toners <strong>W1335A<\/strong> fonctionnent avec :<\/h4>\n<div class=\"c-column-module-feature__description h5\">\n<p>HP LaserJet M42625, M438, M442<\/p>\n<\/div>\n<\/div>\n<div class=\"c-column-module-feature\">\n<h4 class=\"c-column-module-feature__title h4\">Con\u00e7ues pour une fiabilit\u00e9 de pointe<\/h4>\n<div class=\"c-column-module-feature__description h5\">\n<p>Soyez assur\u00e9 que les cartouches HP authentiques fourniront de mani\u00e8re constante des r\u00e9sultats de qualit\u00e9 et des performances\u00a0<span class=\"m-text-nowrap\">sup\u00e9rieures.<\/span><\/p>\n<\/div>\n<\/div>\n<div class=\"c-column-module-feature\">\n<h4 class=\"c-column-module-feature__title h4\">Soyez fier de la qualit\u00e9 de vos impressions<\/h4>\n<div class=\"c-column-module-feature__description h5\">\n<p>Profitez d\u2019une qualit\u00e9 d\u2019impression sup\u00e9rieure avec les cartouches <strong>W1335A <\/strong>authentiques, con\u00e7ues pour des couleurs \u00e9clatantes, des textes nets et des noirs riches et obtenez un impact puissant.<\/p>\n<\/div>\n<\/div>\n<div class=\"c-column-module-feature\">\n<h4 class=\"c-column-module-feature__title h4\">Faites le choix de l\u2019environnement<\/h4>\n<div class=\"c-column-module-feature__description h5\">\n<p>Imprimez en toute confiance : les cartouches <strong>W1335A\u00a0<\/strong> authentiques con\u00e7ues dans le respect de notre plan\u00e8te, avec un recyclage facile et une diminution des <span class=\"m-text-nowrap\">d\u00e9chets.<\/span><\/p>\n<p>Le Toner noir <strong>W1335A<\/strong> 126 (CE310A) LaserJet donnent une allure professionnelle aux documents commerciaux et permettent de maintenir votre productivit\u00e9 ou celle de votre entreprise en \u00e9vitant les gaspillages de temps et de consommables.<\/p>\n<p>Le\u00a0<strong>Toner noir HP 126 (CE310A)<\/strong>\u00a0LaserJet donnent une allure professionnelle aux documents commerciaux et permettent de maintenir votre productivit\u00e9 ou celle de votre entreprise en \u00e9vitant les gaspillages de temps et de consommables. Ces cartouches sont sp\u00e9cialement con\u00e7ues pour une fiabilit\u00e9 sur laquelle vous pouvez compter.<\/p>\n<ul>\n<li>Imprimez des textes noirs riches pour maximiser l&#8217;impact des documents. Ou imprimez des graphiques et des images de qualit\u00e9 photo, gr\u00e2ce au toner qui offre une brillance lumineuse. Comptez sur des r\u00e9sultats professionnels homog\u00e8nes sur une large gamme de papiers laser.<\/li>\n<li>Maintenez un co\u00fbt d&#8217;impression minimal, pour une productivit\u00e9 maximale. Impressions ininterrompues et uniformes avec les cartouches de toner <strong>W1335A <\/strong>. Cartouches con\u00e7ues pour une fiabilit\u00e9 exceptionnelle, \u00e9vitant gaspillage des consommables et d\u00e9lais co\u00fbteux.<\/li>\n<li>Commande de consommables d&#8217;impression sans faille avec <strong>W1335A<\/strong> SureSupply. Lorsqu&#8217;il est temps d&#8217;installer une nouvelle cartouche, vous pouvez vous fier \u00e0 la conception des cartouches <strong>W1335A<\/strong> tout-en-un, faciles et rapides \u00e0 remplacer. Recyclez vos anciennes cartouches de toner via HP Planet Partners.<\/li>\n<li>Couleur(s): Noir<br \/>\nCapacit\u00e9 d&#8217;impression: \u00a07\u00a0400 pages<br \/>\nTechnologie d&#8217;impression: Laser<br \/>\nPoids: environ 0,5\u00a0kg<\/li>\n<li><\/li>\n<\/ul>\n<\/div>\n<\/div>\n<\/li>\n<\/ul>\n<p>&nbsp;<\/p>\n<p>&nbsp;<\/p>\n<p>&nbsp;<\/p>\n","protected":false},"excerpt":{"rendered":"<ul>\n<li>Couleur(s): Noir<br \/>\nCapacit\u00e9 d&#8217;impression: \u00a07\u00a0400 pages<br \/>\nTechnologie d&#8217;impression: Laser<br \/>\nPoids: environ 0,5\u00a0kg<\/li>\n<\/ul>\n","protected":false},"featured_media":8414,"comment_status":"open","ping_status":"closed","template":"","meta":{"_acf_changed":false,"_monsterinsights_skip_tracking":false,"_monsterinsights_sitenote_active":false,"_monsterinsights_sitenote_note":"","_monsterinsights_sitenote_category":0,"_uf_show_specific_survey":0,"_uf_disable_surveys":false,"_joinchat":[]},"product_brand":[],"product_cat":[15,238,248],"product_tag":[],"class_list":{"0":"post-8413","1":"product","2":"type-product","3":"status-publish","4":"has-post-thumbnail","6":"product_cat-imprimante-scanner","7":"product_cat-consommables","8":"product_cat-toner","10":"first","11":"instock","12":"sale","13":"shipping-taxable","14":"purchasable","15":"product-type-simple"},"acf":[],"jetpack_sharing_enabled":true,"_links":{"self":[{"href":"https:\/\/digistar.ma\/index.php?rest_route=\/wp\/v2\/product\/8413","targetHints":{"allow":["GET"]}}],"collection":[{"href":"https:\/\/digistar.ma\/index.php?rest_route=\/wp\/v2\/product"}],"about":[{"href":"https:\/\/digistar.ma\/index.php?rest_route=\/wp\/v2\/types\/product"}],"replies":[{"embeddable":true,"href":"https:\/\/digistar.ma\/index.php?rest_route=%2Fwp%2Fv2%2Fcomments&post=8413"}],"version-history":[{"count":1,"href":"https:\/\/digistar.ma\/index.php?rest_route=\/wp\/v2\/product\/8413\/revisions"}],"predecessor-version":[{"id":8420,"href":"https:\/\/digistar.ma\/index.php?rest_route=\/wp\/v2\/product\/8413\/revisions\/8420"}],"wp:featuredmedia":[{"embeddable":true,"href":"https:\/\/digistar.ma\/index.php?rest_route=\/wp\/v2\/media\/8414"}],"wp:attachment":[{"href":"https:\/\/digistar.ma\/index.php?rest_route=%2Fwp%2Fv2%2Fmedia&parent=8413"}],"wp:term":[{"taxonomy":"product_brand","embeddable":true,"href":"https:\/\/digistar.ma\/index.php?rest_route=%2Fwp%2Fv2%2Fproduct_brand&post=8413"},{"taxonomy":"product_cat","embeddable":true,"href":"https:\/\/digistar.ma\/index.php?rest_route=%2Fwp%2Fv2%2Fproduct_cat&post=8413"},{"taxonomy":"product_tag","embeddable":true,"href":"https:\/\/digistar.ma\/index.php?rest_route=%2Fwp%2Fv2%2Fproduct_tag&post=8413"}],"curies":[{"name":"wp","href":"https:\/\/api.w.org\/{rel}","templated":true}]}}