{"id":8486,"date":"2023-08-24T10:31:19","date_gmt":"2023-08-24T10:31:19","guid":{"rendered":"https:\/\/digistar.ma\/?post_type=product&#038;p=8486"},"modified":"2023-08-24T10:40:07","modified_gmt":"2023-08-24T10:40:07","slug":"hp-212a-noir-toner-hp-laserjet-dorigine-w2120a","status":"publish","type":"product","link":"https:\/\/digistar.ma\/?product=hp-212a-noir-toner-hp-laserjet-dorigine-w2120a","title":{"rendered":"HP 212A Noir &#8211; Toner HP LaserJet d&#8217;origine (W2120A)"},"content":{"rendered":"<div>\n<div id=\"overview-description\" class=\"ProductDetailsPage_productOverview__2DngI\">\n<section class=\"ProductDetailsPage_productDetailsBannerWrapper__2VwJ7\">\n<div class=\"ProductDescription_productDescription__2iTwQ\"><\/div>\n<\/section>\n<\/div>\n<\/div>\n<section id=\"accessories\" class=\"ProductDetailsPage_accessoriesWrapper__1HC7N ProductDetailsPage_removeBottomPadding__266fv\">\n<div class=\"RecommendedAccessoriesContainer_container__2QsaL RecommendedAccessoriesContainer_hasOneAccessory__3EVVI\">\n<div class=\"RecommendedAccessories-module_root__IFxwl RecommendedAccessories-module_dark__ZB7Zm\" data-test-hook=\"@hpstellar\/pdp\/recommended-accessories\">\n<div class=\"RecommendedAccessories-module_collapseWrapper__MlsQ8\" data-test-hook=\"@hpstellar\/core\/collapse-wrapper__desktopContent\">\n<div class=\"Container-module_root__luUPH Container-module_container__jSUGk CollapseWrapper-module_desktopTitleWrapper__5LjgL\" data-test-hook=\"@hpstellar\/core\/container\">\n<p class=\"Typography-module_root__eQwd4 Typography-module_titleM__lNAVX Typography-module_responsive__iddT7\" data-test-hook=\"@hpstellar\/core\/typography\"><strong>HP 212A Noir &#8211; Toner HP LaserJet d&#8217;origine (W2120A)<\/strong><\/p>\n<p data-test-hook=\"@hpstellar\/core\/typography\">Le toner haute capacit\u00e9 LaserJet HP 212A produit des documents commerciaux avec un aspect professionnel et des textes de qualit\u00e9 sup\u00e9rieure. Restez productif et \u00e9vitez une perte de temps et de consommables. Ce toner est sp\u00e9cialement con\u00e7u pour votre imprimante <strong>HP 212A Noir &#8211; Toner HP LaserJet d&#8217;origine (W2120A)\u00a0<\/strong> LaserJet Pro ou MFP<\/p>\n<p data-test-hook=\"@hpstellar\/core\/typography\">POUR PRODUIRE DES DOCUMENTS COMMERCIAUX AVEC UN ASPECT PROFESSIONNEL ET DES TEXTES DE QUALIT\u00c9 SUP\u00c9RIEURE Le toner haute capacit\u00e9 LaserJet HP 212A produit des documents commerciaux avec un aspect professionnel et des textes de qualit\u00e9 sup\u00e9rieure. Restez productif et \u00e9vitez une perte de temps et de consommables. Ce toner est sp\u00e9cialement con\u00e7u pour votre imprimante <strong>HP 212A Noir &#8211; Toner HP LaserJet d&#8217;origine (W2120A)<\/strong>\u00a0LaserJet Pro ou MFP (Imprimante multifonction).<\/p>\n<p data-test-hook=\"@hpstellar\/core\/typography\">Compatible : HP Laserjet Enterprise M554\/M555\/MFP M578<\/p>\n<p data-test-hook=\"@hpstellar\/core\/typography\">Utilisez des toners <strong>HP 212A Noir &#8211; Toner HP LaserJet d&#8217;origine (W2120A)\u00a0<\/strong> authentiques avec JetIntelligence pour une qualit\u00e9 professionnelle, et plus de pages avec des options de grande capacit\u00e9 \u00e9conomiques, d&#8217;excellentes performances \u00e0 haute vitesse et la protection antifraude innovante \u2013 technologie unique \u00e0 <strong>HP 212A Noir &#8211; Toner HP LaserJet d&#8217;origine (W2120A)<\/strong>.<\/p>\n<div class=\"ProductKeySellingPoints_kspSection__3Fumw\">\n<h4 class=\"ProductKeySellingPoints_title__EfldW\">Impressions performantes. Intelligence \u00e9nerg\u00e9tique.<\/h4>\n<div class=\"ProductKeySellingPoints_description__1LCVX\">Tirez pleinement parti de votre cartouche avec la technologie de maximisation de pages qui g\u00e8re efficacement la consommation de toner.<\/div>\n<\/div>\n<div class=\"ProductKeySellingPoints_kspSection__3Fumw\">\n<h4 class=\"ProductKeySellingPoints_title__EfldW\">Prot\u00e9gez votre investissement d&#8217;imprimante <strong>HP 212A Noir &#8211; Toner HP LaserJet d&#8217;origine (W2120A)<\/strong><\/h4>\n<div class=\"ProductKeySellingPoints_description__1LCVX\">Vous pouvez continuer \u00e0 b\u00e9n\u00e9ficier de couleurs \u00e9clatantes et d&#8217;une qualit\u00e9 professionnelle avec le toner HP ColorSphere 3.<\/div>\n<\/div>\n<div class=\"ProductKeySellingPoints_kspSection__3Fumw\">\n<h4 class=\"ProductKeySellingPoints_title__EfldW\">Toners con\u00e7us pour pr\u00e9server l&#8217;environnement<\/h4>\n<div class=\"ProductKeySellingPoints_description__1LCVX\">Achetez des produits recycl\u00e9s. 100 % des toners <strong>HP 212A Noir &#8211; Toner HP LaserJet d&#8217;origine (W2120A)\u00a0<\/strong> authentiques contiennent des mat\u00e9riaux recycl\u00e9s.<\/div>\n<\/div>\n<div class=\"ProductKeySellingPoints_kspSection__3Fumw\">\n<h4 class=\"ProductKeySellingPoints_title__EfldW\">Retrouvez votre tranquillit\u00e9 d&#8217;esprit avec les cartouches <strong>HP 212A Noir &#8211; Toner HP LaserJet d&#8217;origine (W2120A)\u00a0<\/strong> authentiques<\/h4>\n<div class=\"ProductKeySellingPoints_description__1LCVX\">Identifiez les cartouches <strong>HP 212A Noir &#8211; Toner HP LaserJet d&#8217;origine (W2120A)<\/strong> authentiques neuves, d&#8217;occasion, ou contrefaites afin de vous permettre d&#8217;\u00eatre s\u00fbr de b\u00e9n\u00e9ficier de la qualit\u00e9 HP pour laquelle vous avez pay\u00e9.<\/div>\n<div>HP 212A Noir &#8211; Toner original HP W2120A. Ce toner HP 212A 100% authentique vous permettra d&#8217;imprimer jusqu&#8217;\u00c3 5500 pages en noir \u00c3 un taux de couverture de 5%.<\/div>\n<div>Hp Color LaserJet Enterprise M554 , Hp Color LaserJet Enterprise M554dn , Hp Color LaserJet Enterprise M555 Series , Hp Color LaserJet Enterprise MFP M548dn , Hp Color laserJet Enterprise flow MFP M578c , Hp Color LaserJet Enterprise MFP M578f.<\/div>\n<div><strong>HP 212A Noir &#8211; Toner HP LaserJet d&#8217;origine (W2120A)<\/strong><\/div>\n<div><\/div>\n<div>Couleur(s): Noir<br \/>\nCapacit\u00e9 d&#8217;impression: 5 500 pages<br \/>\nTechnologie d&#8217;impression:\u00a0Laser<br \/>\nPoids: environ 0,88 kg<\/div>\n<div><\/div>\n<div><\/div>\n<div><\/div>\n<\/div>\n<p data-test-hook=\"@hpstellar\/core\/typography\">\n<\/div>\n<\/div>\n<\/div>\n<\/div>\n<\/section>\n","protected":false},"excerpt":{"rendered":"<div>Couleur(s): Noir<br \/>\nCapacit\u00e9 d&#8217;impression: 5 500 pages<br \/>\nTechnologie d&#8217;impression:\u00a0Laser<br \/>\nPoids: environ 0,88 kg<\/div>\n<div><\/div>\n<div><\/div>\n","protected":false},"featured_media":8487,"comment_status":"open","ping_status":"closed","template":"","meta":{"_acf_changed":false,"_monsterinsights_skip_tracking":false,"_monsterinsights_sitenote_active":false,"_monsterinsights_sitenote_note":"","_monsterinsights_sitenote_category":0,"_uf_show_specific_survey":0,"_uf_disable_surveys":false,"_joinchat":[]},"product_brand":[],"product_cat":[15,238,248],"product_tag":[],"class_list":{"0":"post-8486","1":"product","2":"type-product","3":"status-publish","4":"has-post-thumbnail","6":"product_cat-imprimante-scanner","7":"product_cat-consommables","8":"product_cat-toner","10":"first","11":"instock","12":"sale","13":"shipping-taxable","14":"purchasable","15":"product-type-simple"},"acf":[],"jetpack_sharing_enabled":true,"_links":{"self":[{"href":"https:\/\/digistar.ma\/index.php?rest_route=\/wp\/v2\/product\/8486","targetHints":{"allow":["GET"]}}],"collection":[{"href":"https:\/\/digistar.ma\/index.php?rest_route=\/wp\/v2\/product"}],"about":[{"href":"https:\/\/digistar.ma\/index.php?rest_route=\/wp\/v2\/types\/product"}],"replies":[{"embeddable":true,"href":"https:\/\/digistar.ma\/index.php?rest_route=%2Fwp%2Fv2%2Fcomments&post=8486"}],"version-history":[{"count":5,"href":"https:\/\/digistar.ma\/index.php?rest_route=\/wp\/v2\/product\/8486\/revisions"}],"predecessor-version":[{"id":8495,"href":"https:\/\/digistar.ma\/index.php?rest_route=\/wp\/v2\/product\/8486\/revisions\/8495"}],"wp:featuredmedia":[{"embeddable":true,"href":"https:\/\/digistar.ma\/index.php?rest_route=\/wp\/v2\/media\/8487"}],"wp:attachment":[{"href":"https:\/\/digistar.ma\/index.php?rest_route=%2Fwp%2Fv2%2Fmedia&parent=8486"}],"wp:term":[{"taxonomy":"product_brand","embeddable":true,"href":"https:\/\/digistar.ma\/index.php?rest_route=%2Fwp%2Fv2%2Fproduct_brand&post=8486"},{"taxonomy":"product_cat","embeddable":true,"href":"https:\/\/digistar.ma\/index.php?rest_route=%2Fwp%2Fv2%2Fproduct_cat&post=8486"},{"taxonomy":"product_tag","embeddable":true,"href":"https:\/\/digistar.ma\/index.php?rest_route=%2Fwp%2Fv2%2Fproduct_tag&post=8486"}],"curies":[{"name":"wp","href":"https:\/\/api.w.org\/{rel}","templated":true}]}}