{"id":8535,"date":"2023-08-24T12:28:10","date_gmt":"2023-08-24T12:28:10","guid":{"rendered":"https:\/\/digistar.ma\/?post_type=product&#038;p=8535"},"modified":"2023-08-24T12:29:10","modified_gmt":"2023-08-24T12:29:10","slug":"hp-30x-noir-cf230x-toner-grande-capacite-hp-laserjet-dorigine","status":"publish","type":"product","link":"https:\/\/digistar.ma\/?product=hp-30x-noir-cf230x-toner-grande-capacite-hp-laserjet-dorigine","title":{"rendered":"HP 30X Noir (CF230X) &#8211; Toner grande capacit\u00e9 HP LaserJet d&#8217;origine"},"content":{"rendered":"<p><strong><em>HP 30X Noir (CF230X) &#8211; Toner grande capacit\u00e9 HP LaserJet d&#8217;origine<\/em><\/strong><\/p>\n<ul>\n<li>Couleur : Noir<\/li>\n<li>Rendement approximatif par cartouche\u00a0: 3 500 pages<\/li>\n<li>Compatibilit\u00e9\u00a0: HP LaserJet Pro M203w, M227fdn, M227fdn, M227fdw<\/li>\n<li>\n<div class=\"ProductKeySellingPoints_kspSection__3Fumw\">\n<h4 class=\"ProductKeySellingPoints_title__EfldW\">Encore plus de pages et plus de qualit\u00e9<\/h4>\n<div class=\"ProductKeySellingPoints_description__1LCVX\">Obtenez davantage de votre investissement avec une technologie d&#8217;optimisation de pages qui permet d&#8217;imprimer plus de pages par cartouche que les versions pr\u00e9c\u00e9dentes de cartouches de toner<strong><em>HP 30X Noir (CF230X) <\/em><\/strong>.\u00a0 Imprimez plus de 2 fois plus de pages qu\u2019avec des cartouches standard, avec les cartouches de toner grande capacit\u00e9 authentique<strong><em>HP 30X Noir (CF230X)<\/em><\/strong>. Surveillez les niveaux d&#8217;encre intelligemment gr\u00e2ce \u00e0 la technologie d&#8217;\u00e9valuation d&#8217;impression afin de produire la qualit\u00e9 de pages pour laquelle vous avez pay\u00e9.\u00a0 Passez moins de temps pour remplacer vos toners et davantage sur vos affaires professionnelles importantes gr\u00e2ce \u00e0 des cartouches grande capacit\u00e9.<\/div>\n<\/div>\n<div class=\"ProductKeySellingPoints_kspSection__3Fumw\">\n<h4 class=\"ProductKeySellingPoints_title__EfldW\">Ayez l&#8217;esprit tranquille gr\u00e2ce \u00e0 la protection anti-fraude<\/h4>\n<div class=\"ProductKeySellingPoints_description__1LCVX\">Continuez \u00e0 b\u00e9n\u00e9ficier d&#8217;une qualit\u00e9 homog\u00e8ne gr\u00e2ce aux cartouches <strong><em>HP 30X Noir (CF230X)<\/em><\/strong> originales avec JetIntelligence. Produisez des textes nets, des noirs fonc\u00e9s et des graphiques pr\u00e9cis gr\u00e2ce \u00e0 la precision du toner noir. R\u00e9duisez la consommation d\u2019\u00e9nergie : les cartouches de toner<strong><em>HP 30X Noir (CF230X)<\/em><\/strong> authentiques JetIntelligence permettent \u00e0 votre imprimante <strong><em>HP 30X Noir (CF230X)<\/em><\/strong> de consommer moins. Contribuez \u00e0 r\u00e9duire l\u2019impact sur l\u2019environnement. Vous pouvez b\u00e9n\u00e9ficier d\u2019un recyclage facile et gratuit des cartouches gr\u00e2ce au programme <strong><em>HP 30X Noir (CF230X)<\/em><\/strong> Planet Partners<\/div>\n<\/div>\n<div class=\"ProductKeySellingPoints_kspSection__3Fumw\">\n<h4 class=\"ProductKeySellingPoints_title__EfldW\">Ayez l\u2019esprit tranquille gr\u00e2ce \u00e0 la protection anti-fraude<\/h4>\n<div class=\"ProductKeySellingPoints_description__1LCVX\">Ne vous laissez pas avoir par les cartouches contrefaites. Obtenez la qualit\u00e9 d&#8217;impression pour laquelle vous avez pay\u00e9. Aidez \u00e0 g\u00e9rer les co\u00fbts, \u00e0 diminuer les appels au service d&#8217;assistance et comptez sur une qualit\u00e9 professionnelle constante.<\/div>\n<\/div>\n<div class=\"ProductKeySellingPoints_kspSection__3Fumw\">\n<h4 class=\"ProductKeySellingPoints_title__EfldW\">Con\u00e7ue pour les performances<\/h4>\n<div class=\"ProductKeySellingPoints_description__1LCVX\">Continuez \u00e0 b\u00e9n\u00e9ficier d&#8217;une qualit\u00e9 homog\u00e8ne gr\u00e2ce \u00e0 la cartouche <strong><em>HP 30X Noir (CF230X)<\/em><\/strong> noire originale sp\u00e9cialement con\u00e7ue. Pas de retards ou de probl\u00e8mes : remplacez rapidement vos cartouches avec un emballage facile \u00e0 ouvrir et le retrait automatique de la languette de s\u00e9curit\u00e9. Passez moins de temps \u00e0 r\u00e9soudre les probl\u00e8mes, \u00e0 l\u2019aide des cartouches de toner con\u00e7ues pour fonctionner parfaitement avec les imprimantes et les imprimantes multifonctions <strong><em>HP 30X Noir (CF230X)<\/em><\/strong>.<\/div>\n<div>\n<div class=\"Col-module_col__IAg7z Col-module_lg-4__43BEQ Features-module_column__NM8sE Col-module_gutter__kiWeK\" data-test-hook=\"@hpstellar\/core\/grid-col\">\n<h3 class=\"Typography-module_root__eQwd4 Typography-module_titleM__lNAVX Features-module_title__XRN2i Typography-module_responsive__iddT7\" data-test-hook=\"@hpstellar\/core\/typography\">Con\u00e7ues pour une fiabilit\u00e9 de pointe<\/h3>\n<p class=\"Typography-module_root__eQwd4 Typography-module_bodyM__XNddq Typography-module_responsive__iddT7\" data-test-hook=\"@hpstellar\/core\/typography\">Soyez assur\u00e9 que les cartouches <strong><em>HP 30X Noir (CF230X)<\/em><\/strong> authentiques fourniront de mani\u00e8re constante des r\u00e9sultats de qualit\u00e9 et des performances sup\u00e9rieures.<\/p>\n<\/div>\n<div class=\"Col-module_col__IAg7z Col-module_lg-4__43BEQ Features-module_column__NM8sE Col-module_gutter__kiWeK\" data-test-hook=\"@hpstellar\/core\/grid-col\">\n<h3 class=\"Typography-module_root__eQwd4 Typography-module_titleM__lNAVX Features-module_title__XRN2i Typography-module_responsive__iddT7\" data-test-hook=\"@hpstellar\/core\/typography\">Soyez fier de la qualit\u00e9 de vos impressions<\/h3>\n<p class=\"Typography-module_root__eQwd4 Typography-module_bodyM__XNddq Typography-module_responsive__iddT7\" data-test-hook=\"@hpstellar\/core\/typography\">Profitez d\u2019une qualit\u00e9 d\u2019impression sup\u00e9rieure avec les cartouches authentiques <strong><em>HP 30X Noir (CF230X)<\/em><\/strong> Original, con\u00e7ues pour des couleurs \u00e9clatantes, des textes nets et des noirs riches et obtenez un impact puissant.<\/p>\n<\/div>\n<div class=\"Col-module_col__IAg7z Col-module_lg-4__43BEQ Features-module_column__NM8sE Col-module_gutter__kiWeK\" data-test-hook=\"@hpstellar\/core\/grid-col\">\n<h3 class=\"Typography-module_root__eQwd4 Typography-module_titleM__lNAVX Features-module_title__XRN2i Typography-module_responsive__iddT7\" data-test-hook=\"@hpstellar\/core\/typography\">Faites le choix de l\u2019environnement.<\/h3>\n<p class=\"Typography-module_root__eQwd4 Typography-module_bodyM__XNddq Typography-module_responsive__iddT7\" data-test-hook=\"@hpstellar\/core\/typography\">Imprimez en toute confiance : les cartouches authentiques <strong><em>HP 30X Noir (CF230X)<\/em><\/strong> Original sont con\u00e7ues dans le respect de notre plan\u00e8te, avec un recyclage facile et une diminution des d\u00e9chets.<\/p>\n<\/div>\n<div class=\"Col-module_col__IAg7z Col-module_lg-4__43BEQ Features-module_column__NM8sE Col-module_gutter__kiWeK\" data-test-hook=\"@hpstellar\/core\/grid-col\">\n<h3 class=\"Typography-module_root__eQwd4 Typography-module_titleM__lNAVX Features-module_title__XRN2i Typography-module_responsive__iddT7\" data-test-hook=\"@hpstellar\/core\/typography\">L\u2019union fait la force. De meilleurs r\u00e9sultats.<\/h3>\n<p class=\"Typography-module_root__eQwd4 Typography-module_bodyM__XNddq Typography-module_responsive__iddT7\" data-test-hook=\"@hpstellar\/core\/typography\">Les cartouches <strong><em>HP 30X Noir (CF230X) <\/em><\/strong>authentiques sont les seules cartouches con\u00e7ues pr\u00e9cis\u00e9ment avec les imprimantes <strong><em>HP 30X Noir (CF230X)<\/em><\/strong> pour une qualit\u00e9 et des r\u00e9sultats fiables, ainsi que des performances constantes.<\/p>\n<\/div>\n<div class=\"Col-module_col__IAg7z Col-module_lg-4__43BEQ Features-module_column__NM8sE Col-module_gutter__kiWeK\" data-test-hook=\"@hpstellar\/core\/grid-col\">\n<h3 class=\"Typography-module_root__eQwd4 Typography-module_titleM__lNAVX Features-module_title__XRN2i Typography-module_responsive__iddT7\" data-test-hook=\"@hpstellar\/core\/typography\">Valeur maximale &#8211; cartouches grande capacit\u00e9 disponibles en option<\/h3>\n<p class=\"Typography-module_root__eQwd4 Typography-module_bodyM__XNddq Typography-module_responsive__iddT7\" data-test-hook=\"@hpstellar\/core\/typography\">Imprimez 2 fois plus de pages qu&#8217;avec des cartouches standard, avec les cartouches de toner grande capacit\u00e9 <strong><em>HP 30X Noir (CF230X)<\/em><\/strong> authentiques.<\/p>\n<\/div>\n<div class=\"Col-module_col__IAg7z Col-module_lg-4__43BEQ Features-module_column__NM8sE Col-module_gutter__kiWeK\" data-test-hook=\"@hpstellar\/core\/grid-col\">\n<h3 class=\"Typography-module_root__eQwd4 Typography-module_titleM__lNAVX Features-module_title__XRN2i Typography-module_responsive__iddT7\" data-test-hook=\"@hpstellar\/core\/typography\">Suivez les niveaux de toner<\/h3>\n<p class=\"Typography-module_root__eQwd4 Typography-module_bodyM__XNddq Typography-module_responsive__iddT7\" data-test-hook=\"@hpstellar\/core\/typography\">Obtenez les impressions pour lesquelles vous avez pay\u00e9. La technologie de jauge d&#8217;impression suit intelligemment les niveaux de toner, afin d&#8217;\u00eatre certain de la quantit\u00e9 d&#8217;encre restant dans la cartouche.<\/p>\n<p data-test-hook=\"@hpstellar\/core\/typography\"><strong><em>HP 30X Noir (CF230X) &#8211; Toner grande capacit\u00e9 HP LaserJet d&#8217;origine<\/em><\/strong><\/p>\n<p data-test-hook=\"@hpstellar\/core\/typography\">Couleur(s): Noir<br \/>\nCapacit\u00e9 d&#8217;impression: 3\u00a0500\u00a0pages<br \/>\nTechnologie d&#8217;impression:\u00a0Laser<br \/>\nPoids: environ 0,33 kg<\/p>\n<p data-test-hook=\"@hpstellar\/core\/typography\">\n<\/div>\n<\/div>\n<div><\/div>\n<div><\/div>\n<\/div>\n<\/li>\n<\/ul>\n<p>&nbsp;<\/p>\n<p>&nbsp;<\/p>\n","protected":false},"excerpt":{"rendered":"<p data-test-hook=\"@hpstellar\/core\/typography\">Couleur(s): Noir<br \/>\nCapacit\u00e9 d&#8217;impression: 3\u00a0500\u00a0pages<br \/>\nTechnologie d&#8217;impression:\u00a0Laser<br \/>\nPoids: environ 0,33 kg<\/p>\n<p data-test-hook=\"@hpstellar\/core\/typography\">\n","protected":false},"featured_media":8536,"comment_status":"open","ping_status":"closed","template":"","meta":{"_acf_changed":false,"_monsterinsights_skip_tracking":false,"_monsterinsights_sitenote_active":false,"_monsterinsights_sitenote_note":"","_monsterinsights_sitenote_category":0,"_uf_show_specific_survey":0,"_uf_disable_surveys":false,"_joinchat":[]},"product_brand":[],"product_cat":[15,238,248],"product_tag":[],"class_list":{"0":"post-8535","1":"product","2":"type-product","3":"status-publish","4":"has-post-thumbnail","6":"product_cat-imprimante-scanner","7":"product_cat-consommables","8":"product_cat-toner","10":"first","11":"instock","12":"sale","13":"shipping-taxable","14":"purchasable","15":"product-type-simple"},"acf":[],"jetpack_sharing_enabled":true,"_links":{"self":[{"href":"https:\/\/digistar.ma\/index.php?rest_route=\/wp\/v2\/product\/8535","targetHints":{"allow":["GET"]}}],"collection":[{"href":"https:\/\/digistar.ma\/index.php?rest_route=\/wp\/v2\/product"}],"about":[{"href":"https:\/\/digistar.ma\/index.php?rest_route=\/wp\/v2\/types\/product"}],"replies":[{"embeddable":true,"href":"https:\/\/digistar.ma\/index.php?rest_route=%2Fwp%2Fv2%2Fcomments&post=8535"}],"version-history":[{"count":1,"href":"https:\/\/digistar.ma\/index.php?rest_route=\/wp\/v2\/product\/8535\/revisions"}],"predecessor-version":[{"id":8540,"href":"https:\/\/digistar.ma\/index.php?rest_route=\/wp\/v2\/product\/8535\/revisions\/8540"}],"wp:featuredmedia":[{"embeddable":true,"href":"https:\/\/digistar.ma\/index.php?rest_route=\/wp\/v2\/media\/8536"}],"wp:attachment":[{"href":"https:\/\/digistar.ma\/index.php?rest_route=%2Fwp%2Fv2%2Fmedia&parent=8535"}],"wp:term":[{"taxonomy":"product_brand","embeddable":true,"href":"https:\/\/digistar.ma\/index.php?rest_route=%2Fwp%2Fv2%2Fproduct_brand&post=8535"},{"taxonomy":"product_cat","embeddable":true,"href":"https:\/\/digistar.ma\/index.php?rest_route=%2Fwp%2Fv2%2Fproduct_cat&post=8535"},{"taxonomy":"product_tag","embeddable":true,"href":"https:\/\/digistar.ma\/index.php?rest_route=%2Fwp%2Fv2%2Fproduct_tag&post=8535"}],"curies":[{"name":"wp","href":"https:\/\/api.w.org\/{rel}","templated":true}]}}