{"id":8560,"date":"2023-08-24T15:25:20","date_gmt":"2023-08-24T15:25:20","guid":{"rendered":"https:\/\/digistar.ma\/?post_type=product&#038;p=8560"},"modified":"2023-08-24T15:41:30","modified_gmt":"2023-08-24T15:41:30","slug":"hp-507a-jaune-ce402a-toner-hp-laserjet-dorigine","status":"publish","type":"product","link":"https:\/\/digistar.ma\/?product=hp-507a-jaune-ce402a-toner-hp-laserjet-dorigine","title":{"rendered":"HP 507A Jaune (CE402A) &#8211; Toner HP LaserJet d&#8217;origine"},"content":{"rendered":"<p><strong>HP 507A Jaune (CE402A) &#8211; Toner HP LaserJet d&#8217;origine<\/strong><\/p>\n<p>Le toner noir HP CE402A se fusionne rapidement sur vos documents, pour une impression rapide avec une qualit\u00e9 remarquable. Son installation est \u00e9galement simple et rapide. A l&#8217;aide de ce toner, affichez votre professionnalisme avec des documents aux textes nets pr\u00e9cis.<\/p>\n<h4>POUR UNE IMPRESSION RAPIDE AVEC UNE QUALIT\u00c9 REMARQUABLE<\/h4>\n<p><strong>Caract\u00e9ristiques principales :<\/strong><\/p>\n<ul>\n<li>Toner jaune<\/li>\n<li>Rendement moyen de 6 000 pages standard (norme ISO\/IEC 19798)<\/li>\n<li>Dimensions de l&#8217;emballage : 390 x 164 x 206 mm &#8211; Poids : 1,74 Kg<\/li>\n<li>Les cartouches de toner magenta HP\u00a0LaserJet\u00a0507A maintiennent la productivit\u00e9 de l&#8217;entreprise \u00e0 un niveau \u00e9lev\u00e9. \u00c9vitez les tracas et les d\u00e9penses de r\u00e9impression. Produisez des pr\u00e9sentations et des documents professionnels, qui sortent de l&#8217;ordinaire. \u00c9conomisez votre temps et votre argent lorsque vous imprimez des documents commerciaux au bureau.<\/li>\n<li>\n<h4 class=\"ProductKeySellingPoints_title__EfldW\">Restez productif avec des cartouches fiables<\/h4>\n<\/li>\n<li>\n<div class=\"ProductKeySellingPoints_description__1LCVX\">\n<ul>\n<li><strong>HP 507A Jaune (CE402A) &#8211; Toner HP LaserJet d&#8217;origine\u00a0<\/strong><\/li>\n<\/ul>\n<p>Choisissez les cartouches de toner qui fournissent une fiabilit\u00e9 exceptionnelle. \u00c9vitez la frustration d&#8217;avoir \u00e0 r\u00e9imprimer, le gaspillage des consommables et les retards co\u00fbteux, qui peuvent se produire avec des cartouches reconditionn\u00e9es. Les cartouches de toner HP\u00a0LaserJet d&#8217;origine repr\u00e9sentent vraiment un int\u00e9r\u00eat g\u00e9n\u00e9ral.<\/p>\n<\/div>\n<\/li>\n<li>HP 507A jaune &#8211; Toner original\u00a0 HP 507A Jaune (CE402A)\u00a0 pour imprimante HP LaserJet Enterprise 500. Technologie Colorsphere pour des impressions nettes et \u00e9clatantes. Couleur :\u00a0<strong>jaune<\/strong>.<\/li>\n<li>Hp LaserJet Enterprise 500 , Hp LaserJet Enterprise M551 , Hp LaserJet Enterprise M551dn , Hp LaserJet Enterprise M551n , HP 507A Jaune (CE402A)<\/li>\n<li>LaserJet Enterprise M551xh , HP 507A Jaune (CE402A)<\/li>\n<li>LaserJet Enterprise M575c<\/li>\n<li>Les cartouches de toner magenta HP 507A Jaune (CE402A)\u00a0 LaserJet 507A maintiennent la productivit\u00e9 de l&#8217;entreprise \u00e0 un niveau \u00e9lev\u00e9. \u00c9vitez les tracas et les d\u00e9penses de r\u00e9impression. Produisez des pr\u00e9sentations et des documents professionnels, qui sortent de l&#8217;ordinaire. \u00c9conomisez votre temps et votre argent lorsque vous imprimez des documents commerciaux au bureau.<\/li>\n<li>\n<h4 class=\"ProductKeySellingPoints_title__EfldW\">Restez productif avec des cartouches fiables<\/h4>\n<div class=\"ProductKeySellingPoints_description__1LCVX\">Choisissez les cartouches de toner qui fournissent une fiabilit\u00e9 exceptionnelle. \u00c9vitez la frustration d&#8217;avoir \u00e0 r\u00e9imprimer, le gaspillage des consommables et les retards co\u00fbteux, qui peuvent se produire avec des cartouches reconditionn\u00e9es. Les cartouches de toner HP 507A Jaune (CE402A)<\/div>\n<\/li>\n<li>\n<div class=\"ProductKeySellingPoints_description__1LCVX\">LaserJet d&#8217;origine repr\u00e9sentent vraiment un int\u00e9r\u00eat g\u00e9n\u00e9ral.<\/div>\n<\/li>\n<li><strong>HP 507A Jaune (CE402A) &#8211; Toner HP LaserJet d&#8217;origine<\/strong><\/li>\n<li><\/li>\n<li>Couleur(s): Jaune<br \/>\nCapacit\u00e9 d&#8217;impression: environ 6000 pages<br \/>\nTechnologie d&#8217;impression: Laser<br \/>\nPoids: 1,2 kg<\/li>\n<li><\/li>\n<\/ul>\n<p>&nbsp;<\/p>\n<p>&nbsp;<\/p>\n","protected":false},"excerpt":{"rendered":"<p>Couleur(s): Jaune<br \/>\nCapacit\u00e9 d&#8217;impression: environ 6000 pages<br \/>\nTechnologie d&#8217;impression: Laser<br \/>\nPoids: 1,2 kg<\/p>\n","protected":false},"featured_media":8553,"comment_status":"open","ping_status":"closed","template":"","meta":{"_acf_changed":false,"_monsterinsights_skip_tracking":false,"_monsterinsights_sitenote_active":false,"_monsterinsights_sitenote_note":"","_monsterinsights_sitenote_category":0,"_uf_show_specific_survey":0,"_uf_disable_surveys":false,"_joinchat":[]},"product_brand":[],"product_cat":[15,238,248],"product_tag":[],"class_list":{"0":"post-8560","1":"product","2":"type-product","3":"status-publish","4":"has-post-thumbnail","6":"product_cat-imprimante-scanner","7":"product_cat-consommables","8":"product_cat-toner","10":"first","11":"instock","12":"sale","13":"shipping-taxable","14":"purchasable","15":"product-type-simple"},"acf":[],"jetpack_sharing_enabled":true,"_links":{"self":[{"href":"https:\/\/digistar.ma\/index.php?rest_route=\/wp\/v2\/product\/8560","targetHints":{"allow":["GET"]}}],"collection":[{"href":"https:\/\/digistar.ma\/index.php?rest_route=\/wp\/v2\/product"}],"about":[{"href":"https:\/\/digistar.ma\/index.php?rest_route=\/wp\/v2\/types\/product"}],"replies":[{"embeddable":true,"href":"https:\/\/digistar.ma\/index.php?rest_route=%2Fwp%2Fv2%2Fcomments&post=8560"}],"version-history":[{"count":3,"href":"https:\/\/digistar.ma\/index.php?rest_route=\/wp\/v2\/product\/8560\/revisions"}],"predecessor-version":[{"id":8568,"href":"https:\/\/digistar.ma\/index.php?rest_route=\/wp\/v2\/product\/8560\/revisions\/8568"}],"wp:featuredmedia":[{"embeddable":true,"href":"https:\/\/digistar.ma\/index.php?rest_route=\/wp\/v2\/media\/8553"}],"wp:attachment":[{"href":"https:\/\/digistar.ma\/index.php?rest_route=%2Fwp%2Fv2%2Fmedia&parent=8560"}],"wp:term":[{"taxonomy":"product_brand","embeddable":true,"href":"https:\/\/digistar.ma\/index.php?rest_route=%2Fwp%2Fv2%2Fproduct_brand&post=8560"},{"taxonomy":"product_cat","embeddable":true,"href":"https:\/\/digistar.ma\/index.php?rest_route=%2Fwp%2Fv2%2Fproduct_cat&post=8560"},{"taxonomy":"product_tag","embeddable":true,"href":"https:\/\/digistar.ma\/index.php?rest_route=%2Fwp%2Fv2%2Fproduct_tag&post=8560"}],"curies":[{"name":"wp","href":"https:\/\/api.w.org\/{rel}","templated":true}]}}