{"id":8580,"date":"2023-08-24T17:07:55","date_gmt":"2023-08-24T17:07:55","guid":{"rendered":"https:\/\/digistar.ma\/?post_type=product&#038;p=8580"},"modified":"2023-08-24T17:25:00","modified_gmt":"2023-08-24T17:25:00","slug":"hp-85a-noir-ce285a-toner-hp-laserjet-dorigine","status":"publish","type":"product","link":"https:\/\/digistar.ma\/?product=hp-85a-noir-ce285a-toner-hp-laserjet-dorigine","title":{"rendered":"HP 85A Noir (CE285A) &#8211; Toner HP LaserJet d&#8217;origine"},"content":{"rendered":"<p><strong>\u00a0 \u00a0 \u00a0 HP 85A Noir (CE285A) &#8211; Toner HP LaserJet d&#8217;origine<\/strong><\/p>\n<ul>\n<li>Couleur : Noir<\/li>\n<li>Rendement approximatif par cartouche\u00a0: 1 600 pages<\/li>\n<li>Compatibilit\u00e9\u00a0: HP LaserJet Pro M1212, M1217, P1102<\/li>\n<li>\n<div class=\"ProductKeySellingPoints_kspSection__3Fumw\">\n<h4 class=\"ProductKeySellingPoints_title__EfldW\">Facile \u00e0 utiliser et \u00e0 recycler.<\/h4>\n<div class=\"ProductKeySellingPoints_description__1LCVX\">Des cartouches d&#8217;impression <strong>HP 85A Noir (CE285A)<\/strong> authentiques simples et rapides \u00e0 installer. Cette cartouche de toner tout-en-un <strong>HP 85A Noir (CE285A)<\/strong> LaserJet constitue un consommable facile \u00e0 installer qui incorpore le toner <strong>HP 85A Noir (CE285A)<\/strong> et le tambour d&#8217;imagerie. Simplifiez la commande et la gestion de votre mat\u00e9riel en recevant une alerte lorsque le niveau de toner est faible. Achetez facilement des fournitures aupr\u00e8s de <strong>HP 85A Noir (CE285A)<\/strong> et de nombreuses sources en ligne. Recyclez vos cartouches d&#8217;encre, c&#8217;est facile et gratuit avec le programme HP 85A Noir (CE285A)\u00a0 Planet Partners .<\/div>\n<div>\n<div class=\"Col-module_col__IAg7z Col-module_lg-4__43BEQ Features-module_column__NM8sE Col-module_gutter__kiWeK\" data-test-hook=\"@hpstellar\/core\/grid-col\">\n<h3 class=\"Typography-module_root__eQwd4 Typography-module_titleM__lNAVX Features-module_title__XRN2i Typography-module_responsive__iddT7\" data-test-hook=\"@hpstellar\/core\/typography\">Con\u00e7ues pour une fiabilit\u00e9 de pointe<\/h3>\n<p class=\"Typography-module_root__eQwd4 Typography-module_bodyM__XNddq Typography-module_responsive__iddT7\" data-test-hook=\"@hpstellar\/core\/typography\">Soyez assur\u00e9 que les cartouches <strong>HP 85A Noir (CE285A)<\/strong> authentiques fourniront de mani\u00e8re constante des r\u00e9sultats de qualit\u00e9 et des performances sup\u00e9rieures.<\/p>\n<\/div>\n<div class=\"Col-module_col__IAg7z Col-module_lg-4__43BEQ Features-module_column__NM8sE Col-module_gutter__kiWeK\" data-test-hook=\"@hpstellar\/core\/grid-col\">\n<h3 class=\"Typography-module_root__eQwd4 Typography-module_titleM__lNAVX Features-module_title__XRN2i Typography-module_responsive__iddT7\" data-test-hook=\"@hpstellar\/core\/typography\">Soyez fier de la qualit\u00e9 de vos impressions<\/h3>\n<p class=\"Typography-module_root__eQwd4 Typography-module_bodyM__XNddq Typography-module_responsive__iddT7\" data-test-hook=\"@hpstellar\/core\/typography\">Profitez d\u2019une qualit\u00e9 d\u2019impression sup\u00e9rieure avec les cartouches authentiques <strong>HP 85A Noir (CE285A)<\/strong> Original, con\u00e7ues pour des couleurs \u00e9clatantes, des textes nets et des noirs riches et obtenez un impact puissant.<\/p>\n<\/div>\n<div class=\"Col-module_col__IAg7z Col-module_lg-4__43BEQ Features-module_column__NM8sE Col-module_gutter__kiWeK\" data-test-hook=\"@hpstellar\/core\/grid-col\">\n<h3 class=\"Typography-module_root__eQwd4 Typography-module_titleM__lNAVX Features-module_title__XRN2i Typography-module_responsive__iddT7\" data-test-hook=\"@hpstellar\/core\/typography\">Faites le choix de l\u2019environnement.<\/h3>\n<p class=\"Typography-module_root__eQwd4 Typography-module_bodyM__XNddq Typography-module_responsive__iddT7\" data-test-hook=\"@hpstellar\/core\/typography\">Imprimez en toute confiance : les cartouches authentiques <strong>HP 85A Noir (CE285A)<\/strong>\u00a0 Original sont con\u00e7ues dans le respect de notre plan\u00e8te, avec un recyclage facile et une diminution des d\u00e9chets.<\/p>\n<\/div>\n<div class=\"Col-module_col__IAg7z Col-module_lg-4__43BEQ Features-module_column__NM8sE Col-module_gutter__kiWeK\" data-test-hook=\"@hpstellar\/core\/grid-col\">\n<h3 class=\"Typography-module_root__eQwd4 Typography-module_titleM__lNAVX Features-module_title__XRN2i Typography-module_responsive__iddT7\" data-test-hook=\"@hpstellar\/core\/typography\">L\u2019union fait la force. De meilleurs r\u00e9sultats.<\/h3>\n<p class=\"Typography-module_root__eQwd4 Typography-module_bodyM__XNddq Typography-module_responsive__iddT7\" data-test-hook=\"@hpstellar\/core\/typography\">Les cartouches HP authentiques sont les seules cartouches con\u00e7ues pr\u00e9cis\u00e9ment avec les imprimantes HP pour une qualit\u00e9 et des r\u00e9sultats fiables, ainsi que des performances constantes.<\/p>\n<\/div>\n<div class=\"Col-module_col__IAg7z Col-module_lg-4__43BEQ Features-module_column__NM8sE Col-module_gutter__kiWeK\" data-test-hook=\"@hpstellar\/core\/grid-col\">\n<h3 class=\"Typography-module_root__eQwd4 Typography-module_titleM__lNAVX Features-module_title__XRN2i Typography-module_responsive__iddT7\" data-test-hook=\"@hpstellar\/core\/typography\">Une impression abordable, fiable et de haute qualit\u00e9<\/h3>\n<p class=\"Typography-module_root__eQwd4 Typography-module_bodyM__XNddq Typography-module_responsive__iddT7\" data-test-hook=\"@hpstellar\/core\/typography\">Pas de fioritures, juste une qualit\u00e9 d\u2019impression fiable gr\u00e2ce au toner HP authentique, adapt\u00e9 \u00e0 presque tous les budgets.<\/p>\n<\/div>\n<div class=\"Col-module_col__IAg7z Col-module_lg-4__43BEQ Features-module_column__NM8sE Col-module_gutter__kiWeK\" data-test-hook=\"@hpstellar\/core\/grid-col\">\n<h3 class=\"Typography-module_root__eQwd4 Typography-module_titleM__lNAVX Features-module_title__XRN2i Typography-module_responsive__iddT7\" data-test-hook=\"@hpstellar\/core\/typography\">Du texte noir et des graphismes qui se d\u00e9marquent<\/h3>\n<p class=\"Typography-module_root__eQwd4 Typography-module_bodyM__XNddq Typography-module_responsive__iddT7\" data-test-hook=\"@hpstellar\/core\/typography\">Imprimez des documents de qualit\u00e9 professionnelle avec du toner <strong>HP 85A Noir (CE285A)<\/strong> qui produit du texte noir et des \u00e9l\u00e9ments graphiques bien nets.<\/p>\n<p data-test-hook=\"@hpstellar\/core\/typography\">La cartouche d&#8217;impression noire<strong> HP 85A Noir (CE285A)\u00a0<\/strong> LaserJet CE285A permet des \u00e9conomies substantielles sur vos impressions professionnelles quotidiennes. Imprimez facilement des rapports, des lettres et des factures de qualit\u00e9 professionnelle.<\/p>\n<p data-test-hook=\"@hpstellar\/core\/typography\">La\u00a0<strong>cartouche d&#8217;impression noire HP LaserJet 85A <\/strong>\u00a0permet des \u00e9conomies substantielles sur vos impressions professionnelles quotidiennes. Imprimez facilement des rapports, des lettres et des factures de qualit\u00e9 professionnelle.<\/p>\n<ul>\n<li>\u00c9vitez les temps d&#8217;arr\u00eat gr\u00e2ce \u00e0 la qualit\u00e9 et \u00e0 la fiabilit\u00e9 l\u00e9gendaires des cartouches d&#8217;impression\u00a0 LaserJet d&#8217;origine.<\/li>\n<li>Une qualit\u00e9 d&#8217;impression professionnelle pour un texte contrast\u00e9 et net, et des images noir et blanc pr\u00e9cises, gr\u00e2ce aux cartouches d&#8217;impression HP LaserJet.<\/li>\n<li>Cette cartouche d&#8217;impression HP LaserJet tout-en-un est simple et rapide \u00e0 remplacer. Une impression et une gestion des consommables fiables et conviviales, avec un recyclage pratique et gratuit.\n<div class=\"ProductKeySellingPoints_kspSection__3Fumw\">\n<h4 class=\"ProductKeySellingPoints_title__EfldW\">Obtenez une valeur sup\u00e9rieure pour l&#8217;impression professionnelle quotidienne.<\/h4>\n<div class=\"ProductKeySellingPoints_description__1LCVX\">Optez pour les cartouches de toner <strong>HP 85A Noir (CE285A) <\/strong>LaserJet authentiques, con\u00e7ues avec l&#8217;imprimante, pour garantir des impressions sans probl\u00e8me. <strong>HP 85A Noir (CE285A)\u00a0<\/strong> LaserJet met au service des entreprises des dizaines d&#8217;ann\u00e9es d&#8217;innovation continue, de fiabilit\u00e9 et de professionnalisme en mati\u00e8re d&#8217;impression. Intelligence int\u00e9gr\u00e9e dans la cartouche de toner. La communication entre la cartouche et l&#8217;imprimante permet des ajustements qui optimisent la qualit\u00e9 d&#8217;impression et la fiabilit\u00e9 pour des impressions fluides et toujours professionnelles.<\/div>\n<\/div>\n<div class=\"ProductKeySellingPoints_kspSection__3Fumw\">\n<h4 class=\"ProductKeySellingPoints_title__EfldW\">Produisez du texte clair et net et des images pr\u00e9cises.<\/h4>\n<div class=\"ProductKeySellingPoints_description__1LCVX\">Profitez d&#8217;une qualit\u00e9 d&#8217;impression professionnelle pour un texte contrast\u00e9, net et d&#8217;un noir profond, et pour des images en noir et blanc pr\u00e9cises. Toner noir sph\u00e9rique et technologie de cartouche de toner HP 85A Noir (CE285A) pour un placement pr\u00e9cis du toner \u00e0 chaque impression. Imprimez avec une qualit\u00e9 constante gr\u00e2ce \u00e0 l&#8217;intelligence int\u00e9gr\u00e9e dans les cartouches. Les cartouches de toner HP 85A Noir (CE285A) LaserJet d&#8217;origine communiquent avec l&#8217;imprimante, en activant les r\u00e9glages qui maximisent la qualit\u00e9 d&#8217;impression. Qualit\u00e9 d&#8217;impression homog\u00e8ne, page apr\u00e8s page, avec une cartouche con\u00e7ue et test\u00e9e avec l&#8217;imprimante. Le syst\u00e8me d&#8217;impression HP 85A Noir (CE285A)\u00a0 (imprimantes, cartouches de toner, toner authentique et papier HP) est con\u00e7u pour une qualit\u00e9 et une fiabilit\u00e9 optimales.<\/div>\n<div><\/div>\n<\/div>\n<\/li>\n<\/ul>\n<ul>\n<li><strong>HP 85A Noir (CE285A) &#8211; Toner HP LaserJet d&#8217;origine<\/strong><\/li>\n<li><\/li>\n<\/ul>\n<\/div>\n<\/div>\n<div>Couleur(s): Noir<br \/>\nCapacit\u00e9\u00a0 d&#8217;impression: environ 1600 pages<br \/>\nTechnologie d&#8217;impression: Laser<br \/>\nPoids: 0,62 kg<\/div>\n<\/div>\n<\/li>\n<\/ul>\n","protected":false},"excerpt":{"rendered":"<p>Couleur(s): Noir<br \/>\nCapacit\u00e9 \u00a0d&#8217;impression: environ 1600 pages<br \/>\nTechnologie d&#8217;impression: Laser<br \/>\nPoids: 0,62 kg<\/p>\n","protected":false},"featured_media":8585,"comment_status":"open","ping_status":"closed","template":"","meta":{"_acf_changed":false,"_monsterinsights_skip_tracking":false,"_monsterinsights_sitenote_active":false,"_monsterinsights_sitenote_note":"","_monsterinsights_sitenote_category":0,"_uf_show_specific_survey":0,"_uf_disable_surveys":false,"_joinchat":[]},"product_brand":[],"product_cat":[15,238,248],"product_tag":[],"class_list":{"0":"post-8580","1":"product","2":"type-product","3":"status-publish","4":"has-post-thumbnail","6":"product_cat-imprimante-scanner","7":"product_cat-consommables","8":"product_cat-toner","10":"first","11":"instock","12":"sale","13":"shipping-taxable","14":"purchasable","15":"product-type-simple"},"acf":[],"jetpack_sharing_enabled":true,"_links":{"self":[{"href":"https:\/\/digistar.ma\/index.php?rest_route=\/wp\/v2\/product\/8580","targetHints":{"allow":["GET"]}}],"collection":[{"href":"https:\/\/digistar.ma\/index.php?rest_route=\/wp\/v2\/product"}],"about":[{"href":"https:\/\/digistar.ma\/index.php?rest_route=\/wp\/v2\/types\/product"}],"replies":[{"embeddable":true,"href":"https:\/\/digistar.ma\/index.php?rest_route=%2Fwp%2Fv2%2Fcomments&post=8580"}],"version-history":[{"count":3,"href":"https:\/\/digistar.ma\/index.php?rest_route=\/wp\/v2\/product\/8580\/revisions"}],"predecessor-version":[{"id":8584,"href":"https:\/\/digistar.ma\/index.php?rest_route=\/wp\/v2\/product\/8580\/revisions\/8584"}],"wp:featuredmedia":[{"embeddable":true,"href":"https:\/\/digistar.ma\/index.php?rest_route=\/wp\/v2\/media\/8585"}],"wp:attachment":[{"href":"https:\/\/digistar.ma\/index.php?rest_route=%2Fwp%2Fv2%2Fmedia&parent=8580"}],"wp:term":[{"taxonomy":"product_brand","embeddable":true,"href":"https:\/\/digistar.ma\/index.php?rest_route=%2Fwp%2Fv2%2Fproduct_brand&post=8580"},{"taxonomy":"product_cat","embeddable":true,"href":"https:\/\/digistar.ma\/index.php?rest_route=%2Fwp%2Fv2%2Fproduct_cat&post=8580"},{"taxonomy":"product_tag","embeddable":true,"href":"https:\/\/digistar.ma\/index.php?rest_route=%2Fwp%2Fv2%2Fproduct_tag&post=8580"}],"curies":[{"name":"wp","href":"https:\/\/api.w.org\/{rel}","templated":true}]}}