{"id":8605,"date":"2023-08-25T11:14:28","date_gmt":"2023-08-25T11:14:28","guid":{"rendered":"https:\/\/digistar.ma\/?post_type=product&#038;p=8605"},"modified":"2023-08-25T11:15:00","modified_gmt":"2023-08-25T11:15:00","slug":"hp-05a-noir-ce505a-toner-hp-laserjet-dorigine","status":"publish","type":"product","link":"https:\/\/digistar.ma\/?product=hp-05a-noir-ce505a-toner-hp-laserjet-dorigine","title":{"rendered":"HP 05A Noir (CE505A) &#8211; Toner HP LaserJet d&#8217;origine"},"content":{"rendered":"<p><strong>HP 05A Noir (CE505A) &#8211; Toner HP LaserJet d&#8217;origine<\/strong><\/p>\n<p>Les cartouches de toner <strong>HP 05A Noir (CE505A) &#8211; Toner HP LaserJet d&#8217;origine<\/strong> 05A LaserJet garantissent une impression sans probl\u00e8me, page apr\u00e8s page. Effectuez vos impressions bureautiques sans souci gr\u00e2ce aux cartouches d&#8217;impression d&#8217;origine HP avec toner d&#8217;origine HP.<\/p>\n<p>Les\u00a0<strong>cartouches de toner HP 05A LaserJet<\/strong> garantissent une impression sans probl\u00e8me, page apr\u00e8s page. Effectuez vos impressions bureautiques sans souci gr\u00e2ce aux cartouches d&#8217;impression d&#8217;origine <strong>HP 05A Noir (CE505A) &#8211; Toner HP LaserJet d&#8217;origine\u00a0<\/strong> avec toner d&#8217;origine <strong>HP 05A Noir (CE505A) &#8211; Toner HP LaserJet d&#8217;origine <\/strong>. En outre, vous pouvez compter sur l&#8217;engagement de HP vis-\u00e0-vis de l&#8217;environnement.<\/p>\n<ul>\n<li>Toner LaserJet<\/li>\n<li>Dur\u00e9e de vie (nombre de pages \u00e0 5%) : 2300<\/li>\n<li>Coloris : Noir<\/li>\n<li>Couleur : Noir<\/li>\n<li>Rendement approximatif par cartouche\u00a0: 2 300 pages<\/li>\n<li>Compatibilit\u00e9\u00a0: HP LaserJet P2035, P2055<\/li>\n<li>\n<div class=\"ProductKeySellingPoints_kspSection__3Fumw\">\n<h4 class=\"ProductKeySellingPoints_title__EfldW\">Maximisez votre productivit\u00e9 gr\u00e2ce \u00e0 une impression sans souci<\/h4>\n<div class=\"ProductKeySellingPoints_description__1LCVX\">Optez pour la performance fiable et constante des cartouches d&#8217;impression <strong>HP 05A Noir (CE505A) &#8211; Toner HP LaserJet d&#8217;origine\u00a0<\/strong> authentiques et \u00e9vitez de gaspiller du temps et de l&#8217;argent avec des probl\u00e8mes de cartouches et la r\u00e9impression. Consacrez moins de temps \u00e0 l&#8217;administration gr\u00e2ce au suivi de l&#8217;utilisation des consommables et aux alertes de niveau de toner faible. Le toner <strong>HP 05A Noir (CE505A) &#8211; Toner HP LaserJet d&#8217;origine\u00a0<\/strong> authentique et le syst\u00e8me d&#8217;impression <strong>HP 05A Noir (CE505A) &#8211; Toner HP LaserJet d&#8217;origine\u00a0<\/strong> sont con\u00e7us pour produire du texte net et des graphismes complexes. La taille constante des particules du toner permet un placement et un contr\u00f4le pr\u00e9cis ainsi qu&#8217;une utilisation efficace du toner.<\/div>\n<\/div>\n<div class=\"ProductKeySellingPoints_kspSection__3Fumw\">\n<h4 class=\"ProductKeySellingPoints_title__EfldW\">Faites confiance au leadership \u00e9cologique de <strong>HP 05A Noir (CE505A) &#8211; Toner HP LaserJet d&#8217;origine<\/strong><\/h4>\n<div class=\"ProductKeySellingPoints_description__1LCVX\"><strong>HP 05A Noir (CE505A) &#8211; Toner HP LaserJet d&#8217;origine <\/strong>\u00a0con\u00e7oit des produits \u00e9co\u00e9nerg\u00e9tiques et recyclables Notre performance environnementale est rendue publique dans notre rapport annuel prim\u00e9 Global Citizenship disponible \u00e0 . Le programme leader <strong>HP 05A Noir (CE505A) &#8211; Toner HP LaserJet d&#8217;origine\u00a0<\/strong> Planet Partners permet une reprise et un recyclage gratuits des cartouches <strong>HP 05A Noir (CE505A) &#8211; Toner HP LaserJet d&#8217;origine\u00a0<\/strong> authentiques . Choisissez un fournisseur de cartouches d&#8217;impression qui partage vos objectifs de citoyennet\u00e9 mondiale.<\/div>\n<\/div>\n<div class=\"ProductKeySellingPoints_kspSection__3Fumw\">\n<h4 class=\"ProductKeySellingPoints_title__EfldW\">L&#8217;uniformit\u00e9 des r\u00e9sultats garantit des impressions sans souci<\/h4>\n<div class=\"ProductKeySellingPoints_description__1LCVX\">Pour une impression sans souci, optez pour les performances constantes et ininterrompues, optez pour <strong>HP 05A Noir (CE505A) &#8211; Toner HP LaserJet d&#8217;origine\u00a0<\/strong> authentique <strong>HP 05A Noir (CE505A) &#8211; Toner HP LaserJet d&#8217;origine <\/strong><strong>\u00a005A Noir (CE505A) &#8211; Toner HP LaserJet d&#8217;origine <\/strong><strong>\u00a005A Noir (CE505A) &#8211; Toner HP LaserJet d&#8217;origine\u00a0<\/strong> s&#8217;engage \u00e0 offrir un vrai rapport qualit\u00e9\/prix en testant le rendement et la qualit\u00e9 d&#8217;impression de ses cartouches d&#8217;impression. Pour assurer la fiabilit\u00e9 l\u00e9gendaire <strong>HP 05A Noir (CE505A) &#8211; Toner HP LaserJet d&#8217;origine <\/strong>, notre cartouche tout-en-un \u00e9prouv\u00e9e est con\u00e7ue pour un fonctionnement simple, rentable int\u00e9grant le toner et le tambour d&#8217;imagerie dans un seul consommable. Les am\u00e9liorations continues des formulations de toner et du syst\u00e8me d&#8217;imagerie <strong>HP 05A Noir (CE505A) &#8211; Toner HP LaserJet d&#8217;origine\u00a0<\/strong> garantissent des r\u00e9sultats de qualit\u00e9 constante, dans une vaste gamme de vitesses d&#8217;impression. Pour obtenir une qualit\u00e9 constante d&#8217;impression, la technologie intelligente int\u00e9gr\u00e9e \u00e0 la cartouche <strong>HP 05A Noir (CE505A) &#8211; Toner HP LaserJet d&#8217;origine\u00a0<\/strong> authentique et \u00e0 l&#8217;imprimante effectue des r\u00e9glages automatiques afin de conserver la m\u00eame qualit\u00e9 d&#8217;impression durant toute la vie de la cartouche. Et les rendements constants ont \u00e9t\u00e9 d\u00e9montr\u00e9s. Lors de tests de comparaison ind\u00e9pendants entre les cartouches monochromes <strong>HP 05A Noir (CE505A) &#8211; Toner HP LaserJet d&#8217;origine\u00a0<\/strong> authentiques et les cartouches remanufactur\u00e9es, les cartouches <strong>HP 05A Noir (CE505A) &#8211; Toner HP LaserJet d&#8217;origine\u00a0<\/strong> se sont av\u00e9r\u00e9es \u00eatre toujours fiables; elles fonctionnent d\u00e8s la sortie de leur emballage et pendant toute la dur\u00e9e de vie attendue de la cartouche et elles assurent des rendements homog\u00e8nes .<\/div>\n<div>\n<div class=\"Col-module_col__IAg7z Col-module_lg-4__43BEQ Features-module_column__NM8sE Col-module_gutter__kiWeK\" data-test-hook=\"@hpstellar\/core\/grid-col\">\n<h3 class=\"Typography-module_root__eQwd4 Typography-module_titleM__lNAVX Features-module_title__XRN2i Typography-module_responsive__iddT7\" data-test-hook=\"@hpstellar\/core\/typography\">Con\u00e7ues pour une fiabilit\u00e9 de pointe<\/h3>\n<p class=\"Typography-module_root__eQwd4 Typography-module_bodyM__XNddq Typography-module_responsive__iddT7\" data-test-hook=\"@hpstellar\/core\/typography\">Soyez assur\u00e9 que les cartouches <strong>HP 05A Noir (CE505A) &#8211; Toner HP LaserJet d&#8217;origine <\/strong>authentiques fourniront de mani\u00e8re constante des r\u00e9sultats de qualit\u00e9 et des performances sup\u00e9rieures.<\/p>\n<\/div>\n<div class=\"Col-module_col__IAg7z Col-module_lg-4__43BEQ Features-module_column__NM8sE Col-module_gutter__kiWeK\" data-test-hook=\"@hpstellar\/core\/grid-col\">\n<h3 class=\"Typography-module_root__eQwd4 Typography-module_titleM__lNAVX Features-module_title__XRN2i Typography-module_responsive__iddT7\" data-test-hook=\"@hpstellar\/core\/typography\">Soyez fier de la qualit\u00e9 de vos impressions<\/h3>\n<p class=\"Typography-module_root__eQwd4 Typography-module_bodyM__XNddq Typography-module_responsive__iddT7\" data-test-hook=\"@hpstellar\/core\/typography\">Profitez d\u2019une qualit\u00e9 d\u2019impression sup\u00e9rieure avec les cartouches authentiques <strong>HP 05A Noir (CE505A) &#8211; Toner HP LaserJet d&#8217;origine\u00a0<\/strong> Original, con\u00e7ues pour des couleurs \u00e9clatantes, des textes nets et des noirs riches et obtenez un impact puissant.<\/p>\n<\/div>\n<div class=\"Col-module_col__IAg7z Col-module_lg-4__43BEQ Features-module_column__NM8sE Col-module_gutter__kiWeK\" data-test-hook=\"@hpstellar\/core\/grid-col\">\n<h3 class=\"Typography-module_root__eQwd4 Typography-module_titleM__lNAVX Features-module_title__XRN2i Typography-module_responsive__iddT7\" data-test-hook=\"@hpstellar\/core\/typography\">Faites le choix de l\u2019environnement.<\/h3>\n<p class=\"Typography-module_root__eQwd4 Typography-module_bodyM__XNddq Typography-module_responsive__iddT7\" data-test-hook=\"@hpstellar\/core\/typography\">Imprimez en toute confiance : les cartouches authentiques <strong>HP 05A Noir (CE505A) &#8211; Toner HP LaserJet d&#8217;origine\u00a0<\/strong> Original sont con\u00e7ues dans le respect de notre plan\u00e8te, avec un recyclage facile et une diminution des d\u00e9chets.[e]<\/p>\n<\/div>\n<div class=\"Col-module_col__IAg7z Col-module_lg-4__43BEQ Features-module_column__NM8sE Col-module_gutter__kiWeK\" data-test-hook=\"@hpstellar\/core\/grid-col\">\n<h3 class=\"Typography-module_root__eQwd4 Typography-module_titleM__lNAVX Features-module_title__XRN2i Typography-module_responsive__iddT7\" data-test-hook=\"@hpstellar\/core\/typography\">L\u2019union fait la force. De meilleurs r\u00e9sultats.<\/h3>\n<p class=\"Typography-module_root__eQwd4 Typography-module_bodyM__XNddq Typography-module_responsive__iddT7\" data-test-hook=\"@hpstellar\/core\/typography\">Les cartouches <strong>HP 05A Noir (CE505A) &#8211; Toner HP LaserJet d&#8217;origine\u00a0<\/strong> authentiques sont les seules cartouches con\u00e7ues pr\u00e9cis\u00e9ment avec les imprimantes <strong>HP 05A Noir (CE505A) &#8211; Toner HP LaserJet d&#8217;origine\u00a0<\/strong> pour une qualit\u00e9 et des r\u00e9sultats fiables, ainsi que des performances constantes.<\/p>\n<\/div>\n<div class=\"Col-module_col__IAg7z Col-module_lg-4__43BEQ Features-module_column__NM8sE Col-module_gutter__kiWeK\" data-test-hook=\"@hpstellar\/core\/grid-col\">\n<h3 class=\"Typography-module_root__eQwd4 Typography-module_titleM__lNAVX Features-module_title__XRN2i Typography-module_responsive__iddT7\" data-test-hook=\"@hpstellar\/core\/typography\">Les cartouches HP fiables vous aident \u00e0 \u00e9viter les r\u00e9impressions<\/h3>\n<p class=\"Typography-module_root__eQwd4 Typography-module_bodyM__XNddq Typography-module_responsive__iddT7\" data-test-hook=\"@hpstellar\/core\/typography\">Optez pour la performance fiable et constante des cartouches d&#8217;impression <strong>HP 05A Noir (CE505A) &#8211; Toner HP LaserJet d&#8217;origine\u00a0<\/strong> authentiques et \u00e9vitez de gaspiller du temps et de l&#8217;argent avec des probl\u00e8mes de cartouches et la r\u00e9impression.<\/p>\n<\/div>\n<div class=\"Col-module_col__IAg7z Col-module_lg-4__43BEQ Features-module_column__NM8sE Col-module_gutter__kiWeK\" data-test-hook=\"@hpstellar\/core\/grid-col\">\n<h3 class=\"Typography-module_root__eQwd4 Typography-module_titleM__lNAVX Features-module_title__XRN2i Typography-module_responsive__iddT7\" data-test-hook=\"@hpstellar\/core\/typography\">Du texte noir et des graphismes complexes qui se d\u00e9marquent<\/h3>\n<p class=\"Typography-module_root__eQwd4 Typography-module_bodyM__XNddq Typography-module_responsive__iddT7\" data-test-hook=\"@hpstellar\/core\/typography\">Le toner <strong>HP 05A Noir (CE505A) &#8211; Toner HP LaserJet d&#8217;origine\u00a0<\/strong> authentique et le syst\u00e8me d&#8217;impression <strong>HP 05A Noir (CE505A) &#8211; Toner HP LaserJet d&#8217;origine\u00a0<\/strong> sont con\u00e7us pour produire du texte net et des graphismes complexes.<\/p>\n<p data-test-hook=\"@hpstellar\/core\/typography\"><strong>HP 05A Noir (CE505A) &#8211; Toner HP LaserJet d&#8217;origine<\/strong><\/p>\n<p data-test-hook=\"@hpstellar\/core\/typography\">Couleur(s): Noir<br \/>\nCapacit\u00e9 d&#8217;impression: environ 2300 pages<br \/>\nTechnologie d&#8217;impression:\u00a0 Laser<br \/>\nPoids: environ 0,85 kg<\/p>\n<p data-test-hook=\"@hpstellar\/core\/typography\">\n<\/div>\n<\/div>\n<\/div>\n<\/li>\n<\/ul>\n","protected":false},"excerpt":{"rendered":"<p data-test-hook=\"@hpstellar\/core\/typography\">Couleur(s): Noir<br \/>\nCapacit\u00e9 d&#8217;impression: environ 2300 pages<br \/>\nTechnologie d&#8217;impression:\u00a0 Laser<br \/>\nPoids: environ 0,85 kg<\/p>\n<p data-test-hook=\"@hpstellar\/core\/typography\">\n","protected":false},"featured_media":8606,"comment_status":"open","ping_status":"closed","template":"","meta":{"_acf_changed":false,"_monsterinsights_skip_tracking":false,"_monsterinsights_sitenote_active":false,"_monsterinsights_sitenote_note":"","_monsterinsights_sitenote_category":0,"_uf_show_specific_survey":0,"_uf_disable_surveys":false,"_joinchat":[]},"product_brand":[],"product_cat":[15,238,248],"product_tag":[],"class_list":{"0":"post-8605","1":"product","2":"type-product","3":"status-publish","4":"has-post-thumbnail","6":"product_cat-imprimante-scanner","7":"product_cat-consommables","8":"product_cat-toner","10":"first","11":"instock","12":"sale","13":"shipping-taxable","14":"purchasable","15":"product-type-simple"},"acf":[],"jetpack_sharing_enabled":true,"_links":{"self":[{"href":"https:\/\/digistar.ma\/index.php?rest_route=\/wp\/v2\/product\/8605","targetHints":{"allow":["GET"]}}],"collection":[{"href":"https:\/\/digistar.ma\/index.php?rest_route=\/wp\/v2\/product"}],"about":[{"href":"https:\/\/digistar.ma\/index.php?rest_route=\/wp\/v2\/types\/product"}],"replies":[{"embeddable":true,"href":"https:\/\/digistar.ma\/index.php?rest_route=%2Fwp%2Fv2%2Fcomments&post=8605"}],"version-history":[{"count":2,"href":"https:\/\/digistar.ma\/index.php?rest_route=\/wp\/v2\/product\/8605\/revisions"}],"predecessor-version":[{"id":8615,"href":"https:\/\/digistar.ma\/index.php?rest_route=\/wp\/v2\/product\/8605\/revisions\/8615"}],"wp:featuredmedia":[{"embeddable":true,"href":"https:\/\/digistar.ma\/index.php?rest_route=\/wp\/v2\/media\/8606"}],"wp:attachment":[{"href":"https:\/\/digistar.ma\/index.php?rest_route=%2Fwp%2Fv2%2Fmedia&parent=8605"}],"wp:term":[{"taxonomy":"product_brand","embeddable":true,"href":"https:\/\/digistar.ma\/index.php?rest_route=%2Fwp%2Fv2%2Fproduct_brand&post=8605"},{"taxonomy":"product_cat","embeddable":true,"href":"https:\/\/digistar.ma\/index.php?rest_route=%2Fwp%2Fv2%2Fproduct_cat&post=8605"},{"taxonomy":"product_tag","embeddable":true,"href":"https:\/\/digistar.ma\/index.php?rest_route=%2Fwp%2Fv2%2Fproduct_tag&post=8605"}],"curies":[{"name":"wp","href":"https:\/\/api.w.org\/{rel}","templated":true}]}}