{"id":8624,"date":"2023-08-25T12:23:45","date_gmt":"2023-08-25T12:23:45","guid":{"rendered":"https:\/\/digistar.ma\/?post_type=product&#038;p=8624"},"modified":"2023-08-25T12:26:55","modified_gmt":"2023-08-25T12:26:55","slug":"brother-tn-2210-noir-toner-brother-dorigine-tn2210","status":"publish","type":"product","link":"https:\/\/digistar.ma\/?product=brother-tn-2210-noir-toner-brother-dorigine-tn2210","title":{"rendered":"Brother TN-2210 Noir &#8211; Toner Brother d&#8217;origine (TN2210)"},"content":{"rendered":"<p><strong>Brother TN-2210 Noir &#8211; Toner Brother d&#8217;origine (TN2210)<\/strong><\/p>\n<p class=\"desc\">Le toner Brother TN-2210 vous permet d&#8217;imprimer jusqu&#8217;\u00e0 1 200 pages A4 avec un taux de couverture \u00e0 5%. Gr\u00e2ce \u00e0 la technologie avanc\u00e9e des toners et imprimantes Brother, vous profiterez d&#8217;impressions pr\u00e9cises pour vos documents.<\/p>\n<div class=\"shipping\">\n<p>Le toner\u00a0<strong>Brother TN-2210<\/strong>\u00a0vous permet d&#8217;imprimer jusqu&#8217;\u00e0 1 200 pages A4 avec un taux de couverture \u00e0 5%.\u00a0Gr\u00e2ce \u00e0\u00a0la technologie avanc\u00e9e des toners et\u00a0imprimantes\u00a0Brother, vous profiterez d&#8217;impressions pr\u00e9cises pour vos documents.<\/p>\n<p><strong>Brother TN-2210 Noir &#8211; Toner Brother d&#8217;origine (TN2210)<\/strong><\/p>\n<p>Brother TN-2210 &#8211; Toner laser de marque\u00a0<strong>Brother TN-2210<\/strong>\u00a0(TN2210) de\u00a0<strong>simple capacit\u00e9<\/strong>. Couleur :\u00a0<strong>noir<\/strong>.<\/p>\n<p>Brother HL 2240 , Brother HL 2240D , Brother HL 2250DN , Brother HL 2270DW , Brother FAX 2840 , Brother FAX 2940 , Brother DCP 7060D , Brother DCP 7065DN , Brother DCP 7070DW , Brother MFC 7360N , Brother MFC 7460DN , Brother MFC 7860DW<\/p>\n<p>Cartouche de toner Brother garantissant un rendement de 1 200 pages. Tous les consommables laser monochromes de Brother sont certifi\u00e9s selon la norme ISO 19752. Un toner Brother exclusif polym\u00e9ris\u00e9 associ\u00e9 \u00e0 un tambour Brother vous assurent une qualit\u00e9 irr\u00e9prochable \u00e0 chaque impression.<\/p>\n<p>Les consommables (cartouches d\u2019encre, toners, tambours, papiers), con\u00e7us par Brother pour ses solutions d\u2019impression, vous donnent acc\u00e8s au meilleur de la technologie. Un choix logique pour pr\u00e9server votre investissement initial, qui garantit la fiabilit\u00e9 de nos produits optimise leurs performances, et \u00e9limine les co\u00fbts cach\u00e9s d\u00e9coulant de l\u2019utilisation de consommables g\u00e9n\u00e9riques.<\/p>\n<p><strong>Brother TN-2210 Noir &#8211; Toner Brother d&#8217;origine (TN2210)<\/strong><\/p>\n<p>Con\u00e7ue par des experts pour fonctionner parfaitement avec votre imprimante Brother, cette cartouche de toner TN-2210 vous offre des r\u00e9sultats de tr\u00e8s grande qualit\u00e9 au fil des utilisations.<\/p>\n<p>Bien que l\u2019utilisation de consommables non originaux moins chers puisse vous permettre de r\u00e9aliser des \u00e9conomies \u00e0 court terme, ces produits ne sont pas parfaitement compatibles avec votre imprimante. Ces produits de qualit\u00e9 inf\u00e9rieure peuvent provoquer des probl\u00e8mes d\u2019impression voire endommager votre imprimante : cela vaut-il la peine de courir le risque ?<\/p>\n<p>En choisissant une cartouche de toner TN-2210 originale, vous continuez de profiter des meilleures performances de votre imprimante et vous conservez votre garantie. Vous optez ainsi pour la tranquillit\u00e9.<\/p>\n<p>Le toner\u00a0<strong>Brother TN-2210<\/strong>\u00a0vous permet d&#8217;imprimer jusqu&#8217;\u00e0 1 200 pages A4 avec un taux de couverture \u00e0 5%.\u00a0Gr\u00e2ce \u00e0\u00a0la technologie avanc\u00e9e des toners et\u00a0imprimantes\u00a0Brother, vous profiterez d&#8217;impressions pr\u00e9cises pour vos documents.<\/p>\n<p><strong>Brother TN-2210 Noir &#8211; Toner Brother d&#8217;origine (TN2210)<\/strong><\/p>\n<p>Couleur(s): Noir<br \/>\nCapacit\u00e9 d&#8217;impression:\u00a0 environ 1200 pages<\/p>\n<p>&nbsp;<\/p>\n<\/div>\n","protected":false},"excerpt":{"rendered":"<p>Couleur(s): Noir<br \/>\nCapacit\u00e9 d&#8217;impression: environ 1200 pages<\/p>\n","protected":false},"featured_media":8625,"comment_status":"open","ping_status":"closed","template":"","meta":{"_acf_changed":false,"_monsterinsights_skip_tracking":false,"_monsterinsights_sitenote_active":false,"_monsterinsights_sitenote_note":"","_monsterinsights_sitenote_category":0,"_uf_show_specific_survey":0,"_uf_disable_surveys":false,"_joinchat":[]},"product_brand":[],"product_cat":[15,238,248],"product_tag":[],"class_list":{"0":"post-8624","1":"product","2":"type-product","3":"status-publish","4":"has-post-thumbnail","6":"product_cat-imprimante-scanner","7":"product_cat-consommables","8":"product_cat-toner","10":"first","11":"instock","12":"sale","13":"shipping-taxable","14":"purchasable","15":"product-type-simple"},"acf":[],"jetpack_sharing_enabled":true,"_links":{"self":[{"href":"https:\/\/digistar.ma\/index.php?rest_route=\/wp\/v2\/product\/8624","targetHints":{"allow":["GET"]}}],"collection":[{"href":"https:\/\/digistar.ma\/index.php?rest_route=\/wp\/v2\/product"}],"about":[{"href":"https:\/\/digistar.ma\/index.php?rest_route=\/wp\/v2\/types\/product"}],"replies":[{"embeddable":true,"href":"https:\/\/digistar.ma\/index.php?rest_route=%2Fwp%2Fv2%2Fcomments&post=8624"}],"version-history":[{"count":1,"href":"https:\/\/digistar.ma\/index.php?rest_route=\/wp\/v2\/product\/8624\/revisions"}],"predecessor-version":[{"id":8629,"href":"https:\/\/digistar.ma\/index.php?rest_route=\/wp\/v2\/product\/8624\/revisions\/8629"}],"wp:featuredmedia":[{"embeddable":true,"href":"https:\/\/digistar.ma\/index.php?rest_route=\/wp\/v2\/media\/8625"}],"wp:attachment":[{"href":"https:\/\/digistar.ma\/index.php?rest_route=%2Fwp%2Fv2%2Fmedia&parent=8624"}],"wp:term":[{"taxonomy":"product_brand","embeddable":true,"href":"https:\/\/digistar.ma\/index.php?rest_route=%2Fwp%2Fv2%2Fproduct_brand&post=8624"},{"taxonomy":"product_cat","embeddable":true,"href":"https:\/\/digistar.ma\/index.php?rest_route=%2Fwp%2Fv2%2Fproduct_cat&post=8624"},{"taxonomy":"product_tag","embeddable":true,"href":"https:\/\/digistar.ma\/index.php?rest_route=%2Fwp%2Fv2%2Fproduct_tag&post=8624"}],"curies":[{"name":"wp","href":"https:\/\/api.w.org\/{rel}","templated":true}]}}