{"id":8645,"date":"2023-08-25T15:21:26","date_gmt":"2023-08-25T15:21:26","guid":{"rendered":"https:\/\/digistar.ma\/?post_type=product&#038;p=8645"},"modified":"2023-08-25T15:27:03","modified_gmt":"2023-08-25T15:27:03","slug":"hp-508a-noir-cf360a-toner-hp-laserjet-dorigine","status":"publish","type":"product","link":"https:\/\/digistar.ma\/?product=hp-508a-noir-cf360a-toner-hp-laserjet-dorigine","title":{"rendered":"HP 508A Noir (CF360A) &#8211; Toner HP LaserJet d&#8217;origine"},"content":{"rendered":"<p><strong>HP 508A Noir () &#8211; Toner HP LaserJet d&#8217;origine<\/strong><\/p>\n<p>Avec les consommables HP 130, vous restez productif \u00e0 la maison et au bureau. R\u00e9alisez des documents et supports marketing de qualit\u00e9 professionnelle. \u00c9vitez le g\u00e2chis de temps et de consommables gr\u00e2ce \u00e0 ces toners <strong>HP 508A Noir (CF360A) &#8211; Toner HP LaserJet d&#8217;origine<\/strong> authentiques, con\u00e7us pour votre imprimante multifonction couleur <strong>HP 508A Noir (CF360A) &#8211; Toner HP LaserJet d&#8217;origine<\/strong> LaserJet Pro.<\/p>\n<p>Avec les consommables<strong>\u00a0HP 130 LaserJet<\/strong>, vous restez productif \u00e0 la maison et au bureau. R\u00e9alisez des documents et supports marketing de qualit\u00e9 professionnelle. \u00c9vitez le g\u00e2chis de temps et de consommables gr\u00e2ce \u00e0 ces toners <strong>HP 508A Noir (CF360A) &#8211; Toner HP LaserJet d&#8217;origine<\/strong> authentiques, con\u00e7us pour votre imprimante multifonction couleur <strong>HP 508A Noir (CF360A) &#8211; Toner HP LaserJet d&#8217;origine<\/strong> LaserJet Pro.<\/p>\n<ul>\n<li>A chaque impression, obtenez la qualit\u00e9 que vous attendez des toners <strong>HP 508A Noir (CF360A) &#8211; Toner HP LaserJet d&#8217;origine<\/strong> authentiques. \u00c9vitez la frustration d&#8217;avoir \u00e0 r\u00e9imprimer, le gaspillage de consommables et les retards co\u00fbteux, inconv\u00e9nients possibles avec les toners d&#8217;autres fournisseurs.<\/li>\n<li>Aidez \u00e0 maintenir la continuit\u00e9 op\u00e9rationnelle. Faites confiance aux cartouches d&#8217;encre <strong>HP 508A Noir (CF360A) &#8211; Toner HP LaserJet d&#8217;origine<\/strong> d&#8217;origine pour une impression homog\u00e8ne et sans interruption qui vous permettent de vous concentrer sur votre travail et de respecter le budget.<\/li>\n<li>Ne perdez pas de temps. Remplacez les toners <strong>HP 508A Noir (CF360A) &#8211; Toner HP LaserJet d&#8217;origine<\/strong> authentiques en quelques secondes et continuez l&#8217;impression. Ils sont sp\u00e9cifiquement con\u00e7us pour votre imprimante HP LaserJet ou votre imprimante multifonction pour garantir une installation facile et rapide.<\/li>\n<li><strong>HP 130A cyan<\/strong>\u00a0&#8211; Toner original\u00a0<strong>HP CF351A<\/strong>\u00a0pour imprimantes HP Color LaserJet Pro MFP M176 et M177. Couleur :\u00a0<strong>cyan<\/strong><\/li>\n<li>Hp Color LaserJet Pro MFP M176 , Hp Color LaserJet Pro MFP M176n , Hp Color LaserJet Pro MFP M177 , Hp Color LaserJet Pro MFP M177fw<\/li>\n<li>Couleurs\u00a0: Cyan<\/li>\n<li>Rendement approximatif par cartouche\u00a0: 1 000 pages<\/li>\n<li>Compatibilit\u00e9\u00a0: HP Colour LaserJet Pro M176, M177<\/li>\n<li>\n<div class=\"ProductKeySellingPoints_kspSection__3Fumw\">\n<h4 class=\"ProductKeySellingPoints_title__EfldW\">Vous pouvez compter sur la qualit\u00e9<\/h4>\n<div class=\"ProductKeySellingPoints_description__1LCVX\">Faites forte impression : imprimez des documents couleur qui attirent l&#8217;attention avec des graphismes aux couleurs vives et des d\u00e9tails nets. Imprimez des documents de qualit\u00e9 professionnelle avec du toner <strong>HP 508A Noir (CF360A) &#8211; Toner HP LaserJet d&#8217;origine<\/strong> qui produit du texte gras et des graphismes noirs pr\u00e9cis. Vous pouvez compter sur des r\u00e9sultats professionnels constants sur une large gamme de papiers laser con\u00e7us pour le bureau. Reproduisez des couleurs dans une remarquable nettet\u00e9 propre \u00e0 <strong>HP 508A Noir (CF360A) &#8211; Toner HP LaserJet d&#8217;origine<\/strong> et r\u00e9alisez des \u00e9conomies en imprimant des supports marketing en interne.<\/div>\n<\/div>\n<div class=\"ProductKeySellingPoints_kspSection__3Fumw\">\n<h4 class=\"ProductKeySellingPoints_title__EfldW\">Des r\u00e9sultats impressionnants \u2014 sans pause<\/h4>\n<div class=\"ProductKeySellingPoints_description__1LCVX\">Le choix auquel vous pouvez vous fier \u2014 \u00e9vitez la frustration des r\u00e9impressions, le gaspillage des consommables et les retards. Cartouches <strong>HP 508A Noir (CF360A) &#8211; Toner HP LaserJet d&#8217;origine<\/strong><\/div>\n<div class=\"ProductKeySellingPoints_description__1LCVX\">authentiques : de meilleures performances ensemble. Choisissez des cartouches sp\u00e9cialement con\u00e7ues pour votre imprimante. Obtenez d&#8217;excellents r\u00e9sultats, \u00e0 chaque fois. Vous pouvez compter sur des r\u00e9sultats constants, page apr\u00e8s page et cartouche apr\u00e8s cartouche. Obtenez des impressions nettes et vives, faites confiance \u00e0 la qualit\u00e9 l\u00e9gendaire de <strong>HP 508A Noir (CF360A) &#8211; Toner HP LaserJet d&#8217;origine<\/strong>P.<\/div>\n<\/div>\n<div class=\"ProductKeySellingPoints_kspSection__3Fumw\">\n<h4 class=\"ProductKeySellingPoints_title__EfldW\">Retournez tout de suite au travail<\/h4>\n<div class=\"ProductKeySellingPoints_description__1LCVX\">Le remplacement n\u2019a jamais \u00e9t\u00e9 aussi simple\u00a0: achetez des cartouches de rechange et installez-les rapidement.<\/div>\n<div>\n<div class=\"ProductKeySellingPoints_kspSection__3Fumw\">\n<h4 class=\"ProductKeySellingPoints_title__EfldW\">Vous pouvez compter sur la qualit\u00e9<\/h4>\n<div class=\"ProductKeySellingPoints_description__1LCVX\">Faites forte impression : imprimez des documents couleur qui attirent l&#8217;attention avec des graphismes aux couleurs vives et des d\u00e9tails nets. Imprimez des documents de qualit\u00e9 professionnelle avec du toner <strong>HP 508A Noir (CF360A) &#8211; Toner HP LaserJet d&#8217;origine<\/strong> qui produit du texte gras et des graphismes noirs pr\u00e9cis. Vous pouvez compter sur des r\u00e9sultats professionnels constants sur une large gamme de papiers laser con\u00e7us pour le bureau. Reproduisez des couleurs dans une remarquable nettet\u00e9 propre \u00e0 <strong>HP 508A Noir (CF360A) &#8211; Toner HP LaserJet d&#8217;origine<\/strong> et r\u00e9alisez des \u00e9conomies en imprimant des supports marketing en interne.<\/div>\n<\/div>\n<div class=\"ProductKeySellingPoints_kspSection__3Fumw\">\n<h4 class=\"ProductKeySellingPoints_title__EfldW\">Des r\u00e9sultats impressionnants \u2014 sans pause<\/h4>\n<div class=\"ProductKeySellingPoints_description__1LCVX\"><strong>HP 508A Noir (CF360A) &#8211; Toner HP LaserJet d&#8217;origine<\/strong>\u00a0 Le choix auquel vous pouvez vous fier \u2014 \u00e9vitez la frustration des r\u00e9impressions, le gaspillage des consommables et les retards. Cartouches <strong>HP 508A Noir (CF360A) &#8211; Toner HP LaserJet d&#8217;origine<\/strong> authentiques : de meilleures performances ensemble. Choisissez des cartouches sp\u00e9cialement con\u00e7ues pour votre imprimante. Obtenez d&#8217;excellents r\u00e9sultats, \u00e0 chaque fois. Vous pouvez compter sur des r\u00e9sultats constants, page apr\u00e8s page et cartouche apr\u00e8s cartouche. Obtenez des impressions nettes et vives, faites confiance \u00e0 la qualit\u00e9 l\u00e9gendaire de <strong>HP 508A Noir (CF360A) &#8211; Toner HP LaserJet d&#8217;origine<\/strong>.<\/div>\n<\/div>\n<div class=\"ProductKeySellingPoints_kspSection__3Fumw\">\n<h4 class=\"ProductKeySellingPoints_title__EfldW\">Retournez tout de suite au travail<\/h4>\n<div class=\"ProductKeySellingPoints_description__1LCVX\">Le remplacement n\u2019a jamais \u00e9t\u00e9 aussi simple\u00a0: achetez des cartouches de rechange et installez-les rapidement.<\/div>\n<div>\n<h4 class=\"ProductKeySellingPoints_title__EfldW\">Un minimum d&#8217;efforts pour un impact consid\u00e9rable<\/h4>\n<div class=\"ProductKeySellingPoints_description__1LCVX\">\u00a0vous aide \u00e0 recycler facilement et gratuitement vos cartouches d&#8217;encre\u00a0 authentiques via le programme <strong>HP 508A Noir (CF360A) &#8211; Toner HP LaserJet d&#8217;origine<\/strong> Planet Partners . <strong>HP 508A Noir (CF360A) &#8211; Toner HP LaserJet d&#8217;origine\u00a0<\/strong> con\u00e7oit des produits \u00e9co\u00e9nerg\u00e9tiques et recyclables<\/div>\n<div><\/div>\n<div><\/div>\n<div><\/div>\n<div><\/div>\n<div><\/div>\n<div><\/div>\n<div><\/div>\n<div><\/div>\n<div><\/div>\n<div><\/div>\n<div><\/div>\n<\/div>\n<\/div>\n<\/div>\n<\/div>\n<\/li>\n<\/ul>\n<p>&nbsp;<\/p>\n","protected":false},"excerpt":{"rendered":"<p>Couleur(s): Noir<br \/>\nCapacit\u00e9 d&#8217;impression:\u00a0 environ 6000 pages<br \/>\nTechnologie d&#8217;impression: Laser<br \/>\nPoids: environ 0,88 kg<\/p>\n","protected":false},"featured_media":8646,"comment_status":"open","ping_status":"closed","template":"","meta":{"_acf_changed":false,"_monsterinsights_skip_tracking":false,"_monsterinsights_sitenote_active":false,"_monsterinsights_sitenote_note":"","_monsterinsights_sitenote_category":0,"_uf_show_specific_survey":0,"_uf_disable_surveys":false,"_joinchat":[]},"product_brand":[],"product_cat":[15,238,248],"product_tag":[],"class_list":{"0":"post-8645","1":"product","2":"type-product","3":"status-publish","4":"has-post-thumbnail","6":"product_cat-imprimante-scanner","7":"product_cat-consommables","8":"product_cat-toner","10":"first","11":"instock","12":"sale","13":"shipping-taxable","14":"purchasable","15":"product-type-simple"},"acf":[],"jetpack_sharing_enabled":true,"_links":{"self":[{"href":"https:\/\/digistar.ma\/index.php?rest_route=\/wp\/v2\/product\/8645","targetHints":{"allow":["GET"]}}],"collection":[{"href":"https:\/\/digistar.ma\/index.php?rest_route=\/wp\/v2\/product"}],"about":[{"href":"https:\/\/digistar.ma\/index.php?rest_route=\/wp\/v2\/types\/product"}],"replies":[{"embeddable":true,"href":"https:\/\/digistar.ma\/index.php?rest_route=%2Fwp%2Fv2%2Fcomments&post=8645"}],"version-history":[{"count":3,"href":"https:\/\/digistar.ma\/index.php?rest_route=\/wp\/v2\/product\/8645\/revisions"}],"predecessor-version":[{"id":8652,"href":"https:\/\/digistar.ma\/index.php?rest_route=\/wp\/v2\/product\/8645\/revisions\/8652"}],"wp:featuredmedia":[{"embeddable":true,"href":"https:\/\/digistar.ma\/index.php?rest_route=\/wp\/v2\/media\/8646"}],"wp:attachment":[{"href":"https:\/\/digistar.ma\/index.php?rest_route=%2Fwp%2Fv2%2Fmedia&parent=8645"}],"wp:term":[{"taxonomy":"product_brand","embeddable":true,"href":"https:\/\/digistar.ma\/index.php?rest_route=%2Fwp%2Fv2%2Fproduct_brand&post=8645"},{"taxonomy":"product_cat","embeddable":true,"href":"https:\/\/digistar.ma\/index.php?rest_route=%2Fwp%2Fv2%2Fproduct_cat&post=8645"},{"taxonomy":"product_tag","embeddable":true,"href":"https:\/\/digistar.ma\/index.php?rest_route=%2Fwp%2Fv2%2Fproduct_tag&post=8645"}],"curies":[{"name":"wp","href":"https:\/\/api.w.org\/{rel}","templated":true}]}}