{"id":8661,"date":"2023-08-25T16:23:12","date_gmt":"2023-08-25T16:23:12","guid":{"rendered":"https:\/\/digistar.ma\/?post_type=product&#038;p=8661"},"modified":"2023-08-25T16:31:51","modified_gmt":"2023-08-25T16:31:51","slug":"hp-12a-noir-q2612a-toner-hp-laserjet-dorigine","status":"publish","type":"product","link":"https:\/\/digistar.ma\/?product=hp-12a-noir-q2612a-toner-hp-laserjet-dorigine","title":{"rendered":"HP 12A Noir (Q2612A) &#8211; Toner HP LaserJet d&#8217;origine"},"content":{"rendered":"<p><strong>HP 12A Noir (Q2612A) &#8211; Toner HP LaserJet d&#8217;origine<\/strong><\/p>\n<p>La cartouche d&#8217;impression HP Ultraprecise\u00a012A (Q2612A) offre des r\u00e9sultats exceptionnels alli\u00e9s \u00e0 des performances fiables et une simplicit\u00e9 d&#8217;utilisation optimale pour des impressions laser sans effort et d&#8217;un bon rapport qualit\u00e9\/prix<\/p>\n<p>La\u00a0<strong>cartouche d&#8217;impression HP Ultraprecise<\/strong>\u00a0<strong>12A (Q2612A)<\/strong>\u00a0offre des r\u00e9sultats exceptionnels alli\u00e9s \u00e0 des performances fiables et une simplicit\u00e9 d&#8217;utilisation optimale pour des impressions laser sans effort et d&#8217;un bon rapport qualit\u00e9\/prix.<\/p>\n<p><strong>HP 12A Noir (Q2612A) &#8211; Toner HP LaserJet d&#8217;origine<\/strong><\/p>\n<ul>\n<li>Une formule de toner ultra-fin \u00e0 double polym\u00e8re garantit constamment une haute qualit\u00e9 d&#8217;impression avec des textes nets au noir profond, des \u00e9chelles de gris et des graphiques pr\u00e9cis tout au long de la vie de la cartouche, de la premi\u00e8re \u00e0 la derni\u00e8re page.<\/li>\n<li>Des performances fiables minimisent les interventions et les immobilisations de l&#8217;imprimante. Des tests de qualit\u00e9 rigoureux, la garantie et l&#8217;assistance HP favorisent davantage le fonctionnement et les gains de temps et aident \u00e0 minimiser vos co\u00fbts d&#8217;achat et d&#8217;exploitation globaux.<\/li>\n<li>Un concept pratique de cartouche tout-en-un facilite l&#8217;installation, la maintenance et le remplacement via le panneau de commandes de l&#8217;imprimante, optimisant la facilit\u00e9 d&#8217;utilisation et l&#8217;efficacit\u00e9.<\/li>\n<li>Une production moyenne de 2 000 pages pour un taux de remplissage de 5 %, alli\u00e9e \u00e0 la constance d&#8217;une qualit\u00e9 d&#8217;impression exceptionnelle, une facilit\u00e9 d&#8217;utilisation optimale et une fiabilit\u00e9 \u00e9prouv\u00e9e garantit une impression efficace pour un co\u00fbt par page comp\u00e9titif et de faibles co\u00fbts d&#8217;achat et d&#8217;exploitation globaux.<\/li>\n<li>Le dispositif innovant de fusion instantan\u00e9e permet d&#8217;imprimer la premi\u00e8re page en moins de 10 secondes, sans pr\u00e9chauffage, tout en r\u00e9duisant la consommation d&#8217;\u00e9nergie et les niveaux sonores.<\/li>\n<li>Lorsque la productivit\u00e9 est essentielle, misez sur ses avantages. La cartouche d&#8217;impression noire HP LaserJet, fiable et conviviale, permet le bon fonctionnement de l&#8217;imprimante. Temps gagn\u00e9 et productivit\u00e9 optimis\u00e9e font de la cartouche HP LaserJet 12 d&#8217;origine une v\u00e9ritable valeur ajout\u00e9e.<\/li>\n<li>\n<h4 class=\"ProductKeySellingPoints_title__EfldW\">La fiabilit\u00e9 vous fait gagner du temps. Vous \u00eates maintenant plus productif.<\/h4>\n<div class=\"ProductKeySellingPoints_description__1LCVX\">Choisissez HP pour profiter d&#8217;une qualit\u00e9 d&#8217;impression homog\u00e8ne tout au long de la dur\u00e9e de vie de chaque cartouche, et d&#8217;une cartouche \u00e0 une autre.<\/div>\n<\/li>\n<li>\n<h4 class=\"ProductKeySellingPoints_title__EfldW\">Impression simple, pratique<\/h4>\n<div class=\"ProductKeySellingPoints_description__1LCVX\">De l&#8217;Internet au stockage local, les cartouches HP sont disponibles lorsque vous en avez besoin<\/div>\n<\/li>\n<li>\n<h4 class=\"ProductKeySellingPoints_title__EfldW\">R\u00e9glez votre syst\u00e8me pour garantir des r\u00e9sultats professionnels<\/h4>\n<div class=\"ProductKeySellingPoints_description__1LCVX\">Les formulations de toner HP sont con\u00e7ues pour fonctionner en synergie avec la technologie de la cartouche d&#8217;impression HP et garantir ainsi une qualit\u00e9 professionnelle.<\/div>\n<\/li>\n<li>\n<div class=\"Col-module_col__IAg7z Col-module_lg-4__43BEQ Features-module_column__NM8sE Col-module_gutter__kiWeK\" data-test-hook=\"@hpstellar\/core\/grid-col\">\n<h3 class=\"Typography-module_root__eQwd4 Typography-module_titleM__lNAVX Features-module_title__XRN2i Typography-module_responsive__iddT7\" data-test-hook=\"@hpstellar\/core\/typography\">Con\u00e7ues pour une fiabilit\u00e9 de pointe<\/h3>\n<p class=\"Typography-module_root__eQwd4 Typography-module_bodyM__XNddq Typography-module_responsive__iddT7\" data-test-hook=\"@hpstellar\/core\/typography\">Soyez assur\u00e9 que les cartouches HP authentiques fourniront de mani\u00e8re constante des r\u00e9sultats de qualit\u00e9 et des performances sup\u00e9rieures.<\/p>\n<\/div>\n<div class=\"Col-module_col__IAg7z Col-module_lg-4__43BEQ Features-module_column__NM8sE Col-module_gutter__kiWeK\" data-test-hook=\"@hpstellar\/core\/grid-col\">\n<h3 class=\"Typography-module_root__eQwd4 Typography-module_titleM__lNAVX Features-module_title__XRN2i Typography-module_responsive__iddT7\" data-test-hook=\"@hpstellar\/core\/typography\">Soyez fier de la qualit\u00e9 de vos impressions<\/h3>\n<p class=\"Typography-module_root__eQwd4 Typography-module_bodyM__XNddq Typography-module_responsive__iddT7\" data-test-hook=\"@hpstellar\/core\/typography\">Profitez d&#8217;une qualit\u00e9 d&#8217;impression sup\u00e9rieure avec les cartouches HP authentiques, con\u00e7ues pour des textes nets d&#8217;un noir profond pour un gros impact.<\/p>\n<\/div>\n<div class=\"Col-module_col__IAg7z Col-module_lg-4__43BEQ Features-module_column__NM8sE Col-module_gutter__kiWeK\" data-test-hook=\"@hpstellar\/core\/grid-col\">\n<h3 class=\"Typography-module_root__eQwd4 Typography-module_titleM__lNAVX Features-module_title__XRN2i Typography-module_responsive__iddT7\" data-test-hook=\"@hpstellar\/core\/typography\">Faites le choix de l\u2019environnement.<\/h3>\n<p class=\"Typography-module_root__eQwd4 Typography-module_bodyM__XNddq Typography-module_responsive__iddT7\" data-test-hook=\"@hpstellar\/core\/typography\">Imprimez en toute confiance : les cartouches HP authentiques con\u00e7ues dans le respect de notre plan\u00e8te, avec un recyclage facile et une diminution des d\u00e9chets.<\/p>\n<\/div>\n<div class=\"Col-module_col__IAg7z Col-module_lg-4__43BEQ Features-module_column__NM8sE Col-module_gutter__kiWeK\" data-test-hook=\"@hpstellar\/core\/grid-col\">\n<h3 class=\"Typography-module_root__eQwd4 Typography-module_titleM__lNAVX Features-module_title__XRN2i Typography-module_responsive__iddT7\" data-test-hook=\"@hpstellar\/core\/typography\">L\u2019union fait la force. De meilleurs r\u00e9sultats.<\/h3>\n<p class=\"Typography-module_root__eQwd4 Typography-module_bodyM__XNddq Typography-module_responsive__iddT7\" data-test-hook=\"@hpstellar\/core\/typography\">Les cartouches HP authentiques sont les seules cartouches con\u00e7ues pr\u00e9cis\u00e9ment avec les imprimantes HP pour une qualit\u00e9 et des r\u00e9sultats fiables, ainsi que des performances constantes.<\/p>\n<div class=\"Col-module_col__IAg7z Col-module_lg-4__43BEQ Features-module_column__NM8sE Col-module_gutter__kiWeK\" data-test-hook=\"@hpstellar\/core\/grid-col\">\n<p class=\"Typography-module_root__eQwd4 Typography-module_bodyM__XNddq Typography-module_responsive__iddT7\" data-test-hook=\"@hpstellar\/core\/typography\">ros impact.<\/p>\n<\/div>\n<div class=\"Col-module_col__IAg7z Col-module_lg-4__43BEQ Features-module_column__NM8sE Col-module_gutter__kiWeK\" data-test-hook=\"@hpstellar\/core\/grid-col\">\n<h3 class=\"Typography-module_root__eQwd4 Typography-module_titleM__lNAVX Features-module_title__XRN2i Typography-module_responsive__iddT7\" data-test-hook=\"@hpstellar\/core\/typography\">Faites le choix de l\u2019environnement.<\/h3>\n<p class=\"Typography-module_root__eQwd4 Typography-module_bodyM__XNddq Typography-module_responsive__iddT7\" data-test-hook=\"@hpstellar\/core\/typography\">Imprimez en toute confiance : les cartouches HP authentiques con\u00e7ues dans le respect de notre plan\u00e8te, avec un recyclage facile et une diminution des d\u00e9chets.<\/p>\n<\/div>\n<div class=\"Col-module_col__IAg7z Col-module_lg-4__43BEQ Features-module_column__NM8sE Col-module_gutter__kiWeK\" data-test-hook=\"@hpstellar\/core\/grid-col\">\n<h3 class=\"Typography-module_root__eQwd4 Typography-module_titleM__lNAVX Features-module_title__XRN2i Typography-module_responsive__iddT7\" data-test-hook=\"@hpstellar\/core\/typography\">L\u2019union fait la force. De meilleurs r\u00e9sultats.<\/h3>\n<p class=\"Typography-module_root__eQwd4 Typography-module_bodyM__XNddq Typography-module_responsive__iddT7\" data-test-hook=\"@hpstellar\/core\/typography\">Les cartouches HP authentiques sont les seules cartouches con\u00e7ues pr\u00e9cis\u00e9ment avec les imprimantes HP pour une qualit\u00e9 et des r\u00e9sultats fiables, ainsi que des performances constantes.<\/p>\n<\/div>\n<div class=\"Col-module_col__IAg7z Col-module_lg-4__43BEQ Features-module_column__NM8sE Col-module_gutter__kiWeK\" data-test-hook=\"@hpstellar\/core\/grid-col\">\n<h3 class=\"Typography-module_root__eQwd4 Typography-module_titleM__lNAVX Features-module_title__XRN2i Typography-module_responsive__iddT7\" data-test-hook=\"@hpstellar\/core\/typography\">Fiable, qualit\u00e9 d&#8217;impression<\/h3>\n<p class=\"Typography-module_root__eQwd4 Typography-module_bodyM__XNddq Typography-module_responsive__iddT7\" data-test-hook=\"@hpstellar\/core\/typography\">Faites de votre imprimante un outil qui am\u00e9liore votre productivit\u00e9 et l&#8217;image de votre entreprise gr\u00e2ce \u00e0 une superbe qualit\u00e9 d&#8217;impression et la l\u00e9gendaire fiabilit\u00e9 de HP.<\/p>\n<h3 class=\"Typography-module_root__eQwd4 Typography-module_titleM__lNAVX Features-module_title__XRN2i Typography-module_responsive__iddT7\" data-test-hook=\"@hpstellar\/core\/typography\">Faites le choix de l\u2019environnement.<\/h3>\n<p class=\"Typography-module_root__eQwd4 Typography-module_bodyM__XNddq Typography-module_responsive__iddT7\" data-test-hook=\"@hpstellar\/core\/typography\">Imprimez en toute confiance : les cartouches HP authentiques con\u00e7ues dans le respect de notre plan\u00e8te, avec un recyclage facile et une diminution des d\u00e9chets.<\/p>\n<h3 class=\"Typography-module_root__eQwd4 Typography-module_titleM__lNAVX Features-module_title__XRN2i Typography-module_responsive__iddT7\" data-test-hook=\"@hpstellar\/core\/typography\">Du texte noir et des \u00e9l\u00e9ments graphiques qui se d\u00e9marquent<\/h3>\n<p>&nbsp;<\/p>\n<p><strong>HP 12A Noir (Q2612A) &#8211; Toner HP LaserJet d&#8217;origine<\/strong><\/p>\n<p class=\"Typography-module_root__eQwd4 Typography-module_bodyM__XNddq Typography-module_responsive__iddT7\" data-test-hook=\"@hpstellar\/core\/typography\">Imprimez des documents de qualit\u00e9 professionnelle avec du toner HP qui produit du texte noir et des \u00e9l\u00e9ments graphiques bien nets.<\/p>\n<p data-test-hook=\"@hpstellar\/core\/typography\">Couleur(s): Noir<br \/>\nCapacit\u00e9 d&#8217;impression: environ 2000 pages<br \/>\nTechnologie d&#8217;impression: Laser<br \/>\nPoids: environ \u00a00,7 kg<\/p>\n<p data-test-hook=\"@hpstellar\/core\/typography\">\n<\/div>\n<\/div>\n<\/li>\n<\/ul>\n<p>&nbsp;<\/p>\n<p>&nbsp;<\/p>\n","protected":false},"excerpt":{"rendered":"<p>Couleur(s): Noir<br \/>\nCapacit\u00e9 d&#8217;impression: environ 2000 pages<br \/>\nTechnologie d&#8217;impression: Laser<br \/>\nPoids: environ \u00a00,7 kg<\/p>\n","protected":false},"featured_media":8662,"comment_status":"open","ping_status":"closed","template":"","meta":{"_acf_changed":false,"_monsterinsights_skip_tracking":false,"_monsterinsights_sitenote_active":false,"_monsterinsights_sitenote_note":"","_monsterinsights_sitenote_category":0,"_uf_show_specific_survey":0,"_uf_disable_surveys":false,"_joinchat":[]},"product_brand":[],"product_cat":[15,238,248],"product_tag":[],"class_list":{"0":"post-8661","1":"product","2":"type-product","3":"status-publish","4":"has-post-thumbnail","6":"product_cat-imprimante-scanner","7":"product_cat-consommables","8":"product_cat-toner","10":"first","11":"instock","12":"sale","13":"shipping-taxable","14":"purchasable","15":"product-type-simple"},"acf":[],"jetpack_sharing_enabled":true,"_links":{"self":[{"href":"https:\/\/digistar.ma\/index.php?rest_route=\/wp\/v2\/product\/8661","targetHints":{"allow":["GET"]}}],"collection":[{"href":"https:\/\/digistar.ma\/index.php?rest_route=\/wp\/v2\/product"}],"about":[{"href":"https:\/\/digistar.ma\/index.php?rest_route=\/wp\/v2\/types\/product"}],"replies":[{"embeddable":true,"href":"https:\/\/digistar.ma\/index.php?rest_route=%2Fwp%2Fv2%2Fcomments&post=8661"}],"version-history":[{"count":2,"href":"https:\/\/digistar.ma\/index.php?rest_route=\/wp\/v2\/product\/8661\/revisions"}],"predecessor-version":[{"id":8668,"href":"https:\/\/digistar.ma\/index.php?rest_route=\/wp\/v2\/product\/8661\/revisions\/8668"}],"wp:featuredmedia":[{"embeddable":true,"href":"https:\/\/digistar.ma\/index.php?rest_route=\/wp\/v2\/media\/8662"}],"wp:attachment":[{"href":"https:\/\/digistar.ma\/index.php?rest_route=%2Fwp%2Fv2%2Fmedia&parent=8661"}],"wp:term":[{"taxonomy":"product_brand","embeddable":true,"href":"https:\/\/digistar.ma\/index.php?rest_route=%2Fwp%2Fv2%2Fproduct_brand&post=8661"},{"taxonomy":"product_cat","embeddable":true,"href":"https:\/\/digistar.ma\/index.php?rest_route=%2Fwp%2Fv2%2Fproduct_cat&post=8661"},{"taxonomy":"product_tag","embeddable":true,"href":"https:\/\/digistar.ma\/index.php?rest_route=%2Fwp%2Fv2%2Fproduct_tag&post=8661"}],"curies":[{"name":"wp","href":"https:\/\/api.w.org\/{rel}","templated":true}]}}