{"id":8719,"date":"2023-08-29T14:36:47","date_gmt":"2023-08-29T14:36:47","guid":{"rendered":"https:\/\/digistar.ma\/?post_type=product&#038;p=8719"},"modified":"2023-08-29T14:36:47","modified_gmt":"2023-08-29T14:36:47","slug":"ordinateur-portable-dell-latitude-5540-n003l554015emea-i7","status":"publish","type":"product","link":"https:\/\/digistar.ma\/?product=ordinateur-portable-dell-latitude-5540-n003l554015emea-i7","title":{"rendered":"Ordinateur portable Dell Latitude 5540 (N003L554015EMEA-I7)"},"content":{"rendered":"<h4>Ordinateur portable Dell Latitude 5540 (N003L554015EMEA-I7)<\/h4>\n<p>L Ordinateur portable Dell Latitude 5540 (N003L554015EMEA-I7) combine performance et mobilit\u00e9. Avec une connectivit\u00e9 compl\u00e8te, une autonomie longue dur\u00e9e et des fonctions de s\u00e9curit\u00e9 avanc\u00e9es, cet ordinateur portable Dell sera un achat id\u00e9al pour vous.<\/p>\n<div class=\"pd-feature-wrap TextLeftImageRight \">\n<div class=\"pd-feature-item\">\n<div class=\"pd-media-container\">\n<div class=\"pd-item-image-wrap \"><picture><source srcset=\"https:\/\/i.dell.com\/is\/image\/DellContent\/content\/dam\/ss2\/product-images\/dell-client-products\/notebooks\/latitude-notebooks\/latitude-15-5540-laptop\/pdp\/latitude-15-5540-laptop-pdp-module-07.psd?wid=432&amp;hei=355&amp;fmt=png-alpha&amp;qlt=100%2c0&amp;op_usm=1.75%2c0.3%2c2%2c0&amp;resMode=sharp2&amp;pscan=auto&amp;fit=constrain%2c1&amp;align=0%2c0\" media=\"(max-width: 432px)\" \/><source srcset=\"https:\/\/i.dell.com\/is\/image\/DellContent\/content\/dam\/ss2\/product-images\/dell-client-products\/notebooks\/latitude-notebooks\/latitude-15-5540-laptop\/pdp\/latitude-15-5540-laptop-pdp-module-07.psd?wid=726&amp;hei=597&amp;fmt=png-alpha&amp;qlt=100%2c0&amp;op_usm=1.75%2c0.3%2c2%2c0&amp;resMode=sharp2&amp;pscan=auto&amp;fit=constrain%2c1&amp;align=0%2c0\" media=\"(max-width: 767px)\" \/><source srcset=\"https:\/\/i.dell.com\/is\/image\/DellContent\/content\/dam\/ss2\/product-images\/dell-client-products\/notebooks\/latitude-notebooks\/latitude-15-5540-laptop\/pdp\/latitude-15-5540-laptop-pdp-module-07.psd?wid=550&amp;hei=452&amp;fmt=png-alpha&amp;qlt=100%2c0&amp;op_usm=1.75%2c0.3%2c2%2c0&amp;resMode=sharp2&amp;pscan=auto&amp;fit=constrain%2c1&amp;align=0%2c0\" media=\"(max-width: 1170px)\" \/><source srcset=\"https:\/\/i.dell.com\/is\/image\/DellContent\/content\/dam\/ss2\/product-images\/dell-client-products\/notebooks\/latitude-notebooks\/latitude-15-5540-laptop\/pdp\/latitude-15-5540-laptop-pdp-module-07.psd?wid=950&amp;hei=781&amp;fmt=png-alpha&amp;qlt=100%2c0&amp;op_usm=1.75%2c0.3%2c2%2c0&amp;resMode=sharp2&amp;pscan=auto&amp;fit=constrain%2c1&amp;align=0%2c0\" media=\"(max-width: 1919px)\" \/><source srcset=\"https:\/\/i.dell.com\/is\/image\/DellContent\/content\/dam\/ss2\/product-images\/dell-client-products\/notebooks\/latitude-notebooks\/latitude-15-5540-laptop\/pdp\/latitude-15-5540-laptop-pdp-module-07.psd?wid=1920&amp;hei=1580&amp;fmt=png-alpha&amp;qlt=100%2c0&amp;op_usm=1.75%2c0.3%2c2%2c0&amp;resMode=sharp2&amp;pscan=auto&amp;fit=constrain%2c1&amp;align=0%2c0\" media=\"(min-width: 1920px)\" \/><img decoding=\"async\" class=\"u-max-full-width\" src=\"data:;base64,<svg xmlns='http:\/\/www.w3.org\/2000\/svg' viewBox='0 0 390 321'\/>&#8221; alt=&#8221;Ordinateur portable\u00a0Dell\u00a0Latitude\u00a015\u00a05540.&#8221; data-src=&#8221;https:\/\/i.dell.com\/is\/image\/DellContent\/content\/dam\/ss2\/product-images\/dell-client-products\/notebooks\/latitude-notebooks\/latitude-15-5540-laptop\/pdp\/latitude-15-5540-laptop-pdp-module-07.psd?qlt=95&amp;fit=constrain%2c1&amp;hei=321&amp;wid=390&amp;fmt=png-alpha&#8221; \/><\/picture><\/div>\n<\/div>\n<div class=\"pd-content-wrap\">\n<h2 class=\"pd-bottom-title\">Des performances et une \u00e9volutivit\u00e9 optimales de L Ordinateur portable Dell Latitude 5540 (N003L554015EMEA-I7)<\/h2>\n<div class=\"pd-item-desc\">\n<ul>\n<li><b>B\u00e9n\u00e9ficiez d\u2019une productivit\u00e9 optimale\u00a0<\/b>dans plusieurs endroits et d\u2019une s\u00e9curit\u00e9 mat\u00e9rielle int\u00e9gr\u00e9e suppl\u00e9mentaire avec\u00a0Intel\u00a0vPro<sup>\u00ae<\/sup>, qui s\u2019ex\u00e9cute sur les processeurs\u00a0Intel<sup>\u00ae<\/sup>\u00a0Core\u2122 s\u00e9rie\u00a0U ou P de 13e\u00a0g\u00e9n\u00e9ration<\/li>\n<li><b>Temps de r\u00e9ponse rapide<\/b>\u00a0et performances am\u00e9lior\u00e9es avec une m\u00e9moire\u00a0DDR5 jusqu\u2019\u00e0 64\u00a0Go en option<\/li>\n<\/ul>\n<ul>\n<li><b>Des caract\u00e9ristiques thermiques avanc\u00e9es\u00a0<\/b>avec de nouveaux ventilateurs plus grands qui assurent le refroidissement et le fonctionnement silencieux de votre appareil<\/li>\n<\/ul>\n<ul>\n<li><b>Les options de carte graphique s\u00e9par\u00e9e\u00a0NVIDIA<sup>\u00ae<\/sup>\u00a0MX550<\/b>\u00a0acc\u00e9l\u00e8rent les performances de votre ordinateur portable<\/li>\n<\/ul>\n<ul>\n<li><b>Les batteries nouvelle g\u00e9n\u00e9ration<\/b>\u00a0avec ExpressCharge analysent l\u2019utilisation pour prolonger l\u2019autonomie et se charger plus rapidement lorsque vous avez besoin d\u2019une puissance optimis\u00e9e. La charge avanc\u00e9e emp\u00eache la surcharge pour prolonger l\u2019autonomie de la batterie<br \/>\n<sup><br \/>\n<\/sup><\/li>\n<\/ul>\n<\/div>\n<\/div>\n<\/div>\n<\/div>\n<div class=\"pd-feature-wrap TextRightImageLeft \">\n<div class=\"pd-feature-item\">\n<div class=\"pd-media-container\">\n<div class=\"pd-item-image-wrap \"><picture><source srcset=\"https:\/\/i.dell.com\/is\/image\/DellContent\/content\/dam\/ss2\/product-images\/dell-client-products\/notebooks\/latitude-notebooks\/latitude-15-5540-laptop\/pdp\/latitude-15-5540-laptop-pdp-module-04-privacy.psd?wid=432&amp;hei=355&amp;fmt=png-alpha&amp;qlt=100%2c0&amp;op_usm=1.75%2c0.3%2c2%2c0&amp;resMode=sharp2&amp;pscan=auto&amp;fit=constrain%2c1&amp;align=0%2c0\" media=\"(max-width: 432px)\" \/><source srcset=\"https:\/\/i.dell.com\/is\/image\/DellContent\/content\/dam\/ss2\/product-images\/dell-client-products\/notebooks\/latitude-notebooks\/latitude-15-5540-laptop\/pdp\/latitude-15-5540-laptop-pdp-module-04-privacy.psd?wid=726&amp;hei=597&amp;fmt=png-alpha&amp;qlt=100%2c0&amp;op_usm=1.75%2c0.3%2c2%2c0&amp;resMode=sharp2&amp;pscan=auto&amp;fit=constrain%2c1&amp;align=0%2c0\" media=\"(max-width: 767px)\" \/><source srcset=\"https:\/\/i.dell.com\/is\/image\/DellContent\/content\/dam\/ss2\/product-images\/dell-client-products\/notebooks\/latitude-notebooks\/latitude-15-5540-laptop\/pdp\/latitude-15-5540-laptop-pdp-module-04-privacy.psd?wid=550&amp;hei=452&amp;fmt=png-alpha&amp;qlt=100%2c0&amp;op_usm=1.75%2c0.3%2c2%2c0&amp;resMode=sharp2&amp;pscan=auto&amp;fit=constrain%2c1&amp;align=0%2c0\" media=\"(max-width: 1170px)\" \/><source srcset=\"https:\/\/i.dell.com\/is\/image\/DellContent\/content\/dam\/ss2\/product-images\/dell-client-products\/notebooks\/latitude-notebooks\/latitude-15-5540-laptop\/pdp\/latitude-15-5540-laptop-pdp-module-04-privacy.psd?wid=950&amp;hei=781&amp;fmt=png-alpha&amp;qlt=100%2c0&amp;op_usm=1.75%2c0.3%2c2%2c0&amp;resMode=sharp2&amp;pscan=auto&amp;fit=constrain%2c1&amp;align=0%2c0\" media=\"(max-width: 1919px)\" \/><source srcset=\"https:\/\/i.dell.com\/is\/image\/DellContent\/content\/dam\/ss2\/product-images\/dell-client-products\/notebooks\/latitude-notebooks\/latitude-15-5540-laptop\/pdp\/latitude-15-5540-laptop-pdp-module-04-privacy.psd?wid=1920&amp;hei=1580&amp;fmt=png-alpha&amp;qlt=100%2c0&amp;op_usm=1.75%2c0.3%2c2%2c0&amp;resMode=sharp2&amp;pscan=auto&amp;fit=constrain%2c1&amp;align=0%2c0\" media=\"(min-width: 1920px)\" \/><img decoding=\"async\" class=\"u-max-full-width\" src=\"data:;base64,<svg xmlns='http:\/\/www.w3.org\/2000\/svg' viewBox='0 0 390 321'\/>&#8221; alt=&#8221;Ordinateur portable\u00a0Dell\u00a0Latitude\u00a015\u00a05540.&#8221; data-src=&#8221;https:\/\/i.dell.com\/is\/image\/DellContent\/content\/dam\/ss2\/product-images\/dell-client-products\/notebooks\/latitude-notebooks\/latitude-15-5540-laptop\/pdp\/latitude-15-5540-laptop-pdp-module-04-privacy.psd?qlt=95&amp;fit=constrain%2c1&amp;hei=321&amp;wid=390&amp;fmt=png-alpha&#8221; \/><\/picture><\/div>\n<\/div>\n<div class=\"pd-content-wrap\">\n<h2 class=\"pd-bottom-title\">Une s\u00e9curit\u00e9 optimale pour travailler o\u00f9 que vous soyez<\/h2>\n<div class=\"pd-item-desc\">\n<ul>\n<li>\u00c9quip\u00e9s de\u00a0Dell\u00a0SafeID, de\u00a0Dell\u00a0SafeBIOS, de lecteurs d\u2019empreintes digitales, d\u2019une puce TPM et d\u2019options de logement antivol,\u00a0<b>les ordinateurs professionnels les plus s\u00e9curis\u00e9s du secteur<\/b>\u00a0sont test\u00e9s et conformes \u00e0 la norme\u00a0MIL-STD\u00a0810H<\/li>\n<li><b>Les fonctionnalit\u00e9s Intelligent\u00a0Privacy<\/b>\u00a0de\u00a0Dell\u00a0Optimizer aident \u00e0 prot\u00e9ger les donn\u00e9es sensibles\n<ul>\n<li><b>Onlooker\u00a0Detection<\/b>\u00a0vous avertit lorsqu\u2019une personne regarde votre \u00e9cran et en brouille l\u2019affichage<\/li>\n<li><b>Look\u00a0Away\u00a0Detect<\/b>\u00a0identifie lorsque votre attention se porte ailleurs et r\u00e9duit la luminosit\u00e9 pour prot\u00e9ger votre confidentialit\u00e9 et pr\u00e9server l\u2019autonomie de la batterie<\/li>\n<\/ul>\n<\/li>\n<li><b>ExpressSign-in<\/b>\u00a0d\u00e9tecte votre pr\u00e9sence, active votre syst\u00e8me lorsque vous vous en approchez et le verrouille lorsque vous vous \u00e9loignez<\/li>\n<\/ul>\n<\/div>\n<\/div>\n<\/div>\n<\/div>\n<p>&nbsp;<\/p>\n<div class=\"pd-item-image-wrap \">\n<h2 class=\"pd-bottom-title\">Cr\u00e9\u00e9 pour unir les forces<\/h2>\n<\/div>\n<div class=\"pd-content-wrap\">\n<div class=\"pd-item-desc\">\n<ul>\n<li><b>Intelligent\u00a0Audio<\/b>\u00a0\u00e9limine les bruits de fond \u00e9mis par les interlocuteurs, tandis que\u00a0<b>Voice\u00a0Quality\u00a0Monitoring optimise les haut-parleurs<\/b><\/li>\n<\/ul>\n<ul>\n<li><b>Webcam FHD\u00a0+\u00a0infrarouge am\u00e9lior\u00e9e,\u00a0<\/b>d\u00e9velopp\u00e9e pour refl\u00e9ter et souligner votre r\u00e9alit\u00e9 gr\u00e2ce \u00e0 une pr\u00e9cision d\u2019image parfaite<\/li>\n<\/ul>\n<ul>\n<li><b>Travaillez o\u00f9 que vous soyez<\/b>\u00a0gr\u00e2ce \u00e0 une autonomie de la batterie exceptionnelle et un large choix de diff\u00e9rentes options de batterie jusqu\u2019\u00e0 54\u00a0Wh<\/li>\n<\/ul>\n<\/div>\n<\/div>\n","protected":false},"excerpt":{"rendered":"<p>Intel\u00ae Core\u2122 i7-1355U (12 MB cache, 10 cores, up to 5 0 GHz)<br \/>\nRAM: 16GB, 2x8GB, DDR4 Non-ECC<br \/>\nDisque dur: M 2 2230 PCIe Gen4x4 512GB SSD Class 35<br \/>\n\u00c9cran: 15.6- FHD\u00a0(1920&#215;1080) Non-Touch. AG. IPS. 250 nits. PHD IR Cam. WLAN\/WWAN(4G)<br \/>\nCarte graphique: Intel Integrated Graphics<br \/>\nWindows 11 Professionnel<br \/>\nClavier: Fran\u00e7ais (AZERTY)<\/p>\n","protected":false},"featured_media":8720,"comment_status":"open","ping_status":"closed","template":"","meta":{"_acf_changed":false,"_monsterinsights_skip_tracking":false,"_monsterinsights_sitenote_active":false,"_monsterinsights_sitenote_note":"","_monsterinsights_sitenote_category":0,"_uf_show_specific_survey":0,"_uf_disable_surveys":false,"_joinchat":[]},"product_brand":[],"product_cat":[237,255,300],"product_tag":[],"class_list":{"0":"post-8719","1":"product","2":"type-product","3":"status-publish","4":"has-post-thumbnail","6":"product_cat-ordinateur","7":"product_cat-pc-portable","8":"product_cat-pc-portable-pc-portable","10":"first","11":"instock","12":"sale","13":"shipping-taxable","14":"purchasable","15":"product-type-simple"},"acf":[],"jetpack_sharing_enabled":true,"_links":{"self":[{"href":"https:\/\/digistar.ma\/index.php?rest_route=\/wp\/v2\/product\/8719","targetHints":{"allow":["GET"]}}],"collection":[{"href":"https:\/\/digistar.ma\/index.php?rest_route=\/wp\/v2\/product"}],"about":[{"href":"https:\/\/digistar.ma\/index.php?rest_route=\/wp\/v2\/types\/product"}],"replies":[{"embeddable":true,"href":"https:\/\/digistar.ma\/index.php?rest_route=%2Fwp%2Fv2%2Fcomments&post=8719"}],"version-history":[{"count":1,"href":"https:\/\/digistar.ma\/index.php?rest_route=\/wp\/v2\/product\/8719\/revisions"}],"predecessor-version":[{"id":8725,"href":"https:\/\/digistar.ma\/index.php?rest_route=\/wp\/v2\/product\/8719\/revisions\/8725"}],"wp:featuredmedia":[{"embeddable":true,"href":"https:\/\/digistar.ma\/index.php?rest_route=\/wp\/v2\/media\/8720"}],"wp:attachment":[{"href":"https:\/\/digistar.ma\/index.php?rest_route=%2Fwp%2Fv2%2Fmedia&parent=8719"}],"wp:term":[{"taxonomy":"product_brand","embeddable":true,"href":"https:\/\/digistar.ma\/index.php?rest_route=%2Fwp%2Fv2%2Fproduct_brand&post=8719"},{"taxonomy":"product_cat","embeddable":true,"href":"https:\/\/digistar.ma\/index.php?rest_route=%2Fwp%2Fv2%2Fproduct_cat&post=8719"},{"taxonomy":"product_tag","embeddable":true,"href":"https:\/\/digistar.ma\/index.php?rest_route=%2Fwp%2Fv2%2Fproduct_tag&post=8719"}],"curies":[{"name":"wp","href":"https:\/\/api.w.org\/{rel}","templated":true}]}}