{"id":8735,"date":"2023-08-31T14:43:06","date_gmt":"2023-08-31T14:43:06","guid":{"rendered":"https:\/\/digistar.ma\/?post_type=product&#038;p=8735"},"modified":"2024-07-23T21:46:04","modified_gmt":"2024-07-23T21:46:04","slug":"ordinateur-portable-dell-latitude-9440-2-in-1-dl-lat9440-2in1","status":"publish","type":"product","link":"https:\/\/digistar.ma\/?product=ordinateur-portable-dell-latitude-9440-2-in-1-dl-lat9440-2in1","title":{"rendered":"Ordinateur portable Dell Latitude 9440 2-in-1 (DL-LAT9440-2IN1)"},"content":{"rendered":"<h4>Ordinateur portable Dell Latitude 9440 2-in-1 (DL-LAT9440-2IN1)<\/h4>\n<div class=\"pd-feature-wrap TextLeftImageRight \">\n<div class=\"pd-feature-item\">\n<div class=\"pd-content-wrap\">\n<h2 class=\"pd-bottom-title\">Le nec plus ultra en mati\u00e8re de collaboration et de connectivit\u00e9<\/h2>\n<div class=\"pd-item-desc\">\n<p>Con\u00e7u pour offrir la\u00a0<b>meilleure collaboration et la meilleure connectivit\u00e9<\/b>\u00a0du secteur\u00a0pour que vous puissiez travailler partout en toute simplicit\u00e9.<\/p>\n<p><b>Les options Wi-Fi\u00a06E et 5G<\/b>\u00a0vous assurent de disposer constamment d\u2019une connexion aux meilleurs d\u00e9bits du secteur.<\/p>\n<p>Le\u00a0<b>Bluetooth<\/b>\u00a0permet de vous connecter \u00e0 vos p\u00e9riph\u00e9riques pr\u00e9f\u00e9r\u00e9s sans dongles.<\/p>\n<p><b>ExpressConnect<\/b>\u00a0se connecte au meilleur r\u00e9seau disponible, donne la priorit\u00e9 aux applications de visioconf\u00e9rence et permet des t\u00e9l\u00e9chargements de donn\u00e9es et de vid\u00e9os encore plus rapides avec la premi\u00e8re connexion multir\u00e9seau simultan\u00e9e au monde.<\/p>\n<p>Travaillez comme vous le souhaitez avec un\u00a0<b>format 2-en-1<\/b>\u00a0et basculez ais\u00e9ment entre les modes ordinateur portable, tente, tablette et socle.<\/p>\n<\/div>\n<\/div>\n<\/div>\n<\/div>\n<div class=\"pd-feature-wrap TextRightImageLeft \">\n<div class=\"pd-feature-item\">\n<div class=\"pd-media-container\">\n<div class=\"pd-item-image-wrap \"><picture><source srcset=\"https:\/\/i.dell.com\/is\/image\/DellContent\/content\/dam\/ss2\/product-images\/dell-client-products\/notebooks\/latitude-notebooks\/latitude-9440-2-in-1\/pdp2\/latitude-9440-2-in-1-laptop-pdp-module-05.psd?wid=432&amp;hei=355&amp;fmt=png-alpha&amp;qlt=100%2c0&amp;op_usm=1.75%2c0.3%2c2%2c0&amp;resMode=sharp2&amp;pscan=auto&amp;fit=constrain%2c1&amp;align=0%2c0\" media=\"(max-width: 432px)\" \/><source srcset=\"https:\/\/i.dell.com\/is\/image\/DellContent\/content\/dam\/ss2\/product-images\/dell-client-products\/notebooks\/latitude-notebooks\/latitude-9440-2-in-1\/pdp2\/latitude-9440-2-in-1-laptop-pdp-module-05.psd?wid=726&amp;hei=597&amp;fmt=png-alpha&amp;qlt=100%2c0&amp;op_usm=1.75%2c0.3%2c2%2c0&amp;resMode=sharp2&amp;pscan=auto&amp;fit=constrain%2c1&amp;align=0%2c0\" media=\"(max-width: 767px)\" \/><source srcset=\"https:\/\/i.dell.com\/is\/image\/DellContent\/content\/dam\/ss2\/product-images\/dell-client-products\/notebooks\/latitude-notebooks\/latitude-9440-2-in-1\/pdp2\/latitude-9440-2-in-1-laptop-pdp-module-05.psd?wid=550&amp;hei=452&amp;fmt=png-alpha&amp;qlt=100%2c0&amp;op_usm=1.75%2c0.3%2c2%2c0&amp;resMode=sharp2&amp;pscan=auto&amp;fit=constrain%2c1&amp;align=0%2c0\" media=\"(max-width: 1170px)\" \/><source srcset=\"https:\/\/i.dell.com\/is\/image\/DellContent\/content\/dam\/ss2\/product-images\/dell-client-products\/notebooks\/latitude-notebooks\/latitude-9440-2-in-1\/pdp2\/latitude-9440-2-in-1-laptop-pdp-module-05.psd?wid=950&amp;hei=781&amp;fmt=png-alpha&amp;qlt=100%2c0&amp;op_usm=1.75%2c0.3%2c2%2c0&amp;resMode=sharp2&amp;pscan=auto&amp;fit=constrain%2c1&amp;align=0%2c0\" media=\"(max-width: 1919px)\" \/><source srcset=\"https:\/\/i.dell.com\/is\/image\/DellContent\/content\/dam\/ss2\/product-images\/dell-client-products\/notebooks\/latitude-notebooks\/latitude-9440-2-in-1\/pdp2\/latitude-9440-2-in-1-laptop-pdp-module-05.psd?wid=1920&amp;hei=1580&amp;fmt=png-alpha&amp;qlt=100%2c0&amp;op_usm=1.75%2c0.3%2c2%2c0&amp;resMode=sharp2&amp;pscan=auto&amp;fit=constrain%2c1&amp;align=0%2c0\" media=\"(min-width: 1920px)\" \/><img class=\"u-max-full-width\" alt=\"Ordinateur portable\u00a02-en-1\u00a0Dell\u00a0Latitude\u00a014\u00a09440.\" data-src=\"https:\/\/i.dell.com\/is\/image\/DellContent\/content\/dam\/ss2\/product-images\/dell-client-products\/notebooks\/latitude-notebooks\/latitude-9440-2-in-1\/pdp2\/latitude-9440-2-in-1-laptop-pdp-module-05.psd?qlt=95&amp;fit=constrain%2c1&amp;hei=321&amp;wid=390&amp;fmt=png-alpha\" \/><\/picture><\/div>\n<\/div>\n<div class=\"pd-content-wrap\">\n<h2 class=\"pd-bottom-title\">S\u00e9curit\u00e9, confidentialit\u00e9 et durabilit\u00e9 performantes avec l Ordinateur portable Dell Latitude 9440 2-in-1 (DL-LAT9440-2IN1)<\/h2>\n<div class=\"pd-item-desc\">\n<p>D\u00e9tectez et contrez les activit\u00e9s malveillantes avant qu\u2019elles ne compromettent votre syst\u00e8me. Les\u00a0<b>fonctions de s\u00e9curit\u00e9 int\u00e9gr\u00e9es<\/b>\u00a0du mod\u00e8le Latitude\u00a09440 2-en-1, comprennent un lecteur d\u2019empreintes digitales,\u00a0Dell\u00a0SafeID,\u00a0Dell\u00a0SafeBIOS, une puce TPM et un logement antivol, prot\u00e8gent les utilisateurs et permettent de visualiser les menaces pour une action rapide.Les\u00a0<b>solutions\u00a0SafeSupply\u00a0Chain<\/b>\u00a0fournissent des couches de contr\u00f4les d\u2019int\u00e9grit\u00e9 et de s\u00e9curit\u00e9. Des sceaux inviolables en option prot\u00e8gent les PC lors du transport et la suppression des donn\u00e9es du disque dur conform\u00e9ment aux recommandations\u00a0NIST aide les entreprises \u00e0 garantir une base propre pour leurs appareils avant d\u2019ajouter l\u2019image de la soci\u00e9t\u00e9.<\/p>\n<p>R\u00e9ussite aux tests\u00a0<b>MIL-STD 810H<\/b>.<\/p>\n<p>La fonctionnalit\u00e9\u00a0<b>ExpressSign-in<\/b>\u00a0d\u00e9tecte votre pr\u00e9sence, active votre syst\u00e8me lorsque vous vous en approchez et le verrouille lorsque vous vous en \u00e9loignez.<\/p>\n<p>Les fonctionnalit\u00e9s\u00a0<b>Intelligent\u00a0Privacy<\/b>\u00a0de\u00a0Dell\u00a0Optimizer\u00a0aident \u00e0 prot\u00e9ger les donn\u00e9es sensibles. La fonctionnalit\u00e9 Onlooker\u00a0Detection brouille votre \u00e9cran en cas de regards indiscrets, tandis que le syst\u00e8me Look\u00a0Away\u00a0Detect d\u00e9tecte lorsque votre attention se porte ailleurs et r\u00e9duit la luminosit\u00e9 pour prot\u00e9ger votre confidentialit\u00e9 et pr\u00e9server l\u2019autonomie de la batterie.<\/p>\n<p><b>SafeShutter<\/b>\u00a0est un obturateur automatique qui sait quand ouvrir et fermer votre webcam pour plus de confidentialit\u00e9. Vous pouvez aussi prendre le contr\u00f4le de votre microphone (F4) et de la cam\u00e9ra (F9) avec les touches du clavier.<\/p>\n<\/div>\n<\/div>\n<\/div>\n<div>\n<h4>Caract\u00e9ristique technique de l Ordinateur portable Dell Latitude 9440 2-in-1 (DL-LAT9440-2IN1)<\/h4>\n<p>Intel\u00ae Core\u2122 i7-1365U vPro (12 MB cache, 10 cores, up to 5.2 GHz)<br \/>\nRAM: 16GB, 6000MT\/s,\u00a0LPDDR5, integrated, Non-ECC<br \/>\nDisque dur: 512GB M.2 PCle NVMe Solid State Drive, Class 35<br \/>\n\u00c9cran: 2in1-14&#8243; OHD+( 2560&#215;1600), IPS Touch, Anti-Smudge, Anti-Reflective, FHD IR cam, ComfortView + Pen Support<br \/>\nCarte graphique: Intel Iris Xe Graphics<br \/>\nWindows 11 Professionnel<br \/>\nClavier: Fran\u00e7ais (AZERTY)<\/p>\n<\/div>\n<\/div>\n","protected":false},"excerpt":{"rendered":"<p>Intel\u00ae Core\u2122 i7-1365U vPro (12 MB cache, 10 cores, up to 5.2 GHz)<br \/>\nRAM: 16GB, 6000MT\/s,\u00a0LPDDR5, integrated, Non-ECC<br \/>\nDisque dur: 512GB M.2 PCle NVMe Solid State Drive, Class 35<br \/>\n\u00c9cran: 2in1-14&#8243; OHD+( 2560&#215;1600), IPS Touch, Anti-Smudge, Anti-Reflective, FHD IR cam, ComfortView + Pen Support<br \/>\nCarte graphique: Intel Iris Xe Graphics<br \/>\nWindows 11 Professionnel<br \/>\nClavier: Fran\u00e7ais (AZERTY)<\/p>\n","protected":false},"featured_media":8738,"comment_status":"open","ping_status":"closed","template":"","meta":{"_acf_changed":false,"_monsterinsights_skip_tracking":false,"_monsterinsights_sitenote_active":false,"_monsterinsights_sitenote_note":"","_monsterinsights_sitenote_category":0,"_uf_show_specific_survey":0,"_uf_disable_surveys":false,"_joinchat":[]},"product_brand":[],"product_cat":[237,298,300,255],"product_tag":[],"class_list":{"0":"post-8735","1":"product","2":"type-product","3":"status-publish","4":"has-post-thumbnail","6":"product_cat-ordinateur","7":"product_cat-pc-2-en-1-convertible-tablette","8":"product_cat-pc-portable-pc-portable","9":"product_cat-pc-portable","11":"first","12":"instock","13":"sale","14":"shipping-taxable","15":"purchasable","16":"product-type-simple"},"acf":[],"jetpack_sharing_enabled":true,"_links":{"self":[{"href":"https:\/\/digistar.ma\/index.php?rest_route=\/wp\/v2\/product\/8735","targetHints":{"allow":["GET"]}}],"collection":[{"href":"https:\/\/digistar.ma\/index.php?rest_route=\/wp\/v2\/product"}],"about":[{"href":"https:\/\/digistar.ma\/index.php?rest_route=\/wp\/v2\/types\/product"}],"replies":[{"embeddable":true,"href":"https:\/\/digistar.ma\/index.php?rest_route=%2Fwp%2Fv2%2Fcomments&post=8735"}],"version-history":[{"count":3,"href":"https:\/\/digistar.ma\/index.php?rest_route=\/wp\/v2\/product\/8735\/revisions"}],"predecessor-version":[{"id":9780,"href":"https:\/\/digistar.ma\/index.php?rest_route=\/wp\/v2\/product\/8735\/revisions\/9780"}],"wp:featuredmedia":[{"embeddable":true,"href":"https:\/\/digistar.ma\/index.php?rest_route=\/wp\/v2\/media\/8738"}],"wp:attachment":[{"href":"https:\/\/digistar.ma\/index.php?rest_route=%2Fwp%2Fv2%2Fmedia&parent=8735"}],"wp:term":[{"taxonomy":"product_brand","embeddable":true,"href":"https:\/\/digistar.ma\/index.php?rest_route=%2Fwp%2Fv2%2Fproduct_brand&post=8735"},{"taxonomy":"product_cat","embeddable":true,"href":"https:\/\/digistar.ma\/index.php?rest_route=%2Fwp%2Fv2%2Fproduct_cat&post=8735"},{"taxonomy":"product_tag","embeddable":true,"href":"https:\/\/digistar.ma\/index.php?rest_route=%2Fwp%2Fv2%2Fproduct_tag&post=8735"}],"curies":[{"name":"wp","href":"https:\/\/api.w.org\/{rel}","templated":true}]}}