{"id":8744,"date":"2023-09-02T13:33:25","date_gmt":"2023-09-02T13:33:25","guid":{"rendered":"https:\/\/digistar.ma\/?post_type=product&#038;p=8744"},"modified":"2023-09-02T13:33:25","modified_gmt":"2023-09-02T13:33:25","slug":"ordinateur-portable-lenovo-thinkpad-l14-gen-4-intel-21h1000efe","status":"publish","type":"product","link":"https:\/\/digistar.ma\/?product=ordinateur-portable-lenovo-thinkpad-l14-gen-4-intel-21h1000efe","title":{"rendered":"Ordinateur Portable Lenovo ThinkPad L14 Gen 4 (Intel) (21H1000EFE)"},"content":{"rendered":"<h4>Ordinateur Portable Lenovo ThinkPad L14 Gen 4 (Intel) (21H1000EFE)<\/h4>\n<div class=\"feature-item blade_1 right-left\">\n<div class=\"gallery-section\" data-gallery-id=\"22069\">\n<div class=\"feature-content\">\n<div class=\"feature-content-section\">\n<div class=\"headlines\">\n<p>Des performances puissantes chaque fois que vous en avez besoin avec l Ordinateur Portable Lenovo ThinkPad L14 Gen 4 (Intel) (21H1000EFE)<\/p>\n<\/div>\n<div class=\"description\">\n<p>Dot\u00e9 de la plateforme Intel\u00a0vPro\u00ae et de processeurs Intel\u00ae\u00a0Core\u2122 de s\u00e9rie\u00a0U ou\u00a0P de 13e\u00a0g\u00e9n\u00e9ration et d\u2019options de cartes graphiques remarquables, notamment NVIDIA\u00ae GeForce\u00ae, le portable ThinkPad\u00a0L14 Gen\u00a04 a \u00e9t\u00e9 con\u00e7u pour booster votre productivit\u00e9. Avec des options de batterie allant jusqu\u2019\u00e0 57\u00a0Wh pour une v\u00e9ritable autonomie longue dur\u00e9e, cet appareil est un partenaire hautement performant pour les t\u00e9l\u00e9travailleurs.<\/p>\n<\/div>\n<\/div>\n<div class=\"feature-content-section\"><\/div>\n<\/div>\n<\/div>\n<\/div>\n<div class=\"feature-item blade_1 left-right\">\n<div class=\"gallery-section\" data-gallery-id=\"22070\">\n<div class=\"feature-media\" data-bg-image=\"\"><img decoding=\"async\" src=\"https:\/\/p4-ofp.static.pub\/fes\/cms\/2023\/05\/03\/e53e8yrr58wz5wmf4p7w6getodpt1c267429.jpg\" alt=\"Lenovo ThinkPad L14 Gen 4 (14\u201d Intel) laptop\u2014front view, lid open, with Settings menu on the display\" \/><\/div>\n<div class=\"feature-content\">\n<div class=\"feature-content-section\">\n<div class=\"headlines\">\n<p>Connectivit\u00e9 nomade<\/p>\n<\/div>\n<div class=\"description\">\n<p>Avec le portable ThinkPad\u00a0L14 Gen\u00a04, vous pouvez choisir la connectivit\u00e9 4G LTE WWAN* pour rester op\u00e9rationnel comme sur un smartphone. Combin\u00e9 \u00e0 la couverture Wi-Fi\u00a06E**, il vous permet de rester en ligne pratiquement partout. De plus, vous pouvez rester en ligne sans vous ruiner la sant\u00e9\u00a0: le logiciel Glance vous alerte sur votre posture et vous rappelle de d\u00e9tourner le regard de l\u2019\u00e9cran pour recentrer vos yeux.<\/p>\n<p>*\u00a0La disponibilit\u00e9 des antennes pour r\u00e9seaux 3G\/4G\/5G en option varie selon la r\u00e9gion. Celles-ci doivent \u00eatre configur\u00e9es au moment de l\u2019achat et n\u00e9cessitent un fournisseur de services r\u00e9seau.<\/p>\n<p>**\u00a0Le fonctionnement du Wi-Fi\u00a06E \u00e0 6\u00a0GHz d\u00e9pend de la prise en charge par le syst\u00e8me d\u2019exploitation, des routeurs\/points d\u2019acc\u00e8s\/passerelles du Wi-Fi\u00a06E, ainsi que des certifications r\u00e9glementaires r\u00e9gionales et des bandes de fr\u00e9quences allou\u00e9es.<\/p>\n<\/div>\n<\/div>\n<div class=\"feature-content-section\"><\/div>\n<\/div>\n<\/div>\n<\/div>\n<div class=\"feature-item blade_1 right-left\">\n<div class=\"gallery-section\" data-gallery-id=\"22071\">\n<div class=\"feature-media\" data-bg-image=\"\"><img decoding=\"async\" src=\"https:\/\/p1-ofp.static.pub\/fes\/cms\/2023\/05\/03\/f0vl8mv3sppvfc1mlxmmkbomaiawzz931888.jpg\" alt=\"Lenovo ThinkPad L14 Gen 4 (14\u201d Intel) laptop\u2014front view, from above, lid open 180 degrees, with photo-editing app on the display\" \/><\/div>\n<div class=\"feature-content\">\n<div class=\"feature-content-section\">\n<div class=\"headlines\">\n<p>Une s\u00e9curit\u00e9 plus intelligente avec votre ordinateur Portable Lenovo ThinkPad L14 Gen 4 (Intel) (21H1000EFE)<\/p>\n<\/div>\n<div class=\"description\">\n<p>Le portable ThinkPad\u00a0L14 Gen\u00a04 est dot\u00e9 d\u2019un bouton de mise sous tension activ\u00e9 par un lecteur d\u2019empreintes digitales. Qui plus est, les composants mat\u00e9riels et logiciels ThinkShield avec le module dTPM (Trusted Platform Module) int\u00e9gr\u00e9, la protection renforc\u00e9e de Windows\u00a011, la technologie\u00a0<a title=\"\/c\/secured-pc\/\" href=\"https:\/\/www.lenovo.com\/c\/secured-pc\/\" target=\"_blank\" rel=\"noopener\">Microsoft\u00a011 \u00ab\u00a0Secured Core\u00a0\u00bb pour PC<\/a>\u00a0et la plateforme Intel\u00a0vPro<sup>\u00ae<\/sup>\u00a0s\u2019allient pour offrir une protection globale.<\/p>\n<\/div>\n<\/div>\n<div class=\"feature-content-section\"><\/div>\n<\/div>\n<\/div>\n<\/div>\n<div class=\"feature-item blade_1 left-right\">\n<div class=\"gallery-section\" data-gallery-id=\"22072\">\n<div class=\"feature-media\" data-bg-image=\"\"><img decoding=\"async\" src=\"https:\/\/p2-ofp.static.pub\/fes\/cms\/2023\/05\/03\/tyzcbd4igpg7p9su0sgxt2hhgi9ry7811572.jpg\" alt=\"Lenovo ThinkPad L14 Gen 4 (14\u201d Intel) laptop\u2014rear-right view, lid partially open\" \/><\/div>\n<div class=\"feature-content\">\n<div class=\"feature-content-section\">\n<div class=\"headlines\">\n<p>Une fiabilit\u00e9 sur laquelle vous pouvez compter<\/p>\n<\/div>\n<div class=\"description\">\n<p>Afin de trouver le bon \u00e9quilibre entre fiabilit\u00e9 et durabilit\u00e9, nous appliquons \u00e0 nos portables ThinkPad les normes MIL-STD\u00a0810H du minist\u00e8re am\u00e9ricain de la D\u00e9fense. Nous les testons selon 12\u00a0normes et les soumettons \u00e0 plus de 200\u00a0contr\u00f4les qualit\u00e9 pour garantir leur fonctionnement en conditions extr\u00eames. Nos tests reproduisent, entre autres, les variables de temp\u00e9rature, de pression, d\u2019humidit\u00e9 ou de vibrations d\u2019environnements hostiles tels que l\u2019Arctique et les d\u00e9serts avec leurs temp\u00eates de sable.<\/p>\n<\/div>\n<\/div>\n<div class=\"feature-content-section\"><\/div>\n<\/div>\n<\/div>\n<\/div>\n<div class=\"feature-item blade_1 right-left\">\n<div class=\"gallery-section\" data-gallery-id=\"22073\">\n<div class=\"feature-media\" data-bg-image=\"\"><img decoding=\"async\" src=\"https:\/\/p3-ofp.static.pub\/fes\/cms\/2023\/05\/03\/sgv10d3xrkfbxmk1xflq1namtobiks309258.jpg\" alt=\"Lenovo ThinkPad L14 Gen 4 (14\u201d Intel) laptop\u2014right view, lid slightly open\" \/><\/div>\n<div class=\"feature-content\">\n<div class=\"feature-content-section\">\n<div class=\"headlines\">\n<p>Une acquisition plus souple<\/p>\n<\/div>\n<div class=\"description\">\n<p>Pensez \u00e0 Lenovo Device as a Service (DaaS), une approche flexible de l\u2019acquisition informatique. Con\u00e7u pour lib\u00e9rer du temps et du capital, ce service regroupe les appareils, le support et les logiciels dans des forfaits mensuels fixes. Et en prenant en charge la gestion du cycle de vie, il permet \u00e0 vos ressources informatiques de se concentrer sur ce qu\u2019elles font le mieux.<\/p>\n<h3>L Ordinateur Portable Lenovo ThinkPad L14 Gen 4 (Intel) (21H1000EFE) est votre alli\u00e9 pour travailler de n\u2019importe o\u00f9<\/h3>\n<p><img fetchpriority=\"high\" decoding=\"async\" class=\"\" src=\"https:\/\/p1-ofp.static.pub\/fes\/cms\/2022\/08\/06\/fa9lbuzno23sf3t5kg72ktp62mao1x578442.jpg\" alt=\"Leave your IT support to us\" width=\"563\" height=\"465\" \/><\/p>\n<\/div>\n<\/div>\n<\/div>\n<\/div>\n<\/div>\n","protected":false},"excerpt":{"rendered":"<p>Intel\u00ae Core\u2122 i5-1335U, 10C (2P + 8E) \/ 12T, P-core 1.3 \/ 4.6GHz, E-core 0.9 \/ 3.4GHz, 12MB<br \/>\nRAM: 8GB SO-DIMM DDR4-3200<br \/>\nDisque dur: 256GB SSD M.2 2242 PCIe\u00ae 4.0&#215;4 NVMe\u00ae Opal 2.0<br \/>\n\u00c9cran: 14&#8243; FHD (1920&#215;1080) IPS 250nits Anti-glare, 45% NTSC<br \/>\nCarte graphique: Integrated Intel\u00ae Iris\u00ae Xe Graphics Functions as UHD Graphics<br \/>\nWindows\u00ae 11 DG Windows 10 Pro\u00a064, Fran\u00e7ais<br \/>\nClavier: Non-backlit, Fran\u00e7ais (AZERTY)<br \/>\nPoids: 1.4 kg<\/p>\n","protected":false},"featured_media":8793,"comment_status":"open","ping_status":"closed","template":"","meta":{"_acf_changed":false,"_monsterinsights_skip_tracking":false,"_monsterinsights_sitenote_active":false,"_monsterinsights_sitenote_note":"","_monsterinsights_sitenote_category":0,"_uf_show_specific_survey":0,"_uf_disable_surveys":false,"_joinchat":[]},"product_brand":[],"product_cat":[237,255,300],"product_tag":[],"class_list":{"0":"post-8744","1":"product","2":"type-product","3":"status-publish","4":"has-post-thumbnail","6":"product_cat-ordinateur","7":"product_cat-pc-portable","8":"product_cat-pc-portable-pc-portable","10":"first","11":"instock","12":"sale","13":"shipping-taxable","14":"purchasable","15":"product-type-simple"},"acf":[],"jetpack_sharing_enabled":true,"_links":{"self":[{"href":"https:\/\/digistar.ma\/index.php?rest_route=\/wp\/v2\/product\/8744","targetHints":{"allow":["GET"]}}],"collection":[{"href":"https:\/\/digistar.ma\/index.php?rest_route=\/wp\/v2\/product"}],"about":[{"href":"https:\/\/digistar.ma\/index.php?rest_route=\/wp\/v2\/types\/product"}],"replies":[{"embeddable":true,"href":"https:\/\/digistar.ma\/index.php?rest_route=%2Fwp%2Fv2%2Fcomments&post=8744"}],"version-history":[{"count":1,"href":"https:\/\/digistar.ma\/index.php?rest_route=\/wp\/v2\/product\/8744\/revisions"}],"predecessor-version":[{"id":8798,"href":"https:\/\/digistar.ma\/index.php?rest_route=\/wp\/v2\/product\/8744\/revisions\/8798"}],"wp:featuredmedia":[{"embeddable":true,"href":"https:\/\/digistar.ma\/index.php?rest_route=\/wp\/v2\/media\/8793"}],"wp:attachment":[{"href":"https:\/\/digistar.ma\/index.php?rest_route=%2Fwp%2Fv2%2Fmedia&parent=8744"}],"wp:term":[{"taxonomy":"product_brand","embeddable":true,"href":"https:\/\/digistar.ma\/index.php?rest_route=%2Fwp%2Fv2%2Fproduct_brand&post=8744"},{"taxonomy":"product_cat","embeddable":true,"href":"https:\/\/digistar.ma\/index.php?rest_route=%2Fwp%2Fv2%2Fproduct_cat&post=8744"},{"taxonomy":"product_tag","embeddable":true,"href":"https:\/\/digistar.ma\/index.php?rest_route=%2Fwp%2Fv2%2Fproduct_tag&post=8744"}],"curies":[{"name":"wp","href":"https:\/\/api.w.org\/{rel}","templated":true}]}}