{"id":8770,"date":"2023-09-01T15:56:34","date_gmt":"2023-09-01T15:56:34","guid":{"rendered":"https:\/\/digistar.ma\/?post_type=product&#038;p=8770"},"modified":"2025-11-28T10:28:28","modified_gmt":"2025-11-28T10:28:28","slug":"epson-108-noir-bouteille-dencre-dorigine-c13t09c14a","status":"publish","type":"product","link":"https:\/\/digistar.ma\/?product=epson-108-noir-bouteille-dencre-dorigine-c13t09c14a","title":{"rendered":"Epson 108 Noir Bouteille d&#8217;encre d&#8217;origine (C13T09C14A)"},"content":{"rendered":"<p><strong>Epson 108 Noir Bouteille d&#8217;encre d&#8217;origine (C13T09C14A)<\/strong><\/p>\n<div class=\"product-summary__description\">B\u00e9n\u00e9ficiez d\u2019une solution ultra-\u00e9conomique pour imprimer de nombreuses photos r\u00e9alistes et de haute qualit\u00e9<\/div>\n<div class=\"product-summary__intro\">Profitez de l\u2019impression de nombreuses photos de haute qualit\u00e9 avec des d\u00e9tails nets, des noirs profonds et des couleurs riches et \u00e9clatantes.<\/div>\n<div>\n<div class=\"heading1\">\n<h4>Impression photo de haute qualit\u00e9<\/h4>\n<p>Cet ensemble d\u2019encres \u00e0 base de colorants \u00e0 six couleurs offre des d\u00e9grad\u00e9s de tons lisses et des noirs plus profonds et plus naturels, des images d\u00e9taill\u00e9es \u00e0 contraste \u00e9lev\u00e9 et des tons chair naturels.\u00a0Les bouteilles d\u2019encre de 70 ml fournissent une quantit\u00e9 abondante d\u2019encre afin que vous puissiez imprimer de nombreuses photos brillantes d\u2019aspect professionnel \u00e0 votre convenance sans vous soucier des co\u00fbts ou de manquer d\u2019encre.<\/p>\n<\/div>\n<div class=\"heading2\">\n<h4>Lib\u00e9rez votre cr\u00e9ativit\u00e9<\/h4>\n<p>N\u2019h\u00e9sitez pas \u00e0 imprimer vos photos sans vous soucier du co\u00fbt avec cette s\u00e9rie d\u2019encres.\u00a0D\u00e8s le premier jeu d\u2019encres inclus avec votre imprimante EcoTank, vous disposerez de suffisamment d\u2019encre pour imprimer jusqu\u2019\u00e0 2 100 photos (10 x 15 cm)\u00a0<sup>1<\/sup>\u00a0.<\/p>\n<\/div>\n<div class=\"heading3\">\n<h4>L\u2019article authentique<\/h4>\n<p>Profitez d\u2019une impression fiable et sans tracas avec les encres d\u2019origine Epson.\u00a0Nous investissons dans des recherches approfondies, des installations de fabrication de haute technologie et soumettons nos produits \u00e0 des tests rigoureux, afin de vous offrir le meilleur produit de qualit\u00e9.<\/p>\n<p><strong>Pour les imprimantes :<\/strong><\/p>\n<p>Epson EcoTank\u00a0 L18050<\/p>\n<p>Epson EcoTank\u00a0 L8050<\/p>\n<h4 class=\"cross-sell-list__ink-yields-group\"><span class=\"cross-sell-list__ink-yields-group-label\">Rendement de Epson 108 Noir Bouteille d&#8217;encre d&#8217;origine (C13T09C14A)<\/span><\/h4>\n<div class=\"cross-sell-list__ink-yields-group\"><span class=\"cross-sell-list__ink-yields-group-label\">2 100 photos jaune<\/span><\/div>\n<div class=\"cross-sell-list__ink-yields-group\"><span class=\"cross-sell-list__ink-yields-group-label\">7 200 pages jaunes<\/span><\/div>\n<\/div>\n<\/div>\n","protected":false},"excerpt":{"rendered":"<p>Couleur : Black<br \/>\nVolume fourni par les cartouches: 70 ml<\/p>\n<p>Pour les imprimantes : Epson EcoTank\u00a0 L18050, Epson EcoTank\u00a0 L8050<\/p>\n","protected":false},"featured_media":8771,"comment_status":"open","ping_status":"closed","template":"","meta":{"_acf_changed":false,"_monsterinsights_skip_tracking":false,"_monsterinsights_sitenote_active":false,"_monsterinsights_sitenote_note":"","_monsterinsights_sitenote_category":0,"_uf_show_specific_survey":0,"_uf_disable_surveys":false,"_joinchat":[]},"product_brand":[],"product_cat":[15,251,238,380],"product_tag":[],"class_list":{"0":"post-8770","1":"product","2":"type-product","3":"status-publish","4":"has-post-thumbnail","6":"product_cat-imprimante-scanner","7":"product_cat-bouteille-dencre","8":"product_cat-consommables","9":"product_cat-epson","11":"first","12":"instock","13":"sale","14":"shipping-taxable","15":"purchasable","16":"product-type-simple"},"acf":[],"jetpack_sharing_enabled":true,"_links":{"self":[{"href":"https:\/\/digistar.ma\/index.php?rest_route=\/wp\/v2\/product\/8770","targetHints":{"allow":["GET"]}}],"collection":[{"href":"https:\/\/digistar.ma\/index.php?rest_route=\/wp\/v2\/product"}],"about":[{"href":"https:\/\/digistar.ma\/index.php?rest_route=\/wp\/v2\/types\/product"}],"replies":[{"embeddable":true,"href":"https:\/\/digistar.ma\/index.php?rest_route=%2Fwp%2Fv2%2Fcomments&post=8770"}],"version-history":[{"count":1,"href":"https:\/\/digistar.ma\/index.php?rest_route=\/wp\/v2\/product\/8770\/revisions"}],"predecessor-version":[{"id":8775,"href":"https:\/\/digistar.ma\/index.php?rest_route=\/wp\/v2\/product\/8770\/revisions\/8775"}],"wp:featuredmedia":[{"embeddable":true,"href":"https:\/\/digistar.ma\/index.php?rest_route=\/wp\/v2\/media\/8771"}],"wp:attachment":[{"href":"https:\/\/digistar.ma\/index.php?rest_route=%2Fwp%2Fv2%2Fmedia&parent=8770"}],"wp:term":[{"taxonomy":"product_brand","embeddable":true,"href":"https:\/\/digistar.ma\/index.php?rest_route=%2Fwp%2Fv2%2Fproduct_brand&post=8770"},{"taxonomy":"product_cat","embeddable":true,"href":"https:\/\/digistar.ma\/index.php?rest_route=%2Fwp%2Fv2%2Fproduct_cat&post=8770"},{"taxonomy":"product_tag","embeddable":true,"href":"https:\/\/digistar.ma\/index.php?rest_route=%2Fwp%2Fv2%2Fproduct_tag&post=8770"}],"curies":[{"name":"wp","href":"https:\/\/api.w.org\/{rel}","templated":true}]}}